{"id":2738,"date":"2022-10-27T09:04:23","date_gmt":"2022-10-27T07:04:23","guid":{"rendered":"http:\/\/baest.cz\/o-firme\/"},"modified":"2024-11-06T11:51:33","modified_gmt":"2024-11-06T10:51:33","slug":"ueber-das-unternehmen","status":"publish","type":"page","link":"https:\/\/www.baest.cz\/de\/ueber-das-unternehmen\/","title":{"rendered":"\u00dcber das Unternehmen"},"content":{"rendered":"<div class=\"fusion-fullwidth fullwidth-box fusion-builder-row-1 fusion-flex-container has-pattern-background has-mask-background tabs nonhundred-percent-fullwidth non-hundred-percent-height-scrolling\" style=\"--awb-border-radius-top-left:0px;--awb-border-radius-top-right:0px;--awb-border-radius-bottom-right:0px;--awb-border-radius-bottom-left:0px;--awb-padding-bottom:100px;\" id=\"tabs1\" ><div class=\"fusion-builder-row fusion-row fusion-flex-align-items-stretch\" style=\"max-width:calc( 1280px + 20px );margin-left: calc(-20px \/ 2 );margin-right: calc(-20px \/ 2 );\"><div class=\"fusion-layout-column fusion_builder_column fusion-builder-column-0 fusion_builder_column_1_1 1_1 fusion-flex-column tab-content\" style=\"--awb-bg-size:cover;--awb-width-large:100%;--awb-margin-top-large:0px;--awb-spacing-right-large:10px;--awb-margin-bottom-large:20px;--awb-spacing-left-large:10px;--awb-width-medium:100%;--awb-order-medium:0;--awb-spacing-right-medium:10px;--awb-spacing-left-medium:10px;--awb-width-small:100%;--awb-order-small:0;--awb-spacing-right-small:10px;--awb-spacing-left-small:10px;\"><div class=\"fusion-column-wrapper fusion-column-has-shadow fusion-flex-justify-content-flex-start fusion-content-layout-column\"><i class=\"fb-icon-element-1 fb-icon-element fontawesome-icon fa-lock-alt far circle-no fusion-text-flow tab-icon\" style=\"--awb-font-size:20px;\"><\/i><div class=\"fusion-title title fusion-title-1 fusion-sep-none fusion-title-text fusion-title-size-three tab-name\"><h3 class=\"title-heading-left fusion-responsive-typography-calculated\" style=\"margin:0;--fontSize:36;line-height:var(--awb-typography1-line-height);\">\u00dcber das Unternehmen<\/h3><\/div><div class=\"fusion-builder-row fusion-builder-row-inner fusion-row fusion-flex-align-items-stretch\" style=\"width:calc( 100% + 20px ) !important;max-width:calc( 100% + 20px ) !important;margin-left: calc(-20px \/ 2 );margin-right: calc(-20px \/ 2 );\"><div class=\"fusion-layout-column fusion_builder_column_inner fusion-builder-nested-column-0 fusion_builder_column_inner_1_2 1_2 fusion-flex-column\" style=\"--awb-bg-image:url(&#039;https:\/\/www.baest.cz\/wp-content\/uploads\/2022\/11\/Baest-o_nas.jpg&#039;);--awb-bg-size:cover;--awb-width-large:50%;--awb-margin-top-large:0px;--awb-spacing-right-large:10px;--awb-margin-bottom-large:20px;--awb-spacing-left-large:10px;--awb-width-medium:100%;--awb-order-medium:1;--awb-spacing-right-medium:10px;--awb-spacing-left-medium:10px;--awb-width-small:100%;--awb-order-small:0;--awb-spacing-right-small:10px;--awb-spacing-left-small:10px;\"><div class=\"fusion-column-wrapper fusion-column-has-shadow fusion-flex-justify-content-flex-start fusion-content-layout-column fusion-empty-column-bg-image\" data-bg-url=\"https:\/\/www.baest.cz\/wp-content\/uploads\/2022\/11\/Baest-o_nas.jpg\"><img decoding=\"async\" class=\"fusion-empty-dims-img-placeholder fusion-no-large-visibility\" src=\"data:image\/svg+xml,%3Csvg%20xmlns%3D%27http%3A%2F%2Fwww.w3.org%2F2000%2Fsvg%27%20width%3D%271920%27%20height%3D%271080%27%20viewBox%3D%270%200%201920%201080%27%3E%3Crect%20width%3D%271920%27%20height%3D%271080%27%20fill-opacity%3D%220%22%2F%3E%3C%2Fsvg%3E\"><\/div><\/div><div class=\"fusion-layout-column fusion_builder_column_inner fusion-builder-nested-column-1 fusion_builder_column_inner_1_2 1_2 fusion-flex-column\" style=\"--awb-bg-size:cover;--awb-width-large:50%;--awb-margin-top-large:0px;--awb-spacing-right-large:10px;--awb-margin-bottom-large:20px;--awb-spacing-left-large:10px;--awb-width-medium:100%;--awb-order-medium:2;--awb-spacing-right-medium:10px;--awb-spacing-left-medium:10px;--awb-width-small:100%;--awb-order-small:0;--awb-spacing-right-small:10px;--awb-spacing-left-small:10px;\"><div class=\"fusion-column-wrapper fusion-column-has-shadow fusion-flex-justify-content-flex-start fusion-content-layout-column\"><div class=\"fusion-title title fusion-title-2 fusion-sep-none fusion-title-text fusion-title-size-two\" style=\"--awb-font-size:var(--awb-typography2-font-size);\"><h2 class=\"title-heading-left fusion-responsive-typography-calculated\" style=\"font-family:var(--awb-typography2-font-family);font-weight:var(--awb-typography2-font-weight);font-style:var(--awb-typography2-font-style);margin:0;font-size:1em;letter-spacing:var(--awb-typography2-letter-spacing);text-transform:var(--awb-typography2-text-transform);--fontSize:40;line-height:var(--awb-typography2-line-height);\">BAEST Machines &amp; Structures, a.s.<\/h2><\/div><div class=\"fusion-text fusion-text-1\"><p>BAEST Machines &amp; Structures, a.s. ist eine Privatgesellschaft mit dem auf die Herstellung von geschwei\u00dften Stahlkonstruktionen und Anlagen f\u00fcr Bauwesen, Maschinenbau, Energetik, \u00d6kologie, Landwirtschaft, Chemie-, Petrochemie- und Nahrungsmittelindustrie orientierten Produktionsprogramm und besch\u00e4ftigt ungef\u00e4hr 240 Mitarbeiter. Die Gesellschaft bewirtschaftet das Gel\u00e4nde in der Fl\u00e4che von 17 ha, wo Produktionshallen in der Fl\u00e4che von 30.000 m2 und Lagerfl\u00e4chen in der Fl\u00e4che von 10.000 m2 angebracht sind, die mit der notwendigen Hebe- und Manipulationstechnik mit Tragf\u00e4higkeit bis 50 t ausgestattet sind.<\/p>\n<\/div><\/div><\/div><div class=\"fusion-layout-column fusion_builder_column_inner fusion-builder-nested-column-2 fusion_builder_column_inner_1_1 1_1 fusion-flex-column bg-white\" style=\"--awb-bg-size:cover;--awb-width-large:100%;--awb-margin-top-large:0px;--awb-spacing-right-large:10px;--awb-margin-bottom-large:20px;--awb-spacing-left-large:10px;--awb-width-medium:100%;--awb-order-medium:3;--awb-spacing-right-medium:10px;--awb-spacing-left-medium:10px;--awb-width-small:100%;--awb-order-small:0;--awb-spacing-right-small:10px;--awb-spacing-left-small:10px;\"><div class=\"fusion-column-wrapper fusion-column-has-shadow fusion-flex-justify-content-flex-start fusion-content-layout-column\"><div class=\"fusion-counters-box counters-box row fusion-clearfix fusion-columns-5 about-counterBoxes\" style=\"--awb-body-color:var(--awb-color1);--awb-color:var(--awb-color1);--awb-title-size:40;\"><div class=\"fusion-counter-box fusion-column col-counter-box counter-box-wrapper col-lg-2 col-md-2 col-sm-2 fusion-counter-box-icon-top\" data-animationOffset=\"top-into-view\"><div class=\"counter-box-container\"><div class=\"content-box-percentage content-box-counter\"><i class=\"counter-box-icon fontawesome-icon fa-user fas\" aria-hidden=\"true\"><\/i><span class=\"display-counter\" data-value=\"240\" data-direction=\"up\" data-decimals=\"0\">0<\/span><\/div><div class=\"counter-box-content\">Arbeitskr\u00e4fte<\/div><\/div><\/div><div class=\"fusion-counter-box fusion-column col-counter-box counter-box-wrapper col-lg-2 col-md-2 col-sm-2 fusion-counter-box-icon-top\" data-animationOffset=\"top-into-view\"><div class=\"counter-box-container\"><div class=\"content-box-percentage content-box-counter\"><i class=\"counter-box-icon fontawesome-icon fa-chart-area fas\" aria-hidden=\"true\"><\/i><span class=\"display-counter\" data-value=\"17 ha\" data-direction=\"up\" data-decimals=\"0\">0<\/span><span class=\"unit\">ha<\/span><\/div><div class=\"counter-box-content\">Fl\u00e4che des Betriebsgel\u00e4ndes<\/div><\/div><\/div><div class=\"fusion-counter-box fusion-column col-counter-box counter-box-wrapper col-lg-2 col-md-2 col-sm-2 fusion-counter-box-icon-top\" data-animationOffset=\"top-into-view\"><div class=\"counter-box-container\"><div class=\"content-box-percentage content-box-counter\"><i class=\"counter-box-icon fontawesome-icon fa-industry fas\" aria-hidden=\"true\"><\/i><span class=\"display-counter\" data-value=\"30000\" data-direction=\"up\" data-decimals=\"0\">0<\/span><span class=\"unit\">m2<\/span><\/div><div class=\"counter-box-content\">Produktionshalle<\/div><\/div><\/div><div class=\"fusion-counter-box fusion-column col-counter-box counter-box-wrapper col-lg-2 col-md-2 col-sm-2 fusion-counter-box-icon-top\" data-animationOffset=\"top-into-view\"><div class=\"counter-box-container\"><div class=\"content-box-percentage content-box-counter\"><i class=\"counter-box-icon fontawesome-icon fa-boxes fas\" aria-hidden=\"true\"><\/i><span class=\"display-counter\" data-value=\"10000\" data-direction=\"up\" data-decimals=\"0\">0<\/span><span class=\"unit\">m2<\/span><\/div><div class=\"counter-box-content\">Lagerfl\u00e4chen<\/div><\/div><\/div><div class=\"fusion-counter-box fusion-column col-counter-box counter-box-wrapper col-lg-2 col-md-2 col-sm-2 fusion-counter-box-icon-top\" data-animationOffset=\"top-into-view\"><div class=\"counter-box-container\"><div class=\"content-box-percentage content-box-counter\"><i class=\"counter-box-icon fontawesome-icon fa-weight-hanging fas\" aria-hidden=\"true\"><\/i><span class=\"display-counter\" data-value=\"100\" data-direction=\"up\" data-decimals=\"0\">0<\/span><span class=\"unit\">t<\/span><\/div><div class=\"counter-box-content\">Tragf\u00e4higkeit der Technik<\/div><\/div><\/div><\/div><\/div><\/div><\/div><\/div><\/div><div class=\"fusion-layout-column fusion_builder_column fusion-builder-column-1 fusion_builder_column_1_1 1_1 fusion-flex-column tab-content\" style=\"--awb-bg-size:cover;--awb-width-large:100%;--awb-margin-top-large:0px;--awb-spacing-right-large:10px;--awb-margin-bottom-large:20px;--awb-spacing-left-large:10px;--awb-width-medium:100%;--awb-order-medium:0;--awb-spacing-right-medium:10px;--awb-spacing-left-medium:10px;--awb-width-small:100%;--awb-order-small:0;--awb-spacing-right-small:10px;--awb-spacing-left-small:10px;\"><div class=\"fusion-column-wrapper fusion-column-has-shadow fusion-flex-justify-content-flex-start fusion-content-layout-column\"><i class=\"fb-icon-element-2 fb-icon-element fontawesome-icon fa-sensor-fire far circle-no fusion-text-flow tab-icon\" style=\"--awb-font-size:20px;\"><\/i><div class=\"fusion-title title fusion-title-3 fusion-sep-none fusion-title-text fusion-title-size-three tab-name\"><h3 class=\"title-heading-left fusion-responsive-typography-calculated\" style=\"margin:0;--fontSize:36;line-height:var(--awb-typography1-line-height);\">Fertigungsprogramm<\/h3><\/div><div class=\"fusion-builder-row fusion-builder-row-inner fusion-row fusion-flex-align-items-stretch\" style=\"width:calc( 100% + 20px ) !important;max-width:calc( 100% + 20px ) !important;margin-left: calc(-20px \/ 2 );margin-right: calc(-20px \/ 2 );\"><div class=\"fusion-layout-column fusion_builder_column_inner fusion-builder-nested-column-3 fusion_builder_column_inner_1_2 1_2 fusion-flex-column\" style=\"--awb-bg-image:url(&#039;https:\/\/www.baest.cz\/wp-content\/uploads\/2022\/11\/slide_2.jpg&#039;);--awb-bg-size:cover;--awb-width-large:50%;--awb-margin-top-large:0px;--awb-spacing-right-large:10px;--awb-margin-bottom-large:20px;--awb-spacing-left-large:10px;--awb-width-medium:100%;--awb-order-medium:1;--awb-spacing-right-medium:10px;--awb-spacing-left-medium:10px;--awb-width-small:100%;--awb-order-small:0;--awb-spacing-right-small:10px;--awb-spacing-left-small:10px;\"><div class=\"fusion-column-wrapper fusion-column-has-shadow fusion-flex-justify-content-flex-start fusion-content-layout-column fusion-empty-column-bg-image\" data-bg-url=\"https:\/\/www.baest.cz\/wp-content\/uploads\/2022\/11\/slide_2.jpg\"><img decoding=\"async\" class=\"fusion-empty-dims-img-placeholder fusion-no-large-visibility\" src=\"data:image\/svg+xml,%3Csvg%20xmlns%3D%27http%3A%2F%2Fwww.w3.org%2F2000%2Fsvg%27%20width%3D%271920%27%20height%3D%271080%27%20viewBox%3D%270%200%201920%201080%27%3E%3Crect%20width%3D%271920%27%20height%3D%271080%27%20fill-opacity%3D%220%22%2F%3E%3C%2Fsvg%3E\"><\/div><\/div><div class=\"fusion-layout-column fusion_builder_column_inner fusion-builder-nested-column-4 fusion_builder_column_inner_1_2 1_2 fusion-flex-column\" style=\"--awb-bg-size:cover;--awb-width-large:50%;--awb-margin-top-large:0px;--awb-spacing-right-large:10px;--awb-margin-bottom-large:20px;--awb-spacing-left-large:10px;--awb-width-medium:100%;--awb-order-medium:2;--awb-spacing-right-medium:10px;--awb-spacing-left-medium:10px;--awb-width-small:100%;--awb-order-small:0;--awb-spacing-right-small:10px;--awb-spacing-left-small:10px;\"><div class=\"fusion-column-wrapper fusion-column-has-shadow fusion-flex-justify-content-flex-start fusion-content-layout-column\"><div class=\"fusion-text fusion-text-2\"><p>Das Produktionsprogramm ist nicht nur auf die wiederholte Herstellung, sondern auch auf die Auftragsproduktion (Kleinserien-, bzw. St\u00fcckproduktion) orientiert. Der flexible und breite Bereich der erzeugten Produktion ist mit Bezugnahme auf die universale technologische Ausr\u00fcstung und das qualifizierte Mitarbeiterteam erm\u00f6glicht. Die modernen Systeme CAD sowie CAD\/CAM f\u00fcr Bearbeitung der Herstellungsdokumentation (Autocad, Autodesk Inventor 3D, usw.) werden benutzt und bei der Produktion verwendet.<\/p>\n<\/div><div class=\"fusion-text fusion-text-3\"><p>Das Unternehmen verf\u00fcgt \u00fcber ein Arbeitsschutzmanagement-Zertifikat nach ISO 45001:2018, Qualit\u00e4tsmanagement nach EN ISO 9001:2016, Umweltmanagement nach EN ISO 14001:2016, Schwei\u00dfen von Stahlbauten nach EN ISO 3834-2-2006 sowie Schwei\u00dfen von Druckbeh\u00e4ltern nach DIN 18800-7:2008-11 Klasse E, EN 1090-1:2009\/AC:2010, Anhang ZA und PED 97\/23\/EG \/ AD 2000 HP0 \/ EN 3734-2.<\/p>\n<p>Die Qualit\u00e4tsproduktion nach EN-, DIN- und CSN-Normen erm\u00f6glicht es uns, den Anteil des Exports am steigenden Umsatz jedes Jahr zu erh\u00f6hen. Der Anteil der Exporte hat sich in den letzten Jahren bei 85&nbsp;% stabilisiert und geht in 20 L\u00e4nder weltweit. Die wichtigsten ausl\u00e4ndischen Kunden sind Unternehmen aus der EU sowie aus Ost- und Westeuropa.<\/p>\n<\/div><\/div><\/div><\/div><\/div><\/div><div class=\"fusion-layout-column fusion_builder_column fusion-builder-column-2 fusion_builder_column_1_1 1_1 fusion-flex-column tab-content\" style=\"--awb-bg-size:cover;--awb-width-large:100%;--awb-margin-top-large:0px;--awb-spacing-right-large:10px;--awb-margin-bottom-large:20px;--awb-spacing-left-large:10px;--awb-width-medium:100%;--awb-order-medium:0;--awb-spacing-right-medium:10px;--awb-spacing-left-medium:10px;--awb-width-small:100%;--awb-order-small:0;--awb-spacing-right-small:10px;--awb-spacing-left-small:10px;\"><div class=\"fusion-column-wrapper fusion-column-has-shadow fusion-flex-justify-content-flex-start fusion-content-layout-column\"><i class=\"fb-icon-element-3 fb-icon-element fontawesome-icon fa-cctv far circle-no fusion-text-flow tab-icon\" style=\"--awb-font-size:20px;\"><\/i><div class=\"fusion-title title fusion-title-4 fusion-sep-none fusion-title-text fusion-title-size-three tab-name\"><h3 class=\"title-heading-left fusion-responsive-typography-calculated\" style=\"margin:0;--fontSize:36;line-height:var(--awb-typography1-line-height);\">Geschichte<\/h3><\/div><div class=\"fusion-builder-row fusion-builder-row-inner fusion-row fusion-flex-align-items-stretch\" style=\"width:calc( 100% + 20px ) !important;max-width:calc( 100% + 20px ) !important;margin-left: calc(-20px \/ 2 );margin-right: calc(-20px \/ 2 );\"><div class=\"fusion-layout-column fusion_builder_column_inner fusion-builder-nested-column-5 fusion_builder_column_inner_1_2 1_2 fusion-flex-column\" style=\"--awb-bg-image:url(&#039;https:\/\/www.baest.cz\/wp-content\/uploads\/2023\/01\/EXPORTNI-CENA19.jpg&#039;);--awb-bg-size:cover;--awb-width-large:50%;--awb-margin-top-large:0px;--awb-spacing-right-large:10px;--awb-margin-bottom-large:20px;--awb-spacing-left-large:10px;--awb-width-medium:100%;--awb-order-medium:1;--awb-spacing-right-medium:10px;--awb-spacing-left-medium:10px;--awb-width-small:100%;--awb-order-small:0;--awb-spacing-right-small:10px;--awb-spacing-left-small:10px;\"><div class=\"fusion-column-wrapper fusion-column-has-shadow fusion-flex-justify-content-flex-start fusion-content-layout-column fusion-empty-column-bg-image\" data-bg-url=\"https:\/\/www.baest.cz\/wp-content\/uploads\/2023\/01\/EXPORTNI-CENA19.jpg\"><img decoding=\"async\" class=\"fusion-empty-dims-img-placeholder fusion-no-large-visibility\" src=\"data:image\/svg+xml,%3Csvg%20xmlns%3D%27http%3A%2F%2Fwww.w3.org%2F2000%2Fsvg%27%20width%3D%27960%27%20height%3D%27720%27%20viewBox%3D%270%200%20960%20720%27%3E%3Crect%20width%3D%27960%27%20height%3D%27720%27%20fill-opacity%3D%220%22%2F%3E%3C%2Fsvg%3E\"><\/div><\/div><div class=\"fusion-layout-column fusion_builder_column_inner fusion-builder-nested-column-6 fusion_builder_column_inner_1_2 1_2 fusion-flex-column\" style=\"--awb-bg-size:cover;--awb-width-large:50%;--awb-margin-top-large:0px;--awb-spacing-right-large:10px;--awb-margin-bottom-large:20px;--awb-spacing-left-large:10px;--awb-width-medium:100%;--awb-order-medium:2;--awb-spacing-right-medium:10px;--awb-spacing-left-medium:10px;--awb-width-small:100%;--awb-order-small:0;--awb-spacing-right-small:10px;--awb-spacing-left-small:10px;\"><div class=\"fusion-column-wrapper fusion-column-has-shadow fusion-flex-justify-content-flex-start fusion-content-layout-column\"><div class=\"fusion-text fusion-text-4\"><p>Die Geschichte des am Stadtrand von Bene\u0161ov in der Gemeinde \u010cern\u00fd les errichteten Maschinenbaubetriebs reicht bis ins Jahr 1979 zur\u00fcck, als mit dem Bau der Produktionsst\u00e4tte begonnen wurde, deren Investor das Staatsunternehmen Stavebn\u00ed stroje Zli\u010d\u00edn war. Der Bau der Anlage wurde 1984 abgeschlossen und in Betrieb genommen. Das Werk wurde f\u00fcr die Herstellung von Formwerkzeugen f\u00fcr die Vorfertigung von Teilen f\u00fcr den Wohnungs-, Zivil- und Industriebau gebaut. Das Werk wurde in die Unternehmensgruppe Stavebn\u00ed stroje Zli\u010d\u00edn als Werk 10 &#8211; Stavebn\u00ed stroje Bene\u0161ov eingegliedert.<\/p>\n<p>Im Jahr 1991 wurde das Werk in ein eigenst\u00e4ndiges Unternehmen Stavebn\u00ed stroje Bene\u0161ov umgewandelt, das die kontinuierliche Produktion von Gie\u00dftechnik und Komponenten f\u00fcr Baumaschinen fortsetzte. Im Jahr 1996 wurde Stavebn\u00ed stroje Bene\u0161ov von BEST s.r.o. privatisiert. Bene\u0161ov an ein privates Unternehmen. In dieser Zeit kam es zu einer grundlegenden \u00c4nderung des Produktionsprogramms, als die Gie\u00dfereiausr\u00fcstung durch die Produktion von Panzern, Bau- und Portalkr\u00e4nen und Bohrausr\u00fcstung ersetzt wurde.<\/p>\n<p>Im Jahr 2002 wurden alle Gesch\u00e4fts- und Produktionst\u00e4tigkeiten der BEST s.r.o. von der Aktiengesellschaft BAEST \u00fcbernommen, die das Produktionsprogramm um die Herstellung von Komponenten f\u00fcr Bau- und Spezialkr\u00e4ne, Beh\u00e4lter f\u00fcr industrielle Zwecke, Energie und \u00d6kologie und die Lieferung von separaten technologischen Einheiten f\u00fcr Verpackungsanlagen und Betonmischanlagen erg\u00e4nzte und ausbaute. Das Unternehmen verf\u00fcgt \u00fcber ein erfahrenes Team von Mitarbeitern, die Experten in den Bereichen Technik, Wirtschaft und Produktion sind. Sie garantieren, dass das Unternehmen in der Lage ist, Auftr\u00e4ge in der geforderten Qualit\u00e4t und Zeit anzubieten und auszuf\u00fchren.<\/p>\n<\/div><\/div><\/div><\/div><\/div><\/div><\/div><\/div>\n","protected":false},"excerpt":{"rendered":"","protected":false},"author":3,"featured_media":0,"parent":0,"menu_order":0,"comment_status":"closed","ping_status":"closed","template":"100-width.php","meta":{"_monsterinsights_skip_tracking":false,"_monsterinsights_sitenote_active":false,"_monsterinsights_sitenote_note":"","_monsterinsights_sitenote_category":0,"footnotes":""},"class_list":["post-2738","page","type-page","status-publish","hentry"],"_links":{"self":[{"href":"https:\/\/www.baest.cz\/de\/wp-json\/wp\/v2\/pages\/2738","targetHints":{"allow":["GET"]}}],"collection":[{"href":"https:\/\/www.baest.cz\/de\/wp-json\/wp\/v2\/pages"}],"about":[{"href":"https:\/\/www.baest.cz\/de\/wp-json\/wp\/v2\/types\/page"}],"author":[{"embeddable":true,"href":"https:\/\/www.baest.cz\/de\/wp-json\/wp\/v2\/users\/3"}],"replies":[{"embeddable":true,"href":"https:\/\/www.baest.cz\/de\/wp-json\/wp\/v2\/comments?post=2738"}],"version-history":[{"count":1,"href":"https:\/\/www.baest.cz\/de\/wp-json\/wp\/v2\/pages\/2738\/revisions"}],"predecessor-version":[{"id":5839,"href":"https:\/\/www.baest.cz\/de\/wp-json\/wp\/v2\/pages\/2738\/revisions\/5839"}],"wp:attachment":[{"href":"https:\/\/www.baest.cz\/de\/wp-json\/wp\/v2\/media?parent=2738"}],"curies":[{"name":"wp","href":"https:\/\/api.w.org\/{rel}","templated":true}]}}