{"id":2752,"date":"2022-10-27T09:05:08","date_gmt":"2022-10-27T07:05:08","guid":{"rendered":"http:\/\/baest.cz\/certifikace\/"},"modified":"2026-01-21T10:53:40","modified_gmt":"2026-01-21T09:53:40","slug":"zertifizierung","status":"publish","type":"page","link":"https:\/\/www.baest.cz\/de\/zertifizierung\/","title":{"rendered":"Zertifizierung"},"content":{"rendered":"<div class=\"fusion-fullwidth fullwidth-box fusion-builder-row-1 fusion-flex-container has-pattern-background has-mask-background nonhundred-percent-fullwidth non-hundred-percent-height-scrolling\" style=\"--awb-border-radius-top-left:0px;--awb-border-radius-top-right:0px;--awb-border-radius-bottom-right:0px;--awb-border-radius-bottom-left:0px;--awb-padding-top:100px;--awb-padding-bottom:100px;\" ><div class=\"fusion-builder-row fusion-row fusion-flex-align-items-flex-start\" style=\"max-width:1331.2px;margin-left: calc(-4% \/ 2 );margin-right: calc(-4% \/ 2 );\"><div class=\"fusion-layout-column fusion_builder_column fusion-builder-column-0 fusion_builder_column_1_4 1_4 fusion-flex-column\" style=\"--awb-bg-size:cover;--awb-width-large:25%;--awb-margin-top-large:0px;--awb-spacing-right-large:7.68%;--awb-margin-bottom-large:20px;--awb-spacing-left-large:7.68%;--awb-width-medium:25%;--awb-order-medium:0;--awb-spacing-right-medium:7.68%;--awb-spacing-left-medium:7.68%;--awb-width-small:100%;--awb-order-small:0;--awb-spacing-right-small:1.92%;--awb-spacing-left-small:1.92%;\"><div class=\"fusion-column-wrapper fusion-column-has-shadow fusion-flex-justify-content-flex-start fusion-content-layout-column\"><div class=\"fusion-image-element \" style=\"--awb-caption-title-size:var(--h2_typography-font-size);--awb-caption-title-transform:var(--h2_typography-text-transform);--awb-caption-title-line-height:var(--h2_typography-line-height);--awb-caption-title-letter-spacing:var(--h2_typography-letter-spacing);\"><span class=\" fusion-imageframe imageframe-none imageframe-1 hover-type-none\"><a class=\"fusion-no-lightbox\" href=\"\/wp-content\/uploads\/2022\/11\/certifikat-CSN-EN-15085-2-BAEST_aktualizace_-2020_svarovani.pdf\" target=\"_blank\" aria-label=\"certifik\u00e1t \u010cSN EN 15085-2 BAEST_aktualizace_ 2020_sva\u0159ov\u00e1n\u00ed_nahled\" rel=\"noopener noreferrer\"><img decoding=\"async\" width=\"785\" height=\"1115\" alt=\"certifik\u00e1t \u010cSN EN 15085-2:2008\" src=\"https:\/\/www.baest.cz\/wp-content\/uploads\/2022\/11\/certifikat-CSN-EN-15085-2-BAEST_aktualizace_-2020_svarovani_nahled.png\" class=\"img-responsive wp-image-2754\" srcset=\"https:\/\/www.baest.cz\/wp-content\/uploads\/2022\/11\/certifikat-CSN-EN-15085-2-BAEST_aktualizace_-2020_svarovani_nahled-200x284.png 200w, https:\/\/www.baest.cz\/wp-content\/uploads\/2022\/11\/certifikat-CSN-EN-15085-2-BAEST_aktualizace_-2020_svarovani_nahled-400x568.png 400w, https:\/\/www.baest.cz\/wp-content\/uploads\/2022\/11\/certifikat-CSN-EN-15085-2-BAEST_aktualizace_-2020_svarovani_nahled-600x852.png 600w, https:\/\/www.baest.cz\/wp-content\/uploads\/2022\/11\/certifikat-CSN-EN-15085-2-BAEST_aktualizace_-2020_svarovani_nahled.png 785w\" sizes=\"(max-width: 640px) 100vw, 400px\" \/><\/a><\/span><\/div><\/div><\/div><div class=\"fusion-layout-column fusion_builder_column fusion-builder-column-1 fusion_builder_column_1_4 1_4 fusion-flex-column\" style=\"--awb-bg-size:cover;--awb-width-large:25%;--awb-margin-top-large:0px;--awb-spacing-right-large:7.68%;--awb-margin-bottom-large:20px;--awb-spacing-left-large:7.68%;--awb-width-medium:25%;--awb-order-medium:0;--awb-spacing-right-medium:7.68%;--awb-spacing-left-medium:7.68%;--awb-width-small:100%;--awb-order-small:0;--awb-spacing-right-small:1.92%;--awb-spacing-left-small:1.92%;\"><div class=\"fusion-column-wrapper fusion-column-has-shadow fusion-flex-justify-content-flex-start fusion-content-layout-column\"><div class=\"fusion-image-element \" style=\"--awb-caption-title-size:var(--h2_typography-font-size);--awb-caption-title-transform:var(--h2_typography-text-transform);--awb-caption-title-line-height:var(--h2_typography-line-height);--awb-caption-title-letter-spacing:var(--h2_typography-letter-spacing);\"><span class=\" fusion-imageframe imageframe-none imageframe-2 hover-type-none\"><a class=\"fusion-no-lightbox\" href=\"\/wp-content\/uploads\/2022\/11\/certifikat-CSN-EN-ISO-3834-2-BAEST_aktualizace_-2020_svarovani.pdf\" target=\"_blank\" aria-label=\"certifik\u00e1t \u010cSN EN ISO 3834-2 BAEST_aktualizace_ 2020_sva\u0159ov\u00e1n\u00ed_nahled\" rel=\"noopener noreferrer\"><img decoding=\"async\" width=\"775\" height=\"1109\" src=\"https:\/\/www.baest.cz\/wp-content\/uploads\/2022\/11\/certifikat-CSN-EN-ISO-3834-2-BAEST_aktualizace_-2020_svarovani_nahled.png\" alt class=\"img-responsive wp-image-2755\" srcset=\"https:\/\/www.baest.cz\/wp-content\/uploads\/2022\/11\/certifikat-CSN-EN-ISO-3834-2-BAEST_aktualizace_-2020_svarovani_nahled-200x286.png 200w, https:\/\/www.baest.cz\/wp-content\/uploads\/2022\/11\/certifikat-CSN-EN-ISO-3834-2-BAEST_aktualizace_-2020_svarovani_nahled-400x572.png 400w, https:\/\/www.baest.cz\/wp-content\/uploads\/2022\/11\/certifikat-CSN-EN-ISO-3834-2-BAEST_aktualizace_-2020_svarovani_nahled-600x859.png 600w, https:\/\/www.baest.cz\/wp-content\/uploads\/2022\/11\/certifikat-CSN-EN-ISO-3834-2-BAEST_aktualizace_-2020_svarovani_nahled.png 775w\" sizes=\"(max-width: 640px) 100vw, 400px\" \/><\/a><\/span><\/div><\/div><\/div><div class=\"fusion-layout-column fusion_builder_column fusion-builder-column-2 fusion_builder_column_1_4 1_4 fusion-flex-column\" style=\"--awb-bg-size:cover;--awb-width-large:25%;--awb-margin-top-large:0px;--awb-spacing-right-large:7.68%;--awb-margin-bottom-large:20px;--awb-spacing-left-large:7.68%;--awb-width-medium:25%;--awb-order-medium:0;--awb-spacing-right-medium:7.68%;--awb-spacing-left-medium:7.68%;--awb-width-small:100%;--awb-order-small:0;--awb-spacing-right-small:1.92%;--awb-spacing-left-small:1.92%;\"><div class=\"fusion-column-wrapper fusion-column-has-shadow fusion-flex-justify-content-flex-start fusion-content-layout-column\"><div class=\"fusion-image-element \" style=\"--awb-caption-title-size:var(--h2_typography-font-size);--awb-caption-title-transform:var(--h2_typography-text-transform);--awb-caption-title-line-height:var(--h2_typography-line-height);--awb-caption-title-letter-spacing:var(--h2_typography-letter-spacing);\"><span class=\" fusion-imageframe imageframe-none imageframe-3 hover-type-none\"><a class=\"fusion-no-lightbox\" href=\"\/wp-content\/uploads\/2022\/11\/FTZU-04-ATEX-0175-ministavebnice.pdf\" target=\"_blank\" aria-label=\"FTZ\u00da 04 ATEX 0175 ministavebnice_nahled\" rel=\"noopener noreferrer\"><img decoding=\"async\" width=\"1329\" height=\"1892\" src=\"https:\/\/www.baest.cz\/wp-content\/uploads\/2022\/11\/FTZU-04-ATEX-0175-ministavebnice_nahled.png\" alt class=\"img-responsive wp-image-2756\" srcset=\"https:\/\/www.baest.cz\/wp-content\/uploads\/2022\/11\/FTZU-04-ATEX-0175-ministavebnice_nahled-200x285.png 200w, https:\/\/www.baest.cz\/wp-content\/uploads\/2022\/11\/FTZU-04-ATEX-0175-ministavebnice_nahled-400x569.png 400w, https:\/\/www.baest.cz\/wp-content\/uploads\/2022\/11\/FTZU-04-ATEX-0175-ministavebnice_nahled-600x854.png 600w, https:\/\/www.baest.cz\/wp-content\/uploads\/2022\/11\/FTZU-04-ATEX-0175-ministavebnice_nahled-800x1139.png 800w, https:\/\/www.baest.cz\/wp-content\/uploads\/2022\/11\/FTZU-04-ATEX-0175-ministavebnice_nahled-1200x1708.png 1200w, https:\/\/www.baest.cz\/wp-content\/uploads\/2022\/11\/FTZU-04-ATEX-0175-ministavebnice_nahled.png 1329w\" sizes=\"(max-width: 640px) 100vw, 400px\" \/><\/a><\/span><\/div><\/div><\/div><div class=\"fusion-layout-column fusion_builder_column fusion-builder-column-3 fusion_builder_column_1_4 1_4 fusion-flex-column\" style=\"--awb-bg-size:cover;--awb-width-large:25%;--awb-margin-top-large:0px;--awb-spacing-right-large:7.68%;--awb-margin-bottom-large:20px;--awb-spacing-left-large:7.68%;--awb-width-medium:25%;--awb-order-medium:0;--awb-spacing-right-medium:7.68%;--awb-spacing-left-medium:7.68%;--awb-width-small:100%;--awb-order-small:0;--awb-spacing-right-small:1.92%;--awb-spacing-left-small:1.92%;\"><div class=\"fusion-column-wrapper fusion-column-has-shadow fusion-flex-justify-content-flex-start fusion-content-layout-column\"><div class=\"fusion-image-element \" style=\"--awb-caption-title-size:var(--h2_typography-font-size);--awb-caption-title-transform:var(--h2_typography-text-transform);--awb-caption-title-line-height:var(--h2_typography-line-height);--awb-caption-title-letter-spacing:var(--h2_typography-letter-spacing);\"><span class=\" fusion-imageframe imageframe-none imageframe-4 hover-type-none\"><a class=\"fusion-no-lightbox\" href=\"\/wp-content\/uploads\/2022\/11\/FTZU-04-Ex-0034-podzemni-dvouplastove-nadrze.pdf\" target=\"_blank\" aria-label=\"FTZ\u00da 04 Ex 0034 podzemn\u00ed dvoupl\u00e1\u0161\u0165ov\u00e9 n\u00e1dr\u017ee_nahled\" rel=\"noopener noreferrer\"><img decoding=\"async\" width=\"1339\" height=\"1899\" src=\"https:\/\/www.baest.cz\/wp-content\/uploads\/2022\/11\/FTZU-04-Ex-0034-podzemni-dvouplastove-nadrze_nahled.png\" alt class=\"img-responsive wp-image-2757\" srcset=\"https:\/\/www.baest.cz\/wp-content\/uploads\/2022\/11\/FTZU-04-Ex-0034-podzemni-dvouplastove-nadrze_nahled-200x284.png 200w, https:\/\/www.baest.cz\/wp-content\/uploads\/2022\/11\/FTZU-04-Ex-0034-podzemni-dvouplastove-nadrze_nahled-400x567.png 400w, https:\/\/www.baest.cz\/wp-content\/uploads\/2022\/11\/FTZU-04-Ex-0034-podzemni-dvouplastove-nadrze_nahled-600x851.png 600w, https:\/\/www.baest.cz\/wp-content\/uploads\/2022\/11\/FTZU-04-Ex-0034-podzemni-dvouplastove-nadrze_nahled-800x1135.png 800w, https:\/\/www.baest.cz\/wp-content\/uploads\/2022\/11\/FTZU-04-Ex-0034-podzemni-dvouplastove-nadrze_nahled-1200x1702.png 1200w, https:\/\/www.baest.cz\/wp-content\/uploads\/2022\/11\/FTZU-04-Ex-0034-podzemni-dvouplastove-nadrze_nahled.png 1339w\" sizes=\"(max-width: 640px) 100vw, 400px\" \/><\/a><\/span><\/div><\/div><\/div><div class=\"fusion-layout-column fusion_builder_column fusion-builder-column-4 fusion_builder_column_1_4 1_4 fusion-flex-column\" style=\"--awb-bg-size:cover;--awb-width-large:25%;--awb-margin-top-large:0px;--awb-spacing-right-large:7.68%;--awb-margin-bottom-large:20px;--awb-spacing-left-large:7.68%;--awb-width-medium:25%;--awb-order-medium:0;--awb-spacing-right-medium:7.68%;--awb-spacing-left-medium:7.68%;--awb-width-small:100%;--awb-order-small:0;--awb-spacing-right-small:1.92%;--awb-spacing-left-small:1.92%;\"><div class=\"fusion-column-wrapper fusion-column-has-shadow fusion-flex-justify-content-flex-start fusion-content-layout-column\"><div class=\"fusion-image-element \" style=\"--awb-caption-title-size:var(--h2_typography-font-size);--awb-caption-title-transform:var(--h2_typography-text-transform);--awb-caption-title-line-height:var(--h2_typography-line-height);--awb-caption-title-letter-spacing:var(--h2_typography-letter-spacing);\"><span class=\" fusion-imageframe imageframe-none imageframe-5 hover-type-none\"><a class=\"fusion-no-lightbox\" href=\"\/wp-content\/uploads\/2022\/11\/FTZU-13-Ex-006_nadz.nadrze_2023.pdf\" target=\"_blank\" aria-label=\"FTZ\u00da 13 Ex 006_nadz.n\u00e1dr\u017ee_2023_nahled\" rel=\"noopener noreferrer\"><img decoding=\"async\" width=\"1327\" height=\"1892\" src=\"https:\/\/www.baest.cz\/wp-content\/uploads\/2022\/11\/FTZU-13-Ex-006_nadz.nadrze_2023_nahled.png\" alt class=\"img-responsive wp-image-2758\" srcset=\"https:\/\/www.baest.cz\/wp-content\/uploads\/2022\/11\/FTZU-13-Ex-006_nadz.nadrze_2023_nahled-200x285.png 200w, https:\/\/www.baest.cz\/wp-content\/uploads\/2022\/11\/FTZU-13-Ex-006_nadz.nadrze_2023_nahled-400x570.png 400w, https:\/\/www.baest.cz\/wp-content\/uploads\/2022\/11\/FTZU-13-Ex-006_nadz.nadrze_2023_nahled-600x855.png 600w, https:\/\/www.baest.cz\/wp-content\/uploads\/2022\/11\/FTZU-13-Ex-006_nadz.nadrze_2023_nahled-800x1141.png 800w, https:\/\/www.baest.cz\/wp-content\/uploads\/2022\/11\/FTZU-13-Ex-006_nadz.nadrze_2023_nahled-1200x1711.png 1200w, https:\/\/www.baest.cz\/wp-content\/uploads\/2022\/11\/FTZU-13-Ex-006_nadz.nadrze_2023_nahled.png 1327w\" sizes=\"(max-width: 640px) 100vw, 400px\" \/><\/a><\/span><\/div><\/div><\/div><div class=\"fusion-layout-column fusion_builder_column fusion-builder-column-5 fusion_builder_column_1_4 1_4 fusion-flex-column\" style=\"--awb-bg-size:cover;--awb-width-large:25%;--awb-margin-top-large:0px;--awb-spacing-right-large:7.68%;--awb-margin-bottom-large:20px;--awb-spacing-left-large:7.68%;--awb-width-medium:25%;--awb-order-medium:0;--awb-spacing-right-medium:7.68%;--awb-spacing-left-medium:7.68%;--awb-width-small:100%;--awb-order-small:0;--awb-spacing-right-small:1.92%;--awb-spacing-left-small:1.92%;\"><div class=\"fusion-column-wrapper fusion-column-has-shadow fusion-flex-justify-content-flex-start fusion-content-layout-column\"><div class=\"fusion-image-element \" style=\"--awb-caption-title-size:var(--h2_typography-font-size);--awb-caption-title-transform:var(--h2_typography-text-transform);--awb-caption-title-line-height:var(--h2_typography-line-height);--awb-caption-title-letter-spacing:var(--h2_typography-letter-spacing);\"><span class=\" fusion-imageframe imageframe-none imageframe-6 hover-type-none\"><a class=\"fusion-no-lightbox\" href=\"\/wp-content\/uploads\/2022\/11\/GSI_SLV_svarovani_CSN-EN-ISO-3834-2-2018-23.pdf\" target=\"_blank\" aria-label=\"GSI_SLV_sva\u0159ov\u00e1n\u00ed_\u010cSN EN ISO 3834-2 &#8211; 2018-23_nahled\" rel=\"noopener noreferrer\"><img decoding=\"async\" width=\"780\" height=\"1118\" src=\"https:\/\/www.baest.cz\/wp-content\/uploads\/2022\/11\/GSI_SLV_svarovani_CSN-EN-ISO-3834-2-2018-23_nahled.png\" alt class=\"img-responsive wp-image-2759\" srcset=\"https:\/\/www.baest.cz\/wp-content\/uploads\/2022\/11\/GSI_SLV_svarovani_CSN-EN-ISO-3834-2-2018-23_nahled-200x287.png 200w, https:\/\/www.baest.cz\/wp-content\/uploads\/2022\/11\/GSI_SLV_svarovani_CSN-EN-ISO-3834-2-2018-23_nahled-400x573.png 400w, https:\/\/www.baest.cz\/wp-content\/uploads\/2022\/11\/GSI_SLV_svarovani_CSN-EN-ISO-3834-2-2018-23_nahled-600x860.png 600w, https:\/\/www.baest.cz\/wp-content\/uploads\/2022\/11\/GSI_SLV_svarovani_CSN-EN-ISO-3834-2-2018-23_nahled.png 780w\" sizes=\"(max-width: 640px) 100vw, 400px\" \/><\/a><\/span><\/div><\/div><\/div><div class=\"fusion-layout-column fusion_builder_column fusion-builder-column-6 fusion_builder_column_1_4 1_4 fusion-flex-column\" style=\"--awb-bg-size:cover;--awb-width-large:25%;--awb-margin-top-large:0px;--awb-spacing-right-large:7.68%;--awb-margin-bottom-large:20px;--awb-spacing-left-large:7.68%;--awb-width-medium:25%;--awb-order-medium:0;--awb-spacing-right-medium:7.68%;--awb-spacing-left-medium:7.68%;--awb-width-small:100%;--awb-order-small:0;--awb-spacing-right-small:1.92%;--awb-spacing-left-small:1.92%;\"><div class=\"fusion-column-wrapper fusion-column-has-shadow fusion-flex-justify-content-flex-start fusion-content-layout-column\"><div class=\"fusion-image-element \" style=\"--awb-caption-title-size:var(--h2_typography-font-size);--awb-caption-title-transform:var(--h2_typography-text-transform);--awb-caption-title-line-height:var(--h2_typography-line-height);--awb-caption-title-letter-spacing:var(--h2_typography-letter-spacing);\"><span class=\" fusion-imageframe imageframe-none imageframe-7 hover-type-none\"><a class=\"fusion-no-lightbox\" href=\"\/wp-content\/uploads\/2022\/11\/Shoda_BAEST-Machinery-Structures_CZ.pdf\" target=\"_blank\" aria-label=\"Shoda_BAEST Machinery Structures_CZ_nahled\" rel=\"noopener noreferrer\"><img decoding=\"async\" width=\"786\" height=\"1113\" src=\"https:\/\/www.baest.cz\/wp-content\/uploads\/2022\/11\/Shoda_BAEST-Machinery-Structures_CZ_nahled.png\" alt class=\"img-responsive wp-image-2760\" srcset=\"https:\/\/www.baest.cz\/wp-content\/uploads\/2022\/11\/Shoda_BAEST-Machinery-Structures_CZ_nahled-200x283.png 200w, https:\/\/www.baest.cz\/wp-content\/uploads\/2022\/11\/Shoda_BAEST-Machinery-Structures_CZ_nahled-400x566.png 400w, https:\/\/www.baest.cz\/wp-content\/uploads\/2022\/11\/Shoda_BAEST-Machinery-Structures_CZ_nahled-600x850.png 600w, https:\/\/www.baest.cz\/wp-content\/uploads\/2022\/11\/Shoda_BAEST-Machinery-Structures_CZ_nahled.png 786w\" sizes=\"(max-width: 640px) 100vw, 400px\" \/><\/a><\/span><\/div><\/div><\/div><div class=\"fusion-layout-column fusion_builder_column fusion-builder-column-7 fusion_builder_column_1_4 1_4 fusion-flex-column\" style=\"--awb-bg-size:cover;--awb-width-large:25%;--awb-margin-top-large:0px;--awb-spacing-right-large:7.68%;--awb-margin-bottom-large:20px;--awb-spacing-left-large:7.68%;--awb-width-medium:25%;--awb-order-medium:0;--awb-spacing-right-medium:7.68%;--awb-spacing-left-medium:7.68%;--awb-width-small:100%;--awb-order-small:0;--awb-spacing-right-small:1.92%;--awb-spacing-left-small:1.92%;\"><div class=\"fusion-column-wrapper fusion-column-has-shadow fusion-flex-justify-content-flex-start fusion-content-layout-column\"><div class=\"fusion-image-element \" style=\"--awb-caption-title-size:var(--h2_typography-font-size);--awb-caption-title-transform:var(--h2_typography-text-transform);--awb-caption-title-line-height:var(--h2_typography-line-height);--awb-caption-title-letter-spacing:var(--h2_typography-letter-spacing);\"><span class=\" fusion-imageframe imageframe-none imageframe-8 hover-type-none\"><a class=\"fusion-no-lightbox\" href=\"\/wp-content\/uploads\/2022\/11\/300159468_472900708176746_607789335717375907_n.jpg\" target=\"_blank\" aria-label=\"ZERTIFIKAT_ISO_9001_2015 (bis 2028)\" rel=\"noopener noreferrer\"><img decoding=\"async\" width=\"1058\" height=\"1495\" src=\"https:\/\/www.baest.cz\/wp-content\/uploads\/2026\/01\/ZERTIFIKAT_ISO_9001_2015-bis-2028-2-pdf.jpg\" alt class=\"img-responsive wp-image-6369\"\/><\/a><\/span><\/div><\/div><\/div><div class=\"fusion-layout-column fusion_builder_column fusion-builder-column-8 fusion_builder_column_1_4 1_4 fusion-flex-column\" style=\"--awb-bg-size:cover;--awb-width-large:25%;--awb-margin-top-large:0px;--awb-spacing-right-large:7.68%;--awb-margin-bottom-large:20px;--awb-spacing-left-large:7.68%;--awb-width-medium:25%;--awb-order-medium:0;--awb-spacing-right-medium:7.68%;--awb-spacing-left-medium:7.68%;--awb-width-small:100%;--awb-order-small:0;--awb-spacing-right-small:1.92%;--awb-spacing-left-small:1.92%;\"><div class=\"fusion-column-wrapper fusion-column-has-shadow fusion-flex-justify-content-flex-start fusion-content-layout-column\"><div class=\"fusion-image-element \" style=\"--awb-caption-title-size:var(--h2_typography-font-size);--awb-caption-title-transform:var(--h2_typography-text-transform);--awb-caption-title-line-height:var(--h2_typography-line-height);--awb-caption-title-letter-spacing:var(--h2_typography-letter-spacing);\"><span class=\" fusion-imageframe imageframe-none imageframe-9 hover-type-none\"><a class=\"fusion-no-lightbox\" href=\"\/wp-content\/uploads\/2022\/11\/300159468_472900708176746_607789335717375907_n.jpg\" target=\"_blank\" aria-label=\"ZERTIFIKAT_ISO_14001_2015 (bis 2028)\" rel=\"noopener noreferrer\"><img decoding=\"async\" width=\"1058\" height=\"1495\" src=\"https:\/\/www.baest.cz\/wp-content\/uploads\/2026\/01\/ZERTIFIKAT_ISO_14001_2015-bis-2028-2-pdf.jpg\" alt class=\"img-responsive wp-image-6372\"\/><\/a><\/span><\/div><\/div><\/div><div class=\"fusion-layout-column fusion_builder_column fusion-builder-column-9 fusion_builder_column_1_4 1_4 fusion-flex-column\" style=\"--awb-bg-size:cover;--awb-width-large:25%;--awb-margin-top-large:0px;--awb-spacing-right-large:7.68%;--awb-margin-bottom-large:20px;--awb-spacing-left-large:7.68%;--awb-width-medium:25%;--awb-order-medium:0;--awb-spacing-right-medium:7.68%;--awb-spacing-left-medium:7.68%;--awb-width-small:100%;--awb-order-small:0;--awb-spacing-right-small:1.92%;--awb-spacing-left-small:1.92%;\"><div class=\"fusion-column-wrapper fusion-column-has-shadow fusion-flex-justify-content-flex-start fusion-content-layout-column\"><div class=\"fusion-image-element \" style=\"--awb-caption-title-size:var(--h2_typography-font-size);--awb-caption-title-transform:var(--h2_typography-text-transform);--awb-caption-title-line-height:var(--h2_typography-line-height);--awb-caption-title-letter-spacing:var(--h2_typography-letter-spacing);\"><span class=\" fusion-imageframe imageframe-none imageframe-10 hover-type-none\"><a class=\"fusion-no-lightbox\" href=\"\/wp-content\/uploads\/2022\/11\/300159468_472900708176746_607789335717375907_n.jpg\" target=\"_blank\" aria-label=\"ZERTIFIKAT_ISO_45001_2018 (bis 2028)\" rel=\"noopener noreferrer\"><img decoding=\"async\" width=\"1058\" height=\"1495\" src=\"https:\/\/www.baest.cz\/wp-content\/uploads\/2026\/01\/ZERTIFIKAT_ISO_45001_2018-bis-2028-2-pdf.jpg\" alt class=\"img-responsive wp-image-6375\"\/><\/a><\/span><\/div><\/div><\/div><\/div><\/div>\n","protected":false},"excerpt":{"rendered":"","protected":false},"author":3,"featured_media":0,"parent":0,"menu_order":0,"comment_status":"closed","ping_status":"closed","template":"100-width.php","meta":{"_monsterinsights_skip_tracking":false,"_monsterinsights_sitenote_active":false,"_monsterinsights_sitenote_note":"","_monsterinsights_sitenote_category":0,"footnotes":""},"class_list":["post-2752","page","type-page","status-publish","hentry"],"_links":{"self":[{"href":"https:\/\/www.baest.cz\/de\/wp-json\/wp\/v2\/pages\/2752","targetHints":{"allow":["GET"]}}],"collection":[{"href":"https:\/\/www.baest.cz\/de\/wp-json\/wp\/v2\/pages"}],"about":[{"href":"https:\/\/www.baest.cz\/de\/wp-json\/wp\/v2\/types\/page"}],"author":[{"embeddable":true,"href":"https:\/\/www.baest.cz\/de\/wp-json\/wp\/v2\/users\/3"}],"replies":[{"embeddable":true,"href":"https:\/\/www.baest.cz\/de\/wp-json\/wp\/v2\/comments?post=2752"}],"version-history":[{"count":2,"href":"https:\/\/www.baest.cz\/de\/wp-json\/wp\/v2\/pages\/2752\/revisions"}],"predecessor-version":[{"id":6379,"href":"https:\/\/www.baest.cz\/de\/wp-json\/wp\/v2\/pages\/2752\/revisions\/6379"}],"wp:attachment":[{"href":"https:\/\/www.baest.cz\/de\/wp-json\/wp\/v2\/media?parent=2752"}],"curies":[{"name":"wp","href":"https:\/\/api.w.org\/{rel}","templated":true}]}}