{"id":2868,"date":"2022-12-02T11:21:46","date_gmt":"2022-12-02T10:21:46","guid":{"rendered":"http:\/\/baest.cz\/produkte\/autoklavy\/"},"modified":"2023-02-14T14:00:48","modified_gmt":"2023-02-14T13:00:48","slug":"autoklav","status":"publish","type":"page","link":"https:\/\/www.baest.cz\/de\/produkte\/autoklav\/","title":{"rendered":"Autoklav"},"content":{"rendered":"<div class=\"fusion-fullwidth fullwidth-box fusion-builder-row-1 fusion-flex-container nonhundred-percent-fullwidth non-hundred-percent-height-scrolling\" style=\"--awb-border-radius-top-left:0px;--awb-border-radius-top-right:0px;--awb-border-radius-bottom-right:0px;--awb-border-radius-bottom-left:0px;\" ><div class=\"fusion-builder-row fusion-row fusion-flex-align-items-flex-start\" style=\"max-width:1331.2px;margin-left: calc(-4% \/ 2 );margin-right: calc(-4% \/ 2 );\"><div class=\"fusion-layout-column fusion_builder_column fusion-builder-column-0 fusion_builder_column_1_1 1_1 fusion-flex-column\" style=\"--awb-bg-size:cover;--awb-width-large:100%;--awb-margin-top-large:0px;--awb-spacing-right-large:1.92%;--awb-margin-bottom-large:0px;--awb-spacing-left-large:1.92%;--awb-width-medium:100%;--awb-spacing-right-medium:1.92%;--awb-spacing-left-medium:1.92%;--awb-width-small:100%;--awb-spacing-right-small:1.92%;--awb-spacing-left-small:1.92%;\"><div class=\"fusion-column-wrapper fusion-flex-justify-content-flex-start fusion-content-layout-column\"><div class=\"fusion-text fusion-text-1\"><p>Industrie-Autoklaven sind horizontale oder vertikale zylindrische Druckbeh\u00e4lter an einem oder beiden Enden mit einem Deckel verschlossen, der mit einem Schnellverschluss versehen ist, f\u00fcr Reaktionen, die unter hohem Druck und Temperatur durchgef\u00fchrt werden.<\/p>\n<p><span style=\"text-decoration: underline;\"><strong>Ausf\u00fchrung:<\/strong><\/span><\/p>\n<ul>\n<li>Volumen: 1-250m<sup>3<\/sup><\/li>\n<li>Durchmesser: bis zu 4&nbsp;500 mm<\/li>\n<li>Material: Kohlenstoffstahl und rostfreier Stahl<\/li>\n<li>Gewicht: bis zu 30 Tonnen<\/li>\n<li>Druck: nach Kundenwunsch<\/li>\n<li>Einzel-, Doppelwandige<\/li>\n<li>horizontale, vertikale<\/li>\n<\/ul>\n<p>Autoklaven werden entsprechend den in eigener Konstruktionsabteilung verarbeiteten Fertigungszeichnungen als auch nach der vom Kunden gelieferten Dokumentation hergestellt. Zu eigenen Fertigungszeichnungen wird eine statische Berechnung geliefert. F\u00fcr alle Produkte m\u00fcssen die Fertigungszeichnungen vom T\u00dcV genehmigt werden und auch die \u00dcbernahme muss vom T\u00dcV durchgef\u00fchrt werden. F\u00fcr jedes Produkt wird dann ein Revisionsbuch des Druckbeh\u00e4lters erteilt.<\/p>\n<p><span style=\"text-decoration: underline;\"><strong>Verwendung:<\/strong><\/span><br \/>\nChemie- und Lebensmittelindustrie, Laboratorien, biochemische Industrie, Baustoffherstellung usw.<\/p>\n<\/div><div class=\"fusion-separator fusion-full-width-sep\" style=\"align-self: center;margin-left: auto;margin-right: auto;margin-top:20px;margin-bottom:20px;width:100%;\"><\/div><div class=\"awb-gallery-wrapper awb-gallery-wrapper-1 button-span-no\" style=\"--more-btn-alignment:center;\"><div style=\"margin:-5px;--awb-bordersize:0px;\" class=\"fusion-gallery fusion-gallery-container fusion-grid-3 fusion-columns-total-3 fusion-gallery-layout-grid fusion-gallery-1\"><div style=\"padding:5px;\" class=\"fusion-grid-column fusion-gallery-column fusion-gallery-column-3 hover-type-none awb-imageframe-style awb-imageframe-style-below awb-imageframe-style-1\"><div class=\"fusion-gallery-image\"><a href=\"https:\/\/www.baest.cz\/wp-content\/uploads\/2022\/12\/_vyrobni_programy-image_jpeg-20150825100015-1918-img-0360.jpg\" data-title=\"Autokl\u00e1v\" title=\"Autokl\u00e1v\" rel=\"noreferrer\" data-rel=\"iLightbox[gallery_image_1]\" class=\"fusion-lightbox\" target=\"_self\"><img decoding=\"async\" src=\"https:\/\/www.baest.cz\/wp-content\/uploads\/2022\/12\/_vyrobni_programy-image_jpeg-20150825100015-1918-img-0360-460x295.jpg\" width=\"460\" height=\"295\" alt=\"\" title=\"Autokl\u00e1v\" aria-label=\"Autokl\u00e1v\" class=\"img-responsive wp-image-820 fusion-gallery-image-size-fixed\"  \/><\/a><\/div><div class=\"awb-imageframe-caption-container\"><div class=\"awb-imageframe-caption\"><div class=\"awb-imageframe-caption-title\">Autokl\u00e1v<\/div><\/div><\/div><\/div><div style=\"padding:5px;\" class=\"fusion-grid-column fusion-gallery-column fusion-gallery-column-3 hover-type-none awb-imageframe-style awb-imageframe-style-below awb-imageframe-style-1\"><div class=\"fusion-gallery-image\"><a href=\"https:\/\/www.baest.cz\/wp-content\/uploads\/2022\/12\/_vyrobni_programy-image_jpeg-20150825100019-0432-dsc-0280-2.jpg\" data-title=\"Autokl\u00e1v\" title=\"Autokl\u00e1v\" rel=\"noreferrer\" data-rel=\"iLightbox[gallery_image_1]\" class=\"fusion-lightbox\" target=\"_self\"><img decoding=\"async\" src=\"https:\/\/www.baest.cz\/wp-content\/uploads\/2022\/12\/_vyrobni_programy-image_jpeg-20150825100019-0432-dsc-0280-2-460x295.jpg\" width=\"460\" height=\"295\" alt=\"\" title=\"Autokl\u00e1v\" aria-label=\"Autokl\u00e1v\" class=\"img-responsive wp-image-821 fusion-gallery-image-size-fixed\"  \/><\/a><\/div><div class=\"awb-imageframe-caption-container\"><div class=\"awb-imageframe-caption\"><div class=\"awb-imageframe-caption-title\">Autokl\u00e1v<\/div><\/div><\/div><\/div><div style=\"padding:5px;\" class=\"fusion-grid-column fusion-gallery-column fusion-gallery-column-3 hover-type-none awb-imageframe-style awb-imageframe-style-below awb-imageframe-style-1\"><div class=\"fusion-gallery-image\"><a href=\"https:\/\/www.baest.cz\/wp-content\/uploads\/2022\/12\/_vyrobni_programy-image_jpeg-20150825100022-5746-3-2.jpg\" data-title=\"Autokl\u00e1v\" title=\"Autokl\u00e1v\" rel=\"noreferrer\" data-rel=\"iLightbox[gallery_image_1]\" class=\"fusion-lightbox\" target=\"_self\"><img decoding=\"async\" src=\"https:\/\/www.baest.cz\/wp-content\/uploads\/2022\/12\/_vyrobni_programy-image_jpeg-20150825100022-5746-3-2-452x295.jpg\" width=\"452\" height=\"295\" alt=\"\" title=\"Autokl\u00e1v\" aria-label=\"Autokl\u00e1v\" class=\"img-responsive wp-image-822 fusion-gallery-image-size-fixed\"  \/><\/a><\/div><div class=\"awb-imageframe-caption-container\"><div class=\"awb-imageframe-caption\"><div class=\"awb-imageframe-caption-title\">Autokl\u00e1v<\/div><\/div><\/div><\/div><div class=\"clearfix\"><\/div><\/div><\/div><\/div><\/div><\/div><\/div>\n","protected":false},"excerpt":{"rendered":"","protected":false},"author":3,"featured_media":2869,"parent":2858,"menu_order":0,"comment_status":"closed","ping_status":"closed","template":"100-width.php","meta":{"_monsterinsights_skip_tracking":false,"_monsterinsights_sitenote_active":false,"_monsterinsights_sitenote_note":"","_monsterinsights_sitenote_category":0,"footnotes":""},"class_list":["post-2868","page","type-page","status-publish","has-post-thumbnail","hentry"],"_links":{"self":[{"href":"https:\/\/www.baest.cz\/de\/wp-json\/wp\/v2\/pages\/2868","targetHints":{"allow":["GET"]}}],"collection":[{"href":"https:\/\/www.baest.cz\/de\/wp-json\/wp\/v2\/pages"}],"about":[{"href":"https:\/\/www.baest.cz\/de\/wp-json\/wp\/v2\/types\/page"}],"author":[{"embeddable":true,"href":"https:\/\/www.baest.cz\/de\/wp-json\/wp\/v2\/users\/3"}],"replies":[{"embeddable":true,"href":"https:\/\/www.baest.cz\/de\/wp-json\/wp\/v2\/comments?post=2868"}],"version-history":[{"count":0,"href":"https:\/\/www.baest.cz\/de\/wp-json\/wp\/v2\/pages\/2868\/revisions"}],"up":[{"embeddable":true,"href":"https:\/\/www.baest.cz\/de\/wp-json\/wp\/v2\/pages\/2858"}],"wp:featuredmedia":[{"embeddable":true,"href":"https:\/\/www.baest.cz\/de\/wp-json\/wp\/v2\/media\/2869"}],"wp:attachment":[{"href":"https:\/\/www.baest.cz\/de\/wp-json\/wp\/v2\/media?parent=2868"}],"curies":[{"name":"wp","href":"https:\/\/api.w.org\/{rel}","templated":true}]}}