{"id":2879,"date":"2022-12-01T13:49:19","date_gmt":"2022-12-01T12:49:19","guid":{"rendered":"http:\/\/baest.cz\/produkte\/betonarky\/skladovaci-valcova-sila\/"},"modified":"2023-02-14T14:31:37","modified_gmt":"2023-02-14T13:31:37","slug":"zylinderfoermige-lagersilos","status":"publish","type":"page","link":"https:\/\/www.baest.cz\/de\/produkte\/betonarky\/zylinderfoermige-lagersilos\/","title":{"rendered":"Zylinderf\u00f6rmige Lagersilos"},"content":{"rendered":"<div class=\"fusion-fullwidth fullwidth-box fusion-builder-row-1 fusion-flex-container nonhundred-percent-fullwidth non-hundred-percent-height-scrolling\" style=\"--awb-border-radius-top-left:0px;--awb-border-radius-top-right:0px;--awb-border-radius-bottom-right:0px;--awb-border-radius-bottom-left:0px;\" ><div class=\"fusion-builder-row fusion-row fusion-flex-align-items-flex-start\" style=\"max-width:1331.2px;margin-left: calc(-4% \/ 2 );margin-right: calc(-4% \/ 2 );\"><div class=\"fusion-layout-column fusion_builder_column fusion-builder-column-0 fusion_builder_column_1_1 1_1 fusion-flex-column\" style=\"--awb-bg-size:cover;--awb-width-large:100%;--awb-margin-top-large:0px;--awb-spacing-right-large:1.92%;--awb-margin-bottom-large:0px;--awb-spacing-left-large:1.92%;--awb-width-medium:100%;--awb-spacing-right-medium:1.92%;--awb-spacing-left-medium:1.92%;--awb-width-small:100%;--awb-spacing-right-small:1.92%;--awb-spacing-left-small:1.92%;\"><div class=\"fusion-column-wrapper fusion-flex-justify-content-flex-start fusion-content-layout-column\"><div class=\"fusion-text fusion-text-1\"><p style=\"margin: 0cm 0cm 0pt; text-align: justify;\">Die Silos werden in den Volumenreihen von 30, 40, 50, 60, 70, 80, 90, 100 und 120 m3 angefertigt und k\u00f6nnen waagerecht oder senkrecht innen aufgeteilt sein. Die Silos werden standardm\u00e4\u00dfig ausgestattet mit einer Bel\u00fcftungseinrichtung, die die Materialstauungen vermeidet, sowie mit einem Filter, der den eventuellen Flugstaub bei der Siloauff\u00fcllung auff\u00e4ngt. Zu weiteren Silobestandteilen geh\u00f6ren die Einstiegsluken und Revisions\u00f6ffnungen, F\u00fcll-Rohrleitung, Au\u00dfenleiter, Laufb\u00fchne und eine fortlaufende Messung der Menge des gelagerten Materials. Dazu kann solche Anlage geliefert werden, die die Siloauff\u00fcllung sowie die Entnahme des eingelagerten Materials (ein Druckluft-, Becherwerks- und Bandf\u00f6rderer und F\u00f6rderschnecken) sichert. Die Silos werden aus dem Material S235JRGH2 angefertigt und nach individuellen Kundenw\u00fcnschen kann ihr Innenraum mit einer Verkleidung aus einem abriebbest\u00e4ndigen Material (HARDOX) versehen. F\u00fcr die Nahrungsmittelindustrie werden die Silos aus dem rostfreien Stahl erzeugt, beziehungsweise kann eine spezieller Anstrich mit einem Attest f\u00fcr die Nahrungsmittelindustrie angewendet werden. Die Au\u00dfenoberfl\u00e4chenbehandlung werden mit einem Epoxydharz- oder Polyurethananstrichsystemen durchgef\u00fchrt.<\/p>\n<p style=\"margin: 0cm 0cm 0pt; text-align: justify;\"><strong><em><span style=\"text-decoration: underline;\">Die technische Ausf\u00fchrung der Silos:<\/span><\/em><\/strong><\/p>\n<p style=\"margin: 0cm 0cm 0pt; text-align: justify;\"><strong><em><span style=\"text-decoration: underline;\">Typ der Silos:<\/span><\/em><\/strong><\/p>\n<ul>\n<li>\n<div style=\"margin: 0cm 0cm 0pt; text-align: justify;\">Einkammer<\/div>\n<\/li>\n<li>\n<div style=\"margin: 0cm 0cm 0pt; text-align: justify;\">Mehrkammer senkrecht aufgeteilt waagerecht aufgeteilt<\/div>\n<\/li>\n<li>\n<div style=\"margin: 0cm 0cm 0pt; text-align: justify;\"><span style=\"mso-spacerun: yes;\">v\u00edcekomorov\u00e1\u00a0hor<\/span>izont\u00e1ln\u011b d\u011blen\u00e1<\/div>\n<\/li>\n<li>\n<div style=\"margin: 0cm 0cm 0pt; text-align: justify;\">F\u00fcllert\u00fcrme<\/div>\n<\/li>\n<\/ul>\n<p><strong style=\"text-align: justify;\"><em><span style=\"text-decoration: underline;\">Anordnung der Silos:<\/span><\/em><\/strong><\/p>\n<ul>\n<li>\n<div style=\"margin: 0cm 0cm 0pt; text-align: justify;\">Reihenanordnung<\/div>\n<\/li>\n<li>\n<div style=\"margin: 0cm 0cm 0pt; text-align: justify;\">Viereckanordnung<\/div>\n<\/li>\n<\/ul>\n<p style=\"margin: 0cm 0cm 0pt; text-align: justify;\"><strong><em><span style=\"text-decoration: underline;\">Volumenreihe:<\/span><\/em><\/strong><\/p>\n<ul>\n<li>\n<div style=\"margin: 0cm 0cm 0pt; text-align: justify;\">Einkammer &#8211; 20, 30, 40, 50, 60, 80, 100, 120, 150m<sup>3<\/sup><\/div>\n<\/li>\n<li>\n<div style=\"margin: 0cm 0cm 0pt; text-align: justify;\">Zweikammer &#8211; 10\/10&nbsp;20\/20, 30\/30, 40\/40, 50\/50, 60\/60,75\/75&nbsp;m<sup>3<\/sup><\/div>\n<\/li>\n<li>\n<div style=\"margin: 0cm 0cm 0pt; text-align: justify;\">Mehrkammer &#8211; nach Kundenwunsch<\/div>\n<\/li>\n<\/ul>\n<p style=\"margin: 0cm 0cm 0pt; text-align: justify;\"><strong><em><span style=\"text-decoration: underline;\">Ausf\u00fchrung der Silos:<\/span><\/em><\/strong><\/p>\n<ul>\n<li>\n<div style=\"margin: 0cm 0cm 0pt; text-align: justify;\">mit einer St\u00fctzstahlkonstruktion<\/div>\n<\/li>\n<li>\n<div style=\"margin: 0cm 0cm 0pt; text-align: justify;\">ohne der St\u00fctzstahlkonstruktion &#8211; H\u00e4ngevorrichtung<\/div>\n<\/li>\n<li>\n<div style=\"margin: 0cm 0cm 0pt;\">ohne der St\u00fctzstahlkonstruktion &#8211; <span style=\"mso-spacerun: yes;\">\u00a0<\/span>&#8211; mit einem Verankerungsring am Mantel<\/div>\n<\/li>\n<\/ul>\n<div>\n<table style=\"background-color: #cde8fd; border: #000000 1px solid;\" border=\"1\" frame=\"rows\" align=\"center\">\n<tbody>\n<tr style=\"background-color: #8bc2e3;\" align=\"center\">\n<td><strong>TYP<br \/>\n(volume)<\/strong><strong>m<sup>3<\/sup><\/strong><\/td>\n<td style=\"text-align: center;\"><strong>\u00a0durchschnitt<\/strong> <strong>D\u00a0<\/strong><\/p>\n<p><strong>mm<\/strong><\/td>\n<td style=\"text-align: center;\"><strong>\u00a0h\u00f6he<\/strong>\u00a0<strong>H\u00a0<\/strong><\/p>\n<p><strong>mm<\/strong><\/td>\n<td style=\"text-align: center;\"><strong>\u00a0h\u00f6he<\/strong>\u00a0<strong>H1\u00a0<\/strong><\/p>\n<p><strong> mm<\/strong><\/td>\n<td style=\"text-align: center;\"><strong>\u00a0standf\u00fc\u00dfe<\/strong>\u00a0<strong>AxB\u00a0<\/strong><\/p>\n<p><strong>mm<\/strong><\/td>\n<td style=\"text-align: center;\"><strong>\u00a0gewicht\u00a0<\/strong><\/p>\n<p><strong>kg<\/strong><\/td>\n<\/tr>\n<tr style=\"background-color: #ddf2fd;\">\n<td style=\"text-align: left;\"><strong>BN-30<\/strong><\/td>\n<td style=\"text-align: center;\">2900<\/td>\n<td style=\"text-align: center;\">9496<\/td>\n<td style=\"text-align: center;\">1950<\/td>\n<td style=\"text-align: center;\">2050&#215;2050<\/td>\n<td style=\"text-align: center;\">3534<\/td>\n<\/tr>\n<tr style=\"background-color: #ddf2fd;\">\n<td style=\"text-align: left;\"><strong>BN-40<\/strong><\/td>\n<td style=\"text-align: center;\">2900<\/td>\n<td style=\"text-align: center;\">11000<\/td>\n<td style=\"text-align: center;\">1950<\/td>\n<td style=\"text-align: center;\">2050&#215;2050<\/td>\n<td style=\"text-align: center;\">3966<\/td>\n<\/tr>\n<tr style=\"background-color: #ddf2fd;\">\n<td style=\"text-align: left;\"><strong>BN-50<\/strong><\/td>\n<td style=\"text-align: center;\">2900<\/td>\n<td style=\"text-align: center;\">12500<\/td>\n<td style=\"text-align: center;\">1800<\/td>\n<td style=\"text-align: center;\">2050&#215;2050<\/td>\n<td style=\"text-align: center;\">4398<\/td>\n<\/tr>\n<tr style=\"background-color: #ddf2fd;\">\n<td style=\"text-align: left;\"><strong>BN-60<\/strong><\/td>\n<td style=\"text-align: center;\">2900<\/td>\n<td style=\"text-align: center;\">14000<\/td>\n<td style=\"text-align: center;\">1800<\/td>\n<td style=\"text-align: center;\">2050&#215;2050<\/td>\n<td style=\"text-align: center;\">4720<\/td>\n<\/tr>\n<tr style=\"background-color: #ddf2fd;\">\n<td style=\"text-align: left;\"><strong>BN-80<\/strong><\/td>\n<td style=\"text-align: center;\">3200<\/td>\n<td style=\"text-align: center;\">12731<\/td>\n<td style=\"text-align: center;\">2075<\/td>\n<td style=\"text-align: center;\">2250&#215;2250<\/td>\n<td style=\"text-align: center;\">5905<\/td>\n<\/tr>\n<tr style=\"background-color: #ddf2fd;\">\n<td style=\"text-align: left;\"><strong>BN-100<\/strong><\/td>\n<td style=\"text-align: center;\">3200<\/td>\n<td style=\"text-align: center;\">14884<\/td>\n<td style=\"text-align: center;\">2075<\/td>\n<td style=\"text-align: center;\">2250&#215;2250<\/td>\n<td style=\"text-align: center;\">5643<\/td>\n<\/tr>\n<tr style=\"background-color: #ddf2fd;\">\n<td style=\"text-align: left;\"><strong>BN-120<\/strong><\/td>\n<td style=\"text-align: center;\">3200<\/td>\n<td style=\"text-align: center;\">15515<\/td>\n<td style=\"text-align: center;\">2144<\/td>\n<td style=\"text-align: center;\">2250&#215;2250<\/td>\n<td style=\"text-align: center;\">6200<\/td>\n<\/tr>\n<tr style=\"background-color: #ddf2fd;\">\n<td style=\"text-align: left;\" colspan=\"6\"><strong>BN &#8211; typy:<br \/>\n<\/strong>\u00a0 Svisle d\u011blen\u00e1 sila: BN 30+30\u00a0 BN 2&#215;80\u00a0\u00a0\u00a0 BN 2&#215;100<br \/>\nSila um\u00edst\u011bn\u00e1 nad sebou &#8211; v\u011b\u017eov\u00e9 proveden\u00ed<\/td>\n<\/tr>\n<\/tbody>\n<\/table>\n<\/div>\n<\/div><\/div><\/div><div class=\"fusion-layout-column fusion_builder_column fusion-builder-column-1 fusion_builder_column_1_2 1_2 fusion-flex-column\" style=\"--awb-bg-size:cover;--awb-width-large:50%;--awb-margin-top-large:0px;--awb-spacing-right-large:3.84%;--awb-margin-bottom-large:20px;--awb-spacing-left-large:3.84%;--awb-width-medium:50%;--awb-order-medium:0;--awb-spacing-right-medium:3.84%;--awb-spacing-left-medium:3.84%;--awb-width-small:100%;--awb-order-small:0;--awb-spacing-right-small:1.92%;--awb-spacing-left-small:1.92%;\"><div class=\"fusion-column-wrapper fusion-column-has-shadow fusion-flex-justify-content-flex-start fusion-content-layout-column\"><div class=\"fusion-image-element \" style=\"--awb-max-width:50%;--awb-caption-title-size:var(--h2_typography-font-size);--awb-caption-title-transform:var(--h2_typography-text-transform);--awb-caption-title-line-height:var(--h2_typography-line-height);--awb-caption-title-letter-spacing:var(--h2_typography-letter-spacing);\"><span class=\" fusion-imageframe imageframe-none imageframe-1 hover-type-none\"><img decoding=\"async\" width=\"1198\" height=\"2560\" title=\"S_1\" src=\"https:\/\/www.baest.cz\/wp-content\/uploads\/2022\/12\/S_1-scaled.jpg\" alt class=\"img-responsive wp-image-3070\" srcset=\"https:\/\/www.baest.cz\/wp-content\/uploads\/2022\/12\/S_1-200x427.jpg 200w, https:\/\/www.baest.cz\/wp-content\/uploads\/2022\/12\/S_1-400x855.jpg 400w, https:\/\/www.baest.cz\/wp-content\/uploads\/2022\/12\/S_1-600x1282.jpg 600w, https:\/\/www.baest.cz\/wp-content\/uploads\/2022\/12\/S_1-800x1709.jpg 800w, https:\/\/www.baest.cz\/wp-content\/uploads\/2022\/12\/S_1-scaled.jpg 1198w, https:\/\/www.baest.cz\/wp-content\/uploads\/2022\/12\/S_1-1200x2564.jpg 1200w\" sizes=\"(max-width: 640px) 100vw, 800px\" \/><\/span><\/div><\/div><\/div><div class=\"fusion-layout-column fusion_builder_column fusion-builder-column-2 fusion_builder_column_1_2 1_2 fusion-flex-column fusion-flex-align-self-center\" style=\"--awb-bg-size:cover;--awb-width-large:50%;--awb-margin-top-large:0px;--awb-spacing-right-large:3.84%;--awb-margin-bottom-large:20px;--awb-spacing-left-large:3.84%;--awb-width-medium:50%;--awb-order-medium:0;--awb-spacing-right-medium:3.84%;--awb-spacing-left-medium:3.84%;--awb-width-small:100%;--awb-order-small:0;--awb-spacing-right-small:1.92%;--awb-spacing-left-small:1.92%;\"><div class=\"fusion-column-wrapper fusion-column-has-shadow fusion-flex-justify-content-flex-start fusion-content-layout-column\"><div class=\"fusion-text fusion-text-2\"><p>ZEICHENERKL\u00c4RUNG:<\/p>\n<ol>\n<li>SILO<\/li>\n<li>TR\u00c4GKONSTRUKTION<\/li>\n<li>PODEST MIT SCHUTZGEL\u00c4NDER<\/li>\n<li>MANNLOCH<\/li>\n<li>SCHLIESSKLAPPE<\/li>\n<li>BEL\u00dcFTUNG<\/li>\n<li>FILTER<\/li>\n<li>\u00dcBERDRUCKKLAPPE<\/li>\n<li>LEITER MIT SCHUTZKORB<\/li>\n<li>SONDE F\u00dcR SILOF\u00dcLLUNG<\/li>\n<\/ol>\n<\/div><\/div><\/div><\/div><\/div>\n","protected":false},"excerpt":{"rendered":"","protected":false},"author":3,"featured_media":0,"parent":2875,"menu_order":0,"comment_status":"open","ping_status":"closed","template":"","meta":{"_monsterinsights_skip_tracking":false,"_monsterinsights_sitenote_active":false,"_monsterinsights_sitenote_note":"","_monsterinsights_sitenote_category":0,"footnotes":""},"class_list":["post-2879","page","type-page","status-publish","hentry"],"_links":{"self":[{"href":"https:\/\/www.baest.cz\/de\/wp-json\/wp\/v2\/pages\/2879","targetHints":{"allow":["GET"]}}],"collection":[{"href":"https:\/\/www.baest.cz\/de\/wp-json\/wp\/v2\/pages"}],"about":[{"href":"https:\/\/www.baest.cz\/de\/wp-json\/wp\/v2\/types\/page"}],"author":[{"embeddable":true,"href":"https:\/\/www.baest.cz\/de\/wp-json\/wp\/v2\/users\/3"}],"replies":[{"embeddable":true,"href":"https:\/\/www.baest.cz\/de\/wp-json\/wp\/v2\/comments?post=2879"}],"version-history":[{"count":0,"href":"https:\/\/www.baest.cz\/de\/wp-json\/wp\/v2\/pages\/2879\/revisions"}],"up":[{"embeddable":true,"href":"https:\/\/www.baest.cz\/de\/wp-json\/wp\/v2\/pages\/2875"}],"wp:attachment":[{"href":"https:\/\/www.baest.cz\/de\/wp-json\/wp\/v2\/media?parent=2879"}],"curies":[{"name":"wp","href":"https:\/\/api.w.org\/{rel}","templated":true}]}}