{"id":2898,"date":"2022-12-01T13:46:46","date_gmt":"2022-12-01T12:46:46","guid":{"rendered":"http:\/\/baest.cz\/produkte\/tankstellen\/best-basic\/"},"modified":"2023-02-14T15:14:27","modified_gmt":"2023-02-14T14:14:27","slug":"best-basic","status":"publish","type":"page","link":"https:\/\/www.baest.cz\/de\/produkte\/tankstellen\/best-basic\/","title":{"rendered":"BEST BASIC"},"content":{"rendered":"<div class=\"fusion-fullwidth fullwidth-box fusion-builder-row-1 fusion-flex-container nonhundred-percent-fullwidth non-hundred-percent-height-scrolling\" style=\"--awb-border-radius-top-left:0px;--awb-border-radius-top-right:0px;--awb-border-radius-bottom-right:0px;--awb-border-radius-bottom-left:0px;\" ><div class=\"fusion-builder-row fusion-row fusion-flex-align-items-flex-start\" style=\"max-width:1331.2px;margin-left: calc(-4% \/ 2 );margin-right: calc(-4% \/ 2 );\"><div class=\"fusion-layout-column fusion_builder_column fusion-builder-column-0 fusion_builder_column_1_1 1_1 fusion-flex-column\" style=\"--awb-bg-size:cover;--awb-width-large:100%;--awb-margin-top-large:0px;--awb-spacing-right-large:1.92%;--awb-margin-bottom-large:0px;--awb-spacing-left-large:1.92%;--awb-width-medium:100%;--awb-spacing-right-medium:1.92%;--awb-spacing-left-medium:1.92%;--awb-width-small:100%;--awb-spacing-right-small:1.92%;--awb-spacing-left-small:1.92%;\"><div class=\"fusion-column-wrapper fusion-flex-justify-content-flex-start fusion-content-layout-column\"><div class=\"fusion-text fusion-text-1\"><p style=\"margin: 0cm 0cm 0pt; text-align: justify; mso-pagination: none; mso-layout-grid-align: none;\">Der Typ BEST BASIC ist die finanziell erschwinglichste Variante von einer oberirdischen Tankstelle. Die Gesellschaft hat mit diesem Typ auf die Marktanforderungen reagiert, mit dem Ziel, das Produkt f\u00fcr minimale Anschaffungskosten anzubieten und damit die Tankstelleanschaffung einem breiteren Kundenkreis zu erm\u00f6glichen.<\/p>\n<p>BEST BASIC ist funktionsm\u00e4\u00dfig ein komplettes System von einer oberirdischen Tankstelle f\u00fcr die Dieselausgabe und -lagerung. Es besteht aus einem oberirdischen doppelwangigen Stahlbeh\u00e4lter, einer kompletten Technologie und einer Ausgabeanlage. Die klassische Zapfs\u00e4ule ist bei diesem Typ durch eine einfache Ausgabeanlage, sog. Wandtafel ersetzt, die aus einer Simplexpumpe mit dem Z\u00e4hler der ausgegebenen Liter und einer Zapfpistole besteht. Der oberirdische doppelwangige Stahlbeh\u00e4lter wird in der Einkammerausf\u00fchrung angefertigt und erm\u00f6glicht die Lagerung und die Ausgabe von einem Erd\u00f6lprodukt (Diesel).<\/p>\n<p style=\"margin: 0cm 0cm 0pt; mso-pagination: none; mso-layout-grid-align: none;\"><span style=\"text-decoration: underline;\"><strong><em>Grundvolumenreihe<\/em><\/strong>:<\/span> 2,5; 5; 10, 12, 16, 20m<sup>3<\/sup> f\u00fcr jedes Produkt.<\/p>\n<p style=\"margin: 0cm 0cm 0pt; mso-pagination: none; mso-layout-grid-align: none;\">BEST BASIC ist mit keiner Abf\u00fcllpumpe versehen und die Beh\u00e4lterf\u00fcllung erfolgt durch die auf dem Beh\u00e4lterdeckel angebrachten Abf\u00fcllarmatur. Alle Beh\u00e4lter werden mit einer Qualit\u00e4tsoberfl\u00e4chenbehandlung geliefert.<\/p>\n<p style=\"margin: 0cm 0cm 0pt; mso-pagination: none; mso-layout-grid-align: none;\"><strong><em><span style=\"text-decoration: underline;\"><br \/>\nAusstattung von BEST BASIC:<\/span><\/em><\/strong><\/p>\n<ul>\n<li>\n<p style=\"margin: 0cm 0cm 0pt; mso-pagination: none; mso-layout-grid-align: none;\">Abf\u00fcll-, F\u00fcll- und Abschl\u00e4mmtechnologien<\/p>\n<\/li>\n<li>\n<p style=\"margin: 0cm 0cm 0pt; mso-pagination: none; mso-layout-grid-align: none;\">Sicherung gegen Entflammung<\/p>\n<\/li>\n<li>\n<p style=\"margin: 0cm 0cm 0pt; mso-pagination: none; mso-layout-grid-align: none;\">fortlaufende Messung der Fl\u00fcssigkeitsspiegelh\u00f6he &#8211; Typ MT (Afriso)<\/p>\n<\/li>\n<li>\n<p style=\"margin: 0cm 0cm 0pt; mso-pagination: none; mso-layout-grid-align: none;\">Indikation des Zwischenmantelraums<\/p>\n<\/li>\n<li>\n<p style=\"margin: 0cm 0cm 0pt; mso-pagination: none; mso-layout-grid-align: none;\">Ausgabewandtafel f\u00fcr die nicht\u00f6ffentliche<\/p>\n<\/li>\n<\/ul>\n<table style=\"height: 186px; border: 1px solid #000000; background-color: #cde8fd;\" border=\"1\" width=\"657\" frame=\"rows\" align=\"center\">\n<tbody>\n<tr style=\"background-color: #8bc2e3;\" align=\"center\">\n<td><strong>TYP\u00a0&#8211;\u00a0BEST BASIC<\/strong><\/td>\n<td style=\"text-align: center;\"><strong>2,5<\/strong><\/td>\n<td style=\"text-align: center;\"><strong>5\u00a0<\/strong><\/td>\n<td style=\"text-align: center;\"><strong>10\u00a0<\/strong><\/td>\n<td style=\"text-align: center;\"><strong>\u00a012<\/strong><\/td>\n<\/tr>\n<tr style=\"background-color: #ddf2fd;\">\n<td style=\"text-align: left;\">Nennvolumen\u00a0(m<sup>3<\/sup>)<\/td>\n<td style=\"text-align: center;\">2,5<\/td>\n<td style=\"text-align: center;\">5<\/td>\n<td style=\"text-align: center;\">10<\/td>\n<td style=\"text-align: center;\">12<\/td>\n<\/tr>\n<tr style=\"background-color: #ddf2fd;\">\n<td style=\"text-align: left;\">Nutzvolumen\u00a0(%)<\/td>\n<td style=\"text-align: center;\">\u00a095<\/td>\n<td style=\"text-align: center;\">95<\/td>\n<td style=\"text-align: center;\">95<\/td>\n<td style=\"text-align: center;\">95<\/td>\n<\/tr>\n<tr style=\"background-color: #ddf2fd;\">\n<td style=\"text-align: left;\">Tankdurchmesser\u00a0(mm)<\/td>\n<td style=\"text-align: center;\">1612<\/td>\n<td style=\"text-align: center;\">1612<\/td>\n<td style=\"text-align: center;\">1612<\/td>\n<td style=\"text-align: center;\">1612<\/td>\n<\/tr>\n<tr style=\"background-color: #ddf2fd;\">\n<td style=\"text-align: left;\">Gesamtbreite\u00a0(mm)<\/td>\n<td style=\"text-align: center;\">1714<\/td>\n<td style=\"text-align: center;\">1714<\/td>\n<td style=\"text-align: center;\">1714<\/td>\n<td style=\"text-align: center;\">1714<\/td>\n<\/tr>\n<tr style=\"background-color: #ddf2fd;\">\n<td style=\"text-align: left;\">Gesamtl\u00e4nge\u00a0(mm)<\/td>\n<td style=\"text-align: center;\">1981<\/td>\n<td style=\"text-align: center;\">3166<\/td>\n<td style=\"text-align: center;\">5704<\/td>\n<td style=\"text-align: center;\">6740<\/td>\n<\/tr>\n<tr style=\"background-color: #ddf2fd;\">\n<td style=\"text-align: left;\">Transportbreite (mm)<\/td>\n<td style=\"text-align: center;\">1714<\/td>\n<td style=\"text-align: center;\">1714<\/td>\n<td style=\"text-align: center;\">1714<\/td>\n<td style=\"text-align: center;\">1714<\/td>\n<\/tr>\n<tr style=\"background-color: #ddf2fd;\">\n<td style=\"text-align: left;\">Transporth\u00f6he\u00a0(mm)<\/td>\n<td style=\"text-align: center;\">2300<\/td>\n<td style=\"text-align: center;\">2300<\/td>\n<td style=\"text-align: center;\">2300<\/td>\n<td style=\"text-align: center;\">2300<\/td>\n<\/tr>\n<tr style=\"background-color: #ddeff7;\">\n<td style=\"text-align: left;\">Anzahl der Eing\u00e4nge und ihr Durchmesser (mm)<\/td>\n<td style=\"text-align: center;\">1&#215;700<\/td>\n<td style=\"text-align: center;\">1&#215;700<\/td>\n<td style=\"text-align: center;\">2&#215;700<\/td>\n<td style=\"text-align: center;\">2&#215;700<\/td>\n<\/tr>\n<tr style=\"background-color: #ddf2fd;\">\n<td style=\"text-align: left;\">Nennleistung (kW)<\/td>\n<td style=\"text-align: center;\">1<\/td>\n<td style=\"text-align: center;\">1<\/td>\n<td style=\"text-align: center;\">1<\/td>\n<td style=\"text-align: center;\">1<\/td>\n<\/tr>\n<\/tbody>\n<\/table>\n<p style=\"margin: 0cm 0cm 0pt; text-align: justify; mso-pagination: none; mso-layout-grid-align: none;\">Ausgabe Dieser Tankstelletyp kann Einsatz haupts\u00e4chlich f\u00fcr die eigene nicht\u00f6ffentliche Ausgabe in Gel\u00e4nden von unterschiedlich orientierten Firmen finden, insbesondere Bauorganisationen, landwirtschaftlichen Genossenschaften, Verkehrsfirmen, Forstwesen, Flugwesen und F\u00f6rderungsindustrie. Diese Tankstellen sind vor allem f\u00fcr ihre schnelle Montage, geringe Anspr\u00fcche an bauliche \u00c4nderungen, sichere und einfache Bedienung und Erschwinglichkeit geeignet.<\/p>\n<\/div><div class=\"fusion-separator fusion-full-width-sep\" style=\"align-self: center;margin-left: auto;margin-right: auto;margin-top:20px;margin-bottom:20px;width:100%;\"><\/div><div class=\"awb-gallery-wrapper awb-gallery-wrapper-1 button-span-no\" style=\"--more-btn-alignment:center;\"><div style=\"margin:-5px;--awb-bordersize:0px;\" class=\"fusion-gallery fusion-gallery-container fusion-grid-3 fusion-columns-total-8 fusion-gallery-layout-grid fusion-gallery-1\"><div style=\"padding:5px;\" class=\"fusion-grid-column fusion-gallery-column fusion-gallery-column-3 hover-type-none awb-imageframe-style awb-imageframe-style-below awb-imageframe-style-1\"><div class=\"fusion-gallery-image\"><a href=\"https:\/\/www.baest.cz\/wp-content\/uploads\/2022\/12\/_produkty-image_pjpeg-20090426082056-7787-basic-1.jpg\" data-title=\"BEST BASIC\" title=\"BEST BASIC\" rel=\"noreferrer\" data-rel=\"iLightbox[gallery_image_1]\" class=\"fusion-lightbox\" target=\"_self\"><img decoding=\"async\" src=\"https:\/\/www.baest.cz\/wp-content\/uploads\/2022\/12\/_produkty-image_pjpeg-20090426082056-7787-basic-1-452x295.jpg\" width=\"452\" height=\"295\" alt=\"\" title=\"BEST BASIC\" aria-label=\"BEST BASIC\" class=\"img-responsive wp-image-686 fusion-gallery-image-size-fixed\"  \/><\/a><\/div><div class=\"awb-imageframe-caption-container\"><div class=\"awb-imageframe-caption\"><div class=\"awb-imageframe-caption-title\">BEST BASIC<\/div><\/div><\/div><\/div><div style=\"padding:5px;\" class=\"fusion-grid-column fusion-gallery-column fusion-gallery-column-3 hover-type-none awb-imageframe-style awb-imageframe-style-below awb-imageframe-style-1\"><div class=\"fusion-gallery-image\"><a href=\"https:\/\/www.baest.cz\/wp-content\/uploads\/2022\/12\/_produkty-image_pjpeg-20090426082057-3503-basic-2.jpg\" data-title=\"BEST BASIC\" title=\"BEST BASIC\" rel=\"noreferrer\" data-rel=\"iLightbox[gallery_image_1]\" class=\"fusion-lightbox\" target=\"_self\"><img decoding=\"async\" src=\"https:\/\/www.baest.cz\/wp-content\/uploads\/2022\/12\/_produkty-image_pjpeg-20090426082057-3503-basic-2-452x295.jpg\" width=\"452\" height=\"295\" alt=\"\" title=\"BEST BASIC\" aria-label=\"BEST BASIC\" class=\"img-responsive wp-image-687 fusion-gallery-image-size-fixed\"  \/><\/a><\/div><div class=\"awb-imageframe-caption-container\"><div class=\"awb-imageframe-caption\"><div class=\"awb-imageframe-caption-title\">BEST BASIC<\/div><\/div><\/div><\/div><div style=\"padding:5px;\" class=\"fusion-grid-column fusion-gallery-column fusion-gallery-column-3 hover-type-none awb-imageframe-style awb-imageframe-style-below awb-imageframe-style-1\"><div class=\"fusion-gallery-image\"><a href=\"https:\/\/www.baest.cz\/wp-content\/uploads\/2022\/12\/_produkty-image_pjpeg-20090426082057-0718-basic-3.jpg\" data-title=\"BEST BASIC\" title=\"BEST BASIC\" rel=\"noreferrer\" data-rel=\"iLightbox[gallery_image_1]\" class=\"fusion-lightbox\" target=\"_self\"><img decoding=\"async\" src=\"https:\/\/www.baest.cz\/wp-content\/uploads\/2022\/12\/_produkty-image_pjpeg-20090426082057-0718-basic-3-452x295.jpg\" width=\"452\" height=\"295\" alt=\"\" title=\"BEST BASIC\" aria-label=\"BEST BASIC\" class=\"img-responsive wp-image-688 fusion-gallery-image-size-fixed\"  \/><\/a><\/div><div class=\"awb-imageframe-caption-container\"><div class=\"awb-imageframe-caption\"><div class=\"awb-imageframe-caption-title\">BEST BASIC<\/div><\/div><\/div><\/div><div class=\"clearfix\"><\/div><div style=\"padding:5px;\" class=\"fusion-grid-column fusion-gallery-column fusion-gallery-column-3 hover-type-none awb-imageframe-style awb-imageframe-style-below awb-imageframe-style-1\"><div class=\"fusion-gallery-image\"><a href=\"https:\/\/www.baest.cz\/wp-content\/uploads\/2022\/12\/_produkty-image_pjpeg-20090426082141-9329-basic-5.jpg\" data-title=\"BEST BASIC\" title=\"BEST BASIC\" rel=\"noreferrer\" data-rel=\"iLightbox[gallery_image_1]\" class=\"fusion-lightbox\" target=\"_self\"><img decoding=\"async\" src=\"https:\/\/www.baest.cz\/wp-content\/uploads\/2022\/12\/_produkty-image_pjpeg-20090426082141-9329-basic-5-451x295.jpg\" width=\"451\" height=\"295\" alt=\"\" title=\"BEST BASIC\" aria-label=\"BEST BASIC\" class=\"img-responsive wp-image-689 fusion-gallery-image-size-fixed\"  \/><\/a><\/div><div class=\"awb-imageframe-caption-container\"><div class=\"awb-imageframe-caption\"><div class=\"awb-imageframe-caption-title\">BEST BASIC<\/div><\/div><\/div><\/div><div style=\"padding:5px;\" class=\"fusion-grid-column fusion-gallery-column fusion-gallery-column-3 hover-type-none awb-imageframe-style awb-imageframe-style-below awb-imageframe-style-1\"><div class=\"fusion-gallery-image\"><a href=\"https:\/\/www.baest.cz\/wp-content\/uploads\/2022\/12\/_produkty-image_pjpeg-20091215112853-6471-basic.jpg\" data-title=\"BEST BASIC\" title=\"BEST BASIC\" rel=\"noreferrer\" data-rel=\"iLightbox[gallery_image_1]\" class=\"fusion-lightbox\" target=\"_self\"><img decoding=\"async\" src=\"https:\/\/www.baest.cz\/wp-content\/uploads\/2022\/12\/_produkty-image_pjpeg-20091215112853-6471-basic-452x295.jpg\" width=\"452\" height=\"295\" alt=\"\" title=\"BEST BASIC\" aria-label=\"BEST BASIC\" class=\"img-responsive wp-image-690 fusion-gallery-image-size-fixed\"  \/><\/a><\/div><div class=\"awb-imageframe-caption-container\"><div class=\"awb-imageframe-caption\"><div class=\"awb-imageframe-caption-title\">BEST BASIC<\/div><\/div><\/div><\/div><div style=\"padding:5px;\" class=\"fusion-grid-column fusion-gallery-column fusion-gallery-column-3 hover-type-none awb-imageframe-style awb-imageframe-style-below awb-imageframe-style-1\"><div class=\"fusion-gallery-image\"><a href=\"https:\/\/www.baest.cz\/wp-content\/uploads\/2022\/12\/_produkty-image_pjpeg-20100201071816-4418-basic.jpg\" data-title=\"BEST BASIC\" title=\"BEST BASIC\" rel=\"noreferrer\" data-rel=\"iLightbox[gallery_image_1]\" class=\"fusion-lightbox\" target=\"_self\"><img decoding=\"async\" src=\"https:\/\/www.baest.cz\/wp-content\/uploads\/2022\/12\/_produkty-image_pjpeg-20100201071816-4418-basic-452x295.jpg\" width=\"452\" height=\"295\" alt=\"\" title=\"BEST BASIC\" aria-label=\"BEST BASIC\" class=\"img-responsive wp-image-691 fusion-gallery-image-size-fixed\"  \/><\/a><\/div><div class=\"awb-imageframe-caption-container\"><div class=\"awb-imageframe-caption\"><div class=\"awb-imageframe-caption-title\">BEST BASIC<\/div><\/div><\/div><\/div><div class=\"clearfix\"><\/div><div style=\"padding:5px;\" class=\"fusion-grid-column fusion-gallery-column fusion-gallery-column-3 hover-type-none awb-imageframe-style awb-imageframe-style-below awb-imageframe-style-1\"><div class=\"fusion-gallery-image\"><a rel=\"noreferrer\" data-rel=\"iLightbox[gallery_image_1]\" class=\"fusion-lightbox\" target=\"_self\"><img decoding=\"async\" src=\"\" width=\"\" height=\"\" alt=\"\" title=\"\" aria-label=\"\" class=\"img-responsive wp-image-692 fusion-gallery-image-size-fixed\"  \/><\/a><\/div><div class=\"awb-imageframe-caption-container\"><div class=\"awb-imageframe-caption\"><\/div><\/div><\/div><div style=\"padding:5px;\" class=\"fusion-grid-column fusion-gallery-column fusion-gallery-column-3 hover-type-none awb-imageframe-style awb-imageframe-style-below awb-imageframe-style-1\"><div class=\"fusion-gallery-image\"><a rel=\"noreferrer\" data-rel=\"iLightbox[gallery_image_1]\" class=\"fusion-lightbox\" target=\"_self\"><img decoding=\"async\" src=\"\" width=\"\" height=\"\" alt=\"\" title=\"\" aria-label=\"\" class=\"img-responsive wp-image-693 fusion-gallery-image-size-fixed\"  \/><\/a><\/div><div class=\"awb-imageframe-caption-container\"><div class=\"awb-imageframe-caption\"><\/div><\/div><\/div><\/div><\/div><\/div><\/div><\/div><\/div>\n","protected":false},"excerpt":{"rendered":"","protected":false},"author":3,"featured_media":2899,"parent":2892,"menu_order":0,"comment_status":"open","ping_status":"closed","template":"","meta":{"_monsterinsights_skip_tracking":false,"_monsterinsights_sitenote_active":false,"_monsterinsights_sitenote_note":"","_monsterinsights_sitenote_category":0,"footnotes":""},"class_list":["post-2898","page","type-page","status-publish","has-post-thumbnail","hentry"],"_links":{"self":[{"href":"https:\/\/www.baest.cz\/de\/wp-json\/wp\/v2\/pages\/2898","targetHints":{"allow":["GET"]}}],"collection":[{"href":"https:\/\/www.baest.cz\/de\/wp-json\/wp\/v2\/pages"}],"about":[{"href":"https:\/\/www.baest.cz\/de\/wp-json\/wp\/v2\/types\/page"}],"author":[{"embeddable":true,"href":"https:\/\/www.baest.cz\/de\/wp-json\/wp\/v2\/users\/3"}],"replies":[{"embeddable":true,"href":"https:\/\/www.baest.cz\/de\/wp-json\/wp\/v2\/comments?post=2898"}],"version-history":[{"count":0,"href":"https:\/\/www.baest.cz\/de\/wp-json\/wp\/v2\/pages\/2898\/revisions"}],"up":[{"embeddable":true,"href":"https:\/\/www.baest.cz\/de\/wp-json\/wp\/v2\/pages\/2892"}],"wp:featuredmedia":[{"embeddable":true,"href":"https:\/\/www.baest.cz\/de\/wp-json\/wp\/v2\/media\/2899"}],"wp:attachment":[{"href":"https:\/\/www.baest.cz\/de\/wp-json\/wp\/v2\/media?parent=2898"}],"curies":[{"name":"wp","href":"https:\/\/api.w.org\/{rel}","templated":true}]}}