{"id":2904,"date":"2022-12-01T13:46:52","date_gmt":"2022-12-01T12:46:52","guid":{"rendered":"http:\/\/baest.cz\/produkte\/tankstellen\/best-blue\/"},"modified":"2023-02-14T15:22:53","modified_gmt":"2023-02-14T14:22:53","slug":"best-blue","status":"publish","type":"page","link":"https:\/\/www.baest.cz\/de\/produkte\/tankstellen\/best-blue\/","title":{"rendered":"BEST BLUE"},"content":{"rendered":"<div class=\"fusion-fullwidth fullwidth-box fusion-builder-row-1 fusion-flex-container nonhundred-percent-fullwidth non-hundred-percent-height-scrolling\" style=\"--awb-border-radius-top-left:0px;--awb-border-radius-top-right:0px;--awb-border-radius-bottom-right:0px;--awb-border-radius-bottom-left:0px;\" ><div class=\"fusion-builder-row fusion-row fusion-flex-align-items-flex-start\" style=\"max-width:1331.2px;margin-left: calc(-4% \/ 2 );margin-right: calc(-4% \/ 2 );\"><div class=\"fusion-layout-column fusion_builder_column fusion-builder-column-0 fusion_builder_column_1_1 1_1 fusion-flex-column\" style=\"--awb-bg-size:cover;--awb-width-large:100%;--awb-margin-top-large:0px;--awb-spacing-right-large:1.92%;--awb-margin-bottom-large:0px;--awb-spacing-left-large:1.92%;--awb-width-medium:100%;--awb-spacing-right-medium:1.92%;--awb-spacing-left-medium:1.92%;--awb-width-small:100%;--awb-spacing-right-small:1.92%;--awb-spacing-left-small:1.92%;\"><div class=\"fusion-column-wrapper fusion-flex-justify-content-flex-start fusion-content-layout-column\"><div class=\"fusion-text fusion-text-1\"><p>BEST BLUE je kompletn\u00ed technologick\u00fd celek pro podzemn\u00ed skladov\u00e1n\u00ed<span style=\"mso-spacerun: yes;\">\u00a0 <\/span>a v\u00fddej AdBlue.<\/p>\n<p>Za\u0159\u00edzen\u00ed<br \/>\nse skl\u00e1d\u00e1 z&nbsp;podzemn\u00ed dvoupl\u00e1\u0161\u0165ov\u00e9 n\u00e1dr\u017ee, u&nbsp;kter\u00e9 je vnit\u0159n\u00ed pl\u00e1\u0161\u0165<br \/>\nvyroben z&nbsp;nerezov\u00e9ho materi\u00e1lu 1.4301. Vn\u011bj\u0161\u00ed pl\u00e1\u0161\u0165 je vyroben z&nbsp;oceli S<br \/>\n235JRG2 a&nbsp;je opt\u0159en izolac\u00ed proti zemn\u00ed vlhkosti. N\u00e1dr\u017e mus\u00ed b\u00fdt<br \/>\nulo\u017eena v&nbsp;nez\u00e1mrzn\u00e9 hloubce min. 1&nbsp;500mm.<\/p>\n<p><strong><em><span style=\"text-decoration: underline;\">Objemov\u00e1 \u0159ada:<\/span><\/em><\/strong> 1; 2,5; 5; 10; 12; 16; 20; 25m<sup>3<\/sup><\/p>\n<p><strong><em><span style=\"text-decoration: underline;\">N\u00e1dr\u017e je vybavena:<\/span><\/em><\/strong><\/p>\n<ul>\n<li>st\u00e1\u010dec\u00ed a<span style=\"mso-spacerun: yes;\">\u00a0 <\/span>pln\u00edc\u00ed<span style=\"mso-spacerun: yes;\">\u00a0 <\/span>nerezovou armaturou<\/li>\n<li>m\u011b\u0159en\u00edm hladiny v\u010detn\u011b hl\u00edd\u00e1n\u00ed p\u0159epln\u011bn\u00ed<\/li>\n<li>elektronick\u00fdm monitorov\u00e1n\u00edm v\u00fddeje<\/li>\n<li>nerezov\u00fdm \u010derpadlem<\/li>\n<\/ul>\n<p>Provoz AdBlue se p\u0159epravuje z&nbsp;podzemn\u00ed skladovac\u00ed n\u00e1dr\u017ee nerezov\u00fdm \u010derpadlem a&nbsp;nerezov\u00fdm potrub\u00edm k&nbsp;v\u00fddejn\u00edmu stojanu.<\/p>\n<\/div><div class=\"fusion-separator fusion-full-width-sep\" style=\"align-self: center;margin-left: auto;margin-right: auto;margin-top:20px;margin-bottom:20px;width:100%;\"><\/div><div class=\"awb-gallery-wrapper awb-gallery-wrapper-1 button-span-no\" style=\"--more-btn-alignment:center;\"><div style=\"margin:-5px;--awb-bordersize:0px;\" class=\"fusion-gallery fusion-gallery-container fusion-grid-3 fusion-columns-total-3 fusion-gallery-layout-grid fusion-gallery-1\"><div style=\"padding:5px;\" class=\"fusion-grid-column fusion-gallery-column fusion-gallery-column-3 hover-type-none awb-imageframe-style awb-imageframe-style-below awb-imageframe-style-1\"><div class=\"fusion-gallery-image\"><a href=\"https:\/\/www.baest.cz\/wp-content\/uploads\/2022\/12\/_produkty-image_pjpeg-20090511122854-9554-nadrz-nz-ph30-kopie.jpg\" data-title=\"BEST BLUE\" title=\"BEST BLUE\" rel=\"noreferrer\" data-rel=\"iLightbox[gallery_image_1]\" class=\"fusion-lightbox\" target=\"_self\"><img decoding=\"async\" src=\"https:\/\/www.baest.cz\/wp-content\/uploads\/2022\/12\/_produkty-image_pjpeg-20090511122854-9554-nadrz-nz-ph30-kopie-460x295.jpg\" width=\"460\" height=\"295\" alt=\"\" title=\"BEST BLUE\" aria-label=\"BEST BLUE\" class=\"img-responsive wp-image-702 fusion-gallery-image-size-fixed\"  \/><\/a><\/div><div class=\"awb-imageframe-caption-container\"><div class=\"awb-imageframe-caption\"><div class=\"awb-imageframe-caption-title\">BEST BLUE<\/div><\/div><\/div><\/div><div style=\"padding:5px;\" class=\"fusion-grid-column fusion-gallery-column fusion-gallery-column-3 hover-type-none awb-imageframe-style awb-imageframe-style-below awb-imageframe-style-1\"><div class=\"fusion-gallery-image\"><a href=\"https:\/\/www.baest.cz\/wp-content\/uploads\/2022\/12\/_produkty-image_pjpeg-20090511123050-0792-blue1.jpg\" data-title=\"BEST BLUE\" title=\"BEST BLUE\" rel=\"noreferrer\" data-rel=\"iLightbox[gallery_image_1]\" class=\"fusion-lightbox\" target=\"_self\"><img decoding=\"async\" src=\"https:\/\/www.baest.cz\/wp-content\/uploads\/2022\/12\/_produkty-image_pjpeg-20090511123050-0792-blue1-460x295.jpg\" width=\"460\" height=\"295\" alt=\"\" title=\"BEST BLUE\" aria-label=\"BEST BLUE\" class=\"img-responsive wp-image-703 fusion-gallery-image-size-fixed\"  \/><\/a><\/div><div class=\"awb-imageframe-caption-container\"><div class=\"awb-imageframe-caption\"><div class=\"awb-imageframe-caption-title\">BEST BLUE<\/div><\/div><\/div><\/div><div style=\"padding:5px;\" class=\"fusion-grid-column fusion-gallery-column fusion-gallery-column-3 hover-type-none awb-imageframe-style awb-imageframe-style-below awb-imageframe-style-1\"><div class=\"fusion-gallery-image\"><a href=\"https:\/\/www.baest.cz\/wp-content\/uploads\/2022\/12\/_produkty-image_pjpeg-20090513121509-8370-dvouplas-tova-nadrz.jpg\" data-title=\"BEST BLUE\" title=\"BEST BLUE\" rel=\"noreferrer\" data-rel=\"iLightbox[gallery_image_1]\" class=\"fusion-lightbox\" target=\"_self\"><img decoding=\"async\" src=\"https:\/\/www.baest.cz\/wp-content\/uploads\/2022\/12\/_produkty-image_pjpeg-20090513121509-8370-dvouplas-tova-nadrz-450x295.jpg\" width=\"450\" height=\"295\" alt=\"\" title=\"BEST BLUE\" aria-label=\"BEST BLUE\" class=\"img-responsive wp-image-704 fusion-gallery-image-size-fixed\"  \/><\/a><\/div><div class=\"awb-imageframe-caption-container\"><div class=\"awb-imageframe-caption\"><div class=\"awb-imageframe-caption-title\">BEST BLUE<\/div><\/div><\/div><\/div><div class=\"clearfix\"><\/div><\/div><\/div><\/div><\/div><\/div><\/div>\n","protected":false},"excerpt":{"rendered":"","protected":false},"author":3,"featured_media":2905,"parent":2892,"menu_order":0,"comment_status":"open","ping_status":"closed","template":"","meta":{"_monsterinsights_skip_tracking":false,"_monsterinsights_sitenote_active":false,"_monsterinsights_sitenote_note":"","_monsterinsights_sitenote_category":0,"footnotes":""},"class_list":["post-2904","page","type-page","status-publish","has-post-thumbnail","hentry"],"_links":{"self":[{"href":"https:\/\/www.baest.cz\/de\/wp-json\/wp\/v2\/pages\/2904","targetHints":{"allow":["GET"]}}],"collection":[{"href":"https:\/\/www.baest.cz\/de\/wp-json\/wp\/v2\/pages"}],"about":[{"href":"https:\/\/www.baest.cz\/de\/wp-json\/wp\/v2\/types\/page"}],"author":[{"embeddable":true,"href":"https:\/\/www.baest.cz\/de\/wp-json\/wp\/v2\/users\/3"}],"replies":[{"embeddable":true,"href":"https:\/\/www.baest.cz\/de\/wp-json\/wp\/v2\/comments?post=2904"}],"version-history":[{"count":0,"href":"https:\/\/www.baest.cz\/de\/wp-json\/wp\/v2\/pages\/2904\/revisions"}],"up":[{"embeddable":true,"href":"https:\/\/www.baest.cz\/de\/wp-json\/wp\/v2\/pages\/2892"}],"wp:featuredmedia":[{"embeddable":true,"href":"https:\/\/www.baest.cz\/de\/wp-json\/wp\/v2\/media\/2905"}],"wp:attachment":[{"href":"https:\/\/www.baest.cz\/de\/wp-json\/wp\/v2\/media?parent=2904"}],"curies":[{"name":"wp","href":"https:\/\/api.w.org\/{rel}","templated":true}]}}