{"id":2909,"date":"2022-12-01T13:14:46","date_gmt":"2022-12-01T12:14:46","guid":{"rendered":"http:\/\/baest.cz\/produkte\/tankstellen\/best-classic\/"},"modified":"2023-02-14T15:34:45","modified_gmt":"2023-02-14T14:34:45","slug":"best-classic","status":"publish","type":"page","link":"https:\/\/www.baest.cz\/de\/produkte\/tankstellen\/best-classic\/","title":{"rendered":"BEST CLASSIC"},"content":{"rendered":"<div class=\"fusion-fullwidth fullwidth-box fusion-builder-row-1 fusion-flex-container nonhundred-percent-fullwidth non-hundred-percent-height-scrolling\" style=\"--awb-border-radius-top-left:0px;--awb-border-radius-top-right:0px;--awb-border-radius-bottom-right:0px;--awb-border-radius-bottom-left:0px;\" ><div class=\"fusion-builder-row fusion-row fusion-flex-align-items-flex-start\" style=\"max-width:1331.2px;margin-left: calc(-4% \/ 2 );margin-right: calc(-4% \/ 2 );\"><div class=\"fusion-layout-column fusion_builder_column fusion-builder-column-0 fusion_builder_column_1_1 1_1 fusion-flex-column\" style=\"--awb-bg-size:cover;--awb-width-large:100%;--awb-margin-top-large:0px;--awb-spacing-right-large:1.92%;--awb-margin-bottom-large:0px;--awb-spacing-left-large:1.92%;--awb-width-medium:100%;--awb-spacing-right-medium:1.92%;--awb-spacing-left-medium:1.92%;--awb-width-small:100%;--awb-spacing-right-small:1.92%;--awb-spacing-left-small:1.92%;\"><div class=\"fusion-column-wrapper fusion-flex-justify-content-flex-start fusion-content-layout-column\"><div class=\"fusion-text fusion-text-1\"><p style=\"margin: 0cm 0cm 0pt; text-align: justify; mso-pagination: none; mso-layout-grid-align: none;\">BEST CLASSIC ist auch ein komplettes System der oberirdischen Tankstelle f\u00fcr die Treibstoffausgabe und -lagerung. Es besteht aus einem oberirdischen doppelwandigen Stahlbeh\u00e4lter, einer kompletten Technologie und einer Ausgabeanlage. Der oberirdische doppelwangige Stahlbeh\u00e4lter wird in der Einkammer- und Mehrkammerausf\u00fchrung angefertigt und erm\u00f6glicht die Lagerung und die Ausgabe von einem oder mehreren Erd\u00f6lprodukten.<\/p>\n<p style=\"margin: 0cm 0cm 0pt; mso-pagination: none; mso-layout-grid-align: none;\"><strong><em><span style=\"text-decoration: underline;\">Grundvolumenreihe:<\/span><\/em><\/strong> 5, 10, 16, 20, 32 a&nbsp;50m<sup>3<\/sup> mit der M\u00f6glichkeit getrennter Lagerung und Ausgabe von zwei oder drei Medien.<\/p>\n<p style=\"margin: 0cm 0cm 0pt; mso-pagination: none; mso-layout-grid-align: none;\">Die Anlage dient zur sicheren und \u00f6kologischen Lagerung und Ausgabe von brennbaren Fl\u00fcssigkeiten aller Gefahrenklassen.<\/p>\n<p style=\"margin: 0cm 0cm 0pt; mso-pagination: none; mso-layout-grid-align: none;\"><strong><em><span style=\"text-decoration: underline;\">Ausstattung von BEST CLASSIC:<\/span><\/em><\/strong><\/p>\n<ul>\n<li>\n<p style=\"margin: 0cm 0cm 0pt; mso-pagination: none; mso-layout-grid-align: none;\">Abf\u00fcll-, F\u00fcll- und Abschl\u00e4mmtechnologien<\/p>\n<\/li>\n<li>\n<p style=\"margin: 0cm 0cm 0pt; mso-pagination: none; mso-layout-grid-align: none;\">Sicherung gegen Entflammung<\/p>\n<\/li>\n<li>\n<p style=\"margin: 0cm 0cm 0pt; mso-pagination: none; mso-layout-grid-align: none;\">Bedienungspodest mit einer Treppe<\/p>\n<\/li>\n<li>\n<p style=\"margin: 0cm 0cm 0pt; mso-pagination: none; mso-layout-grid-align: none;\">Erdungsanlage<\/p>\n<\/li>\n<li>\n<p style=\"margin: 0cm 0cm 0pt; mso-pagination: none; mso-layout-grid-align: none;\">Anzeige der Beh\u00e4lterf\u00fcllung mit dem Schwimmer E 218.3<\/p>\n<\/li>\n<li>\n<p style=\"margin: 0cm 0cm 0pt; mso-pagination: none; mso-layout-grid-align: none;\">Messarmatur mit dem Stab (beziehungsweise mit einer fortlaufenden Messung der Fl\u00fcssigkeitsspiegelh\u00f6he).<\/p>\n<\/li>\n<li>\n<p style=\"margin: 0cm 0cm 0pt; mso-pagination: none; mso-layout-grid-align: none;\">Indikation des Zwischenmantelraums<\/p>\n<\/li>\n<li>\n<p style=\"margin: 0cm 0cm 0pt; mso-pagination: none; mso-layout-grid-align: none;\">elektrische Schaltanlage, die in der Tankverschalung angebracht ist &#8211; Zapfs\u00e4ule (nach Kundenanforderung)<\/p>\n<\/li>\n<li>\n<p style=\"margin: 0cm 0cm 0pt; mso-pagination: none; mso-layout-grid-align: none;\">M\u00f6glichkeit der Nachr\u00fcstung auf einen Tankautomat f\u00fcr Magnet- oder Chipkarten<\/p>\n<\/li>\n<li>\n<p style=\"margin: 0cm 0cm 0pt; mso-pagination: none; mso-layout-grid-align: none;\">\u00dcberdachung von der Ausgabefl\u00e4che (typisiert oder nach Kundenwunsch)<\/p>\n<\/li>\n<\/ul>\n<table style=\"background-color: #cde8fd; border: #000000 1px solid;\" border=\"1\" frame=\"rows\" align=\"center\">\n<tbody>\n<tr style=\"background-color: #8bc2e3;\">\n<td><strong>Typ \u00a0BEST CLASSIC<\/strong><\/td>\n<td style=\"text-align: center;\"><strong>\u00a05<\/strong><\/td>\n<td style=\"text-align: center;\"><strong>10\u00a0<\/strong><\/td>\n<td style=\"text-align: center;\"><strong>16\u00a0<\/strong><\/td>\n<td style=\"text-align: center;\"><strong>20\u00a0<\/strong><\/td>\n<td style=\"text-align: center;\"><strong>32\u00a0<\/strong><\/td>\n<td style=\"text-align: center;\"><strong>50\u00a0<\/strong><\/td>\n<td style=\"text-align: center;\"><strong>5\/5\u00a0<\/strong><\/td>\n<td style=\"text-align: center;\"><strong>10\/10\u00a0<\/strong><\/td>\n<td style=\"text-align: center;\"><strong>16\/16\u00a0<\/strong><\/td>\n<td style=\"text-align: center;\"><strong>\u00a025\/25<\/strong><\/td>\n<\/tr>\n<tr style=\"background-color: #ddf2fd;\">\n<td>nennvolumen (m<sup>3<\/sup>)<\/td>\n<td style=\"text-align: center;\">\u00a05<\/td>\n<td style=\"text-align: center;\">10<\/td>\n<td style=\"text-align: center;\">16<\/td>\n<td style=\"text-align: center;\">20<\/td>\n<td style=\"text-align: center;\">32<\/td>\n<td style=\"text-align: center;\">50<\/td>\n<td style=\"text-align: center;\">5+5<\/td>\n<td style=\"text-align: center;\">10+10<\/td>\n<td style=\"text-align: center;\">16+16<\/td>\n<td style=\"text-align: center;\">25+25<\/td>\n<\/tr>\n<tr style=\"background-color: #ddf2fd;\">\n<td>Nutzvolumen(%)<\/td>\n<td style=\"text-align: center;\">\u00a095<\/td>\n<td style=\"text-align: center;\">95<\/td>\n<td style=\"text-align: center;\">95<\/td>\n<td style=\"text-align: center;\">95<\/td>\n<td style=\"text-align: center;\">95<\/td>\n<td style=\"text-align: center;\">95<\/td>\n<td style=\"text-align: center;\">95<\/td>\n<td style=\"text-align: center;\">95<\/td>\n<td style=\"text-align: center;\">95<\/td>\n<td style=\"text-align: center;\">95<\/td>\n<\/tr>\n<tr style=\"background-color: #ddf2fd;\">\n<td>Tankdurchmesser(mm)<\/td>\n<td style=\"text-align: center;\">1612<\/td>\n<td style=\"text-align: center;\">1612<\/td>\n<td style=\"text-align: center;\">2012<\/td>\n<td style=\"text-align: center;\">2012<\/td>\n<td style=\"text-align: center;\">2520<\/td>\n<td style=\"text-align: center;\">2520<\/td>\n<td style=\"text-align: center;\">1612<\/td>\n<td style=\"text-align: center;\">2006<\/td>\n<td style=\"text-align: center;\">2520<\/td>\n<td style=\"text-align: center;\">2520<\/td>\n<\/tr>\n<tr style=\"background-color: #ddf2fd;\">\n<td>Gesamtbreite (mm)<\/td>\n<td style=\"text-align: center;\">1860<\/td>\n<td style=\"text-align: center;\">1860<\/td>\n<td style=\"text-align: center;\">2228<\/td>\n<td style=\"text-align: center;\">2228<\/td>\n<td style=\"text-align: center;\">2732<\/td>\n<td style=\"text-align: center;\">2732<\/td>\n<td style=\"text-align: center;\">2380<\/td>\n<td style=\"text-align: center;\">2676<\/td>\n<td style=\"text-align: center;\">3179<\/td>\n<td style=\"text-align: center;\">2593<\/td>\n<\/tr>\n<tr style=\"background-color: #ddf2fd;\">\n<td>Gesamtl\u00e4nge (mm)<\/td>\n<td style=\"text-align: center;\">4416<\/td>\n<td style=\"text-align: center;\">5946<\/td>\n<td style=\"text-align: center;\">7539<\/td>\n<td style=\"text-align: center;\">8870<\/td>\n<td style=\"text-align: center;\">9128<\/td>\n<td style=\"text-align: center;\">12944<\/td>\n<td style=\"text-align: center;\">7024<\/td>\n<td style=\"text-align: center;\">8577<\/td>\n<td style=\"text-align: center;\">9013<\/td>\n<td style=\"text-align: center;\">12944<\/td>\n<\/tr>\n<tr style=\"background-color: #ddf2fd;\">\n<td>Transportbreite (mm)<\/td>\n<td style=\"text-align: center;\">1860<\/td>\n<td style=\"text-align: center;\">1860<\/td>\n<td style=\"text-align: center;\">2228<\/td>\n<td style=\"text-align: center;\">2228<\/td>\n<td style=\"text-align: center;\">2732<\/td>\n<td style=\"text-align: center;\">2732<\/td>\n<td style=\"text-align: center;\">2380<\/td>\n<td style=\"text-align: center;\">2676<\/td>\n<td style=\"text-align: center;\">3179<\/td>\n<td style=\"text-align: center;\">2593<\/td>\n<\/tr>\n<tr style=\"background-color: #ddf2fd;\">\n<td>Transporth\u00f6he(mm)<\/td>\n<td style=\"text-align: center;\">\u00a02400<\/td>\n<td style=\"text-align: center;\">2400<\/td>\n<td style=\"text-align: center;\">2663<\/td>\n<td style=\"text-align: center;\">2663<\/td>\n<td style=\"text-align: center;\">3165<\/td>\n<td style=\"text-align: center;\">3165<\/td>\n<td style=\"text-align: center;\">2456<\/td>\n<td style=\"text-align: center;\">2900<\/td>\n<td style=\"text-align: center;\">3404<\/td>\n<td style=\"text-align: center;\">3404<\/td>\n<\/tr>\n<tr style=\"background-color: #ddeff7;\">\n<td>Anzahl der Eing\u00e4nge und<br \/>\nihr Durchmesser (mm)<\/td>\n<td>1&#215;700<\/td>\n<td>1&#215;700<\/td>\n<td>1&#215;700<\/td>\n<td>2&#215;700<\/td>\n<td>2&#215;700<\/td>\n<td>2&#215;700<\/td>\n<td>2&#215;700<\/td>\n<td>2&#215;700<\/td>\n<td>2&#215;700<\/td>\n<td>2&#215;700<\/td>\n<\/tr>\n<tr style=\"background-color: #ddf2fd;\">\n<td>Nennleistung (kW)<\/td>\n<td style=\"text-align: center;\">\u00a01<\/td>\n<td style=\"text-align: center;\">1<\/td>\n<td style=\"text-align: center;\">4<\/td>\n<td style=\"text-align: center;\">4<\/td>\n<td style=\"text-align: center;\">4<\/td>\n<td style=\"text-align: center;\">4<\/td>\n<td style=\"text-align: center;\">1<\/td>\n<td style=\"text-align: center;\">8<\/td>\n<td style=\"text-align: center;\">4<\/td>\n<td style=\"text-align: center;\">4<\/td>\n<\/tr>\n<\/tbody>\n<tfoot><\/tfoot>\n<\/table>\n<\/div><div class=\"fusion-separator fusion-full-width-sep\" style=\"align-self: center;margin-left: auto;margin-right: auto;margin-top:20px;margin-bottom:20px;width:100%;\"><\/div><div class=\"fusion-text fusion-text-2\"><p>Dieser Tankstelletyp kann Einsatz in Gel\u00e4nden von unterschiedlich orientierten Firmen, insbesondere Bauorganisationen, landwirtschaftlichen Genossenschaften, Verkehrsfirmen, Forstwesen, Flugwesen und F\u00f6rderungsindustrie finden. Diese Tankstellen sind vor allem f\u00fcr ihre schnelle Montage, geringe Anspr\u00fcche an bauliche \u00c4nderungen, sichere und einfache Bedienung und Erschwinglichkeit geeignet.<\/p>\n<\/div><div class=\"fusion-separator fusion-full-width-sep\" style=\"align-self: center;margin-left: auto;margin-right: auto;margin-top:20px;margin-bottom:20px;width:100%;\"><\/div><div class=\"awb-gallery-wrapper awb-gallery-wrapper-1 button-span-no\" style=\"--more-btn-alignment:center;\"><div style=\"margin:-5px;--awb-bordersize:0px;\" class=\"fusion-gallery fusion-gallery-container fusion-grid-3 fusion-columns-total-10 fusion-gallery-layout-grid fusion-gallery-1\"><div style=\"padding:5px;\" class=\"fusion-grid-column fusion-gallery-column fusion-gallery-column-3 hover-type-none awb-imageframe-style awb-imageframe-style-below awb-imageframe-style-1\"><div class=\"fusion-gallery-image\"><a href=\"https:\/\/www.baest.cz\/wp-content\/uploads\/2022\/12\/_produkty-image_pjpeg-20090426075920-1686-classic-o1-1.jpg\" data-title=\"BEST CLASSIC\" title=\"BEST CLASSIC\" rel=\"noreferrer\" data-rel=\"iLightbox[gallery_image_1]\" class=\"fusion-lightbox\" target=\"_self\"><img decoding=\"async\" src=\"https:\/\/www.baest.cz\/wp-content\/uploads\/2022\/12\/_produkty-image_pjpeg-20090426075920-1686-classic-o1-1-452x295.jpg\" width=\"452\" height=\"295\" alt=\"\" title=\"BEST CLASSIC\" aria-label=\"BEST CLASSIC\" class=\"img-responsive wp-image-666 fusion-gallery-image-size-fixed\"  \/><\/a><\/div><div class=\"awb-imageframe-caption-container\"><div class=\"awb-imageframe-caption\"><div class=\"awb-imageframe-caption-title\">BEST CLASSIC<\/div><\/div><\/div><\/div><div style=\"padding:5px;\" class=\"fusion-grid-column fusion-gallery-column fusion-gallery-column-3 hover-type-none awb-imageframe-style awb-imageframe-style-below awb-imageframe-style-1\"><div class=\"fusion-gallery-image\"><a href=\"https:\/\/www.baest.cz\/wp-content\/uploads\/2022\/12\/_produkty-image_pjpeg-20090426075920-0257-classic-o1-2.jpg\" data-title=\"BEST CLASSIC\" title=\"BEST CLASSIC\" rel=\"noreferrer\" data-rel=\"iLightbox[gallery_image_1]\" class=\"fusion-lightbox\" target=\"_self\"><img decoding=\"async\" src=\"https:\/\/www.baest.cz\/wp-content\/uploads\/2022\/12\/_produkty-image_pjpeg-20090426075920-0257-classic-o1-2-452x295.jpg\" width=\"452\" height=\"295\" alt=\"\" title=\"BEST CLASSIC\" aria-label=\"BEST CLASSIC\" class=\"img-responsive wp-image-667 fusion-gallery-image-size-fixed\"  \/><\/a><\/div><div class=\"awb-imageframe-caption-container\"><div class=\"awb-imageframe-caption\"><div class=\"awb-imageframe-caption-title\">BEST CLASSIC<\/div><\/div><\/div><\/div><div style=\"padding:5px;\" class=\"fusion-grid-column fusion-gallery-column fusion-gallery-column-3 hover-type-none awb-imageframe-style awb-imageframe-style-below awb-imageframe-style-1\"><div class=\"fusion-gallery-image\"><a href=\"https:\/\/www.baest.cz\/wp-content\/uploads\/2022\/12\/_produkty-image_pjpeg-20090426080010-1220-classic-o1-3.jpg\" data-title=\"BEST CLASSIC\" title=\"BEST CLASSIC\" rel=\"noreferrer\" data-rel=\"iLightbox[gallery_image_1]\" class=\"fusion-lightbox\" target=\"_self\"><img decoding=\"async\" src=\"https:\/\/www.baest.cz\/wp-content\/uploads\/2022\/12\/_produkty-image_pjpeg-20090426080010-1220-classic-o1-3-452x295.jpg\" width=\"452\" height=\"295\" alt=\"\" title=\"BEST CLASSIC\" aria-label=\"BEST CLASSIC\" class=\"img-responsive wp-image-668 fusion-gallery-image-size-fixed\"  \/><\/a><\/div><div class=\"awb-imageframe-caption-container\"><div class=\"awb-imageframe-caption\"><div class=\"awb-imageframe-caption-title\">BEST CLASSIC<\/div><\/div><\/div><\/div><div class=\"clearfix\"><\/div><div style=\"padding:5px;\" class=\"fusion-grid-column fusion-gallery-column fusion-gallery-column-3 hover-type-none awb-imageframe-style awb-imageframe-style-below awb-imageframe-style-1\"><div class=\"fusion-gallery-image\"><a href=\"https:\/\/www.baest.cz\/wp-content\/uploads\/2022\/12\/_produkty-image_pjpeg-20090426080010-0775-classic-o1-4.jpg\" data-title=\"BEST CLASSIC\" title=\"BEST CLASSIC\" rel=\"noreferrer\" data-rel=\"iLightbox[gallery_image_1]\" class=\"fusion-lightbox\" target=\"_self\"><img decoding=\"async\" src=\"https:\/\/www.baest.cz\/wp-content\/uploads\/2022\/12\/_produkty-image_pjpeg-20090426080010-0775-classic-o1-4-452x295.jpg\" width=\"452\" height=\"295\" alt=\"\" title=\"BEST CLASSIC\" aria-label=\"BEST CLASSIC\" class=\"img-responsive wp-image-669 fusion-gallery-image-size-fixed\"  \/><\/a><\/div><div class=\"awb-imageframe-caption-container\"><div class=\"awb-imageframe-caption\"><div class=\"awb-imageframe-caption-title\">BEST CLASSIC<\/div><\/div><\/div><\/div><div style=\"padding:5px;\" class=\"fusion-grid-column fusion-gallery-column fusion-gallery-column-3 hover-type-none awb-imageframe-style awb-imageframe-style-below awb-imageframe-style-1\"><div class=\"fusion-gallery-image\"><a href=\"https:\/\/www.baest.cz\/wp-content\/uploads\/2022\/12\/_produkty-image_pjpeg-20090426080010-1232-classic-o1-5.jpg\" data-title=\"BEST CLASSIC\" title=\"BEST CLASSIC\" rel=\"noreferrer\" data-rel=\"iLightbox[gallery_image_1]\" class=\"fusion-lightbox\" target=\"_self\"><img decoding=\"async\" src=\"https:\/\/www.baest.cz\/wp-content\/uploads\/2022\/12\/_produkty-image_pjpeg-20090426080010-1232-classic-o1-5-452x295.jpg\" width=\"452\" height=\"295\" alt=\"\" title=\"BEST CLASSIC\" aria-label=\"BEST CLASSIC\" class=\"img-responsive wp-image-670 fusion-gallery-image-size-fixed\"  \/><\/a><\/div><div class=\"awb-imageframe-caption-container\"><div class=\"awb-imageframe-caption\"><div class=\"awb-imageframe-caption-title\">BEST CLASSIC<\/div><\/div><\/div><\/div><div style=\"padding:5px;\" class=\"fusion-grid-column fusion-gallery-column fusion-gallery-column-3 hover-type-none awb-imageframe-style awb-imageframe-style-below awb-imageframe-style-1\"><div class=\"fusion-gallery-image\"><a href=\"https:\/\/www.baest.cz\/wp-content\/uploads\/2022\/12\/_produkty-image_pjpeg-20090426080316-4677-p1020247-oval.jpg\" data-title=\"BEST CLASSIC\" title=\"BEST CLASSIC\" rel=\"noreferrer\" data-rel=\"iLightbox[gallery_image_1]\" class=\"fusion-lightbox\" target=\"_self\"><img decoding=\"async\" src=\"https:\/\/www.baest.cz\/wp-content\/uploads\/2022\/12\/_produkty-image_pjpeg-20090426080316-4677-p1020247-oval-452x295.jpg\" width=\"452\" height=\"295\" alt=\"\" title=\"BEST CLASSIC\" aria-label=\"BEST CLASSIC\" class=\"img-responsive wp-image-671 fusion-gallery-image-size-fixed\"  \/><\/a><\/div><div class=\"awb-imageframe-caption-container\"><div class=\"awb-imageframe-caption\"><div class=\"awb-imageframe-caption-title\">BEST CLASSIC<\/div><\/div><\/div><\/div><div class=\"clearfix\"><\/div><div style=\"padding:5px;\" class=\"fusion-grid-column fusion-gallery-column fusion-gallery-column-3 hover-type-none awb-imageframe-style awb-imageframe-style-below awb-imageframe-style-1\"><div class=\"fusion-gallery-image\"><a rel=\"noreferrer\" data-rel=\"iLightbox[gallery_image_1]\" class=\"fusion-lightbox\" target=\"_self\"><img decoding=\"async\" src=\"\" width=\"\" height=\"\" alt=\"\" title=\"\" aria-label=\"\" class=\"img-responsive wp-image-672 fusion-gallery-image-size-fixed\"  \/><\/a><\/div><div class=\"awb-imageframe-caption-container\"><div class=\"awb-imageframe-caption\"><\/div><\/div><\/div><div style=\"padding:5px;\" class=\"fusion-grid-column fusion-gallery-column fusion-gallery-column-3 hover-type-none awb-imageframe-style awb-imageframe-style-below awb-imageframe-style-1\"><div class=\"fusion-gallery-image\"><a rel=\"noreferrer\" data-rel=\"iLightbox[gallery_image_1]\" class=\"fusion-lightbox\" target=\"_self\"><img decoding=\"async\" src=\"\" width=\"\" height=\"\" alt=\"\" title=\"\" aria-label=\"\" class=\"img-responsive wp-image-673 fusion-gallery-image-size-fixed\"  \/><\/a><\/div><div class=\"awb-imageframe-caption-container\"><div class=\"awb-imageframe-caption\"><\/div><\/div><\/div><div style=\"padding:5px;\" class=\"fusion-grid-column fusion-gallery-column fusion-gallery-column-3 hover-type-none awb-imageframe-style awb-imageframe-style-below awb-imageframe-style-1\"><div class=\"fusion-gallery-image\"><a rel=\"noreferrer\" data-rel=\"iLightbox[gallery_image_1]\" class=\"fusion-lightbox\" target=\"_self\"><img decoding=\"async\" src=\"\" width=\"\" height=\"\" alt=\"\" title=\"\" aria-label=\"\" class=\"img-responsive wp-image-674 fusion-gallery-image-size-fixed\"  \/><\/a><\/div><div class=\"awb-imageframe-caption-container\"><div class=\"awb-imageframe-caption\"><\/div><\/div><\/div><div class=\"clearfix\"><\/div><div style=\"padding:5px;\" class=\"fusion-grid-column fusion-gallery-column fusion-gallery-column-3 hover-type-none awb-imageframe-style awb-imageframe-style-below awb-imageframe-style-1\"><div class=\"fusion-gallery-image\"><a rel=\"noreferrer\" data-rel=\"iLightbox[gallery_image_1]\" class=\"fusion-lightbox\" target=\"_self\"><img decoding=\"async\" src=\"\" width=\"\" height=\"\" alt=\"\" title=\"\" aria-label=\"\" class=\"img-responsive wp-image-675 fusion-gallery-image-size-fixed\"  \/><\/a><\/div><div class=\"awb-imageframe-caption-container\"><div class=\"awb-imageframe-caption\"><\/div><\/div><\/div><\/div><\/div><\/div><\/div><\/div><\/div>\n","protected":false},"excerpt":{"rendered":"","protected":false},"author":3,"featured_media":2910,"parent":2892,"menu_order":0,"comment_status":"open","ping_status":"closed","template":"","meta":{"_monsterinsights_skip_tracking":false,"_monsterinsights_sitenote_active":false,"_monsterinsights_sitenote_note":"","_monsterinsights_sitenote_category":0,"footnotes":""},"class_list":["post-2909","page","type-page","status-publish","has-post-thumbnail","hentry"],"_links":{"self":[{"href":"https:\/\/www.baest.cz\/de\/wp-json\/wp\/v2\/pages\/2909","targetHints":{"allow":["GET"]}}],"collection":[{"href":"https:\/\/www.baest.cz\/de\/wp-json\/wp\/v2\/pages"}],"about":[{"href":"https:\/\/www.baest.cz\/de\/wp-json\/wp\/v2\/types\/page"}],"author":[{"embeddable":true,"href":"https:\/\/www.baest.cz\/de\/wp-json\/wp\/v2\/users\/3"}],"replies":[{"embeddable":true,"href":"https:\/\/www.baest.cz\/de\/wp-json\/wp\/v2\/comments?post=2909"}],"version-history":[{"count":0,"href":"https:\/\/www.baest.cz\/de\/wp-json\/wp\/v2\/pages\/2909\/revisions"}],"up":[{"embeddable":true,"href":"https:\/\/www.baest.cz\/de\/wp-json\/wp\/v2\/pages\/2892"}],"wp:featuredmedia":[{"embeddable":true,"href":"https:\/\/www.baest.cz\/de\/wp-json\/wp\/v2\/media\/2910"}],"wp:attachment":[{"href":"https:\/\/www.baest.cz\/de\/wp-json\/wp\/v2\/media?parent=2909"}],"curies":[{"name":"wp","href":"https:\/\/api.w.org\/{rel}","templated":true}]}}