{"id":2915,"date":"2022-12-01T13:14:46","date_gmt":"2022-12-01T12:14:46","guid":{"rendered":"http:\/\/baest.cz\/produkte\/tankstellen\/best-compact\/"},"modified":"2023-02-14T15:42:59","modified_gmt":"2023-02-14T14:42:59","slug":"best-compact","status":"publish","type":"page","link":"https:\/\/www.baest.cz\/de\/produkte\/tankstellen\/best-compact\/","title":{"rendered":"BEST COMPACT"},"content":{"rendered":"<div class=\"fusion-fullwidth fullwidth-box fusion-builder-row-1 fusion-flex-container nonhundred-percent-fullwidth non-hundred-percent-height-scrolling\" style=\"--awb-border-radius-top-left:0px;--awb-border-radius-top-right:0px;--awb-border-radius-bottom-right:0px;--awb-border-radius-bottom-left:0px;\" ><div class=\"fusion-builder-row fusion-row fusion-flex-align-items-flex-start\" style=\"max-width:1331.2px;margin-left: calc(-4% \/ 2 );margin-right: calc(-4% \/ 2 );\"><div class=\"fusion-layout-column fusion_builder_column fusion-builder-column-0 fusion_builder_column_1_1 1_1 fusion-flex-column\" style=\"--awb-bg-size:cover;--awb-width-large:100%;--awb-margin-top-large:0px;--awb-spacing-right-large:1.92%;--awb-margin-bottom-large:0px;--awb-spacing-left-large:1.92%;--awb-width-medium:100%;--awb-spacing-right-medium:1.92%;--awb-spacing-left-medium:1.92%;--awb-width-small:100%;--awb-spacing-right-small:1.92%;--awb-spacing-left-small:1.92%;\"><div class=\"fusion-column-wrapper fusion-flex-justify-content-flex-start fusion-content-layout-column\"><div class=\"fusion-text fusion-text-1\"><p>Die Gesellschaft schlie\u00dft bei dem Typ BEST COMPACT an die genannten, sehr verbreiteten und beliebten Tankstelle des Typen BEST CLASSIC an. BEST COMPACT ist auch ein Komplettsystem von einer oberirdischen Tankstelle f\u00fcr die Treibstoffausgabe und -lagerung. Es besteht aus einem oberirdischen doppelwandigen Stahlbeh\u00e4lter, einer kompletten Technologie und einer Ausgabeanlage. Es kennzeichnet sich durch ein modernes Design. Alle technologischen Armaturen werden von Designelementen und Deckel bedeckt, die das Gesamtaussehen des Erzeugnisses erg\u00e4nzen, die aber auch mit ihrer Funktion einen eventuellen negativen Einfluss auf die Umwelt reduzieren. Einen Standardteil des Beh\u00e4lters bildet die elektrische Ausr\u00fcstung, die im Tankverschalung angebracht ist, die Elektromontage besteht dann in blo\u00dfen Anschluss der Stromzuf\u00fchrung an die entsprechende Klemme in der Schaltanlage. Der oberirdische doppelwandige Stahlbeh\u00e4lter wird in der Einkammer- oder Zweikammerausf\u00fchrung erzeugt und erm\u00f6glicht Lagerung und Ausgabe von einen oder zwei Erd\u00f6lprodukten.<\/p>\n<p style=\"margin: 0cm 0cm 0pt;\"><strong><em><span style=\"text-decoration: underline;\">Grundvolumenreihe:<\/span><\/em><\/strong> 5; 10; 16; 20; 32 a&nbsp;50m<sup>3<\/sup> mit der M\u00f6glichkeit getrennter Lagerung und Ausgabe von zwei Medien.<\/p>\n<p style=\"margin: 0cm 0cm 0pt;\">Die Anlage dient zur sicheren und \u00f6kologischen Lagerung und Ausgabe von brennbaren Fl\u00fcssigkeiten aller Gefahrenklassen.<\/p>\n<p style=\"margin: 0cm 0cm 0pt;\"><span style=\"text-decoration: underline;\"><em><strong>Die Ausstattung von BEST COMPACT:<\/strong><\/em><\/span><\/p>\n<ul>\n<li>\n<p style=\"margin: 0cm 0cm 0pt;\">Abf\u00fcll-, F\u00fcll- und Abschl\u00e4mmtechnologien<\/p>\n<\/li>\n<li>\n<p style=\"margin: 0cm 0cm 0pt;\">Sicherung gegen Entflammung<\/p>\n<\/li>\n<li>\n<p style=\"margin: 0cm 0cm 0pt;\">Bedienungspodest mit einer Treppe<\/p>\n<\/li>\n<li>\n<p style=\"margin: 0cm 0cm 0pt;\">Erdungsanlage<\/p>\n<\/li>\n<li>\n<p style=\"margin: 0cm 0cm 0pt;\">Anzeige der Beh\u00e4lterf\u00fcllung mit dem Schwimmer E 218.3<\/p>\n<\/li>\n<li>\n<p style=\"margin: 0cm 0cm 0pt;\">Messarmatur mit dem Stab (beziehungsweise mit einer fortlaufenden Messung der Fl\u00fcssigkeitsspiegelh\u00f6he).<\/p>\n<\/li>\n<li>\n<p style=\"margin: 0cm 0cm 0pt;\">Indikation des Zwischenmantelraums<\/p>\n<\/li>\n<li>\n<p style=\"margin: 0cm 0cm 0pt;\">elektrische Schaltanlage, die in der Tankverschalung angebracht ist<\/p>\n<\/li>\n<li>\n<p style=\"margin: 0cm 0cm 0pt;\">Zapfs\u00e4ule<\/p>\n<\/li>\n<li>\n<p style=\"margin: 0cm 0cm 0pt;\">M\u00f6glichkeit der Nachr\u00fcstung auf einen Tankautomat f\u00fcr Magnet- oder Chipkarten<\/p>\n<\/li>\n<li>\n<p style=\"margin: 0cm 0cm 0pt;\">\u00dcberdachung von der Ausgabefl\u00e4che (typisiert oder nach Kundenwunsch)<\/p>\n<\/li>\n<\/ul>\n<p>\u00a0<\/p>\n<p>\u00a0<\/p>\n<p>\u00a0<\/p>\n<table style=\"background-color: #cde8fd; border: #000000 1px solid;\" border=\"1\" frame=\"rows\" align=\"center\">\n<tbody>\n<tr style=\"background-color: #8bc2e3;\" align=\"center\">\n<td><strong>TYP\u00a0&#8211;\u00a0BEST COMPACT<\/strong><\/td>\n<td style=\"text-align: center;\"><strong>2010<\/strong><\/td>\n<td style=\"text-align: center;\"><strong>2016\u00a0<\/strong><\/td>\n<td style=\"text-align: center;\"><strong>2020\u00a0<\/strong><\/td>\n<td style=\"text-align: center;\"><strong>2032\u00a0<\/strong><\/td>\n<td style=\"text-align: center;\"><strong>2050\u00a0<\/strong><\/td>\n<td style=\"text-align: center;\"><strong>2010\/10\u00a0<\/strong><\/td>\n<td style=\"text-align: center;\"><strong>2020\/12\u00a0<\/strong><\/td>\n<td style=\"text-align: center;\"><strong>2016\/16\u00a0<\/strong><\/td>\n<td style=\"text-align: center;\"><strong>\u00a02025\/25<\/strong><\/td>\n<\/tr>\n<tr style=\"background-color: #ddf2fd;\">\n<td style=\"text-align: left;\">Nennvolumen (m<sup>3<\/sup>)<\/td>\n<td style=\"text-align: center;\">10<\/td>\n<td style=\"text-align: center;\">16<\/td>\n<td style=\"text-align: center;\">20<\/td>\n<td style=\"text-align: center;\">32<\/td>\n<td style=\"text-align: center;\">50<\/td>\n<td style=\"text-align: center;\">10+10<\/td>\n<td style=\"text-align: center;\">20+12<\/td>\n<td style=\"text-align: center;\">16+16<\/td>\n<td style=\"text-align: center;\">25+25<\/td>\n<\/tr>\n<tr style=\"background-color: #ddf2fd;\">\n<td style=\"text-align: left;\">Nutzvolumen\u00a0(%)<\/td>\n<td style=\"text-align: center;\">\u00a095<\/td>\n<td style=\"text-align: center;\">95<\/td>\n<td style=\"text-align: center;\">95<\/td>\n<td style=\"text-align: center;\">95<\/td>\n<td style=\"text-align: center;\">95<\/td>\n<td style=\"text-align: center;\">95<\/td>\n<td style=\"text-align: center;\">95<\/td>\n<td style=\"text-align: center;\">95<\/td>\n<td style=\"text-align: center;\">95<\/td>\n<\/tr>\n<tr style=\"background-color: #ddf2fd;\">\n<td style=\"text-align: left;\">Tankdurchmesser\u00a0(mm)<\/td>\n<td style=\"text-align: center;\">2520<\/td>\n<td style=\"text-align: center;\">2520<\/td>\n<td style=\"text-align: center;\">2520<\/td>\n<td style=\"text-align: center;\">2520<\/td>\n<td style=\"text-align: center;\">2520<\/td>\n<td style=\"text-align: center;\">2520<\/td>\n<td style=\"text-align: center;\">2520<\/td>\n<td style=\"text-align: center;\">2520<\/td>\n<td style=\"text-align: center;\">2520<\/td>\n<\/tr>\n<tr style=\"background-color: #ddf2fd;\">\n<td style=\"text-align: left;\">Gesamtbreite\u00a0(mm)<\/td>\n<td style=\"text-align: center;\">2780<\/td>\n<td style=\"text-align: center;\">2780<\/td>\n<td style=\"text-align: center;\">2780<\/td>\n<td style=\"text-align: center;\">2780<\/td>\n<td style=\"text-align: center;\">2780<\/td>\n<td style=\"text-align: center;\">2780<\/td>\n<td style=\"text-align: center;\">2780<\/td>\n<td style=\"text-align: center;\">2780<\/td>\n<td style=\"text-align: center;\">2780<\/td>\n<\/tr>\n<tr style=\"background-color: #ddf2fd;\">\n<td style=\"text-align: left;\">Gesamtl\u00e4nge\u00a0(mm)<\/td>\n<td style=\"text-align: center;\">3560<\/td>\n<td style=\"text-align: center;\">4800<\/td>\n<td style=\"text-align: center;\">5660<\/td>\n<td style=\"text-align: center;\">8160<\/td>\n<td style=\"text-align: center;\">12944<\/td>\n<td style=\"text-align: center;\">5660<\/td>\n<td style=\"text-align: center;\">8160<\/td>\n<td style=\"text-align: center;\">8160<\/td>\n<td style=\"text-align: center;\">12944<\/td>\n<\/tr>\n<tr style=\"background-color: #ddf2fd;\">\n<td style=\"text-align: left;\">Transportbreite (mm)<\/td>\n<td style=\"text-align: center;\">2780<\/td>\n<td style=\"text-align: center;\">2780<\/td>\n<td style=\"text-align: center;\">2780<\/td>\n<td style=\"text-align: center;\">2780<\/td>\n<td style=\"text-align: center;\">2780<\/td>\n<td style=\"text-align: center;\">2780<\/td>\n<td style=\"text-align: center;\">2780<\/td>\n<td style=\"text-align: center;\">2780<\/td>\n<td style=\"text-align: center;\">2780<\/td>\n<\/tr>\n<tr style=\"background-color: #ddf2fd;\">\n<td style=\"text-align: left;\">Transporth\u00f6he\u00a0(mm)<\/td>\n<td style=\"text-align: center;\">2874<\/td>\n<td style=\"text-align: center;\">2874<\/td>\n<td style=\"text-align: center;\">2874<\/td>\n<td style=\"text-align: center;\">2874<\/td>\n<td style=\"text-align: center;\">2874<\/td>\n<td style=\"text-align: center;\">2874<\/td>\n<td style=\"text-align: center;\">2874<\/td>\n<td style=\"text-align: center;\">2874<\/td>\n<td style=\"text-align: center;\">2874<\/td>\n<\/tr>\n<tr style=\"background-color: #ddeff7;\">\n<td style=\"text-align: left;\">Anzahl der Eing\u00e4nge und<br \/>ihr Durchmesser (mm)<\/td>\n<td style=\"text-align: center;\">1&#215;700<\/td>\n<td style=\"text-align: center;\">1&#215;700<\/td>\n<td style=\"text-align: center;\">1&#215;700<\/td>\n<td style=\"text-align: center;\">1&#215;700<\/td>\n<td style=\"text-align: center;\">2&#215;700<\/td>\n<td style=\"text-align: center;\">2&#215;700<\/td>\n<td style=\"text-align: center;\">2&#215;700<\/td>\n<td style=\"text-align: center;\">2&#215;700<\/td>\n<td style=\"text-align: center;\">2&#215;700<\/td>\n<\/tr>\n<tr style=\"background-color: #ddf2fd;\">\n<td style=\"text-align: left;\">Nennleistung (kW)<\/td>\n<td style=\"text-align: center;\">4<\/td>\n<td style=\"text-align: center;\">4<\/td>\n<td style=\"text-align: center;\">4<\/td>\n<td style=\"text-align: center;\">4<\/td>\n<td style=\"text-align: center;\">4<\/td>\n<td style=\"text-align: center;\">8<\/td>\n<td style=\"text-align: center;\">8<\/td>\n<td style=\"text-align: center;\">8<\/td>\n<td style=\"text-align: center;\">8<\/td>\n<\/tr>\n<\/tbody>\n<\/table>\n<p>\u00a0<\/p>\n<p>\u00a0<\/p>\n<p>Dieser Tankstelletyp kann Einsatz in Gel\u00e4nden von unterschiedlich orientierten Firmen, insbesondere Bauorganisationen, landwirtschaftlichen Genossenschaften, Verkehrsfirmen, Forstwesen, Flugwesen und F\u00f6rderungsindustrie finden. Diese Tankstellen sind vor allem f\u00fcr ihre schnelle Montage, geringe Anspr\u00fcche an bauliche \u00c4nderungen, sichere und einfache Bedienung und Erschwinglichkeit geeignet.<\/p>\n<\/div><div class=\"fusion-separator fusion-full-width-sep\" style=\"align-self: center;margin-left: auto;margin-right: auto;margin-top:20px;margin-bottom:20px;width:100%;\"><\/div><div class=\"awb-gallery-wrapper awb-gallery-wrapper-1 button-span-no\" style=\"--more-btn-alignment:center;\"><div style=\"margin:-5px;--awb-bordersize:0px;\" class=\"fusion-gallery fusion-gallery-container fusion-grid-3 fusion-columns-total-9 fusion-gallery-layout-grid fusion-gallery-1\"><div style=\"padding:5px;\" class=\"fusion-grid-column fusion-gallery-column fusion-gallery-column-3 hover-type-none awb-imageframe-style awb-imageframe-style-below awb-imageframe-style-1\"><div class=\"fusion-gallery-image\"><a href=\"https:\/\/www.baest.cz\/wp-content\/uploads\/2022\/12\/_produkty-image_pjpeg-20090426075142-9166-compact-1o.jpg\" data-title=\"BEST COMPACT\" title=\"BEST COMPACT\" rel=\"noreferrer\" data-rel=\"iLightbox[gallery_image_1]\" class=\"fusion-lightbox\" target=\"_self\"><img decoding=\"async\" src=\"https:\/\/www.baest.cz\/wp-content\/uploads\/2022\/12\/_produkty-image_pjpeg-20090426075142-9166-compact-1o-452x295.jpg\" width=\"452\" height=\"295\" alt=\"\" title=\"BEST COMPACT\" aria-label=\"BEST COMPACT\" class=\"img-responsive wp-image-656 fusion-gallery-image-size-fixed\"  \/><\/a><\/div><div class=\"awb-imageframe-caption-container\"><div class=\"awb-imageframe-caption\"><div class=\"awb-imageframe-caption-title\">BEST COMPACT<\/div><\/div><\/div><\/div><div style=\"padding:5px;\" class=\"fusion-grid-column fusion-gallery-column fusion-gallery-column-3 hover-type-none awb-imageframe-style awb-imageframe-style-below awb-imageframe-style-1\"><div class=\"fusion-gallery-image\"><a href=\"https:\/\/www.baest.cz\/wp-content\/uploads\/2022\/12\/_produkty-image_pjpeg-20090426075142-4273-compact-2o.jpg\" data-title=\"BEST COMPACT\" title=\"BEST COMPACT\" rel=\"noreferrer\" data-rel=\"iLightbox[gallery_image_1]\" class=\"fusion-lightbox\" target=\"_self\"><img decoding=\"async\" src=\"https:\/\/www.baest.cz\/wp-content\/uploads\/2022\/12\/_produkty-image_pjpeg-20090426075142-4273-compact-2o-452x295.jpg\" width=\"452\" height=\"295\" alt=\"\" title=\"BEST COMPACT\" aria-label=\"BEST COMPACT\" class=\"img-responsive wp-image-657 fusion-gallery-image-size-fixed\"  \/><\/a><\/div><div class=\"awb-imageframe-caption-container\"><div class=\"awb-imageframe-caption\"><div class=\"awb-imageframe-caption-title\">BEST COMPACT<\/div><\/div><\/div><\/div><div style=\"padding:5px;\" class=\"fusion-grid-column fusion-gallery-column fusion-gallery-column-3 hover-type-none awb-imageframe-style awb-imageframe-style-below awb-imageframe-style-1\"><div class=\"fusion-gallery-image\"><a href=\"https:\/\/www.baest.cz\/wp-content\/uploads\/2022\/12\/_produkty-image_pjpeg-20090426075142-1302-compact-2o-1.jpg\" data-title=\"BEST COMPACT\" title=\"BEST COMPACT\" rel=\"noreferrer\" data-rel=\"iLightbox[gallery_image_1]\" class=\"fusion-lightbox\" target=\"_self\"><img decoding=\"async\" src=\"https:\/\/www.baest.cz\/wp-content\/uploads\/2022\/12\/_produkty-image_pjpeg-20090426075142-1302-compact-2o-1-452x295.jpg\" width=\"452\" height=\"295\" alt=\"\" title=\"BEST COMPACT\" aria-label=\"BEST COMPACT\" class=\"img-responsive wp-image-658 fusion-gallery-image-size-fixed\"  \/><\/a><\/div><div class=\"awb-imageframe-caption-container\"><div class=\"awb-imageframe-caption\"><div class=\"awb-imageframe-caption-title\">BEST COMPACT<\/div><\/div><\/div><\/div><div class=\"clearfix\"><\/div><div style=\"padding:5px;\" class=\"fusion-grid-column fusion-gallery-column fusion-gallery-column-3 hover-type-none awb-imageframe-style awb-imageframe-style-below awb-imageframe-style-1\"><div class=\"fusion-gallery-image\"><a href=\"https:\/\/www.baest.cz\/wp-content\/uploads\/2022\/12\/_produkty-image_pjpeg-20090426075232-5754-compact-2o-2.jpg\" data-title=\"BEST COMPACT\" title=\"BEST COMPACT\" rel=\"noreferrer\" data-rel=\"iLightbox[gallery_image_1]\" class=\"fusion-lightbox\" target=\"_self\"><img decoding=\"async\" src=\"https:\/\/www.baest.cz\/wp-content\/uploads\/2022\/12\/_produkty-image_pjpeg-20090426075232-5754-compact-2o-2-452x295.jpg\" width=\"452\" height=\"295\" alt=\"\" title=\"BEST COMPACT\" aria-label=\"BEST COMPACT\" class=\"img-responsive wp-image-659 fusion-gallery-image-size-fixed\"  \/><\/a><\/div><div class=\"awb-imageframe-caption-container\"><div class=\"awb-imageframe-caption\"><div class=\"awb-imageframe-caption-title\">BEST COMPACT<\/div><\/div><\/div><\/div><div style=\"padding:5px;\" class=\"fusion-grid-column fusion-gallery-column fusion-gallery-column-3 hover-type-none awb-imageframe-style awb-imageframe-style-below awb-imageframe-style-1\"><div class=\"fusion-gallery-image\"><a href=\"https:\/\/www.baest.cz\/wp-content\/uploads\/2022\/12\/_produkty-image_pjpeg-20090426075232-2878-compact-2o-3.jpg\" data-title=\"BEST COMPACT\" title=\"BEST COMPACT\" rel=\"noreferrer\" data-rel=\"iLightbox[gallery_image_1]\" class=\"fusion-lightbox\" target=\"_self\"><img decoding=\"async\" src=\"https:\/\/www.baest.cz\/wp-content\/uploads\/2022\/12\/_produkty-image_pjpeg-20090426075232-2878-compact-2o-3-452x295.jpg\" width=\"452\" height=\"295\" alt=\"\" title=\"BEST COMPACT\" aria-label=\"BEST COMPACT\" class=\"img-responsive wp-image-660 fusion-gallery-image-size-fixed\"  \/><\/a><\/div><div class=\"awb-imageframe-caption-container\"><div class=\"awb-imageframe-caption\"><div class=\"awb-imageframe-caption-title\">BEST COMPACT<\/div><\/div><\/div><\/div><div style=\"padding:5px;\" class=\"fusion-grid-column fusion-gallery-column fusion-gallery-column-3 hover-type-none awb-imageframe-style awb-imageframe-style-below awb-imageframe-style-1\"><div class=\"fusion-gallery-image\"><a href=\"https:\/\/www.baest.cz\/wp-content\/uploads\/2022\/12\/_produkty-image_pjpeg-20090426075232-2891-compact-2o-4.jpg\" data-title=\"BEST COMPACT\" title=\"BEST COMPACT\" rel=\"noreferrer\" data-rel=\"iLightbox[gallery_image_1]\" class=\"fusion-lightbox\" target=\"_self\"><img decoding=\"async\" src=\"https:\/\/www.baest.cz\/wp-content\/uploads\/2022\/12\/_produkty-image_pjpeg-20090426075232-2891-compact-2o-4-452x295.jpg\" width=\"452\" height=\"295\" alt=\"\" title=\"BEST COMPACT\" aria-label=\"BEST COMPACT\" class=\"img-responsive wp-image-661 fusion-gallery-image-size-fixed\"  \/><\/a><\/div><div class=\"awb-imageframe-caption-container\"><div class=\"awb-imageframe-caption\"><div class=\"awb-imageframe-caption-title\">BEST COMPACT<\/div><\/div><\/div><\/div><div class=\"clearfix\"><\/div><div style=\"padding:5px;\" class=\"fusion-grid-column fusion-gallery-column fusion-gallery-column-3 hover-type-none awb-imageframe-style awb-imageframe-style-below awb-imageframe-style-1\"><div class=\"fusion-gallery-image\"><a rel=\"noreferrer\" data-rel=\"iLightbox[gallery_image_1]\" class=\"fusion-lightbox\" target=\"_self\"><img decoding=\"async\" src=\"\" width=\"\" height=\"\" alt=\"\" title=\"\" aria-label=\"\" class=\"img-responsive wp-image-662 fusion-gallery-image-size-fixed\"  \/><\/a><\/div><div class=\"awb-imageframe-caption-container\"><div class=\"awb-imageframe-caption\"><\/div><\/div><\/div><div style=\"padding:5px;\" class=\"fusion-grid-column fusion-gallery-column fusion-gallery-column-3 hover-type-none awb-imageframe-style awb-imageframe-style-below awb-imageframe-style-1\"><div class=\"fusion-gallery-image\"><a rel=\"noreferrer\" data-rel=\"iLightbox[gallery_image_1]\" class=\"fusion-lightbox\" target=\"_self\"><img decoding=\"async\" src=\"\" width=\"\" height=\"\" alt=\"\" title=\"\" aria-label=\"\" class=\"img-responsive wp-image-663 fusion-gallery-image-size-fixed\"  \/><\/a><\/div><div class=\"awb-imageframe-caption-container\"><div class=\"awb-imageframe-caption\"><\/div><\/div><\/div><div style=\"padding:5px;\" class=\"fusion-grid-column fusion-gallery-column fusion-gallery-column-3 hover-type-none awb-imageframe-style awb-imageframe-style-below awb-imageframe-style-1\"><div class=\"fusion-gallery-image\"><a rel=\"noreferrer\" data-rel=\"iLightbox[gallery_image_1]\" class=\"fusion-lightbox\" target=\"_self\"><img decoding=\"async\" src=\"\" width=\"\" height=\"\" alt=\"\" title=\"\" aria-label=\"\" class=\"img-responsive wp-image-664 fusion-gallery-image-size-fixed\"  \/><\/a><\/div><div class=\"awb-imageframe-caption-container\"><div class=\"awb-imageframe-caption\"><\/div><\/div><\/div><div class=\"clearfix\"><\/div><\/div><\/div><\/div><\/div><\/div><\/div>\n","protected":false},"excerpt":{"rendered":"","protected":false},"author":3,"featured_media":2916,"parent":2892,"menu_order":0,"comment_status":"open","ping_status":"closed","template":"","meta":{"_monsterinsights_skip_tracking":false,"_monsterinsights_sitenote_active":false,"_monsterinsights_sitenote_note":"","_monsterinsights_sitenote_category":0,"footnotes":""},"class_list":["post-2915","page","type-page","status-publish","has-post-thumbnail","hentry"],"_links":{"self":[{"href":"https:\/\/www.baest.cz\/de\/wp-json\/wp\/v2\/pages\/2915","targetHints":{"allow":["GET"]}}],"collection":[{"href":"https:\/\/www.baest.cz\/de\/wp-json\/wp\/v2\/pages"}],"about":[{"href":"https:\/\/www.baest.cz\/de\/wp-json\/wp\/v2\/types\/page"}],"author":[{"embeddable":true,"href":"https:\/\/www.baest.cz\/de\/wp-json\/wp\/v2\/users\/3"}],"replies":[{"embeddable":true,"href":"https:\/\/www.baest.cz\/de\/wp-json\/wp\/v2\/comments?post=2915"}],"version-history":[{"count":0,"href":"https:\/\/www.baest.cz\/de\/wp-json\/wp\/v2\/pages\/2915\/revisions"}],"up":[{"embeddable":true,"href":"https:\/\/www.baest.cz\/de\/wp-json\/wp\/v2\/pages\/2892"}],"wp:featuredmedia":[{"embeddable":true,"href":"https:\/\/www.baest.cz\/de\/wp-json\/wp\/v2\/media\/2916"}],"wp:attachment":[{"href":"https:\/\/www.baest.cz\/de\/wp-json\/wp\/v2\/media?parent=2915"}],"curies":[{"name":"wp","href":"https:\/\/api.w.org\/{rel}","templated":true}]}}