{"id":2921,"date":"2022-12-01T13:46:42","date_gmt":"2022-12-01T12:46:42","guid":{"rendered":"http:\/\/baest.cz\/produkte\/tankstellen\/best-economic\/"},"modified":"2023-02-14T15:51:21","modified_gmt":"2023-02-14T14:51:21","slug":"best-economic","status":"publish","type":"page","link":"https:\/\/www.baest.cz\/de\/produkte\/tankstellen\/best-economic\/","title":{"rendered":"BEST ECONOMIC"},"content":{"rendered":"<div class=\"fusion-fullwidth fullwidth-box fusion-builder-row-1 fusion-flex-container nonhundred-percent-fullwidth non-hundred-percent-height-scrolling\" style=\"--awb-border-radius-top-left:0px;--awb-border-radius-top-right:0px;--awb-border-radius-bottom-right:0px;--awb-border-radius-bottom-left:0px;\" ><div class=\"fusion-builder-row fusion-row fusion-flex-align-items-flex-start\" style=\"max-width:1331.2px;margin-left: calc(-4% \/ 2 );margin-right: calc(-4% \/ 2 );\"><div class=\"fusion-layout-column fusion_builder_column fusion-builder-column-0 fusion_builder_column_1_1 1_1 fusion-flex-column\" style=\"--awb-bg-size:cover;--awb-width-large:100%;--awb-margin-top-large:0px;--awb-spacing-right-large:1.92%;--awb-margin-bottom-large:0px;--awb-spacing-left-large:1.92%;--awb-width-medium:100%;--awb-spacing-right-medium:1.92%;--awb-spacing-left-medium:1.92%;--awb-width-small:100%;--awb-spacing-right-small:1.92%;--awb-spacing-left-small:1.92%;\"><div class=\"fusion-column-wrapper fusion-flex-justify-content-flex-start fusion-content-layout-column\"><div class=\"fusion-text fusion-text-1\"><p>Die Gesellschaft schlie\u00dft bei dem Typ BEST ECONOMIC an die genannten, sehr verbreiteten und beliebten Tankstellen des Typen BEST CLASSIC an, mit dem Ziel den Kunden eine billigere Variante der oberirdischen Tankstelle zu bieten.<\/p>\n<p>BEST ECONOMIC ist auch ein komplettes System der oberirdischen Tankstelle f\u00fcr die Treibstoffausgabe und -lagerung. Es besteht aus einem oberirdischen doppelwandigen Stahlbeh\u00e4lter, einer kompletten Technologie und einer Ausgabeanlage. Es kennzeichnet sich durch eine sehr einfache Konstruktionsl\u00f6sung, wann der Beh\u00e4lter nur die pflichtige und notwendige Technologie f\u00fcr die Dieselausgabe und -abf\u00fcllung enth\u00e4lt. Der oberirdische doppelwandige Stahlbeh\u00e4lter wird in der Einkammer- und Zweikammerausf\u00fchrung angefertigt und erm\u00f6glicht die Lagerung und die Ausgabe von einem Erd\u00f6lprodukt (Diesel).<\/p>\n<p style=\"margin: 0cm 0cm 0pt; mso-pagination: none; mso-layout-grid-align: none;\"><strong><em><span style=\"text-decoration: underline;\">Grundvolumenreihe:<\/span><\/em><\/strong>: 1; 2,5; 5; 10; 16; 20; 32; 50m<sup>3<\/sup><span style=\"mso-spacerun: yes;\">\u00a0 <\/span>f\u00fcr jedes Produkt.<\/p>\n<p style=\"margin: 0cm 0cm 0pt; mso-pagination: none; mso-layout-grid-align: none;\">BEST ECONOMIC ist mit keiner Abf\u00fcllpumpe ausgestattet und die Beh\u00e4lterf\u00fcllung ist mit einer Abf\u00fcllarmatur auf dem Beh\u00e4lterdeckel durchgef\u00fchrt.<\/p>\n<p style=\"margin: 0cm 0cm 0pt; mso-pagination: none; mso-layout-grid-align: none;\"><strong><em><span style=\"text-decoration: underline;\">Ausstattung von BEST ECONOMIC:<\/span><\/em><\/strong><\/p>\n<ul>\n<li>\n<p style=\"margin: 0cm 0cm 0pt; mso-pagination: none; mso-layout-grid-align: none;\">Abf\u00fcll-, F\u00fcll- und Abschl\u00e4mmtechnologien<\/p>\n<\/li>\n<li>\n<p style=\"margin: 0cm 0cm 0pt; mso-pagination: none; mso-layout-grid-align: none;\">Sicherung gegen Entflammung<\/p>\n<\/li>\n<li>\n<p style=\"margin: 0cm 0cm 0pt; mso-pagination: none; mso-layout-grid-align: none;\">Bedienungspodest mit einer Treppe<\/p>\n<\/li>\n<li>\n<p style=\"margin: 0cm 0cm 0pt; mso-pagination: none; mso-layout-grid-align: none;\">Erdungsanlage<\/p>\n<\/li>\n<li>\n<p style=\"margin: 0cm 0cm 0pt; mso-pagination: none; mso-layout-grid-align: none;\">Anzeige der Beh\u00e4lterf\u00fcllung mit dem Schwimmer E 218.3<\/p>\n<\/li>\n<li>\n<p style=\"margin: 0cm 0cm 0pt; mso-pagination: none; mso-layout-grid-align: none;\">Messarmatur mit dem Stab<\/p>\n<\/li>\n<li>\n<p style=\"margin: 0cm 0cm 0pt; mso-pagination: none; mso-layout-grid-align: none;\">Indikation des Zwischenmantelraums<\/p>\n<\/li>\n<li>\n<p style=\"margin: 0cm 0cm 0pt; mso-pagination: none; mso-layout-grid-align: none;\">elektrische Schaltanlage, die in dem Schutzraum von 3,5&nbsp;m vom Beh\u00e4lter angebracht ist<\/p>\n<\/li>\n<li>\n<p style=\"margin: 0cm 0cm 0pt; mso-pagination: none; mso-layout-grid-align: none;\">Zapfs\u00e4ule<\/p>\n<\/li>\n<li>\n<p style=\"margin: 0cm 0cm 0pt; mso-pagination: none; mso-layout-grid-align: none;\">M\u00f6glichkeit der Nachr\u00fcstung auf einen Tankautomat f\u00fcr Magnet- oder Chipkarten<\/p>\n<\/li>\n<li>\n<p style=\"margin: 0cm 0cm 0pt; mso-pagination: none; mso-layout-grid-align: none;\">\u00dcberdachung von der Ausgabefl\u00e4che (typisiert oder nach Kundenwunsch)<\/p>\n<\/li>\n<\/ul>\n<table style=\"background-color: #cde8fd; border: #000000 1px solid;\" border=\"1\" frame=\"rows\" align=\"center\">\n<tbody>\n<tr style=\"background-color: #8bc2e3;\" align=\"center\">\n<td><strong>TYP\u00a0&#8211;\u00a0BEST ECONOMIC<\/strong><\/td>\n<td style=\"text-align: center;\"><strong>1<\/strong><\/td>\n<td style=\"text-align: center;\"><strong>2,5\u00a0<\/strong><\/td>\n<td style=\"text-align: center;\"><strong>5\u00a0<\/strong><\/td>\n<td style=\"text-align: center;\"><strong>10\u00a0<\/strong><\/td>\n<td style=\"text-align: center;\"><strong>16\u00a0<\/strong><\/td>\n<td style=\"text-align: center;\"><strong>20\u00a0<\/strong><\/td>\n<td style=\"text-align: center;\"><strong>5\/5\u00a0<\/strong><\/td>\n<td style=\"text-align: center;\"><strong>\u00a010\/10<\/strong><\/td>\n<\/tr>\n<tr style=\"background-color: #ddf2fd;\">\n<td style=\"text-align: left;\">Nennvolumen\u00a0(m<sup>3<\/sup>)<\/td>\n<td style=\"text-align: center;\">1<\/td>\n<td style=\"text-align: center;\">2,5<\/td>\n<td style=\"text-align: center;\">5<\/td>\n<td style=\"text-align: center;\">10<\/td>\n<td style=\"text-align: center;\">16<\/td>\n<td style=\"text-align: center;\">20<\/td>\n<td style=\"text-align: center;\">5+5<\/td>\n<td style=\"text-align: center;\">10+10<\/td>\n<\/tr>\n<tr style=\"background-color: #ddf2fd;\">\n<td style=\"text-align: left;\">Nutzvolumen\u00a0(%)<\/td>\n<td style=\"text-align: center;\">\u00a095<\/td>\n<td style=\"text-align: center;\">95<\/td>\n<td style=\"text-align: center;\">95<\/td>\n<td style=\"text-align: center;\">95<\/td>\n<td style=\"text-align: center;\">95<\/td>\n<td style=\"text-align: center;\">95<\/td>\n<td style=\"text-align: center;\">95<\/td>\n<td style=\"text-align: center;\">95<\/td>\n<\/tr>\n<tr style=\"background-color: #ddf2fd;\">\n<td style=\"text-align: left;\">Tankdurchmesser\u00a0(mm)<\/td>\n<td style=\"text-align: center;\">1250<\/td>\n<td style=\"text-align: center;\">1612<\/td>\n<td style=\"text-align: center;\">1612<\/td>\n<td style=\"text-align: center;\">1612<\/td>\n<td style=\"text-align: center;\">2012<\/td>\n<td style=\"text-align: center;\">2012<\/td>\n<td style=\"text-align: center;\">1612<\/td>\n<td style=\"text-align: center;\">2012<\/td>\n<\/tr>\n<tr style=\"background-color: #ddf2fd;\">\n<td style=\"text-align: left;\">Gesamtbreite\u00a0(mm)<\/td>\n<td style=\"text-align: center;\">1410<\/td>\n<td style=\"text-align: center;\">1772<\/td>\n<td style=\"text-align: center;\">1772<\/td>\n<td style=\"text-align: center;\">1772<\/td>\n<td style=\"text-align: center;\">2172<\/td>\n<td style=\"text-align: center;\">2172<\/td>\n<td style=\"text-align: center;\">1772<\/td>\n<td style=\"text-align: center;\">2172<\/td>\n<\/tr>\n<tr style=\"background-color: #ddf2fd;\">\n<td style=\"text-align: left;\">Gesamtl\u00e4nge\u00a0(mm)<\/td>\n<td style=\"text-align: center;\"><\/td>\n<td style=\"text-align: center;\">2120<\/td>\n<td style=\"text-align: center;\">3390<\/td>\n<td style=\"text-align: center;\">6830<\/td>\n<td style=\"text-align: center;\"><\/td>\n<td style=\"text-align: center;\"><\/td>\n<td style=\"text-align: center;\">6830<\/td>\n<td style=\"text-align: center;\"><\/td>\n<\/tr>\n<tr style=\"background-color: #ddf2fd;\">\n<td style=\"text-align: left;\">Transportbreite (mm)<\/td>\n<td style=\"text-align: center;\">1250<\/td>\n<td style=\"text-align: center;\">1612<\/td>\n<td style=\"text-align: center;\">1612<\/td>\n<td style=\"text-align: center;\">1612<\/td>\n<td style=\"text-align: center;\">2012<\/td>\n<td style=\"text-align: center;\">2012<\/td>\n<td style=\"text-align: center;\">1612<\/td>\n<td style=\"text-align: center;\">2012<\/td>\n<\/tr>\n<tr style=\"background-color: #ddf2fd;\">\n<td style=\"text-align: left;\">Transporth\u00f6he\u00a0(mm)<\/td>\n<td style=\"text-align: center;\"><\/td>\n<td style=\"text-align: center;\">2140<\/td>\n<td style=\"text-align: center;\">2140<\/td>\n<td style=\"text-align: center;\">2140<\/td>\n<td style=\"text-align: center;\"><\/td>\n<td style=\"text-align: center;\"><\/td>\n<td style=\"text-align: center;\">2140<\/td>\n<td style=\"text-align: center;\"><\/td>\n<\/tr>\n<tr style=\"background-color: #ddeff7;\">\n<td style=\"text-align: left;\">Anzahl der Eing\u00e4nge und<br \/>\nihr Durchmesse (mm)<\/td>\n<td style=\"text-align: center;\">1&#215;700<\/td>\n<td style=\"text-align: center;\">1&#215;700<\/td>\n<td style=\"text-align: center;\">1&#215;700<\/td>\n<td style=\"text-align: center;\">1&#215;700<\/td>\n<td style=\"text-align: center;\">1&#215;700<\/td>\n<td style=\"text-align: center;\">1&#215;700<\/td>\n<td style=\"text-align: center;\">2&#215;700<\/td>\n<td style=\"text-align: center;\">2&#215;700<\/td>\n<\/tr>\n<tr style=\"background-color: #ddf2fd;\">\n<td style=\"text-align: left;\">Nennleistung (kW)<\/td>\n<td style=\"text-align: center;\">1<\/td>\n<td style=\"text-align: center;\">1<\/td>\n<td style=\"text-align: center;\">1<\/td>\n<td style=\"text-align: center;\">1<\/td>\n<td style=\"text-align: center;\">1<\/td>\n<td style=\"text-align: center;\">1<\/td>\n<td style=\"text-align: center;\">1<\/td>\n<td style=\"text-align: center;\">1<\/td>\n<\/tr>\n<\/tbody>\n<\/table>\n<p style=\"margin: 0cm 0cm 0pt; text-align: justify; mso-pagination: none; mso-layout-grid-align: none;\">Dieser Tankstellentyp kann Einsatz in Gel\u00e4nden von unterschiedlich orientierten Firmen, insbesondere Bauorganisationen, landwirtschaftlichen Genossenschaften, Verkehrsfirmen, Forstwesen, Flugwesen und F\u00f6rderungsindustrie finden. Diese Tankstellen sind vor allem f\u00fcr ihre schnelle Montage, geringe Anspr\u00fcche an bauliche \u00c4nderungen, sichere und einfache Bedienung und Erschwinglichkeit geeignet.<\/p>\n<\/div><div class=\"fusion-separator fusion-full-width-sep\" style=\"align-self: center;margin-left: auto;margin-right: auto;margin-top:20px;margin-bottom:20px;width:100%;\"><\/div><div class=\"awb-gallery-wrapper awb-gallery-wrapper-1 button-span-no\" style=\"--more-btn-alignment:center;\"><div style=\"margin:-5px;--awb-bordersize:0px;\" class=\"fusion-gallery fusion-gallery-container fusion-grid-3 fusion-columns-total-6 fusion-gallery-layout-grid fusion-gallery-1\"><div style=\"padding:5px;\" class=\"fusion-grid-column fusion-gallery-column fusion-gallery-column-3 hover-type-none awb-imageframe-style awb-imageframe-style-below awb-imageframe-style-1\"><div class=\"fusion-gallery-image\"><a href=\"https:\/\/www.baest.cz\/wp-content\/uploads\/2022\/12\/_produkty-image_pjpeg-20090426080940-6941-economic-o1.jpg\" data-title=\"BEST ECONOMIC\" title=\"BEST ECONOMIC\" rel=\"noreferrer\" data-rel=\"iLightbox[gallery_image_1]\" class=\"fusion-lightbox\" target=\"_self\"><img decoding=\"async\" src=\"https:\/\/www.baest.cz\/wp-content\/uploads\/2022\/12\/_produkty-image_pjpeg-20090426080940-6941-economic-o1-452x295.jpg\" width=\"452\" height=\"295\" alt=\"\" title=\"BEST ECONOMIC\" aria-label=\"BEST ECONOMIC\" class=\"img-responsive wp-image-679 fusion-gallery-image-size-fixed\"  \/><\/a><\/div><div class=\"awb-imageframe-caption-container\"><div class=\"awb-imageframe-caption\"><div class=\"awb-imageframe-caption-title\">BEST ECONOMIC<\/div><\/div><\/div><\/div><div style=\"padding:5px;\" class=\"fusion-grid-column fusion-gallery-column fusion-gallery-column-3 hover-type-none awb-imageframe-style awb-imageframe-style-below awb-imageframe-style-1\"><div class=\"fusion-gallery-image\"><a href=\"https:\/\/www.baest.cz\/wp-content\/uploads\/2022\/12\/_produkty-image_pjpeg-20090426080940-9682-economic-o1-1.jpg\" data-title=\"BEST ECONOMIC\" title=\"BEST ECONOMIC\" rel=\"noreferrer\" data-rel=\"iLightbox[gallery_image_1]\" class=\"fusion-lightbox\" target=\"_self\"><img decoding=\"async\" src=\"https:\/\/www.baest.cz\/wp-content\/uploads\/2022\/12\/_produkty-image_pjpeg-20090426080940-9682-economic-o1-1-452x295.jpg\" width=\"452\" height=\"295\" alt=\"\" title=\"BEST ECONOMIC\" aria-label=\"BEST ECONOMIC\" class=\"img-responsive wp-image-680 fusion-gallery-image-size-fixed\"  \/><\/a><\/div><div class=\"awb-imageframe-caption-container\"><div class=\"awb-imageframe-caption\"><div class=\"awb-imageframe-caption-title\">BEST ECONOMIC<\/div><\/div><\/div><\/div><div style=\"padding:5px;\" class=\"fusion-grid-column fusion-gallery-column fusion-gallery-column-3 hover-type-none awb-imageframe-style awb-imageframe-style-below awb-imageframe-style-1\"><div class=\"fusion-gallery-image\"><a href=\"https:\/\/www.baest.cz\/wp-content\/uploads\/2022\/12\/_produkty-image_pjpeg-20090426081003-4426-economic-o1-3.jpg\" data-title=\"BEST ECONOMIC\" title=\"BEST ECONOMIC\" rel=\"noreferrer\" data-rel=\"iLightbox[gallery_image_1]\" class=\"fusion-lightbox\" target=\"_self\"><img decoding=\"async\" src=\"https:\/\/www.baest.cz\/wp-content\/uploads\/2022\/12\/_produkty-image_pjpeg-20090426081003-4426-economic-o1-3-452x295.jpg\" width=\"452\" height=\"295\" alt=\"\" title=\"BEST ECONOMIC\" aria-label=\"BEST ECONOMIC\" class=\"img-responsive wp-image-681 fusion-gallery-image-size-fixed\"  \/><\/a><\/div><div class=\"awb-imageframe-caption-container\"><div class=\"awb-imageframe-caption\"><div class=\"awb-imageframe-caption-title\">BEST ECONOMIC<\/div><\/div><\/div><\/div><div class=\"clearfix\"><\/div><div style=\"padding:5px;\" class=\"fusion-grid-column fusion-gallery-column fusion-gallery-column-3 hover-type-none awb-imageframe-style awb-imageframe-style-below awb-imageframe-style-1\"><div class=\"fusion-gallery-image\"><a rel=\"noreferrer\" data-rel=\"iLightbox[gallery_image_1]\" class=\"fusion-lightbox\" target=\"_self\"><img decoding=\"async\" src=\"\" width=\"\" height=\"\" alt=\"\" title=\"\" aria-label=\"\" class=\"img-responsive wp-image-682 fusion-gallery-image-size-fixed\"  \/><\/a><\/div><div class=\"awb-imageframe-caption-container\"><div class=\"awb-imageframe-caption\"><\/div><\/div><\/div><div style=\"padding:5px;\" class=\"fusion-grid-column fusion-gallery-column fusion-gallery-column-3 hover-type-none awb-imageframe-style awb-imageframe-style-below awb-imageframe-style-1\"><div class=\"fusion-gallery-image\"><a rel=\"noreferrer\" data-rel=\"iLightbox[gallery_image_1]\" class=\"fusion-lightbox\" target=\"_self\"><img decoding=\"async\" src=\"\" width=\"\" height=\"\" alt=\"\" title=\"\" aria-label=\"\" class=\"img-responsive wp-image-683 fusion-gallery-image-size-fixed\"  \/><\/a><\/div><div class=\"awb-imageframe-caption-container\"><div class=\"awb-imageframe-caption\"><\/div><\/div><\/div><div style=\"padding:5px;\" class=\"fusion-grid-column fusion-gallery-column fusion-gallery-column-3 hover-type-none awb-imageframe-style awb-imageframe-style-below awb-imageframe-style-1\"><div class=\"fusion-gallery-image\"><a href=\"https:\/\/www.baest.cz\/wp-content\/uploads\/2022\/12\/_produkty-image_pjpeg-20091020124402-7186-economic.jpg\" data-title=\"BEST ECONOMIC\" title=\"BEST ECONOMIC\" rel=\"noreferrer\" data-rel=\"iLightbox[gallery_image_1]\" class=\"fusion-lightbox\" target=\"_self\"><img decoding=\"async\" src=\"https:\/\/www.baest.cz\/wp-content\/uploads\/2022\/12\/_produkty-image_pjpeg-20091020124402-7186-economic-451x295.jpg\" width=\"451\" height=\"295\" alt=\"\" title=\"BEST ECONOMIC\" aria-label=\"BEST ECONOMIC\" class=\"img-responsive wp-image-684 fusion-gallery-image-size-fixed\"  \/><\/a><\/div><div class=\"awb-imageframe-caption-container\"><div class=\"awb-imageframe-caption\"><div class=\"awb-imageframe-caption-title\">BEST ECONOMIC<\/div><\/div><\/div><\/div><div class=\"clearfix\"><\/div><\/div><\/div><\/div><\/div><\/div><\/div>\n","protected":false},"excerpt":{"rendered":"","protected":false},"author":3,"featured_media":2922,"parent":2892,"menu_order":0,"comment_status":"open","ping_status":"closed","template":"","meta":{"_monsterinsights_skip_tracking":false,"_monsterinsights_sitenote_active":false,"_monsterinsights_sitenote_note":"","_monsterinsights_sitenote_category":0,"footnotes":""},"class_list":["post-2921","page","type-page","status-publish","has-post-thumbnail","hentry"],"_links":{"self":[{"href":"https:\/\/www.baest.cz\/de\/wp-json\/wp\/v2\/pages\/2921","targetHints":{"allow":["GET"]}}],"collection":[{"href":"https:\/\/www.baest.cz\/de\/wp-json\/wp\/v2\/pages"}],"about":[{"href":"https:\/\/www.baest.cz\/de\/wp-json\/wp\/v2\/types\/page"}],"author":[{"embeddable":true,"href":"https:\/\/www.baest.cz\/de\/wp-json\/wp\/v2\/users\/3"}],"replies":[{"embeddable":true,"href":"https:\/\/www.baest.cz\/de\/wp-json\/wp\/v2\/comments?post=2921"}],"version-history":[{"count":0,"href":"https:\/\/www.baest.cz\/de\/wp-json\/wp\/v2\/pages\/2921\/revisions"}],"up":[{"embeddable":true,"href":"https:\/\/www.baest.cz\/de\/wp-json\/wp\/v2\/pages\/2892"}],"wp:featuredmedia":[{"embeddable":true,"href":"https:\/\/www.baest.cz\/de\/wp-json\/wp\/v2\/media\/2922"}],"wp:attachment":[{"href":"https:\/\/www.baest.cz\/de\/wp-json\/wp\/v2\/media?parent=2921"}],"curies":[{"name":"wp","href":"https:\/\/api.w.org\/{rel}","templated":true}]}}