{"id":2927,"date":"2022-12-02T11:32:46","date_gmt":"2022-12-02T10:32:46","guid":{"rendered":"http:\/\/baest.cz\/produkte\/tankstellen\/best-integra\/"},"modified":"2023-02-14T15:54:44","modified_gmt":"2023-02-14T14:54:44","slug":"best-integra","status":"publish","type":"page","link":"https:\/\/www.baest.cz\/de\/produkte\/tankstellen\/best-integra\/","title":{"rendered":"BEST INTEGRA"},"content":{"rendered":"<div class=\"fusion-fullwidth fullwidth-box fusion-builder-row-1 fusion-flex-container nonhundred-percent-fullwidth non-hundred-percent-height-scrolling\" style=\"--awb-border-radius-top-left:0px;--awb-border-radius-top-right:0px;--awb-border-radius-bottom-right:0px;--awb-border-radius-bottom-left:0px;\" ><div class=\"fusion-builder-row fusion-row fusion-flex-align-items-flex-start\" style=\"max-width:1331.2px;margin-left: calc(-4% \/ 2 );margin-right: calc(-4% \/ 2 );\"><div class=\"fusion-layout-column fusion_builder_column fusion-builder-column-0 fusion_builder_column_1_1 1_1 fusion-flex-column\" style=\"--awb-bg-size:cover;--awb-width-large:100%;--awb-margin-top-large:0px;--awb-spacing-right-large:1.92%;--awb-margin-bottom-large:0px;--awb-spacing-left-large:1.92%;--awb-width-medium:100%;--awb-spacing-right-medium:1.92%;--awb-spacing-left-medium:1.92%;--awb-width-small:100%;--awb-spacing-right-small:1.92%;--awb-spacing-left-small:1.92%;\"><div class=\"fusion-column-wrapper fusion-flex-justify-content-flex-start fusion-content-layout-column\"><div class=\"fusion-text fusion-text-1\"><p><strong>\u010cerpac\u00ed stanice BEST INTEGRA<\/strong> je ocelov\u00e1 dvoupl\u00e1\u0161\u0165ov\u00e1 n\u00e1dr\u017e na naftu s&nbsp;integrovanou \u00fakapovou j\u00edmkou a&nbsp;zast\u0159e\u0161en\u00edm, ur\u010den\u00e1 pro ekologick\u00e9 skladov\u00e1n\u00ed a&nbsp;v\u00fddej ho\u0159lav\u00fdch kapalin II.a\u017e IV.t\u0159\u00eddy nebezpe\u010dnosti v\u0161ude tam, kde je zapot\u0159eb\u00ed db\u00e1t zv\u00fd\u0161en\u00e9 bezpe\u010dnosti p\u0159i&nbsp;manipulaci s&nbsp;nebezpe\u010dn\u00fdmi l\u00e1tkami. Jedn\u00e1 se o&nbsp;technicky vysp\u011blou samostatn\u011b funguj\u00edc\u00ed sestavu, vybavenou ve standardu integrovan\u00fdm v\u00fddejn\u00edm za\u0159\u00edzen\u00edm, sac\u00edmi a&nbsp;pln\u00edc\u00edmi prvky, akustick\u00fdm hl\u00e1si\u010dem maxim\u00e1ln\u00ed hladiny a&nbsp;indikac\u00ed t\u011bsnosti mezipl\u00e1\u0161t\u011b, \u017eeb\u0159\u00edkem s&nbsp;pochoz\u00ed l\u00e1vkou a&nbsp;plamenopojistkou. Cel\u00e9 toto za\u0159\u00edzen\u00ed, d\u00edky sv\u00e9 promy\u0161len\u00e9 koncepci, lze pova\u017eovat za bez\u00fadr\u017ebov\u00e9. L\u00e9ty prov\u011b\u0159en\u00e9 dvoupl\u00e1\u0161\u0165ov\u00e9 v\u00e1lcov\u00e9 \u0159e\u0161en\u00ed skladovac\u00ed n\u00e1dr\u017ee zaru\u010duje prax\u00ed prok\u00e1zanou spolehlivou \u017eivotnost p\u0159esahuj\u00edc\u00ed v\u00edce, ne\u017e jednu generaci, p\u0159i&nbsp;zachov\u00e1n\u00ed sv\u00fdch vlastnost\u00ed.<\/p>\n<p><span style=\"color: #141f98;\"><span style=\"text-decoration: underline;\"><strong>Z\u00e1kladn\u00ed objemov\u00e1 \u0159ada:<\/strong><\/span><\/span> 5, 10, 16, 20, 32 a&nbsp;50m3 s&nbsp;mo\u017enost\u00ed d\u011blen\u00ed pro 2 nebo 3 m\u00e9dia.<\/p>\n<p>Za\u0159\u00edzen\u00ed slou\u017e\u00ed k&nbsp;bezpe\u010dn\u00e9mu a&nbsp;ekologick\u00e9mu skladov\u00e1n\u00ed a&nbsp;v\u00fddeji ho\u0159lav\u00fdch kapalin v\u0161ech t\u0159\u00edd nebezpe\u010dnosti<\/p>\n<p><span style=\"color: #141f98;\"><span style=\"text-decoration: underline;\"><strong>Vybaven\u00ed BEST INTEGRA:<\/strong><\/span><\/span><\/p>\n<ul>\n<li>st\u00e1\u010dec\u00ed, pln\u00edc\u00ed a&nbsp;odkalovac\u00ed technologi\u00ed<\/li>\n<li>protiplamennou pojistkou<\/li>\n<li>obslu\u017enou plo\u0161inou se \u017eeb\u0159\u00edkem<\/li>\n<li>zemn\u00edc\u00ed soustavou<\/li>\n<li>signalizac\u00ed napln\u011bn\u00ed n\u00e1dr\u017ee s&nbsp;plov\u00e1kov\u00fdm ovlada\u010dem E 218.3<\/li>\n<li>m\u011b\u0159\u00edc\u00ed armaturou s&nbsp;ty\u010d\u00ed (p\u0159\u00edpadn\u011b kontinueln\u00ed m\u011b\u0159en\u00ed v\u00fd\u0161ky hladiny)<\/li>\n<li>indikac\u00ed mezipl\u00e1\u0161\u0165ov\u00e9ho prostoru<\/li>\n<li>elektrick\u00fdm rozvad\u011b\u010dem um\u00edst\u011bn\u00e9m v&nbsp;ochrann\u00e9m p\u00e1smu 3,5m<\/li>\n<li>st\u00e1\u010den\u00edm \u010derpadlem ( dle po\u017eadavku z\u00e1kazn\u00edka)<\/li>\n<li>v\u00fddejn\u00edm stojanem<\/li>\n<li>mo\u017enost dopln\u011bn\u00ed tankovac\u00edm automatem na magnetick\u00e9 nebo \u010dipov\u00e9 karty<\/li>\n<li>zast\u0159e\u0161en\u00edm v\u00fddejn\u00ed plochy (typov\u00e9 nebo dle po\u017eadavku z\u00e1kazn\u00edka)<\/li>\n<\/ul>\n<p>Tento typ \u010derpac\u00ed stanice nach\u00e1z\u00ed uplatn\u011bn\u00ed v&nbsp;are\u00e1lech firem s&nbsp;r\u016fzn\u00fdm druhem zam\u011b\u0159en\u00ed zejm\u00e9na ve stavebn\u00edch organizac\u00edch, zem\u011bd\u011blsk\u00fdch dru\u017estvech, dopravn\u00edch firm\u00e1ch, lesnictv\u00ed, letectv\u00ed a&nbsp;t\u011b\u017eebn\u00edm pr\u016fmyslu. Jsou v\u00fdhodn\u00e9 hlavn\u011b pro svou rychlost v\u00fdstavby, nen\u00e1ro\u010dnost na stavebn\u00ed \u00fapravy, bezpe\u010dnou a&nbsp;snadnou obsluhu a&nbsp;finan\u010dn\u00ed dostupnost.<\/p>\n<\/div><div class=\"fusion-separator fusion-full-width-sep\" style=\"align-self: center;margin-left: auto;margin-right: auto;margin-top:20px;margin-bottom:20px;width:100%;\"><\/div><div class=\"awb-gallery-wrapper awb-gallery-wrapper-1 button-span-no\" style=\"--more-btn-alignment:center;\"><div style=\"margin:-5px;--awb-bordersize:0px;\" class=\"fusion-gallery fusion-gallery-container fusion-grid-3 fusion-columns-total-3 fusion-gallery-layout-grid fusion-gallery-1\"><div style=\"padding:5px;\" class=\"fusion-grid-column fusion-gallery-column fusion-gallery-column-3 hover-type-none awb-imageframe-style awb-imageframe-style-below awb-imageframe-style-1\"><div class=\"fusion-gallery-image\"><a href=\"https:\/\/www.baest.cz\/wp-content\/uploads\/2022\/12\/_produkty-image_jpeg-20150731012523-3764-111.jpg\" rel=\"noreferrer\" data-rel=\"iLightbox[gallery_image_1]\" class=\"fusion-lightbox\" target=\"_self\"><img decoding=\"async\" src=\"https:\/\/www.baest.cz\/wp-content\/uploads\/2022\/12\/_produkty-image_jpeg-20150731012523-3764-111-341x295.jpg\" width=\"341\" height=\"295\" alt=\"\" title=\"\" aria-label=\"\" class=\"img-responsive wp-image-1160 fusion-gallery-image-size-fixed\"  \/><\/a><\/div><div class=\"awb-imageframe-caption-container\"><div class=\"awb-imageframe-caption\"><\/div><\/div><\/div><div style=\"padding:5px;\" class=\"fusion-grid-column fusion-gallery-column fusion-gallery-column-3 hover-type-none awb-imageframe-style awb-imageframe-style-below awb-imageframe-style-1\"><div class=\"fusion-gallery-image\"><a rel=\"noreferrer\" data-rel=\"iLightbox[gallery_image_1]\" class=\"fusion-lightbox\" target=\"_self\"><img decoding=\"async\" src=\"\" width=\"\" height=\"\" alt=\"\" title=\"\" aria-label=\"\" class=\"img-responsive wp-image-1161 fusion-gallery-image-size-fixed\"  \/><\/a><\/div><div class=\"awb-imageframe-caption-container\"><div class=\"awb-imageframe-caption\"><\/div><\/div><\/div><div style=\"padding:5px;\" class=\"fusion-grid-column fusion-gallery-column fusion-gallery-column-3 hover-type-none awb-imageframe-style awb-imageframe-style-below awb-imageframe-style-1\"><div class=\"fusion-gallery-image\"><a rel=\"noreferrer\" data-rel=\"iLightbox[gallery_image_1]\" class=\"fusion-lightbox\" target=\"_self\"><img decoding=\"async\" src=\"\" width=\"\" height=\"\" alt=\"\" title=\"\" aria-label=\"\" class=\"img-responsive wp-image-1162 fusion-gallery-image-size-fixed\"  \/><\/a><\/div><div class=\"awb-imageframe-caption-container\"><div class=\"awb-imageframe-caption\"><\/div><\/div><\/div><div class=\"clearfix\"><\/div><\/div><\/div><\/div><\/div><\/div><\/div>\n","protected":false},"excerpt":{"rendered":"","protected":false},"author":3,"featured_media":2928,"parent":2892,"menu_order":0,"comment_status":"closed","ping_status":"closed","template":"","meta":{"_monsterinsights_skip_tracking":false,"_monsterinsights_sitenote_active":false,"_monsterinsights_sitenote_note":"","_monsterinsights_sitenote_category":0,"footnotes":""},"class_list":["post-2927","page","type-page","status-publish","has-post-thumbnail","hentry"],"_links":{"self":[{"href":"https:\/\/www.baest.cz\/de\/wp-json\/wp\/v2\/pages\/2927","targetHints":{"allow":["GET"]}}],"collection":[{"href":"https:\/\/www.baest.cz\/de\/wp-json\/wp\/v2\/pages"}],"about":[{"href":"https:\/\/www.baest.cz\/de\/wp-json\/wp\/v2\/types\/page"}],"author":[{"embeddable":true,"href":"https:\/\/www.baest.cz\/de\/wp-json\/wp\/v2\/users\/3"}],"replies":[{"embeddable":true,"href":"https:\/\/www.baest.cz\/de\/wp-json\/wp\/v2\/comments?post=2927"}],"version-history":[{"count":0,"href":"https:\/\/www.baest.cz\/de\/wp-json\/wp\/v2\/pages\/2927\/revisions"}],"up":[{"embeddable":true,"href":"https:\/\/www.baest.cz\/de\/wp-json\/wp\/v2\/pages\/2892"}],"wp:featuredmedia":[{"embeddable":true,"href":"https:\/\/www.baest.cz\/de\/wp-json\/wp\/v2\/media\/2928"}],"wp:attachment":[{"href":"https:\/\/www.baest.cz\/de\/wp-json\/wp\/v2\/media?parent=2927"}],"curies":[{"name":"wp","href":"https:\/\/api.w.org\/{rel}","templated":true}]}}