{"id":2945,"date":"2022-12-01T11:00:20","date_gmt":"2022-12-01T10:00:20","guid":{"rendered":"http:\/\/baest.cz\/produkte\/tankstellen\/ministavebnice-cs\/"},"modified":"2023-02-15T08:47:02","modified_gmt":"2023-02-15T07:47:02","slug":"mini-baukasten-von-der-tankstelle-typ-duo-und-quatro","status":"publish","type":"page","link":"https:\/\/www.baest.cz\/de\/produkte\/tankstellen\/mini-baukasten-von-der-tankstelle-typ-duo-und-quatro\/","title":{"rendered":"Mini-Baukasten von der Tankstelle Typ DUO und QUATRO"},"content":{"rendered":"<div class=\"fusion-fullwidth fullwidth-box fusion-builder-row-1 fusion-flex-container nonhundred-percent-fullwidth non-hundred-percent-height-scrolling\" style=\"--awb-border-radius-top-left:0px;--awb-border-radius-top-right:0px;--awb-border-radius-bottom-right:0px;--awb-border-radius-bottom-left:0px;\" ><div class=\"fusion-builder-row fusion-row fusion-flex-align-items-flex-start\" style=\"max-width:1331.2px;margin-left: calc(-4% \/ 2 );margin-right: calc(-4% \/ 2 );\"><div class=\"fusion-layout-column fusion_builder_column fusion-builder-column-0 fusion_builder_column_1_1 1_1 fusion-flex-column\" style=\"--awb-bg-size:cover;--awb-width-large:100%;--awb-margin-top-large:0px;--awb-spacing-right-large:1.92%;--awb-margin-bottom-large:0px;--awb-spacing-left-large:1.92%;--awb-width-medium:100%;--awb-spacing-right-medium:1.92%;--awb-spacing-left-medium:1.92%;--awb-width-small:100%;--awb-spacing-right-small:1.92%;--awb-spacing-left-small:1.92%;\"><div class=\"fusion-column-wrapper fusion-flex-justify-content-flex-start fusion-content-layout-column\"><div class=\"fusion-text fusion-text-1\"><p>Der System von dem Mini-Baukasten der Tankstelle ist eine moderne technologische L\u00f6sung, die auf der Anbringung des Lagerbeh\u00e4lters mit dem technologischen Schacht direkt unter den Zapfs\u00e4ulen gegr\u00fcndet ist. Der technologische Schacht ist in dem Oberteil auf den doppelwandigen Lagerbeh\u00e4lter aufgeschwei\u00dft und gleichzeitig dient als die Ausgabeinsel. In diesem Schacht sind die kompletten Rohrleitungen angebracht. Das Beh\u00e4ltergesamtvolumen kann sich in dem Umfang von 10 bis 100 m3 bewegen.<\/p>\n<p>Der Mini-Baukasten von der Tankstelle wird in zwei Ausf\u00fchrungstypen DUO und QUATRO erzeugt. Der System DUO ist auf der Anbringung des Lagerbeh\u00e4lters in der L\u00e4ngsfahrtrichtung gegr\u00fcndet, wobei zwei Fahrspuren entstehen. Der System QUATRO ist auf der Anbringung des Beh\u00e4lters in der Querrichtung gegr\u00fcndet. Bei dieser L\u00f6sung k\u00f6nnen vier und mehre Fahrspuren entstehen.<\/p>\n<p>Die angegebene Konstruktionsl\u00f6sung und Anordnung der Tankstelle erf\u00fcllt die Anforderung an minimale Bebauungsanspr\u00fcche unter Ausnutzung von allen Vorteile einer mittleren und gro\u00dfen Tankstelle. Sie erm\u00f6glicht die gleichzeitige Sch\u00f6pfung aller gelagerten Treibstoffe ohne gegenseitige Begrenzung und beschleunigt die Ausgabe und den Betrieb der ganzen Tankstelle.<\/p>\n<p><strong><em><span style=\"text-decoration: underline;\">Vorteile der Systemen DUO und QUATRO:<span style=\"mso-spacerun: yes;\">\u00a0 <\/span>a QUATRO:<\/span><\/em><\/strong><\/p>\n<ul>\n<li>\n<p style=\"margin: 0cm 0cm 0pt;\">minimale Bebauungsanspr\u00fcche unter Ausnutzung von allen Vorteilen einer mittleren und gro\u00dfen Tankstelle<\/p>\n<\/li>\n<li>\n<p style=\"margin: 0cm 0cm 0pt;\">m\u00f6gliche Zusammensetzung der ganzen technologischen Anlage im Fertigungsbetrieb<\/p>\n<\/li>\n<li>\n<p style=\"margin: 0cm 0cm 0pt;\">Minimierung der Rohrleitungsl\u00e4nge<\/p>\n<\/li>\n<li>\n<p style=\"margin: 0cm 0cm 0pt;\">Verk\u00fcrzung der Montageszeit im Vergleich mit der klassischen Tankstelle<\/p>\n<\/li>\n<li>\n<p style=\"margin: 0cm 0cm 0pt;\">Minimierung der Investitionskosten f\u00fcr den Aufbau der ganzen Tankstelle einschlie\u00dflich der Bauarbeiten<\/p>\n<\/li>\n<\/ul>\n<\/div><div class=\"fusion-separator fusion-full-width-sep\" style=\"align-self: center;margin-left: auto;margin-right: auto;margin-top:20px;margin-bottom:20px;width:100%;\"><\/div><div class=\"awb-gallery-wrapper awb-gallery-wrapper-1 button-span-no\" style=\"--more-btn-alignment:center;\"><div style=\"margin:-5px;--awb-bordersize:0px;\" class=\"fusion-gallery fusion-gallery-container fusion-grid-3 fusion-columns-total-17 fusion-gallery-layout-grid fusion-gallery-1\"><div style=\"padding:5px;\" class=\"fusion-grid-column fusion-gallery-column fusion-gallery-column-3 hover-type-none awb-imageframe-style awb-imageframe-style-below awb-imageframe-style-1\"><div class=\"fusion-gallery-image\"><a href=\"https:\/\/www.baest.cz\/wp-content\/uploads\/2022\/12\/_produkty-image_pjpeg-20090427013827-0528-duo-a.jpg\" data-title=\"ministavebnice DUO\" title=\"ministavebnice DUO\" rel=\"noreferrer\" data-rel=\"iLightbox[gallery_image_1]\" class=\"fusion-lightbox\" target=\"_self\"><img decoding=\"async\" src=\"https:\/\/www.baest.cz\/wp-content\/uploads\/2022\/12\/_produkty-image_pjpeg-20090427013827-0528-duo-a-452x295.jpg\" width=\"452\" height=\"295\" alt=\"\" title=\"ministavebnice DUO\" aria-label=\"ministavebnice DUO\" class=\"img-responsive wp-image-594 fusion-gallery-image-size-fixed\"  \/><\/a><\/div><div class=\"awb-imageframe-caption-container\"><div class=\"awb-imageframe-caption\"><div class=\"awb-imageframe-caption-title\">ministavebnice DUO<\/div><\/div><\/div><\/div><div style=\"padding:5px;\" class=\"fusion-grid-column fusion-gallery-column fusion-gallery-column-3 hover-type-none awb-imageframe-style awb-imageframe-style-below awb-imageframe-style-1\"><div class=\"fusion-gallery-image\"><a href=\"https:\/\/www.baest.cz\/wp-content\/uploads\/2022\/12\/_produkty-image_pjpeg-20090427013827-7346-foto-jesenice-oval.jpg\" data-title=\"ministavebnice DUO\" title=\"ministavebnice DUO\" rel=\"noreferrer\" data-rel=\"iLightbox[gallery_image_1]\" class=\"fusion-lightbox\" target=\"_self\"><img decoding=\"async\" src=\"https:\/\/www.baest.cz\/wp-content\/uploads\/2022\/12\/_produkty-image_pjpeg-20090427013827-7346-foto-jesenice-oval-452x295.jpg\" width=\"452\" height=\"295\" alt=\"\" title=\"ministavebnice DUO\" aria-label=\"ministavebnice DUO\" class=\"img-responsive wp-image-595 fusion-gallery-image-size-fixed\"  \/><\/a><\/div><div class=\"awb-imageframe-caption-container\"><div class=\"awb-imageframe-caption\"><div class=\"awb-imageframe-caption-title\">ministavebnice DUO<\/div><\/div><\/div><\/div><div style=\"padding:5px;\" class=\"fusion-grid-column fusion-gallery-column fusion-gallery-column-3 hover-type-none awb-imageframe-style awb-imageframe-style-below awb-imageframe-style-1\"><div class=\"fusion-gallery-image\"><a href=\"https:\/\/www.baest.cz\/wp-content\/uploads\/2022\/12\/_produkty-image_pjpeg-20090427013827-5923-ministavebnice5-oval.jpg\" data-title=\"ministavebnice DUO\" title=\"ministavebnice DUO\" rel=\"noreferrer\" data-rel=\"iLightbox[gallery_image_1]\" class=\"fusion-lightbox\" target=\"_self\"><img decoding=\"async\" src=\"https:\/\/www.baest.cz\/wp-content\/uploads\/2022\/12\/_produkty-image_pjpeg-20090427013827-5923-ministavebnice5-oval-452x295.jpg\" width=\"452\" height=\"295\" alt=\"\" title=\"ministavebnice DUO\" aria-label=\"ministavebnice DUO\" class=\"img-responsive wp-image-596 fusion-gallery-image-size-fixed\"  \/><\/a><\/div><div class=\"awb-imageframe-caption-container\"><div class=\"awb-imageframe-caption\"><div class=\"awb-imageframe-caption-title\">ministavebnice DUO<\/div><\/div><\/div><\/div><div class=\"clearfix\"><\/div><div style=\"padding:5px;\" class=\"fusion-grid-column fusion-gallery-column fusion-gallery-column-3 hover-type-none awb-imageframe-style awb-imageframe-style-below awb-imageframe-style-1\"><div class=\"fusion-gallery-image\"><a href=\"https:\/\/www.baest.cz\/wp-content\/uploads\/2022\/12\/_produkty-image_pjpeg-20100609093245-7858-mc-jasa-benesov.jpg\" data-title=\"ministavebnice DUO\" title=\"ministavebnice DUO\" rel=\"noreferrer\" data-rel=\"iLightbox[gallery_image_1]\" class=\"fusion-lightbox\" target=\"_self\"><img decoding=\"async\" src=\"https:\/\/www.baest.cz\/wp-content\/uploads\/2022\/12\/_produkty-image_pjpeg-20100609093245-7858-mc-jasa-benesov-452x295.jpg\" width=\"452\" height=\"295\" alt=\"\" title=\"ministavebnice DUO\" aria-label=\"ministavebnice DUO\" class=\"img-responsive wp-image-597 fusion-gallery-image-size-fixed\"  \/><\/a><\/div><div class=\"awb-imageframe-caption-container\"><div class=\"awb-imageframe-caption\"><div class=\"awb-imageframe-caption-title\">ministavebnice DUO<\/div><\/div><\/div><\/div><div style=\"padding:5px;\" class=\"fusion-grid-column fusion-gallery-column fusion-gallery-column-3 hover-type-none awb-imageframe-style awb-imageframe-style-below awb-imageframe-style-1\"><div class=\"fusion-gallery-image\"><a href=\"https:\/\/www.baest.cz\/wp-content\/uploads\/2022\/12\/_produkty-image_pjpeg-20100609093245-0509-mc-netvorice-kopie.jpg\" data-title=\"ministavebnice DUO\" title=\"ministavebnice DUO\" rel=\"noreferrer\" data-rel=\"iLightbox[gallery_image_1]\" class=\"fusion-lightbox\" target=\"_self\"><img decoding=\"async\" src=\"https:\/\/www.baest.cz\/wp-content\/uploads\/2022\/12\/_produkty-image_pjpeg-20100609093245-0509-mc-netvorice-kopie-452x295.jpg\" width=\"452\" height=\"295\" alt=\"\" title=\"ministavebnice DUO\" aria-label=\"ministavebnice DUO\" class=\"img-responsive wp-image-598 fusion-gallery-image-size-fixed\"  \/><\/a><\/div><div class=\"awb-imageframe-caption-container\"><div class=\"awb-imageframe-caption\"><div class=\"awb-imageframe-caption-title\">ministavebnice DUO<\/div><\/div><\/div><\/div><div style=\"padding:5px;\" class=\"fusion-grid-column fusion-gallery-column fusion-gallery-column-3 hover-type-none awb-imageframe-style awb-imageframe-style-below awb-imageframe-style-1\"><div class=\"fusion-gallery-image\"><a href=\"https:\/\/www.baest.cz\/wp-content\/uploads\/2022\/12\/_produkty-image_pjpeg-20100609093245-3627-mc-pruhonice.jpg\" data-title=\"ministavebnice DUO\" title=\"ministavebnice DUO\" rel=\"noreferrer\" data-rel=\"iLightbox[gallery_image_1]\" class=\"fusion-lightbox\" target=\"_self\"><img decoding=\"async\" src=\"https:\/\/www.baest.cz\/wp-content\/uploads\/2022\/12\/_produkty-image_pjpeg-20100609093245-3627-mc-pruhonice-450x295.jpg\" width=\"450\" height=\"295\" alt=\"\" title=\"ministavebnice DUO\" aria-label=\"ministavebnice DUO\" class=\"img-responsive wp-image-599 fusion-gallery-image-size-fixed\"  \/><\/a><\/div><div class=\"awb-imageframe-caption-container\"><div class=\"awb-imageframe-caption\"><div class=\"awb-imageframe-caption-title\">ministavebnice DUO<\/div><\/div><\/div><\/div><div class=\"clearfix\"><\/div><div style=\"padding:5px;\" class=\"fusion-grid-column fusion-gallery-column fusion-gallery-column-3 hover-type-none awb-imageframe-style awb-imageframe-style-below awb-imageframe-style-1\"><div class=\"fusion-gallery-image\"><a href=\"https:\/\/www.baest.cz\/wp-content\/uploads\/2022\/12\/_produkty-image_pjpeg-20100609093454-7414-quatro-a.jpg\" data-title=\"ministavebnice QUATRO\" title=\"ministavebnice QUATRO\" rel=\"noreferrer\" data-rel=\"iLightbox[gallery_image_1]\" class=\"fusion-lightbox\" target=\"_self\"><img decoding=\"async\" src=\"https:\/\/www.baest.cz\/wp-content\/uploads\/2022\/12\/_produkty-image_pjpeg-20100609093454-7414-quatro-a-454x295.jpg\" width=\"454\" height=\"295\" alt=\"\" title=\"ministavebnice QUATRO\" aria-label=\"ministavebnice QUATRO\" class=\"img-responsive wp-image-600 fusion-gallery-image-size-fixed\"  \/><\/a><\/div><div class=\"awb-imageframe-caption-container\"><div class=\"awb-imageframe-caption\"><div class=\"awb-imageframe-caption-title\">ministavebnice QUATRO<\/div><\/div><\/div><\/div><div style=\"padding:5px;\" class=\"fusion-grid-column fusion-gallery-column fusion-gallery-column-3 hover-type-none awb-imageframe-style awb-imageframe-style-below awb-imageframe-style-1\"><div class=\"fusion-gallery-image\"><a href=\"https:\/\/www.baest.cz\/wp-content\/uploads\/2022\/12\/_produkty-image_pjpeg-20100609093454-1830-kladno-5-oval.jpg\" data-title=\"ministavebnice QUATRO\" title=\"ministavebnice QUATRO\" rel=\"noreferrer\" data-rel=\"iLightbox[gallery_image_1]\" class=\"fusion-lightbox\" target=\"_self\"><img decoding=\"async\" src=\"https:\/\/www.baest.cz\/wp-content\/uploads\/2022\/12\/_produkty-image_pjpeg-20100609093454-1830-kladno-5-oval-452x295.jpg\" width=\"452\" height=\"295\" alt=\"\" title=\"ministavebnice QUATRO\" aria-label=\"ministavebnice QUATRO\" class=\"img-responsive wp-image-601 fusion-gallery-image-size-fixed\"  \/><\/a><\/div><div class=\"awb-imageframe-caption-container\"><div class=\"awb-imageframe-caption\"><div class=\"awb-imageframe-caption-title\">ministavebnice QUATRO<\/div><\/div><\/div><\/div><div style=\"padding:5px;\" class=\"fusion-grid-column fusion-gallery-column fusion-gallery-column-3 hover-type-none awb-imageframe-style awb-imageframe-style-below awb-imageframe-style-1\"><div class=\"fusion-gallery-image\"><a href=\"https:\/\/www.baest.cz\/wp-content\/uploads\/2022\/12\/_produkty-image_pjpeg-20100609093454-3598-steti-5-ovl.jpg\" data-title=\"ministavebnice QUATRO\" title=\"ministavebnice QUATRO\" rel=\"noreferrer\" data-rel=\"iLightbox[gallery_image_1]\" class=\"fusion-lightbox\" target=\"_self\"><img decoding=\"async\" src=\"https:\/\/www.baest.cz\/wp-content\/uploads\/2022\/12\/_produkty-image_pjpeg-20100609093454-3598-steti-5-ovl-452x295.jpg\" width=\"452\" height=\"295\" alt=\"\" title=\"ministavebnice QUATRO\" aria-label=\"ministavebnice QUATRO\" class=\"img-responsive wp-image-602 fusion-gallery-image-size-fixed\"  \/><\/a><\/div><div class=\"awb-imageframe-caption-container\"><div class=\"awb-imageframe-caption\"><div class=\"awb-imageframe-caption-title\">ministavebnice QUATRO<\/div><\/div><\/div><\/div><div class=\"clearfix\"><\/div><div style=\"padding:5px;\" class=\"fusion-grid-column fusion-gallery-column fusion-gallery-column-3 hover-type-none awb-imageframe-style awb-imageframe-style-below awb-imageframe-style-1\"><div class=\"fusion-gallery-image\"><a href=\"https:\/\/www.baest.cz\/wp-content\/uploads\/2022\/12\/_produkty-image_pjpeg-20100609093651-7405-mc-rozvadov.jpg\" data-title=\"ministavebnice QUATRO\" title=\"ministavebnice QUATRO\" rel=\"noreferrer\" data-rel=\"iLightbox[gallery_image_1]\" class=\"fusion-lightbox\" target=\"_self\"><img decoding=\"async\" src=\"https:\/\/www.baest.cz\/wp-content\/uploads\/2022\/12\/_produkty-image_pjpeg-20100609093651-7405-mc-rozvadov-450x295.jpg\" width=\"450\" height=\"295\" alt=\"\" title=\"ministavebnice QUATRO\" aria-label=\"ministavebnice QUATRO\" class=\"img-responsive wp-image-603 fusion-gallery-image-size-fixed\"  \/><\/a><\/div><div class=\"awb-imageframe-caption-container\"><div class=\"awb-imageframe-caption\"><div class=\"awb-imageframe-caption-title\">ministavebnice QUATRO<\/div><\/div><\/div><\/div><div style=\"padding:5px;\" class=\"fusion-grid-column fusion-gallery-column fusion-gallery-column-3 hover-type-none awb-imageframe-style awb-imageframe-style-below awb-imageframe-style-1\"><div class=\"fusion-gallery-image\"><a href=\"https:\/\/www.baest.cz\/wp-content\/uploads\/2022\/12\/_produkty-image_pjpeg-20100609093651-8020-mc-cerveny-kostelec.jpg\" data-title=\"ministavebnice QUATRO\" title=\"ministavebnice QUATRO\" rel=\"noreferrer\" data-rel=\"iLightbox[gallery_image_1]\" class=\"fusion-lightbox\" target=\"_self\"><img decoding=\"async\" src=\"https:\/\/www.baest.cz\/wp-content\/uploads\/2022\/12\/_produkty-image_pjpeg-20100609093651-8020-mc-cerveny-kostelec-452x295.jpg\" width=\"452\" height=\"295\" alt=\"\" title=\"ministavebnice QUATRO\" aria-label=\"ministavebnice QUATRO\" class=\"img-responsive wp-image-604 fusion-gallery-image-size-fixed\"  \/><\/a><\/div><div class=\"awb-imageframe-caption-container\"><div class=\"awb-imageframe-caption\"><div class=\"awb-imageframe-caption-title\">ministavebnice QUATRO<\/div><\/div><\/div><\/div><div style=\"padding:5px;\" class=\"fusion-grid-column fusion-gallery-column fusion-gallery-column-3 hover-type-none awb-imageframe-style awb-imageframe-style-below awb-imageframe-style-1\"><div class=\"fusion-gallery-image\"><a href=\"https:\/\/www.baest.cz\/wp-content\/uploads\/2022\/12\/_produkty-image_pjpeg-20100609093652-1699-mc-vlasim.jpg\" data-title=\"ministavebnice QUATRO\" title=\"ministavebnice QUATRO\" rel=\"noreferrer\" data-rel=\"iLightbox[gallery_image_1]\" class=\"fusion-lightbox\" target=\"_self\"><img decoding=\"async\" src=\"https:\/\/www.baest.cz\/wp-content\/uploads\/2022\/12\/_produkty-image_pjpeg-20100609093652-1699-mc-vlasim-452x295.jpg\" width=\"452\" height=\"295\" alt=\"\" title=\"ministavebnice QUATRO\" aria-label=\"ministavebnice QUATRO\" class=\"img-responsive wp-image-605 fusion-gallery-image-size-fixed\"  \/><\/a><\/div><div class=\"awb-imageframe-caption-container\"><div class=\"awb-imageframe-caption\"><div class=\"awb-imageframe-caption-title\">ministavebnice QUATRO<\/div><\/div><\/div><\/div><div class=\"clearfix\"><\/div><div style=\"padding:5px;\" class=\"fusion-grid-column fusion-gallery-column fusion-gallery-column-3 hover-type-none awb-imageframe-style awb-imageframe-style-below awb-imageframe-style-1\"><div class=\"fusion-gallery-image\"><a rel=\"noreferrer\" data-rel=\"iLightbox[gallery_image_1]\" class=\"fusion-lightbox\" target=\"_self\"><img decoding=\"async\" src=\"\" width=\"\" height=\"\" alt=\"\" title=\"\" aria-label=\"\" class=\"img-responsive wp-image-606 fusion-gallery-image-size-fixed\"  \/><\/a><\/div><div class=\"awb-imageframe-caption-container\"><div class=\"awb-imageframe-caption\"><\/div><\/div><\/div><div style=\"padding:5px;\" class=\"fusion-grid-column fusion-gallery-column fusion-gallery-column-3 hover-type-none awb-imageframe-style awb-imageframe-style-below awb-imageframe-style-1\"><div class=\"fusion-gallery-image\"><a rel=\"noreferrer\" data-rel=\"iLightbox[gallery_image_1]\" class=\"fusion-lightbox\" target=\"_self\"><img decoding=\"async\" src=\"\" width=\"\" height=\"\" alt=\"\" title=\"\" aria-label=\"\" class=\"img-responsive wp-image-607 fusion-gallery-image-size-fixed\"  \/><\/a><\/div><div class=\"awb-imageframe-caption-container\"><div class=\"awb-imageframe-caption\"><\/div><\/div><\/div><div style=\"padding:5px;\" class=\"fusion-grid-column fusion-gallery-column fusion-gallery-column-3 hover-type-none awb-imageframe-style awb-imageframe-style-below awb-imageframe-style-1\"><div class=\"fusion-gallery-image\"><a rel=\"noreferrer\" data-rel=\"iLightbox[gallery_image_1]\" class=\"fusion-lightbox\" target=\"_self\"><img decoding=\"async\" src=\"\" width=\"\" height=\"\" alt=\"\" title=\"\" aria-label=\"\" class=\"img-responsive wp-image-608 fusion-gallery-image-size-fixed\"  \/><\/a><\/div><div class=\"awb-imageframe-caption-container\"><div class=\"awb-imageframe-caption\"><\/div><\/div><\/div><div class=\"clearfix\"><\/div><div style=\"padding:5px;\" class=\"fusion-grid-column fusion-gallery-column fusion-gallery-column-3 hover-type-none awb-imageframe-style awb-imageframe-style-below awb-imageframe-style-1\"><div class=\"fusion-gallery-image\"><a href=\"https:\/\/www.baest.cz\/wp-content\/uploads\/2022\/12\/_produkty-image_jpeg-20160204090016-1388-kladno-janecek-2-amala.jpg\" data-title=\"\u010cS Kladno\" title=\"\u010cS Kladno\" rel=\"noreferrer\" data-rel=\"iLightbox[gallery_image_1]\" class=\"fusion-lightbox\" target=\"_self\"><img decoding=\"async\" src=\"https:\/\/www.baest.cz\/wp-content\/uploads\/2022\/12\/_produkty-image_jpeg-20160204090016-1388-kladno-janecek-2-amala-460x295.jpg\" width=\"460\" height=\"295\" alt=\"\" title=\"\u010cS Kladno\" aria-label=\"\u010cS Kladno\" class=\"img-responsive wp-image-609 fusion-gallery-image-size-fixed\"  \/><\/a><\/div><div class=\"awb-imageframe-caption-container\"><div class=\"awb-imageframe-caption\"><div class=\"awb-imageframe-caption-title\">\u010cS Kladno<\/div><\/div><\/div><\/div><div style=\"padding:5px;\" class=\"fusion-grid-column fusion-gallery-column fusion-gallery-column-3 hover-type-none awb-imageframe-style awb-imageframe-style-below awb-imageframe-style-1\"><div class=\"fusion-gallery-image\"><a href=\"https:\/\/www.baest.cz\/wp-content\/uploads\/2022\/12\/_produkty-image_jpeg-20160204090016-5554-img-49761a.jpg\" data-title=\"\u010cS Tou\u017eim\" title=\"\u010cS Tou\u017eim\" rel=\"noreferrer\" data-rel=\"iLightbox[gallery_image_1]\" class=\"fusion-lightbox\" target=\"_self\"><img decoding=\"async\" src=\"https:\/\/www.baest.cz\/wp-content\/uploads\/2022\/12\/_produkty-image_jpeg-20160204090016-5554-img-49761a.jpg\" width=\"259\" height=\"194\" alt=\"\" title=\"\u010cS Tou\u017eim\" aria-label=\"\u010cS Tou\u017eim\" class=\"img-responsive wp-image-610 fusion-gallery-image-size-fixed\" srcset=\"https:\/\/www.baest.cz\/wp-content\/uploads\/2022\/12\/_produkty-image_jpeg-20160204090016-5554-img-49761a-200x150.jpg 200w, https:\/\/www.baest.cz\/wp-content\/uploads\/2022\/12\/_produkty-image_jpeg-20160204090016-5554-img-49761a.jpg 259w\" sizes=\"(min-width: 2200px) 100vw, (min-width: 784px) 423px, (min-width: 712px) 635px, (min-width: 640px) 712px, \" \/><\/a><\/div><div class=\"awb-imageframe-caption-container\"><div class=\"awb-imageframe-caption\"><div class=\"awb-imageframe-caption-title\">\u010cS Tou\u017eim<\/div><\/div><\/div><\/div><\/div><\/div><\/div><\/div><\/div><\/div>\n","protected":false},"excerpt":{"rendered":"","protected":false},"author":3,"featured_media":2946,"parent":2892,"menu_order":0,"comment_status":"closed","ping_status":"closed","template":"","meta":{"_monsterinsights_skip_tracking":false,"_monsterinsights_sitenote_active":false,"_monsterinsights_sitenote_note":"","_monsterinsights_sitenote_category":0,"footnotes":""},"class_list":["post-2945","page","type-page","status-publish","has-post-thumbnail","hentry"],"_links":{"self":[{"href":"https:\/\/www.baest.cz\/de\/wp-json\/wp\/v2\/pages\/2945","targetHints":{"allow":["GET"]}}],"collection":[{"href":"https:\/\/www.baest.cz\/de\/wp-json\/wp\/v2\/pages"}],"about":[{"href":"https:\/\/www.baest.cz\/de\/wp-json\/wp\/v2\/types\/page"}],"author":[{"embeddable":true,"href":"https:\/\/www.baest.cz\/de\/wp-json\/wp\/v2\/users\/3"}],"replies":[{"embeddable":true,"href":"https:\/\/www.baest.cz\/de\/wp-json\/wp\/v2\/comments?post=2945"}],"version-history":[{"count":0,"href":"https:\/\/www.baest.cz\/de\/wp-json\/wp\/v2\/pages\/2945\/revisions"}],"up":[{"embeddable":true,"href":"https:\/\/www.baest.cz\/de\/wp-json\/wp\/v2\/pages\/2892"}],"wp:featuredmedia":[{"embeddable":true,"href":"https:\/\/www.baest.cz\/de\/wp-json\/wp\/v2\/media\/2946"}],"wp:attachment":[{"href":"https:\/\/www.baest.cz\/de\/wp-json\/wp\/v2\/media?parent=2945"}],"curies":[{"name":"wp","href":"https:\/\/api.w.org\/{rel}","templated":true}]}}