{"id":2952,"date":"2022-12-01T13:08:22","date_gmt":"2022-12-01T12:08:22","guid":{"rendered":"http:\/\/baest.cz\/produkte\/tankstellen\/rekonstrukce-cs\/"},"modified":"2023-02-15T08:50:56","modified_gmt":"2023-02-15T07:50:56","slug":"instandsetzungen-von-tankstellen","status":"publish","type":"page","link":"https:\/\/www.baest.cz\/de\/produkte\/tankstellen\/instandsetzungen-von-tankstellen\/","title":{"rendered":"Instandsetzungen von Tankstellen"},"content":{"rendered":"<div class=\"fusion-fullwidth fullwidth-box fusion-builder-row-1 fusion-flex-container nonhundred-percent-fullwidth non-hundred-percent-height-scrolling\" style=\"--awb-border-radius-top-left:0px;--awb-border-radius-top-right:0px;--awb-border-radius-bottom-right:0px;--awb-border-radius-bottom-left:0px;\" ><div class=\"fusion-builder-row fusion-row fusion-flex-align-items-flex-start\" style=\"max-width:1331.2px;margin-left: calc(-4% \/ 2 );margin-right: calc(-4% \/ 2 );\"><div class=\"fusion-layout-column fusion_builder_column fusion-builder-column-0 fusion_builder_column_1_1 1_1 fusion-flex-column\" style=\"--awb-bg-size:cover;--awb-width-large:100%;--awb-margin-top-large:0px;--awb-spacing-right-large:1.92%;--awb-margin-bottom-large:0px;--awb-spacing-left-large:1.92%;--awb-width-medium:100%;--awb-spacing-right-medium:1.92%;--awb-spacing-left-medium:1.92%;--awb-width-small:100%;--awb-spacing-right-small:1.92%;--awb-spacing-left-small:1.92%;\"><div class=\"fusion-column-wrapper fusion-flex-justify-content-flex-start fusion-content-layout-column\"><div class=\"fusion-text fusion-text-1\"><p style=\"margin: 0cm 0cm 0pt;\">Langj\u00e4hrige Erfahrungen mit dem Aufbau von neuen Tankstellen haben der Gesellschaft BAEST, Machines &amp; Structures, a.s. erm\u00f6glicht, die Instandsetzungen von Tankstelen anzubieten und durchzuf\u00fchren.<\/p>\n<p style=\"margin: 0cm 0cm 0pt;\">\u2022 <strong><em><span style=\"text-decoration: underline;\">Instandsetzungen von Tankstellentechnologie<\/span><\/em><\/strong><\/p>\n<p style=\"margin: 0cm 0cm 0pt; text-align: justify;\">In Zusammenarbeit mit dem Investor f\u00fchren wir eine fachliche Analyse des aktuellen Technologiestandes durch, schlagen die geeignetste Art der Instandsetzung vor und bereiten eine vorl\u00e4ufige Kalkulation mit R\u00fccksicht auf die qualitative und finanzielle Anforderungen des Investors. In den meisten F\u00e4llen ist es notwendig, die Tanken zu reinigen und eventuell auszukleiden, die doppelwandige Rohrleitung, Dampfabsaugung der I. und II. Stufe zu erg\u00e4nzen oder zu ersetzen, die Elektroinstallation zu bearbeiten, die \u00e4lteren Zapfs\u00e4ulen instand zu setzen oder zu ersetzen, die vorhandenen Steuerungs- und \u00dcberwachungssysteme mit neuen zu ersetzen, eventuell eine neue \u00dcberdachung der Ausgabefl\u00e4che oder Einstellung der bestehenden \u00dcberdachung durchzuf\u00fchren. Die Instandsetzung erfolg immer in \u00dcbereinstimmung mit den geltenden Rechtsnormen im Bezug auf den Betrieb von Tankstellen. \u00dcber allen Pr\u00fcfungen, Kontrollen und Revisionen werden Protokolle erstellt, die an der Tankstelle w\u00e4hrend der gesamten Pr\u00fcfungs- und Revisionsg\u00fcltigkeit aufbewahrt werden. Die Kontroll- und Revisionsfristen richten sich nach den allgemein geltenden Vorschriften, wie CSN, Ank\u00fcndigungen, Bedienungsanleitungen, Betriebordnungen usw. Den Kontrollen und Revisionen unterliegen alle reservierten technischen Anlagen, wie Tanke, Zapfs\u00e4ulen, Elektroverteilungen usw.<\/p>\n<p style=\"margin: 0cm 0cm 0pt;\">\u2022 <strong><em><span style=\"text-decoration: underline;\">Auskleidung von Tanken<\/span><\/em><\/strong><\/p>\n<p style=\"margin: 0cm 0cm 0pt; text-align: justify;\">Wir bieten die Auskleidung von einwandigen unterirdischen sowie oberirdischen Lagerbeh\u00e4lter mit einem Innenstahlmantel an. Im Falle der Kundenwunsch k\u00f6nnen wir den Tank verteilen und mit weiteren Eing\u00e4ngen DN800, DN 700 und DN600 versehen. In Folge der durchgef\u00fchrten Auskleidung entsteht ein doppelwandiger Tank mit einem Indikationsraum, der f\u00fcr den Anschluss einer Anlage f\u00fcr \u00dcberwachung von eventuellen Undichtheiten vorbereitet ist. Wir bieten auch die komplette Tankreinigung, mit der Druckpr\u00fcfung und Ultraschall-Messung der Wandst\u00e4rke einschlie\u00dflich der vorgeschriebenen Protokolle an.<\/p>\n<\/div><\/div><\/div><\/div><\/div>\n","protected":false},"excerpt":{"rendered":"","protected":false},"author":3,"featured_media":0,"parent":2892,"menu_order":0,"comment_status":"open","ping_status":"closed","template":"","meta":{"_monsterinsights_skip_tracking":false,"_monsterinsights_sitenote_active":false,"_monsterinsights_sitenote_note":"","_monsterinsights_sitenote_category":0,"footnotes":""},"class_list":["post-2952","page","type-page","status-publish","hentry"],"_links":{"self":[{"href":"https:\/\/www.baest.cz\/de\/wp-json\/wp\/v2\/pages\/2952","targetHints":{"allow":["GET"]}}],"collection":[{"href":"https:\/\/www.baest.cz\/de\/wp-json\/wp\/v2\/pages"}],"about":[{"href":"https:\/\/www.baest.cz\/de\/wp-json\/wp\/v2\/types\/page"}],"author":[{"embeddable":true,"href":"https:\/\/www.baest.cz\/de\/wp-json\/wp\/v2\/users\/3"}],"replies":[{"embeddable":true,"href":"https:\/\/www.baest.cz\/de\/wp-json\/wp\/v2\/comments?post=2952"}],"version-history":[{"count":0,"href":"https:\/\/www.baest.cz\/de\/wp-json\/wp\/v2\/pages\/2952\/revisions"}],"up":[{"embeddable":true,"href":"https:\/\/www.baest.cz\/de\/wp-json\/wp\/v2\/pages\/2892"}],"wp:attachment":[{"href":"https:\/\/www.baest.cz\/de\/wp-json\/wp\/v2\/media?parent=2952"}],"curies":[{"name":"wp","href":"https:\/\/api.w.org\/{rel}","templated":true}]}}