{"id":2968,"date":"2022-12-01T13:49:19","date_gmt":"2022-12-01T12:49:19","guid":{"rendered":"http:\/\/baest.cz\/produkte\/mischanlagen-fuer-die-bitumenproduktion\/davkovani-granulovanych-smesi\/"},"modified":"2023-02-15T10:52:08","modified_gmt":"2023-02-15T09:52:08","slug":"koernige-arboceldosierung","status":"publish","type":"page","link":"https:\/\/www.baest.cz\/de\/produkte\/mischanlagen-fuer-die-bitumenproduktion\/koernige-arboceldosierung\/","title":{"rendered":"K\u00f6rnige Arboceldosierung"},"content":{"rendered":"<div class=\"fusion-fullwidth fullwidth-box fusion-builder-row-1 fusion-flex-container nonhundred-percent-fullwidth non-hundred-percent-height-scrolling\" style=\"--awb-border-radius-top-left:0px;--awb-border-radius-top-right:0px;--awb-border-radius-bottom-right:0px;--awb-border-radius-bottom-left:0px;\" ><div class=\"fusion-builder-row fusion-row fusion-flex-align-items-flex-start\" style=\"max-width:1331.2px;margin-left: calc(-4% \/ 2 );margin-right: calc(-4% \/ 2 );\"><div class=\"fusion-layout-column fusion_builder_column fusion-builder-column-0 fusion_builder_column_1_1 1_1 fusion-flex-column\" style=\"--awb-bg-size:cover;--awb-width-large:100%;--awb-margin-top-large:0px;--awb-spacing-right-large:1.92%;--awb-margin-bottom-large:0px;--awb-spacing-left-large:1.92%;--awb-width-medium:100%;--awb-spacing-right-medium:1.92%;--awb-spacing-left-medium:1.92%;--awb-width-small:100%;--awb-spacing-right-small:1.92%;--awb-spacing-left-small:1.92%;\"><div class=\"fusion-column-wrapper fusion-flex-justify-content-flex-start fusion-content-layout-column\"><div class=\"fusion-text fusion-text-1\"><p>Die Dosierungsf\u00fclltrichter sind f\u00fcr die Dosierung der Modifikationszus\u00e4tze (ARBOCEL, TOPCEL, VIATOP, usw.) in die erzeugten Asfaltmischung zum Zwecke der Verbesserung ihrer Gebrauchseigenschaften bestimmt. Die F\u00fclltrichter f\u00fcr k\u00f6rnige Zuschlagstoffe wird mit Schaugl\u00e4ser, einem Vibrator und einem Deckel versehen. Das Silodeckel\u00f6ffnen bei der F\u00fcllung aus einem BIG-BAG erfolgt mittels eines Druckluftzylinders. Mit einer F\u00f6rderschnecke werden die k\u00f6rnigen Zuschlagstoffe in einen tensometrisch gewogenen mit einer Druckluftklappe geschlossenen Beh\u00e4lter bef\u00f6rdert. Nach dem Wiegen von der einstellbaren Menge mit der Sollgenauigkeit von 3 %, wird diese Menge mit einem Zellenrad gleichm\u00e4\u00dfig in die Druckluftf\u00f6rderung dosiert und in den mit einer Druckluftklappe geschlossenen Rohrschleuder bef\u00f6rdert. Die Rohrleitung aus dem Rohrschleuder m\u00fcndet in den Mischer oder in die Gesteinmehlf\u00f6rderschnecke. Die F\u00f6rderrohrleitung ist mit den Schnellkupplungen verbunden und ist mit einer Abzweigung f\u00fcr die Stichprobenpr\u00fcfungen von Richtigkeit der Gewichtsbestimmung versehen.<\/p>\n<p>Die Oberfl\u00e4chenbehandlung wird mit einem Epoxydharz- oder Polyurethananstrichsystem durchgef\u00fchrt.<\/p>\n<\/div><div class=\"fusion-separator fusion-full-width-sep\" style=\"align-self: center;margin-left: auto;margin-right: auto;margin-top:20px;margin-bottom:20px;width:100%;\"><\/div><div class=\"awb-gallery-wrapper awb-gallery-wrapper-1 button-span-no\" style=\"--more-btn-alignment:center;\"><div style=\"margin:-5px;--awb-bordersize:0px;\" class=\"fusion-gallery fusion-gallery-container fusion-grid-3 fusion-columns-total-2 fusion-gallery-layout-grid fusion-gallery-1\"><div style=\"padding:5px;\" class=\"fusion-grid-column fusion-gallery-column fusion-gallery-column-3 hover-type-none awb-imageframe-style awb-imageframe-style-below awb-imageframe-style-1\"><div class=\"fusion-gallery-image\"><a href=\"https:\/\/www.baest.cz\/wp-content\/uploads\/2022\/12\/_produkty-image_pjpeg-20090426094525-7724-davkovani-ardocelu-1.jpg\" data-title=\"d\u00e1vkov\u00e1n\u00ed granulovn\u00fdch sm\u011bs\u00ed\" title=\"d\u00e1vkov\u00e1n\u00ed granulovn\u00fdch sm\u011bs\u00ed\" rel=\"noreferrer\" data-rel=\"iLightbox[gallery_image_1]\" class=\"fusion-lightbox\" target=\"_self\"><img decoding=\"async\" src=\"https:\/\/www.baest.cz\/wp-content\/uploads\/2022\/12\/_produkty-image_pjpeg-20090426094525-7724-davkovani-ardocelu-1-452x295.jpg\" width=\"452\" height=\"295\" alt=\"\" title=\"d\u00e1vkov\u00e1n\u00ed granulovn\u00fdch sm\u011bs\u00ed\" aria-label=\"d\u00e1vkov\u00e1n\u00ed granulovn\u00fdch sm\u011bs\u00ed\" class=\"img-responsive wp-image-790 fusion-gallery-image-size-fixed\"  \/><\/a><\/div><div class=\"awb-imageframe-caption-container\"><div class=\"awb-imageframe-caption\"><div class=\"awb-imageframe-caption-title\">d\u00e1vkov\u00e1n\u00ed granulovn\u00fdch sm\u011bs\u00ed<\/div><\/div><\/div><\/div><div style=\"padding:5px;\" class=\"fusion-grid-column fusion-gallery-column fusion-gallery-column-3 hover-type-none awb-imageframe-style awb-imageframe-style-below awb-imageframe-style-1\"><div class=\"fusion-gallery-image\"><a href=\"https:\/\/www.baest.cz\/wp-content\/uploads\/2022\/12\/_produkty-image_pjpeg-20090426094525-1229-dscf0639-oval.jpg\" data-title=\"d\u00e1vkov\u00e1n\u00ed granulovn\u00fdch sm\u011bs\u00ed\" title=\"d\u00e1vkov\u00e1n\u00ed granulovn\u00fdch sm\u011bs\u00ed\" rel=\"noreferrer\" data-rel=\"iLightbox[gallery_image_1]\" class=\"fusion-lightbox\" target=\"_self\"><img decoding=\"async\" src=\"https:\/\/www.baest.cz\/wp-content\/uploads\/2022\/12\/_produkty-image_pjpeg-20090426094525-1229-dscf0639-oval-452x295.jpg\" width=\"452\" height=\"295\" alt=\"\" title=\"d\u00e1vkov\u00e1n\u00ed granulovn\u00fdch sm\u011bs\u00ed\" aria-label=\"d\u00e1vkov\u00e1n\u00ed granulovn\u00fdch sm\u011bs\u00ed\" class=\"img-responsive wp-image-791 fusion-gallery-image-size-fixed\"  \/><\/a><\/div><div class=\"awb-imageframe-caption-container\"><div class=\"awb-imageframe-caption\"><div class=\"awb-imageframe-caption-title\">d\u00e1vkov\u00e1n\u00ed granulovn\u00fdch sm\u011bs\u00ed<\/div><\/div><\/div><\/div><\/div><\/div><\/div><\/div><\/div><\/div>\n","protected":false},"excerpt":{"rendered":"","protected":false},"author":3,"featured_media":2969,"parent":2961,"menu_order":0,"comment_status":"open","ping_status":"closed","template":"","meta":{"_monsterinsights_skip_tracking":false,"_monsterinsights_sitenote_active":false,"_monsterinsights_sitenote_note":"","_monsterinsights_sitenote_category":0,"footnotes":""},"class_list":["post-2968","page","type-page","status-publish","has-post-thumbnail","hentry"],"_links":{"self":[{"href":"https:\/\/www.baest.cz\/de\/wp-json\/wp\/v2\/pages\/2968","targetHints":{"allow":["GET"]}}],"collection":[{"href":"https:\/\/www.baest.cz\/de\/wp-json\/wp\/v2\/pages"}],"about":[{"href":"https:\/\/www.baest.cz\/de\/wp-json\/wp\/v2\/types\/page"}],"author":[{"embeddable":true,"href":"https:\/\/www.baest.cz\/de\/wp-json\/wp\/v2\/users\/3"}],"replies":[{"embeddable":true,"href":"https:\/\/www.baest.cz\/de\/wp-json\/wp\/v2\/comments?post=2968"}],"version-history":[{"count":0,"href":"https:\/\/www.baest.cz\/de\/wp-json\/wp\/v2\/pages\/2968\/revisions"}],"up":[{"embeddable":true,"href":"https:\/\/www.baest.cz\/de\/wp-json\/wp\/v2\/pages\/2961"}],"wp:featuredmedia":[{"embeddable":true,"href":"https:\/\/www.baest.cz\/de\/wp-json\/wp\/v2\/media\/2969"}],"wp:attachment":[{"href":"https:\/\/www.baest.cz\/de\/wp-json\/wp\/v2\/media?parent=2968"}],"curies":[{"name":"wp","href":"https:\/\/api.w.org\/{rel}","templated":true}]}}