{"id":2996,"date":"2022-12-01T13:49:18","date_gmt":"2022-12-01T12:49:18","guid":{"rendered":"http:\/\/baest.cz\/produkte\/mischanlagen-fuer-die-bitumenproduktion\/susici-bubny\/"},"modified":"2023-02-15T12:10:32","modified_gmt":"2023-02-15T11:10:32","slug":"trockentrommel","status":"publish","type":"page","link":"https:\/\/www.baest.cz\/de\/produkte\/mischanlagen-fuer-die-bitumenproduktion\/trockentrommel\/","title":{"rendered":"Trockentrommel"},"content":{"rendered":"<div class=\"fusion-fullwidth fullwidth-box fusion-builder-row-1 fusion-flex-container nonhundred-percent-fullwidth non-hundred-percent-height-scrolling\" style=\"--awb-border-radius-top-left:0px;--awb-border-radius-top-right:0px;--awb-border-radius-bottom-right:0px;--awb-border-radius-bottom-left:0px;\" ><div class=\"fusion-builder-row fusion-row fusion-flex-align-items-flex-start\" style=\"max-width:1331.2px;margin-left: calc(-4% \/ 2 );margin-right: calc(-4% \/ 2 );\"><div class=\"fusion-layout-column fusion_builder_column fusion-builder-column-0 fusion_builder_column_1_1 1_1 fusion-flex-column\" style=\"--awb-bg-size:cover;--awb-width-large:100%;--awb-margin-top-large:0px;--awb-spacing-right-large:1.92%;--awb-margin-bottom-large:0px;--awb-spacing-left-large:1.92%;--awb-width-medium:100%;--awb-spacing-right-medium:1.92%;--awb-spacing-left-medium:1.92%;--awb-width-small:100%;--awb-spacing-right-small:1.92%;--awb-spacing-left-small:1.92%;\"><div class=\"fusion-column-wrapper fusion-flex-justify-content-flex-start fusion-content-layout-column\"><div class=\"fusion-text fusion-text-1\"><p>Die Trockentrommel ist eine Anlage, die die Sand- und Gesteintrocknung bei der Herstellung der Bitumenmischungen sichert. Die Trockentrommelgr\u00f6\u00dfe und -stundenleistung ist projektiert laut der eigenen Leistung der Mischanlage f\u00fcr die Bitumenproduktion. Der Tubus des Trockentrommel ist aus einem Stahlblech der Qualit\u00e4t HII oder 15 Mo3 angefertigt. In dem Tubus ist eine Schaufel eingebaut, der entweder geschraubt oder geschwei\u00dft ist. Die Trockentrommel rollt sich auf Stahlkreisbahnen. Die Drehmoment\u00fcbertragung erfolgt durch angetriebene Abw\u00e4lzrollen oder durch eine Gliederkette, die das am Mantel der Trockentrommel angeschraubte Segmentkettenrad umspannt. Die W\u00e4rmeverluste werden durch die W\u00e4rmeisolierung vermindert, die an dem Zylinderf\u00f6rmigenteil der Trockentrommel befestigt ist. Die Isolierung wird von einem Luftspalt gebildet. Die Isolierungsummantelung wird mit einem verzinkten oder rostfreien Blech, beziehungsweise durch mit dem Isolierungsmaterial SIBRAL durchgef\u00fchrt. Der Drehteil der Trockentrommel ist in einer Grundkonstruktion untergebracht, woran auch die Station\u00e4rteile f\u00fcr den Materialeintritt und -austritt befestigt sind. Die Au\u00dfenoberfl\u00e4chenbehandlung wird mit einem thermoresistenten Anstrichsystem durchgef\u00fchrt.<\/p>\n<p style=\"margin: 0cm 0cm 0pt; text-align: justify;\">Au\u00dfer der Herstellung von neuen Anlagen f\u00fchren wir auch:<\/p>\n<ul>\n<li>\n<div style=\"margin: 0cm 0cm 0pt; text-align: justify;\">Reparaturen<\/div>\n<\/li>\n<li>\n<div style=\"margin: 0cm 0cm 0pt; text-align: justify;\">Instandsetzungen<\/div>\n<\/li>\n<li>\n<div style=\"margin: 0cm 0cm 0pt; text-align: justify;\">Austausch von Stahlkomponenten<\/div>\n<\/li>\n<li>\n<div style=\"margin: 0cm 0cm 0pt; text-align: justify;\">Ersatzteillieferungen<\/div>\n<\/li>\n<\/ul>\n<\/div><div class=\"fusion-separator fusion-full-width-sep\" style=\"align-self: center;margin-left: auto;margin-right: auto;margin-top:20px;margin-bottom:20px;width:100%;\"><\/div><div class=\"awb-gallery-wrapper awb-gallery-wrapper-1 button-span-no\" style=\"--more-btn-alignment:center;\"><div style=\"margin:-5px;--awb-bordersize:0px;\" class=\"fusion-gallery fusion-gallery-container fusion-grid-3 fusion-columns-total-3 fusion-gallery-layout-grid fusion-gallery-1\"><div style=\"padding:5px;\" class=\"fusion-grid-column fusion-gallery-column fusion-gallery-column-3 hover-type-none awb-imageframe-style awb-imageframe-style-below awb-imageframe-style-1\"><div class=\"fusion-gallery-image\"><a href=\"https:\/\/www.baest.cz\/wp-content\/uploads\/2022\/12\/_produkty-image_jpeg-20150616090116-5520-foto-128.jpg\" rel=\"noreferrer\" data-rel=\"iLightbox[gallery_image_1]\" class=\"fusion-lightbox\" target=\"_self\"><img decoding=\"async\" src=\"https:\/\/www.baest.cz\/wp-content\/uploads\/2022\/12\/_produkty-image_jpeg-20150616090116-5520-foto-128-460x295.jpg\" width=\"460\" height=\"295\" alt=\"\" title=\"\" aria-label=\"\" class=\"img-responsive wp-image-786 fusion-gallery-image-size-fixed\"  \/><\/a><\/div><div class=\"awb-imageframe-caption-container\"><div class=\"awb-imageframe-caption\"><\/div><\/div><\/div><div style=\"padding:5px;\" class=\"fusion-grid-column fusion-gallery-column fusion-gallery-column-3 hover-type-none awb-imageframe-style awb-imageframe-style-below awb-imageframe-style-1\"><div class=\"fusion-gallery-image\"><a rel=\"noreferrer\" data-rel=\"iLightbox[gallery_image_1]\" class=\"fusion-lightbox\" target=\"_self\"><img decoding=\"async\" src=\"\" width=\"\" height=\"\" alt=\"\" title=\"\" aria-label=\"\" class=\"img-responsive wp-image-787 fusion-gallery-image-size-fixed\"  \/><\/a><\/div><div class=\"awb-imageframe-caption-container\"><div class=\"awb-imageframe-caption\"><\/div><\/div><\/div><div style=\"padding:5px;\" class=\"fusion-grid-column fusion-gallery-column fusion-gallery-column-3 hover-type-none awb-imageframe-style awb-imageframe-style-below awb-imageframe-style-1\"><div class=\"fusion-gallery-image\"><a rel=\"noreferrer\" data-rel=\"iLightbox[gallery_image_1]\" class=\"fusion-lightbox\" target=\"_self\"><img decoding=\"async\" src=\"\" width=\"\" height=\"\" alt=\"\" title=\"\" aria-label=\"\" class=\"img-responsive wp-image-788 fusion-gallery-image-size-fixed\"  \/><\/a><\/div><div class=\"awb-imageframe-caption-container\"><div class=\"awb-imageframe-caption\"><\/div><\/div><\/div><div class=\"clearfix\"><\/div><\/div><\/div><\/div><\/div><\/div><\/div>\n","protected":false},"excerpt":{"rendered":"","protected":false},"author":3,"featured_media":2997,"parent":2961,"menu_order":0,"comment_status":"open","ping_status":"closed","template":"","meta":{"_monsterinsights_skip_tracking":false,"_monsterinsights_sitenote_active":false,"_monsterinsights_sitenote_note":"","_monsterinsights_sitenote_category":0,"footnotes":""},"class_list":["post-2996","page","type-page","status-publish","has-post-thumbnail","hentry"],"_links":{"self":[{"href":"https:\/\/www.baest.cz\/de\/wp-json\/wp\/v2\/pages\/2996","targetHints":{"allow":["GET"]}}],"collection":[{"href":"https:\/\/www.baest.cz\/de\/wp-json\/wp\/v2\/pages"}],"about":[{"href":"https:\/\/www.baest.cz\/de\/wp-json\/wp\/v2\/types\/page"}],"author":[{"embeddable":true,"href":"https:\/\/www.baest.cz\/de\/wp-json\/wp\/v2\/users\/3"}],"replies":[{"embeddable":true,"href":"https:\/\/www.baest.cz\/de\/wp-json\/wp\/v2\/comments?post=2996"}],"version-history":[{"count":0,"href":"https:\/\/www.baest.cz\/de\/wp-json\/wp\/v2\/pages\/2996\/revisions"}],"up":[{"embeddable":true,"href":"https:\/\/www.baest.cz\/de\/wp-json\/wp\/v2\/pages\/2961"}],"wp:featuredmedia":[{"embeddable":true,"href":"https:\/\/www.baest.cz\/de\/wp-json\/wp\/v2\/media\/2997"}],"wp:attachment":[{"href":"https:\/\/www.baest.cz\/de\/wp-json\/wp\/v2\/media?parent=2996"}],"curies":[{"name":"wp","href":"https:\/\/api.w.org\/{rel}","templated":true}]}}