{"id":3056,"date":"2022-12-02T11:31:39","date_gmt":"2022-12-02T10:31:39","guid":{"rendered":"http:\/\/baest.cz\/produkte\/silos-fuelltrichter-und-behaelter\/nasypky-a-zasobniky\/"},"modified":"2023-02-15T13:34:40","modified_gmt":"2023-02-15T12:34:40","slug":"fuelltrichter-und-behaelter","status":"publish","type":"page","link":"https:\/\/www.baest.cz\/de\/produkte\/silos-fuelltrichter-und-behaelter\/fuelltrichter-und-behaelter\/","title":{"rendered":"F\u00fclltrichter und Beh\u00e4lter"},"content":{"rendered":"<div class=\"fusion-fullwidth fullwidth-box fusion-builder-row-1 fusion-flex-container nonhundred-percent-fullwidth non-hundred-percent-height-scrolling\" style=\"--awb-border-radius-top-left:0px;--awb-border-radius-top-right:0px;--awb-border-radius-bottom-right:0px;--awb-border-radius-bottom-left:0px;\" ><div class=\"fusion-builder-row fusion-row fusion-flex-align-items-flex-start\" style=\"max-width:1331.2px;margin-left: calc(-4% \/ 2 );margin-right: calc(-4% \/ 2 );\"><div class=\"fusion-layout-column fusion_builder_column fusion-builder-column-0 fusion_builder_column_1_1 1_1 fusion-flex-column\" style=\"--awb-bg-size:cover;--awb-width-large:100%;--awb-margin-top-large:0px;--awb-spacing-right-large:1.92%;--awb-margin-bottom-large:0px;--awb-spacing-left-large:1.92%;--awb-width-medium:100%;--awb-spacing-right-medium:1.92%;--awb-spacing-left-medium:1.92%;--awb-width-small:100%;--awb-spacing-right-small:1.92%;--awb-spacing-left-small:1.92%;\"><div class=\"fusion-column-wrapper fusion-flex-justify-content-flex-start fusion-content-layout-column\"><div class=\"fusion-text fusion-text-1\"><p>F\u00fclltrichter und Silos dienen zur Lagerung von Sch\u00fcttg\u00fctern und Mischungen, die vor allem in Landwirtschaft, Bauwesen, in chemischer und petrochemischen Industrie, Nahrungsmittelindustrie, Energetik, \u00d6kologie usw. verwendet werden. Lagerf\u00fclltrichter und Silos werden einschlie\u00dflich der kompletten Ausstattung geliefert.<\/p>\n<p>Die Qualit\u00e4tsoberfl\u00e4chenbehandlung von der F\u00fclltrichter und Silos ist mit dem Epoxydharz- oder Polyurethananstrich durchgef\u00fchrt. Bedienungsb\u00fchnen, Treppen, Leiter und Schutzgel\u00e4nder sind feuerverzinkt.<\/p>\n<p style=\"text-align: justify;\"><span style=\"color: #000000;\"><strong><em><span style=\"text-decoration: underline;\">Die Aktiengesellschaft BAEST, Machines &amp; Structures, a.s. sichert:<\/span><\/em><\/strong> <\/span><\/p>\n<ul>\n<li>\n<div style=\"text-align: justify;\"><span style=\"color: #000000;\">Projektionst\u00e4tigkeit<\/span><\/div>\n<\/li>\n<li>\n<div style=\"text-align: justify;\"><span style=\"color: #000000;\">Konstruktions- und Herstellungsdokumentation<\/span><\/div>\n<\/li>\n<li>\n<div style=\"text-align: justify;\"><span style=\"color: #000000;\">statische Berechnungen<\/span><\/div>\n<\/li>\n<li>\n<div style=\"text-align: justify;\"><span style=\"color: #000000;\">Fertigung und Lieferung von F\u00fclltrichter und Silos<\/span><\/div>\n<\/li>\n<li>\n<div style=\"text-align: justify;\"><span style=\"color: #000000;\">Transport<\/span><\/div>\n<\/li>\n<li>\n<div style=\"text-align: justify;\"><span style=\"color: #000000;\">Montage und Inbetriebsetzung<\/span><\/div>\n<\/li>\n<\/ul>\n<p style=\"text-align: justify;\"><span style=\"color: #000000;\"><strong><em><span style=\"text-decoration: underline;\">Technische Ausf\u00fchrung:<\/span><\/em><\/strong> <\/span><\/p>\n<ul>\n<li>\n<div style=\"text-align: justify;\"><span style=\"color: #000000;\">zylinderf\u00f6rmig<\/span><\/div>\n<\/li>\n<li>\n<div style=\"text-align: justify;\"><span style=\"color: #000000;\">rechteckig<\/span><\/div>\n<\/li>\n<\/ul>\n<p style=\"text-align: justify;\"><span style=\"color: #000000;\"><strong><em><span style=\"text-decoration: underline;\">Angewandte Materialien:<\/span><\/em><\/strong> <\/span><\/p>\n<ul>\n<li>\n<div style=\"text-align: justify;\"><span style=\"color: #000000;\">\u00fcblicher Konstruktionsstahl<\/span><\/div>\n<\/li>\n<li>\n<div style=\"text-align: justify;\"><span style=\"color: #000000;\">rostfreier Stahl<\/span><\/div>\n<\/li>\n<li>\n<div style=\"text-align: justify;\"><span style=\"color: #000000;\">Kombination<\/span><\/div>\n<\/li>\n<\/ul>\n<p style=\"text-align: justify;\"><span style=\"color: #000000;\"><strong><em><span style=\"text-decoration: underline;\">Volumenreihe:<\/span><\/em><\/strong> <\/span><\/p>\n<ul>\n<li>\n<div style=\"text-align: justify;\"><span style=\"color: #000000;\">Volumen von 0,5 bis 250&nbsp;m<sup>3<\/sup> <\/span><\/div>\n<\/li>\n<li>\n<div style=\"text-align: justify;\"><span style=\"color: #000000;\">Durchmesser von 1,0 bis 4,5&nbsp;m <\/span><\/div>\n<\/li>\n<li>\n<div style=\"text-align: justify;\"><span style=\"color: #000000;\">Ma\u00dfe &#8211; Maximall\u00e4nge 30&nbsp;m <\/span><\/div>\n<\/li>\n<li>\n<div style=\"text-align: justify;\"><span style=\"color: #000000;\">Gewicht &#8211; bis 30 t<\/span><\/div>\n<\/li>\n<\/ul>\n<p style=\"text-align: justify;\"><strong><em><span style=\"text-decoration: underline;\">Ausstattung der F\u00fclltrichter und F\u00f6rderer:<\/span><\/em><\/strong><\/p>\n<ul>\n<li>\n<div style=\"text-align: justify;\"><span style=\"color: #000000;\">F\u00fcllrohrleitung mit Drosselventilen und Bajonettverschl\u00fcssen<\/span><\/div>\n<\/li>\n<li>\n<div style=\"text-align: justify;\"><span style=\"color: #000000;\">Einstiegsluken und Revisions\u00f6ffnungen<\/span><\/div>\n<\/li>\n<li>\n<div style=\"text-align: justify;\"><span style=\"color: #000000;\">Zerschlagen mit dem Brechkegel<\/span><\/div>\n<\/li>\n<li>\n<div style=\"text-align: justify;\"><span style=\"color: #000000;\">Bel\u00fcftungseinrichtung<\/span><\/div>\n<\/li>\n<li>\n<div style=\"text-align: justify;\"><span style=\"color: #000000;\">Vibrationsb\u00f6den<\/span><\/div>\n<\/li>\n<li>\n<div style=\"text-align: justify;\"><span style=\"color: #000000;\">Au\u00dfenvibratoren, Intervallklopfer<\/span><\/div>\n<\/li>\n<li>\n<div style=\"text-align: justify;\"><span style=\"color: #000000;\">Schmetterlingsverschlussklappen<\/span><\/div>\n<\/li>\n<li>\n<div style=\"text-align: justify;\"><span style=\"color: #000000;\">Zellenraddosierer<\/span><\/div>\n<\/li>\n<li>\n<div style=\"text-align: justify;\"><span style=\"color: #000000;\">Filter<\/span><\/div>\n<\/li>\n<li>\n<div style=\"text-align: justify;\"><span style=\"color: #000000;\">Sicherheitsklappen<\/span><\/div>\n<\/li>\n<li>\n<div style=\"text-align: justify;\"><span style=\"color: #000000;\">Explosion- und Druckentlastungseinrichtung<\/span><\/div>\n<\/li>\n<li>\n<div style=\"text-align: justify;\"><span style=\"color: #000000;\">Messsonden<\/span><\/div>\n<\/li>\n<li>\n<div style=\"text-align: justify;\"><span style=\"color: #000000;\">Wiegensysteme<\/span><\/div>\n<\/li>\n<li>\n<div style=\"text-align: justify;\"><span style=\"color: #000000;\">F\u00f6rderschnecke, Bandf\u00f6rderer<\/span><\/div>\n<\/li>\n<li>\n<div style=\"text-align: justify;\"><span style=\"color: #000000;\">Schutzgel\u00e4nder, Leiter, \u00dcbergangs- und Bedienungspodeste<\/span><\/div>\n<\/li>\n<\/ul>\n<\/div><div class=\"awb-gallery-wrapper awb-gallery-wrapper-1 button-span-no\" style=\"--more-btn-alignment:center;\"><div style=\"margin:-5px;--awb-bordersize:0px;\" class=\"fusion-gallery fusion-gallery-container fusion-grid-3 fusion-columns-total-10 fusion-gallery-layout-grid fusion-gallery-1\"><div style=\"padding:5px;\" class=\"fusion-grid-column fusion-gallery-column fusion-gallery-column-3 hover-type-none awb-imageframe-style awb-imageframe-style-below awb-imageframe-style-1\"><div class=\"fusion-gallery-image\"><a href=\"https:\/\/www.baest.cz\/wp-content\/uploads\/2022\/12\/_produkty-image_pjpeg-20090511031423-7840-zasobnik-3.jpg\" rel=\"noreferrer\" data-rel=\"iLightbox[gallery_image_1]\" class=\"fusion-lightbox\" target=\"_self\"><img decoding=\"async\" src=\"https:\/\/www.baest.cz\/wp-content\/uploads\/2022\/12\/_produkty-image_pjpeg-20090511031423-7840-zasobnik-3-452x295.jpg\" width=\"452\" height=\"295\" alt=\"\" title=\"\" aria-label=\"\" class=\"img-responsive wp-image-1132 fusion-gallery-image-size-fixed\"  \/><\/a><\/div><div class=\"awb-imageframe-caption-container\"><div class=\"awb-imageframe-caption\"><\/div><\/div><\/div><div style=\"padding:5px;\" class=\"fusion-grid-column fusion-gallery-column fusion-gallery-column-3 hover-type-none awb-imageframe-style awb-imageframe-style-below awb-imageframe-style-1\"><div class=\"fusion-gallery-image\"><a rel=\"noreferrer\" data-rel=\"iLightbox[gallery_image_1]\" class=\"fusion-lightbox\" target=\"_self\"><img decoding=\"async\" src=\"\" width=\"\" height=\"\" alt=\"\" title=\"\" aria-label=\"\" class=\"img-responsive wp-image-1133 fusion-gallery-image-size-fixed\"  \/><\/a><\/div><div class=\"awb-imageframe-caption-container\"><div class=\"awb-imageframe-caption\"><\/div><\/div><\/div><div style=\"padding:5px;\" class=\"fusion-grid-column fusion-gallery-column fusion-gallery-column-3 hover-type-none awb-imageframe-style awb-imageframe-style-below awb-imageframe-style-1\"><div class=\"fusion-gallery-image\"><a rel=\"noreferrer\" data-rel=\"iLightbox[gallery_image_1]\" class=\"fusion-lightbox\" target=\"_self\"><img decoding=\"async\" src=\"\" width=\"\" height=\"\" alt=\"\" title=\"\" aria-label=\"\" class=\"img-responsive wp-image-1134 fusion-gallery-image-size-fixed\"  \/><\/a><\/div><div class=\"awb-imageframe-caption-container\"><div class=\"awb-imageframe-caption\"><\/div><\/div><\/div><div class=\"clearfix\"><\/div><div style=\"padding:5px;\" class=\"fusion-grid-column fusion-gallery-column fusion-gallery-column-3 hover-type-none awb-imageframe-style awb-imageframe-style-below awb-imageframe-style-1\"><div class=\"fusion-gallery-image\"><a rel=\"noreferrer\" data-rel=\"iLightbox[gallery_image_1]\" class=\"fusion-lightbox\" target=\"_self\"><img decoding=\"async\" src=\"\" width=\"\" height=\"\" alt=\"\" title=\"\" aria-label=\"\" class=\"img-responsive wp-image-1135 fusion-gallery-image-size-fixed\"  \/><\/a><\/div><div class=\"awb-imageframe-caption-container\"><div class=\"awb-imageframe-caption\"><\/div><\/div><\/div><div style=\"padding:5px;\" class=\"fusion-grid-column fusion-gallery-column fusion-gallery-column-3 hover-type-none awb-imageframe-style awb-imageframe-style-below awb-imageframe-style-1\"><div class=\"fusion-gallery-image\"><a rel=\"noreferrer\" data-rel=\"iLightbox[gallery_image_1]\" class=\"fusion-lightbox\" target=\"_self\"><img decoding=\"async\" src=\"\" width=\"\" height=\"\" alt=\"\" title=\"\" aria-label=\"\" class=\"img-responsive wp-image-1136 fusion-gallery-image-size-fixed\"  \/><\/a><\/div><div class=\"awb-imageframe-caption-container\"><div class=\"awb-imageframe-caption\"><\/div><\/div><\/div><div style=\"padding:5px;\" class=\"fusion-grid-column fusion-gallery-column fusion-gallery-column-3 hover-type-none awb-imageframe-style awb-imageframe-style-below awb-imageframe-style-1\"><div class=\"fusion-gallery-image\"><a rel=\"noreferrer\" data-rel=\"iLightbox[gallery_image_1]\" class=\"fusion-lightbox\" target=\"_self\"><img decoding=\"async\" src=\"\" width=\"\" height=\"\" alt=\"\" title=\"\" aria-label=\"\" class=\"img-responsive wp-image-1137 fusion-gallery-image-size-fixed\"  \/><\/a><\/div><div class=\"awb-imageframe-caption-container\"><div class=\"awb-imageframe-caption\"><\/div><\/div><\/div><div class=\"clearfix\"><\/div><div style=\"padding:5px;\" class=\"fusion-grid-column fusion-gallery-column fusion-gallery-column-3 hover-type-none awb-imageframe-style awb-imageframe-style-below awb-imageframe-style-1\"><div class=\"fusion-gallery-image\"><a href=\"https:\/\/www.baest.cz\/wp-content\/uploads\/2022\/12\/_produkty-image_pjpeg-20100312080444-6841-hranate-silo.jpg\" data-title=\"hranat\u00e9 silo\" title=\"hranat\u00e9 silo\" rel=\"noreferrer\" data-rel=\"iLightbox[gallery_image_1]\" class=\"fusion-lightbox\" target=\"_self\"><img decoding=\"async\" src=\"https:\/\/www.baest.cz\/wp-content\/uploads\/2022\/12\/_produkty-image_pjpeg-20100312080444-6841-hranate-silo-450x295.jpg\" width=\"450\" height=\"295\" alt=\"\" title=\"hranat\u00e9 silo\" aria-label=\"hranat\u00e9 silo\" class=\"img-responsive wp-image-1138 fusion-gallery-image-size-fixed\"  \/><\/a><\/div><div class=\"awb-imageframe-caption-container\"><div class=\"awb-imageframe-caption\"><div class=\"awb-imageframe-caption-title\">hranat\u00e9 silo<\/div><\/div><\/div><\/div><div style=\"padding:5px;\" class=\"fusion-grid-column fusion-gallery-column fusion-gallery-column-3 hover-type-none awb-imageframe-style awb-imageframe-style-below awb-imageframe-style-1\"><div class=\"fusion-gallery-image\"><a rel=\"noreferrer\" data-rel=\"iLightbox[gallery_image_1]\" class=\"fusion-lightbox\" target=\"_self\"><img decoding=\"async\" src=\"\" width=\"\" height=\"\" alt=\"\" title=\"\" aria-label=\"\" class=\"img-responsive wp-image-1139 fusion-gallery-image-size-fixed\"  \/><\/a><\/div><div class=\"awb-imageframe-caption-container\"><div class=\"awb-imageframe-caption\"><\/div><\/div><\/div><div style=\"padding:5px;\" class=\"fusion-grid-column fusion-gallery-column fusion-gallery-column-3 hover-type-none awb-imageframe-style awb-imageframe-style-below awb-imageframe-style-1\"><div class=\"fusion-gallery-image\"><a rel=\"noreferrer\" data-rel=\"iLightbox[gallery_image_1]\" class=\"fusion-lightbox\" target=\"_self\"><img decoding=\"async\" src=\"\" width=\"\" height=\"\" alt=\"\" title=\"\" aria-label=\"\" class=\"img-responsive wp-image-1140 fusion-gallery-image-size-fixed\"  \/><\/a><\/div><div class=\"awb-imageframe-caption-container\"><div class=\"awb-imageframe-caption\"><\/div><\/div><\/div><div class=\"clearfix\"><\/div><div style=\"padding:5px;\" class=\"fusion-grid-column fusion-gallery-column fusion-gallery-column-3 hover-type-none awb-imageframe-style awb-imageframe-style-below awb-imageframe-style-1\"><div class=\"fusion-gallery-image\"><a rel=\"noreferrer\" data-rel=\"iLightbox[gallery_image_1]\" class=\"fusion-lightbox\" target=\"_self\"><img decoding=\"async\" src=\"\" width=\"\" height=\"\" alt=\"\" title=\"\" aria-label=\"\" class=\"img-responsive wp-image-1141 fusion-gallery-image-size-fixed\"  \/><\/a><\/div><div class=\"awb-imageframe-caption-container\"><div class=\"awb-imageframe-caption\"><\/div><\/div><\/div><\/div><\/div><\/div><\/div><\/div><\/div>\n","protected":false},"excerpt":{"rendered":"","protected":false},"author":3,"featured_media":3057,"parent":3049,"menu_order":0,"comment_status":"closed","ping_status":"closed","template":"","meta":{"_monsterinsights_skip_tracking":false,"_monsterinsights_sitenote_active":false,"_monsterinsights_sitenote_note":"","_monsterinsights_sitenote_category":0,"footnotes":""},"class_list":["post-3056","page","type-page","status-publish","has-post-thumbnail","hentry"],"_links":{"self":[{"href":"https:\/\/www.baest.cz\/de\/wp-json\/wp\/v2\/pages\/3056","targetHints":{"allow":["GET"]}}],"collection":[{"href":"https:\/\/www.baest.cz\/de\/wp-json\/wp\/v2\/pages"}],"about":[{"href":"https:\/\/www.baest.cz\/de\/wp-json\/wp\/v2\/types\/page"}],"author":[{"embeddable":true,"href":"https:\/\/www.baest.cz\/de\/wp-json\/wp\/v2\/users\/3"}],"replies":[{"embeddable":true,"href":"https:\/\/www.baest.cz\/de\/wp-json\/wp\/v2\/comments?post=3056"}],"version-history":[{"count":0,"href":"https:\/\/www.baest.cz\/de\/wp-json\/wp\/v2\/pages\/3056\/revisions"}],"up":[{"embeddable":true,"href":"https:\/\/www.baest.cz\/de\/wp-json\/wp\/v2\/pages\/3049"}],"wp:featuredmedia":[{"embeddable":true,"href":"https:\/\/www.baest.cz\/de\/wp-json\/wp\/v2\/media\/3057"}],"wp:attachment":[{"href":"https:\/\/www.baest.cz\/de\/wp-json\/wp\/v2\/media?parent=3056"}],"curies":[{"name":"wp","href":"https:\/\/api.w.org\/{rel}","templated":true}]}}