{"id":3063,"date":"2022-12-02T11:32:44","date_gmt":"2022-12-02T10:32:44","guid":{"rendered":"http:\/\/baest.cz\/produkte\/silos-fuelltrichter-und-behaelter\/sila-na-hotovou-smes\/"},"modified":"2023-02-15T13:42:29","modified_gmt":"2023-02-15T12:42:29","slug":"silos-fuer-die-fertige-mischung","status":"publish","type":"page","link":"https:\/\/www.baest.cz\/de\/produkte\/silos-fuelltrichter-und-behaelter\/silos-fuer-die-fertige-mischung\/","title":{"rendered":"Silos f\u00fcr die fertige Mischung"},"content":{"rendered":"<div class=\"fusion-fullwidth fullwidth-box fusion-builder-row-1 fusion-flex-container nonhundred-percent-fullwidth non-hundred-percent-height-scrolling\" style=\"--awb-border-radius-top-left:0px;--awb-border-radius-top-right:0px;--awb-border-radius-bottom-right:0px;--awb-border-radius-bottom-left:0px;\" ><div class=\"fusion-builder-row fusion-row fusion-flex-align-items-flex-start\" style=\"max-width:1331.2px;margin-left: calc(-4% \/ 2 );margin-right: calc(-4% \/ 2 );\"><div class=\"fusion-layout-column fusion_builder_column fusion-builder-column-0 fusion_builder_column_1_1 1_1 fusion-flex-column\" style=\"--awb-bg-size:cover;--awb-width-large:100%;--awb-margin-top-large:0px;--awb-spacing-right-large:1.92%;--awb-margin-bottom-large:0px;--awb-spacing-left-large:1.92%;--awb-width-medium:100%;--awb-spacing-right-medium:1.92%;--awb-spacing-left-medium:1.92%;--awb-width-small:100%;--awb-spacing-right-small:1.92%;--awb-spacing-left-small:1.92%;\"><div class=\"fusion-column-wrapper fusion-flex-justify-content-flex-start fusion-content-layout-column\"><div class=\"fusion-text fusion-text-1\"><p>Die Silos sind f\u00fcr die Lagerung und die Ausgabe von Bitumenmischung bestimmt. Die Silos werden \u00fcberwiegend in einer rechteckigen Ausf\u00fchrung angefertigt. Die einzelnen Teile werden als transportierbare Einheiten konstruiert. Das ganze System ist modular gel\u00f6st, was die Zusammensetzung von Silos mit unterschiedlichen Volumen erm\u00f6glicht. Der eigene Lagerf\u00fclltrichter ist in der Unterf\u00fchrungsstahlkonstruktion angebracht. Die Silof\u00fcllung erfolgt je nach dem Typ der Mischanlage f\u00fcr die Bitumenproduktion, entweder durch eine Skip-F\u00fchrungsbahn oder bei der Turmausf\u00fchrung mittels eines Kippwagens, der in der Skip-F\u00fchrungsbahn f\u00e4hrt. Diese F\u00fchrungsbahn ist auf dem Silooberteil angebracht. Die Steuerung des Kippwagensbetriebs erfolgt aus dem Leitstand der Mischanlage f\u00fcr die Bitumenproduktion. Die Entleerung ist durch die Verschlussklappen gesichert, die in dem Silounterteil angebracht sind. Damit diese Klappen mit der kalt werdenden Bitumenmischung nicht festsitzen, ist jede Klappe mit einem elektrischen Widerstandsheizk\u00f6rper ausgestattet. Der ganze Silo ist mit der W\u00e4rmed\u00e4mmstoff Orsil, Rockwoll usw. isoliert. Die Isolierung ist mit einem glatten verzinkten oder Aluminiumblech, bzw. mit einem trapezf\u00f6rmigen Blech ummantelt. Das Abschlie\u00dfen von Auslassklappen und von dem auf dem Silodach befindlichen Deckel ist mittels Druckluftelementen bet\u00e4tigt. Die Oberfl\u00e4chenbehandlung wird mit einem hochwertigen Epoxydharz- oder Polyurethan- Thermoresistentanstrich durchgef\u00fchrt<\/p>\n<\/div><div class=\"fusion-separator fusion-full-width-sep\" style=\"align-self: center;margin-left: auto;margin-right: auto;margin-top:20px;margin-bottom:20px;width:100%;\"><\/div><div class=\"awb-gallery-wrapper awb-gallery-wrapper-1 button-span-no\" style=\"--more-btn-alignment:center;\"><div style=\"margin:-5px;--awb-bordersize:0px;\" class=\"fusion-gallery fusion-gallery-container fusion-grid-3 fusion-columns-total-3 fusion-gallery-layout-grid fusion-gallery-1\"><div style=\"padding:5px;\" class=\"fusion-grid-column fusion-gallery-column fusion-gallery-column-3 hover-type-none awb-imageframe-style awb-imageframe-style-below awb-imageframe-style-1\"><div class=\"fusion-gallery-image\"><a href=\"https:\/\/www.baest.cz\/wp-content\/uploads\/2022\/12\/_produkty-image_pjpeg-20090426090920-5617-obalovna-4-oval.jpg\" rel=\"noreferrer\" data-rel=\"iLightbox[gallery_image_1]\" class=\"fusion-lightbox\" target=\"_self\"><img decoding=\"async\" src=\"https:\/\/www.baest.cz\/wp-content\/uploads\/2022\/12\/_produkty-image_pjpeg-20090426090920-5617-obalovna-4-oval-336x295.jpg\" width=\"336\" height=\"295\" alt=\"\" title=\"\" aria-label=\"\" class=\"img-responsive wp-image-1152 fusion-gallery-image-size-fixed\"  \/><\/a><\/div><div class=\"awb-imageframe-caption-container\"><div class=\"awb-imageframe-caption\"><\/div><\/div><\/div><div style=\"padding:5px;\" class=\"fusion-grid-column fusion-gallery-column fusion-gallery-column-3 hover-type-none awb-imageframe-style awb-imageframe-style-below awb-imageframe-style-1\"><div class=\"fusion-gallery-image\"><a rel=\"noreferrer\" data-rel=\"iLightbox[gallery_image_1]\" class=\"fusion-lightbox\" target=\"_self\"><img decoding=\"async\" src=\"\" width=\"\" height=\"\" alt=\"\" title=\"\" aria-label=\"\" class=\"img-responsive wp-image-1153 fusion-gallery-image-size-fixed\"  \/><\/a><\/div><div class=\"awb-imageframe-caption-container\"><div class=\"awb-imageframe-caption\"><\/div><\/div><\/div><div style=\"padding:5px;\" class=\"fusion-grid-column fusion-gallery-column fusion-gallery-column-3 hover-type-none awb-imageframe-style awb-imageframe-style-below awb-imageframe-style-1\"><div class=\"fusion-gallery-image\"><a rel=\"noreferrer\" data-rel=\"iLightbox[gallery_image_1]\" class=\"fusion-lightbox\" target=\"_self\"><img decoding=\"async\" src=\"\" width=\"\" height=\"\" alt=\"\" title=\"\" aria-label=\"\" class=\"img-responsive wp-image-1154 fusion-gallery-image-size-fixed\"  \/><\/a><\/div><div class=\"awb-imageframe-caption-container\"><div class=\"awb-imageframe-caption\"><\/div><\/div><\/div><div class=\"clearfix\"><\/div><\/div><\/div><\/div><\/div><\/div><\/div>\n","protected":false},"excerpt":{"rendered":"","protected":false},"author":3,"featured_media":3064,"parent":3049,"menu_order":0,"comment_status":"closed","ping_status":"closed","template":"","meta":{"_monsterinsights_skip_tracking":false,"_monsterinsights_sitenote_active":false,"_monsterinsights_sitenote_note":"","_monsterinsights_sitenote_category":0,"footnotes":""},"class_list":["post-3063","page","type-page","status-publish","has-post-thumbnail","hentry"],"_links":{"self":[{"href":"https:\/\/www.baest.cz\/de\/wp-json\/wp\/v2\/pages\/3063","targetHints":{"allow":["GET"]}}],"collection":[{"href":"https:\/\/www.baest.cz\/de\/wp-json\/wp\/v2\/pages"}],"about":[{"href":"https:\/\/www.baest.cz\/de\/wp-json\/wp\/v2\/types\/page"}],"author":[{"embeddable":true,"href":"https:\/\/www.baest.cz\/de\/wp-json\/wp\/v2\/users\/3"}],"replies":[{"embeddable":true,"href":"https:\/\/www.baest.cz\/de\/wp-json\/wp\/v2\/comments?post=3063"}],"version-history":[{"count":0,"href":"https:\/\/www.baest.cz\/de\/wp-json\/wp\/v2\/pages\/3063\/revisions"}],"up":[{"embeddable":true,"href":"https:\/\/www.baest.cz\/de\/wp-json\/wp\/v2\/pages\/3049"}],"wp:featuredmedia":[{"embeddable":true,"href":"https:\/\/www.baest.cz\/de\/wp-json\/wp\/v2\/media\/3064"}],"wp:attachment":[{"href":"https:\/\/www.baest.cz\/de\/wp-json\/wp\/v2\/media?parent=3063"}],"curies":[{"name":"wp","href":"https:\/\/api.w.org\/{rel}","templated":true}]}}