{"id":3096,"date":"2022-12-02T11:31:36","date_gmt":"2022-12-02T10:31:36","guid":{"rendered":"http:\/\/baest.cz\/produkte\/velkorozmerove-ocelove-potrubi\/"},"modified":"2023-02-15T14:18:34","modified_gmt":"2023-02-15T13:18:34","slug":"grossflaechige-stahlrohr","status":"publish","type":"page","link":"https:\/\/www.baest.cz\/de\/produkte\/grossflaechige-stahlrohr\/","title":{"rendered":"Gro\u00dffl\u00e4chige Stahlrohr"},"content":{"rendered":"<div class=\"fusion-fullwidth fullwidth-box fusion-builder-row-1 fusion-flex-container nonhundred-percent-fullwidth non-hundred-percent-height-scrolling\" style=\"--awb-border-radius-top-left:0px;--awb-border-radius-top-right:0px;--awb-border-radius-bottom-right:0px;--awb-border-radius-bottom-left:0px;\" ><div class=\"fusion-builder-row fusion-row fusion-flex-align-items-flex-start\" style=\"max-width:1331.2px;margin-left: calc(-4% \/ 2 );margin-right: calc(-4% \/ 2 );\"><div class=\"fusion-layout-column fusion_builder_column fusion-builder-column-0 fusion_builder_column_1_1 1_1 fusion-flex-column\" style=\"--awb-bg-size:cover;--awb-width-large:100%;--awb-margin-top-large:0px;--awb-spacing-right-large:1.92%;--awb-margin-bottom-large:0px;--awb-spacing-left-large:1.92%;--awb-width-medium:100%;--awb-spacing-right-medium:1.92%;--awb-spacing-left-medium:1.92%;--awb-width-small:100%;--awb-spacing-right-small:1.92%;--awb-spacing-left-small:1.92%;\"><div class=\"fusion-column-wrapper fusion-flex-justify-content-flex-start fusion-content-layout-column\"><div class=\"fusion-text fusion-text-1\"><p>&nbsp;<\/p>\n<p>Spole\u010dnost BAEST Machines &amp; Structures, a.s. se zab\u00fdv\u00e1 v\u00fdrobou klasick\u00e9ho i&nbsp;nestandardn\u00edho velkorozm\u011brov\u00e9ho potrub\u00ed z&nbsp;uhl\u00edkov\u00fdch a&nbsp;nerezov\u00fdch ocel\u00ed. Spole\u010dnost je dr\u017eitelem syst\u00e9mov\u00fdch certifik\u00e1t\u016f EN ISO 9001:2009, 18001 a&nbsp;14001.<\/p>\n<p>V\u00fdroba trubek se prov\u00e1d\u00ed v\u010detn\u011b technick\u00e9ho n\u00e1vrhu a&nbsp;<a href=\"\/produkty\/projekce-19\/\">zpracov\u00e1n\u00ed konstruk\u010dn\u00ed<\/a> a&nbsp;technick\u00e9 dokumentace.<\/p>\n<p><span style=\"color: #2b28ad;\"><strong><span style=\"text-decoration: underline;\">Materi\u00e1l:<\/span><\/strong> <\/span>uhl\u00edkov\u00e9 oceli &#8211; S235, S355, P265GH, P265GH, P355GH<br \/>\nnerezov\u00e9 oceli &#8211; 1.4301, 1.4501, 1.4541, 1.4571<\/p>\n<p><span style=\"color: #0f21ef;\"><strong><span style=\"text-decoration: underline;\"><span style=\"color: #2b28ad;\">Pr\u016fm\u011br:<\/span>\u00a0<\/span><\/strong><\/span>\u00a0 1&nbsp;500mm \u00a0 \u00a0 2&nbsp;300mm \u00a0\u00a0 2&nbsp;800mm\u00a0\u00a0\u00a0 3&nbsp;400mm<br \/>\n1&nbsp;600mm\u00a0\u00a0\u00a0\u00a0 2&nbsp;400mm\u00a0\u00a0\u00a0 2&nbsp;900mm\u00a0\u00a0\u00a0 3&nbsp;600mm<br \/>\n1&nbsp;800mm\u00a0\u00a0\u00a0\u00a0 2&nbsp;500mm \u00a0\u00a0 3&nbsp;000mm \u00a0\u00a0 3&nbsp;800mm<br \/>\n2&nbsp;000mm\u00a0\u00a0\u00a0\u00a0 2&nbsp;700mm \u00a0\u00a0 3&nbsp;200mm \u00a0\u00a0 4&nbsp;000mm<\/p>\n<p><span style=\"color: #2b28ad;\"><strong><span style=\"text-decoration: underline;\">Tlou\u0161\u0165ky st\u011bn<\/span><\/strong><\/span>: 3 &#8211; 50mm<\/p>\n<p>Ve\u0161ker\u00e9 v\u00fdrobn\u00ed procesy prob\u00edhaj\u00ed v&nbsp;souladu s&nbsp;p\u0159edepsan\u00fdmi normami dle \u010cSN, DIN, EN, PED a&nbsp;technick\u00fdmi po\u017eadavky. V\u00fdroba je prov\u00e1d\u011bna odborn\u00fdm sv\u00e1\u0159e\u010dsk\u00fdm person\u00e1lem, kvalifikovan\u00fdm dle EN278-1, EN 1418 a&nbsp;prob\u00edh\u00e1 dle schv\u00e1len\u00fdch postup\u016f sva\u0159ov\u00e1n\u00ed WPQR a&nbsp;WPS.<\/p>\n<p>Sva\u0159ov\u00e1n\u00ed potrub\u00ed je prov\u00e1d\u011bno na poloautomatick\u00e9 v\u00fdrobn\u00ed lince metodou 121 a&nbsp;135 v&nbsp;b\u011b\u017en\u00fdch d\u00e9lk\u00e1ch 12 metr\u016f. D\u00edky modern\u00edmu technick\u00e9mu vybaven\u00ed a&nbsp;vysok\u00fdm n\u00e1rok\u016fm na kvalitu v\u00fdroby a&nbsp;proces\u016f je schopna spole\u010dnost uspokojit i&nbsp;nejn\u00e1ro\u010dn\u011bj\u0161\u00ed po\u017eadavky z\u00e1kazn\u00edk\u016f a&nbsp;dodr\u017eet velmi kr\u00e1tk\u00e9 term\u00edny dod\u00e1n\u00ed p\u0159i&nbsp;maxim\u00e1ln\u00ed \u00farovni kvality.<\/p>\n<p>Potrub\u00ed je vhodn\u00e9 pro \u0161irok\u00e9 spektrum pou\u017eit\u00ed p\u0159i&nbsp;stavb\u011b plynovod\u016f, parovod\u016f, veden\u00ed vzduchu i&nbsp;vody a&nbsp;to i&nbsp;v&nbsp;agresivn\u00edm prost\u0159ed\u00ed a&nbsp;p\u0159edev\u0161\u00edm pro n\u00e1sledn\u00e9 vyu\u017eit\u00ed p\u0159i&nbsp;v\u00fdrob\u011b n\u00e1dr\u017e\u00ed, tlakov\u00fdch n\u00e1dob, z\u00e1sobn\u00edk\u016f, kotl\u016f a&nbsp;dal\u0161\u00edch aplikac\u00ed. Potrub\u00ed je mo\u017en\u00e9 tak\u00e9 vyu\u017e\u00edt jako konstruk\u010dn\u00ed nosn\u00e9 prvky u&nbsp;pr\u016fmyslov\u00fdch a&nbsp;ob\u010dansk\u00fdch staveb, komunikac\u00ed a&nbsp;dal\u0161\u00ed.<\/p>\n<\/div><div class=\"fusion-separator fusion-full-width-sep\" style=\"align-self: center;margin-left: auto;margin-right: auto;margin-top:20px;margin-bottom:20px;width:100%;\"><\/div><div class=\"awb-gallery-wrapper awb-gallery-wrapper-1 button-span-no\" style=\"--more-btn-alignment:center;\"><div style=\"margin:-5px;--awb-bordersize:0px;\" class=\"fusion-gallery fusion-gallery-container fusion-grid-3 fusion-columns-total-6 fusion-gallery-layout-grid fusion-gallery-1\"><div style=\"padding:5px;\" class=\"fusion-grid-column fusion-gallery-column fusion-gallery-column-3 hover-type-none awb-imageframe-style awb-imageframe-style-below awb-imageframe-style-1\"><div class=\"fusion-gallery-image\"><a href=\"https:\/\/www.baest.cz\/wp-content\/uploads\/2022\/12\/_vyrobni_programy-image_jpeg-20150728101606-4970-dscn1660.jpg\" rel=\"noreferrer\" data-rel=\"iLightbox[gallery_image_1]\" class=\"fusion-lightbox\" target=\"_self\"><img decoding=\"async\" src=\"https:\/\/www.baest.cz\/wp-content\/uploads\/2022\/12\/_vyrobni_programy-image_jpeg-20150728101606-4970-dscn1660-415x295.jpg\" width=\"415\" height=\"295\" alt=\"\" title=\"\" aria-label=\"\" class=\"img-responsive wp-image-1125 fusion-gallery-image-size-fixed\" srcset=\"https:\/\/www.baest.cz\/wp-content\/uploads\/2022\/12\/_vyrobni_programy-image_jpeg-20150728101606-4970-dscn1660-300x214.jpg 300w, https:\/\/www.baest.cz\/wp-content\/uploads\/2022\/12\/_vyrobni_programy-image_jpeg-20150728101606-4970-dscn1660-415x295.jpg 415w\" sizes=\"(max-width: 415px) 100vw, 415px\" \/><\/a><\/div><div class=\"awb-imageframe-caption-container\"><div class=\"awb-imageframe-caption\"><\/div><\/div><\/div><div style=\"padding:5px;\" class=\"fusion-grid-column fusion-gallery-column fusion-gallery-column-3 hover-type-none awb-imageframe-style awb-imageframe-style-below awb-imageframe-style-1\"><div class=\"fusion-gallery-image\"><a rel=\"noreferrer\" data-rel=\"iLightbox[gallery_image_1]\" class=\"fusion-lightbox\" target=\"_self\"><img decoding=\"async\" src=\"\" width=\"\" height=\"\" alt=\"\" title=\"\" aria-label=\"\" class=\"img-responsive wp-image-1126 fusion-gallery-image-size-fixed\"  \/><\/a><\/div><div class=\"awb-imageframe-caption-container\"><div class=\"awb-imageframe-caption\"><\/div><\/div><\/div><div style=\"padding:5px;\" class=\"fusion-grid-column fusion-gallery-column fusion-gallery-column-3 hover-type-none awb-imageframe-style awb-imageframe-style-below awb-imageframe-style-1\"><div class=\"fusion-gallery-image\"><a rel=\"noreferrer\" data-rel=\"iLightbox[gallery_image_1]\" class=\"fusion-lightbox\" target=\"_self\"><img decoding=\"async\" src=\"\" width=\"\" height=\"\" alt=\"\" title=\"\" aria-label=\"\" class=\"img-responsive wp-image-1127 fusion-gallery-image-size-fixed\"  \/><\/a><\/div><div class=\"awb-imageframe-caption-container\"><div class=\"awb-imageframe-caption\"><\/div><\/div><\/div><div class=\"clearfix\"><\/div><div style=\"padding:5px;\" class=\"fusion-grid-column fusion-gallery-column fusion-gallery-column-3 hover-type-none awb-imageframe-style awb-imageframe-style-below awb-imageframe-style-1\"><div class=\"fusion-gallery-image\"><a rel=\"noreferrer\" data-rel=\"iLightbox[gallery_image_1]\" class=\"fusion-lightbox\" target=\"_self\"><img decoding=\"async\" src=\"\" width=\"\" height=\"\" alt=\"\" title=\"\" aria-label=\"\" class=\"img-responsive wp-image-1128 fusion-gallery-image-size-fixed\"  \/><\/a><\/div><div class=\"awb-imageframe-caption-container\"><div class=\"awb-imageframe-caption\"><\/div><\/div><\/div><div style=\"padding:5px;\" class=\"fusion-grid-column fusion-gallery-column fusion-gallery-column-3 hover-type-none awb-imageframe-style awb-imageframe-style-below awb-imageframe-style-1\"><div class=\"fusion-gallery-image\"><a rel=\"noreferrer\" data-rel=\"iLightbox[gallery_image_1]\" class=\"fusion-lightbox\" target=\"_self\"><img decoding=\"async\" src=\"\" width=\"\" height=\"\" alt=\"\" title=\"\" aria-label=\"\" class=\"img-responsive wp-image-1129 fusion-gallery-image-size-fixed\"  \/><\/a><\/div><div class=\"awb-imageframe-caption-container\"><div class=\"awb-imageframe-caption\"><\/div><\/div><\/div><div style=\"padding:5px;\" class=\"fusion-grid-column fusion-gallery-column fusion-gallery-column-3 hover-type-none awb-imageframe-style awb-imageframe-style-below awb-imageframe-style-1\"><div class=\"fusion-gallery-image\"><a href=\"https:\/\/www.baest.cz\/wp-content\/uploads\/2022\/12\/_vyrobni_programy-image_jpeg-20200601095427-3927-img-9742-1jpg-a-scaled.jpg\" data-title=\"Velkoobjemov\u00e9 potrub\u00ed\" title=\"Velkoobjemov\u00e9 potrub\u00ed\" rel=\"noreferrer\" data-rel=\"iLightbox[gallery_image_1]\" class=\"fusion-lightbox\" target=\"_self\"><img decoding=\"async\" src=\"https:\/\/www.baest.cz\/wp-content\/uploads\/2022\/12\/_vyrobni_programy-image_jpeg-20200601095427-3927-img-9742-1jpg-a-460x295.jpg\" width=\"460\" height=\"295\" alt=\"\" title=\"Velkoobjemov\u00e9 potrub\u00ed\" aria-label=\"Velkoobjemov\u00e9 potrub\u00ed\" class=\"img-responsive wp-image-1130 fusion-gallery-image-size-fixed\"  \/><\/a><\/div><div class=\"awb-imageframe-caption-container\"><div class=\"awb-imageframe-caption\"><div class=\"awb-imageframe-caption-title\">Velkoobjemov\u00e9 potrub\u00ed<\/div><\/div><\/div><\/div><div class=\"clearfix\"><\/div><\/div><\/div><\/div><\/div><\/div><\/div>\n","protected":false},"excerpt":{"rendered":"","protected":false},"author":3,"featured_media":3097,"parent":2858,"menu_order":0,"comment_status":"closed","ping_status":"closed","template":"","meta":{"_monsterinsights_skip_tracking":false,"_monsterinsights_sitenote_active":false,"_monsterinsights_sitenote_note":"","_monsterinsights_sitenote_category":0,"footnotes":""},"class_list":["post-3096","page","type-page","status-publish","has-post-thumbnail","hentry"],"_links":{"self":[{"href":"https:\/\/www.baest.cz\/de\/wp-json\/wp\/v2\/pages\/3096","targetHints":{"allow":["GET"]}}],"collection":[{"href":"https:\/\/www.baest.cz\/de\/wp-json\/wp\/v2\/pages"}],"about":[{"href":"https:\/\/www.baest.cz\/de\/wp-json\/wp\/v2\/types\/page"}],"author":[{"embeddable":true,"href":"https:\/\/www.baest.cz\/de\/wp-json\/wp\/v2\/users\/3"}],"replies":[{"embeddable":true,"href":"https:\/\/www.baest.cz\/de\/wp-json\/wp\/v2\/comments?post=3096"}],"version-history":[{"count":0,"href":"https:\/\/www.baest.cz\/de\/wp-json\/wp\/v2\/pages\/3096\/revisions"}],"up":[{"embeddable":true,"href":"https:\/\/www.baest.cz\/de\/wp-json\/wp\/v2\/pages\/2858"}],"wp:featuredmedia":[{"embeddable":true,"href":"https:\/\/www.baest.cz\/de\/wp-json\/wp\/v2\/media\/3097"}],"wp:attachment":[{"href":"https:\/\/www.baest.cz\/de\/wp-json\/wp\/v2\/media?parent=3096"}],"curies":[{"name":"wp","href":"https:\/\/api.w.org\/{rel}","templated":true}]}}