{"id":2440,"date":"2022-12-02T11:30:24","date_gmt":"2022-12-02T10:30:24","guid":{"rendered":"http:\/\/baest.cz\/betonarky\/"},"modified":"2023-02-09T09:55:38","modified_gmt":"2023-02-09T08:55:38","slug":"concrete-mixing-plants","status":"publish","type":"page","link":"https:\/\/www.baest.cz\/en\/products\/concrete-mixing-plants\/","title":{"rendered":"Concrete Mixing Plants"},"content":{"rendered":"<div class=\"fusion-fullwidth fullwidth-box fusion-builder-row-1 fusion-flex-container nonhundred-percent-fullwidth non-hundred-percent-height-scrolling\" style=\"--awb-border-radius-top-left:0px;--awb-border-radius-top-right:0px;--awb-border-radius-bottom-right:0px;--awb-border-radius-bottom-left:0px;\" ><div class=\"fusion-builder-row fusion-row fusion-flex-align-items-flex-start\" style=\"max-width:1331.2px;margin-left: calc(-4% \/ 2 );margin-right: calc(-4% \/ 2 );\"><div class=\"fusion-layout-column fusion_builder_column fusion-builder-column-0 fusion_builder_column_1_1 1_1 fusion-flex-column\" style=\"--awb-bg-size:cover;--awb-width-large:100%;--awb-margin-top-large:0px;--awb-spacing-right-large:1.92%;--awb-margin-bottom-large:0px;--awb-spacing-left-large:1.92%;--awb-width-medium:100%;--awb-spacing-right-medium:1.92%;--awb-spacing-left-medium:1.92%;--awb-width-small:100%;--awb-spacing-right-small:1.92%;--awb-spacing-left-small:1.92%;\"><div class=\"fusion-column-wrapper fusion-flex-justify-content-flex-start fusion-content-layout-column\"><div class=\"fusion-text fusion-text-1\"><p>BAEST, Machines &amp; Structures, a.s., introduces itself as the manufacturer and supplier of particular concrete mixing plant components and complete units.<\/p>\n<p style=\"margin: 0cm 0cm 0pt;\"><strong><em><span style=\"text-decoration: underline;\">BAEST, Machines &amp; Structures, a.s., provides:<\/span><\/em><\/strong><\/p>\n<ul>\n<li>\n<div style=\"margin: 0cm 0cm 0pt;\">design, engineering and consulting services<\/div>\n<\/li>\n<li>\n<div style=\"margin: 0cm 0cm 0pt;\">project and production documentation<\/div>\n<\/li>\n<li>\n<div style=\"margin: 0cm 0cm 0pt;\">supplies of the technological equipment of its own manufacture<\/div>\n<\/li>\n<li>\n<div style=\"margin: 0cm 0cm 0pt;\">delivery, assembly\/erection of the equipment and putting it into operation.<\/div>\n<\/li>\n<\/ul>\n<p style=\"margin: 0cm 0cm 0pt;\"><strong><em><span style=\"text-decoration: underline;\">BAEST, Machines &amp; Structures, a.s., supplies:<\/span><\/em><\/strong><\/p>\n<ul>\n<li>\n<div style=\"margin: 0cm 0cm 0pt;\"><strong><em><span style=\"text-decoration: underline;\">Tower Storage Silos<\/span><\/em><\/strong><\/div>\n<\/li>\n<\/ul>\n<p style=\"margin: 0cm 0cm 0pt; text-align: justify;\">The cylindrical silos designed for storing cement and flue ash comprise the basis of cement handling systems. Material transport is provided by means of worm conveyors. In general, the cement silo is usually equipped with aeration equipment protecting it from material arching and with filters arresting material fine particles entrained by air escaping from the silo during filling. The silo is fitted also with various technological and inspection holes, a&nbsp;filling system, an outer ladder and a&nbsp;walkway gallery. The silo shall be provided also with system for continuous monitoring of the stored material quantity.<\/p>\n<p style=\"margin: 0cm 0cm 0pt;\">\u00a0<span style=\"mso-spacerun: yes;\">\u00a0\u00a0\u00a0\u00a0\u00a0\u00a0\u00a0\u00a0\u00a0\u00a0\u00a0\u00a0\u00a0\u00a0\u00a0\u00a0\u00a0\u00a0\u00a0\u00a0\u00a0\u00a0\u00a0\u00a0\u00a0\u00a0\u00a0\u00a0 <\/span><\/p>\n<ul>\n<li>\n<div style=\"margin: 0cm 0cm 0pt;\"><strong><em><span style=\"text-decoration: underline;\">Cold Batching System<\/span><\/em><\/strong><\/div>\n<\/li>\n<\/ul>\n<p style=\"margin: 0cm 0cm 0pt; text-align: justify;\">Cold batching systems are used for storing and delivering particular sand and aggregate fractions. The cold batching system consists of single hoppers, feeder belts, a&nbsp;collecting conveyor and a&nbsp;discharging belt conveyor. The hoppers are produced in standard capacities from 6m3 to 15m3 and provided with supporting steel structures. Other storage capacity hoppers may be manufactured upon customer\u2018s request.<\/p>\n<ul>\n<li>\n<div style=\"margin: 0cm 0cm 0pt;\"><strong><em><span style=\"text-decoration: underline;\">Recycling Equipment<\/span><\/em><\/strong><\/div>\n<\/li>\n<\/ul>\n<p>The recycling equipment serves for washing concrete residues out from a&nbsp;concrete mixing plant or a&nbsp;mixer truck. Washed aggregates are reused in the production process, while the wash water is reused as gauge water in concrete mixing operations.<\/p>\n<p style=\"margin: 0cm 0cm 0pt;\"><span style=\"font-family: Times New Roman;\">\u00a0<\/span><\/p>\n<\/div><div class=\"fusion-separator fusion-full-width-sep\" style=\"align-self: center;margin-left: auto;margin-right: auto;margin-top:20px;margin-bottom:20px;width:100%;\"><\/div><div class=\"awb-gallery-wrapper awb-gallery-wrapper-1 button-span-no\" style=\"--more-btn-alignment:center;\"><div style=\"margin:-5px;--awb-bordersize:0px;\" class=\"fusion-gallery fusion-gallery-container fusion-grid-3 fusion-columns-total-12 fusion-gallery-layout-grid fusion-gallery-1\"><div style=\"padding:5px;\" class=\"fusion-grid-column fusion-gallery-column fusion-gallery-column-3 hover-type-none awb-imageframe-style awb-imageframe-style-below awb-imageframe-style-1\"><div class=\"fusion-gallery-image\"><a href=\"https:\/\/www.baest.cz\/wp-content\/uploads\/2022\/12\/_vyrobni_programy-image_jpeg-20090428012733-3582-produkt1.jpg\" data-title=\"cementov\u00e9 hospod\u00e1\u0159stv\u00ed\" title=\"cementov\u00e9 hospod\u00e1\u0159stv\u00ed\" rel=\"noreferrer\" data-rel=\"iLightbox[gallery_image_1]\" class=\"fusion-lightbox\" target=\"_self\"><img decoding=\"async\" src=\"https:\/\/www.baest.cz\/wp-content\/uploads\/2022\/12\/_vyrobni_programy-image_jpeg-20090428012733-3582-produkt1-337x295.jpg\" width=\"337\" height=\"295\" alt=\"\" title=\"cementov\u00e9 hospod\u00e1\u0159stv\u00ed\" aria-label=\"cementov\u00e9 hospod\u00e1\u0159stv\u00ed\" class=\"img-responsive wp-image-1093 fusion-gallery-image-size-fixed\"  \/><\/a><\/div><div class=\"awb-imageframe-caption-container\"><div class=\"awb-imageframe-caption\"><div class=\"awb-imageframe-caption-title\">cementov\u00e9 hospod\u00e1\u0159stv\u00ed<\/div><\/div><\/div><\/div><div style=\"padding:5px;\" class=\"fusion-grid-column fusion-gallery-column fusion-gallery-column-3 hover-type-none awb-imageframe-style awb-imageframe-style-below awb-imageframe-style-1\"><div class=\"fusion-gallery-image\"><a href=\"https:\/\/www.baest.cz\/wp-content\/uploads\/2022\/12\/_vyrobni_programy-image_jpeg-20090428012733-3823-produkt2.jpg\" data-title=\"d\u00e1vkovac\u00ed n\u00e1sypky\" title=\"d\u00e1vkovac\u00ed n\u00e1sypky\" rel=\"noreferrer\" data-rel=\"iLightbox[gallery_image_1]\" class=\"fusion-lightbox\" target=\"_self\"><img decoding=\"async\" src=\"https:\/\/www.baest.cz\/wp-content\/uploads\/2022\/12\/_vyrobni_programy-image_jpeg-20090428012733-3823-produkt2-453x295.jpg\" width=\"453\" height=\"295\" alt=\"\" title=\"d\u00e1vkovac\u00ed n\u00e1sypky\" aria-label=\"d\u00e1vkovac\u00ed n\u00e1sypky\" class=\"img-responsive wp-image-1094 fusion-gallery-image-size-fixed\"  \/><\/a><\/div><div class=\"awb-imageframe-caption-container\"><div class=\"awb-imageframe-caption\"><div class=\"awb-imageframe-caption-title\">d\u00e1vkovac\u00ed n\u00e1sypky<\/div><\/div><\/div><\/div><div style=\"padding:5px;\" class=\"fusion-grid-column fusion-gallery-column fusion-gallery-column-3 hover-type-none awb-imageframe-style awb-imageframe-style-below awb-imageframe-style-1\"><div class=\"fusion-gallery-image\"><a href=\"https:\/\/www.baest.cz\/wp-content\/uploads\/2022\/12\/_vyrobni_programy-image_jpeg-20090428012733-8901-produkt3.jpg\" data-title=\"skladovac\u00ed v\u00e1lcov\u00e1 sila\" title=\"skladovac\u00ed v\u00e1lcov\u00e1 sila\" rel=\"noreferrer\" data-rel=\"iLightbox[gallery_image_1]\" class=\"fusion-lightbox\" target=\"_self\"><img decoding=\"async\" src=\"https:\/\/www.baest.cz\/wp-content\/uploads\/2022\/12\/_vyrobni_programy-image_jpeg-20090428012733-8901-produkt3-336x295.jpg\" width=\"336\" height=\"295\" alt=\"\" title=\"skladovac\u00ed v\u00e1lcov\u00e1 sila\" aria-label=\"skladovac\u00ed v\u00e1lcov\u00e1 sila\" class=\"img-responsive wp-image-1095 fusion-gallery-image-size-fixed\"  \/><\/a><\/div><div class=\"awb-imageframe-caption-container\"><div class=\"awb-imageframe-caption\"><div class=\"awb-imageframe-caption-title\">skladovac\u00ed v\u00e1lcov\u00e1 sila<\/div><\/div><\/div><\/div><div class=\"clearfix\"><\/div><div style=\"padding:5px;\" class=\"fusion-grid-column fusion-gallery-column fusion-gallery-column-3 hover-type-none awb-imageframe-style awb-imageframe-style-below awb-imageframe-style-1\"><div class=\"fusion-gallery-image\"><a href=\"https:\/\/www.baest.cz\/wp-content\/uploads\/2022\/12\/_vyrobni_programy-image_jpeg-20090428012829-6867-produkt4.jpg\" data-title=\"beton\u00e1rka BEST A\" title=\"beton\u00e1rka BEST A\" rel=\"noreferrer\" data-rel=\"iLightbox[gallery_image_1]\" class=\"fusion-lightbox\" target=\"_self\"><img decoding=\"async\" src=\"https:\/\/www.baest.cz\/wp-content\/uploads\/2022\/12\/_vyrobni_programy-image_jpeg-20090428012829-6867-produkt4-453x295.jpg\" width=\"453\" height=\"295\" alt=\"\" title=\"beton\u00e1rka BEST A\" aria-label=\"beton\u00e1rka BEST A\" class=\"img-responsive wp-image-1096 fusion-gallery-image-size-fixed\"  \/><\/a><\/div><div class=\"awb-imageframe-caption-container\"><div class=\"awb-imageframe-caption\"><div class=\"awb-imageframe-caption-title\">beton\u00e1rka BEST A<\/div><\/div><\/div><\/div><div style=\"padding:5px;\" class=\"fusion-grid-column fusion-gallery-column fusion-gallery-column-3 hover-type-none awb-imageframe-style awb-imageframe-style-below awb-imageframe-style-1\"><div class=\"fusion-gallery-image\"><a href=\"https:\/\/www.baest.cz\/wp-content\/uploads\/2022\/12\/_vyrobni_programy-image_jpeg-20090428012829-5528-produkt5.jpg\" data-title=\"beton\u00e1rka BEST B\" title=\"beton\u00e1rka BEST B\" rel=\"noreferrer\" data-rel=\"iLightbox[gallery_image_1]\" class=\"fusion-lightbox\" target=\"_self\"><img decoding=\"async\" src=\"https:\/\/www.baest.cz\/wp-content\/uploads\/2022\/12\/_vyrobni_programy-image_jpeg-20090428012829-5528-produkt5-452x295.jpg\" width=\"452\" height=\"295\" alt=\"\" title=\"beton\u00e1rka BEST B\" aria-label=\"beton\u00e1rka BEST B\" class=\"img-responsive wp-image-1097 fusion-gallery-image-size-fixed\"  \/><\/a><\/div><div class=\"awb-imageframe-caption-container\"><div class=\"awb-imageframe-caption\"><div class=\"awb-imageframe-caption-title\">beton\u00e1rka BEST B<\/div><\/div><\/div><\/div><div style=\"padding:5px;\" class=\"fusion-grid-column fusion-gallery-column fusion-gallery-column-3 hover-type-none awb-imageframe-style awb-imageframe-style-below awb-imageframe-style-1\"><div class=\"fusion-gallery-image\"><a href=\"https:\/\/www.baest.cz\/wp-content\/uploads\/2022\/12\/_vyrobni_programy-image_jpeg-20090428012829-7050-produkt6.jpg\" data-title=\"\u0159ez beton\u00e1rkou\" title=\"\u0159ez beton\u00e1rkou\" rel=\"noreferrer\" data-rel=\"iLightbox[gallery_image_1]\" class=\"fusion-lightbox\" target=\"_self\"><img decoding=\"async\" src=\"https:\/\/www.baest.cz\/wp-content\/uploads\/2022\/12\/_vyrobni_programy-image_jpeg-20090428012829-7050-produkt6-460x295.jpg\" width=\"460\" height=\"295\" alt=\"\" title=\"\u0159ez beton\u00e1rkou\" aria-label=\"\u0159ez beton\u00e1rkou\" class=\"img-responsive wp-image-1098 fusion-gallery-image-size-fixed\"  \/><\/a><\/div><div class=\"awb-imageframe-caption-container\"><div class=\"awb-imageframe-caption\"><div class=\"awb-imageframe-caption-title\">\u0159ez beton\u00e1rkou<\/div><\/div><\/div><\/div><div class=\"clearfix\"><\/div><div style=\"padding:5px;\" class=\"fusion-grid-column fusion-gallery-column fusion-gallery-column-3 hover-type-none awb-imageframe-style awb-imageframe-style-below awb-imageframe-style-1\"><div class=\"fusion-gallery-image\"><a rel=\"noreferrer\" data-rel=\"iLightbox[gallery_image_1]\" class=\"fusion-lightbox\" target=\"_self\"><img decoding=\"async\" src=\"\" width=\"\" height=\"\" alt=\"\" title=\"\" aria-label=\"\" class=\"img-responsive wp-image-1099 fusion-gallery-image-size-fixed\"  \/><\/a><\/div><div class=\"awb-imageframe-caption-container\"><div class=\"awb-imageframe-caption\"><\/div><\/div><\/div><div style=\"padding:5px;\" class=\"fusion-grid-column fusion-gallery-column fusion-gallery-column-3 hover-type-none awb-imageframe-style awb-imageframe-style-below awb-imageframe-style-1\"><div class=\"fusion-gallery-image\"><a rel=\"noreferrer\" data-rel=\"iLightbox[gallery_image_1]\" class=\"fusion-lightbox\" target=\"_self\"><img decoding=\"async\" src=\"\" width=\"\" height=\"\" alt=\"\" title=\"\" aria-label=\"\" class=\"img-responsive wp-image-1100 fusion-gallery-image-size-fixed\"  \/><\/a><\/div><div class=\"awb-imageframe-caption-container\"><div class=\"awb-imageframe-caption\"><\/div><\/div><\/div><div style=\"padding:5px;\" class=\"fusion-grid-column fusion-gallery-column fusion-gallery-column-3 hover-type-none awb-imageframe-style awb-imageframe-style-below awb-imageframe-style-1\"><div class=\"fusion-gallery-image\"><a rel=\"noreferrer\" data-rel=\"iLightbox[gallery_image_1]\" class=\"fusion-lightbox\" target=\"_self\"><img decoding=\"async\" src=\"\" width=\"\" height=\"\" alt=\"\" title=\"\" aria-label=\"\" class=\"img-responsive wp-image-1101 fusion-gallery-image-size-fixed\"  \/><\/a><\/div><div class=\"awb-imageframe-caption-container\"><div class=\"awb-imageframe-caption\"><\/div><\/div><\/div><div class=\"clearfix\"><\/div><div style=\"padding:5px;\" class=\"fusion-grid-column fusion-gallery-column fusion-gallery-column-3 hover-type-none awb-imageframe-style awb-imageframe-style-below awb-imageframe-style-1\"><div class=\"fusion-gallery-image\"><a rel=\"noreferrer\" data-rel=\"iLightbox[gallery_image_1]\" class=\"fusion-lightbox\" target=\"_self\"><img decoding=\"async\" src=\"\" width=\"\" height=\"\" alt=\"\" title=\"\" aria-label=\"\" class=\"img-responsive wp-image-1102 fusion-gallery-image-size-fixed\"  \/><\/a><\/div><div class=\"awb-imageframe-caption-container\"><div class=\"awb-imageframe-caption\"><\/div><\/div><\/div><div style=\"padding:5px;\" class=\"fusion-grid-column fusion-gallery-column fusion-gallery-column-3 hover-type-none awb-imageframe-style awb-imageframe-style-below awb-imageframe-style-1\"><div class=\"fusion-gallery-image\"><a rel=\"noreferrer\" data-rel=\"iLightbox[gallery_image_1]\" class=\"fusion-lightbox\" target=\"_self\"><img decoding=\"async\" src=\"\" width=\"\" height=\"\" alt=\"\" title=\"\" aria-label=\"\" class=\"img-responsive wp-image-1103 fusion-gallery-image-size-fixed\"  \/><\/a><\/div><div class=\"awb-imageframe-caption-container\"><div class=\"awb-imageframe-caption\"><\/div><\/div><\/div><div style=\"padding:5px;\" class=\"fusion-grid-column fusion-gallery-column fusion-gallery-column-3 hover-type-none awb-imageframe-style awb-imageframe-style-below awb-imageframe-style-1\"><div class=\"fusion-gallery-image\"><a rel=\"noreferrer\" data-rel=\"iLightbox[gallery_image_1]\" class=\"fusion-lightbox\" target=\"_self\"><img decoding=\"async\" src=\"\" width=\"\" height=\"\" alt=\"\" title=\"\" aria-label=\"\" class=\"img-responsive wp-image-1104 fusion-gallery-image-size-fixed\"  \/><\/a><\/div><div class=\"awb-imageframe-caption-container\"><div class=\"awb-imageframe-caption\"><\/div><\/div><\/div><div class=\"clearfix\"><\/div><\/div><\/div><\/div><\/div><\/div><\/div>\n","protected":false},"excerpt":{"rendered":"","protected":false},"author":3,"featured_media":2441,"parent":2700,"menu_order":0,"comment_status":"closed","ping_status":"closed","template":"","meta":{"_monsterinsights_skip_tracking":false,"_monsterinsights_sitenote_active":false,"_monsterinsights_sitenote_note":"","_monsterinsights_sitenote_category":0,"footnotes":""},"class_list":["post-2440","page","type-page","status-publish","has-post-thumbnail","hentry"],"_links":{"self":[{"href":"https:\/\/www.baest.cz\/en\/wp-json\/wp\/v2\/pages\/2440","targetHints":{"allow":["GET"]}}],"collection":[{"href":"https:\/\/www.baest.cz\/en\/wp-json\/wp\/v2\/pages"}],"about":[{"href":"https:\/\/www.baest.cz\/en\/wp-json\/wp\/v2\/types\/page"}],"author":[{"embeddable":true,"href":"https:\/\/www.baest.cz\/en\/wp-json\/wp\/v2\/users\/3"}],"replies":[{"embeddable":true,"href":"https:\/\/www.baest.cz\/en\/wp-json\/wp\/v2\/comments?post=2440"}],"version-history":[{"count":0,"href":"https:\/\/www.baest.cz\/en\/wp-json\/wp\/v2\/pages\/2440\/revisions"}],"up":[{"embeddable":true,"href":"https:\/\/www.baest.cz\/en\/wp-json\/wp\/v2\/pages\/2700"}],"wp:featuredmedia":[{"embeddable":true,"href":"https:\/\/www.baest.cz\/en\/wp-json\/wp\/v2\/media\/2441"}],"wp:attachment":[{"href":"https:\/\/www.baest.cz\/en\/wp-json\/wp\/v2\/media?parent=2440"}],"curies":[{"name":"wp","href":"https:\/\/api.w.org\/{rel}","templated":true}]}}