{"id":2473,"date":"2022-12-01T13:08:22","date_gmt":"2022-12-01T12:08:22","guid":{"rendered":"http:\/\/baest.cz\/filling-stations\/klasicke-cerpaci-stanice\/"},"modified":"2023-02-09T10:44:37","modified_gmt":"2023-02-09T09:44:37","slug":"classical-filling-stations","status":"publish","type":"page","link":"https:\/\/www.baest.cz\/en\/products\/filling-stations\/classical-filling-stations\/","title":{"rendered":"Classical Filling Stations"},"content":{"rendered":"<div class=\"fusion-fullwidth fullwidth-box fusion-builder-row-1 fusion-flex-container nonhundred-percent-fullwidth non-hundred-percent-height-scrolling\" style=\"--awb-border-radius-top-left:0px;--awb-border-radius-top-right:0px;--awb-border-radius-bottom-right:0px;--awb-border-radius-bottom-left:0px;\" ><div class=\"fusion-builder-row fusion-row fusion-flex-align-items-flex-start\" style=\"max-width:1331.2px;margin-left: calc(-4% \/ 2 );margin-right: calc(-4% \/ 2 );\"><div class=\"fusion-layout-column fusion_builder_column fusion-builder-column-0 fusion_builder_column_1_1 1_1 fusion-flex-column\" style=\"--awb-bg-size:cover;--awb-width-large:100%;--awb-margin-top-large:0px;--awb-spacing-right-large:1.92%;--awb-margin-bottom-large:0px;--awb-spacing-left-large:1.92%;--awb-width-medium:100%;--awb-spacing-right-medium:1.92%;--awb-spacing-left-medium:1.92%;--awb-width-small:100%;--awb-spacing-right-small:1.92%;--awb-spacing-left-small:1.92%;\"><div class=\"fusion-column-wrapper fusion-flex-justify-content-flex-start fusion-content-layout-column\"><div class=\"fusion-text fusion-text-1\"><p>In this execution of filling stations fuel tanks are deployed outside of the delivery area. Stored products are fed to fuel dispensers by means of a&nbsp;double shell piping system. The tanks are filled from the intake shaft using double-shell intake pipes, too. The space between the shells is continuously monitored by evaluating equipment (of the ASF D25, Indikon or other type).This solution is preferred by the customers, who require larger fuel storage capacities. However, disadvantages of this arrangement should be seen in the length of its piping systems, higher demands for the built-up area and resulting higher investment costs and longer construction times.<\/p>\n<p>The delivery area is roofed using various steel structures. Both the structures of a&nbsp;standard type or of a&nbsp;customised design may be chosen. Moreover, this project solution entails also the provision of a&nbsp;sufficiently large parking area.<\/p>\n<p>This design of filling stations is suitable for the building of large facilities of a&nbsp;motorway type requiring high filling capacities and variable layouts of drive-in and drive-away roads.<\/p>\n<\/div><div class=\"fusion-separator fusion-full-width-sep\" style=\"align-self: center;margin-left: auto;margin-right: auto;margin-top:20px;margin-bottom:20px;width:100%;\"><\/div><div class=\"awb-gallery-wrapper awb-gallery-wrapper-1 button-span-no\" style=\"--more-btn-alignment:center;\"><div style=\"margin:-5px;--awb-bordersize:0px;\" class=\"fusion-gallery fusion-gallery-container fusion-grid-3 fusion-columns-total-6 fusion-gallery-layout-grid fusion-gallery-1\"><div style=\"padding:5px;\" class=\"fusion-grid-column fusion-gallery-column fusion-gallery-column-3 hover-type-none awb-imageframe-style awb-imageframe-style-below awb-imageframe-style-1\"><div class=\"fusion-gallery-image\"><a href=\"https:\/\/www.baest.cz\/wp-content\/uploads\/2022\/12\/_produkty-image_pjpeg-20090426073713-2815-mc-stojany-oval.jpg\" data-title=\"v\u00fddejn\u00ed stojany\" title=\"v\u00fddejn\u00ed stojany\" rel=\"noreferrer\" data-rel=\"iLightbox[gallery_image_1]\" class=\"fusion-lightbox\" target=\"_self\"><img decoding=\"async\" src=\"https:\/\/www.baest.cz\/wp-content\/uploads\/2022\/12\/_produkty-image_pjpeg-20090426073713-2815-mc-stojany-oval-452x295.jpg\" width=\"452\" height=\"295\" alt=\"\" title=\"v\u00fddejn\u00ed stojany\" aria-label=\"v\u00fddejn\u00ed stojany\" class=\"img-responsive wp-image-649 fusion-gallery-image-size-fixed\"  \/><\/a><\/div><div class=\"awb-imageframe-caption-container\"><div class=\"awb-imageframe-caption\"><div class=\"awb-imageframe-caption-title\">v\u00fddejn\u00ed stojany<\/div><\/div><\/div><\/div><div style=\"padding:5px;\" class=\"fusion-grid-column fusion-gallery-column fusion-gallery-column-3 hover-type-none awb-imageframe-style awb-imageframe-style-below awb-imageframe-style-1\"><div class=\"fusion-gallery-image\"><a href=\"https:\/\/www.baest.cz\/wp-content\/uploads\/2022\/12\/_produkty-image_pjpeg-20090427025822-7076-uloziste-v.jpg\" data-title=\"technologick\u00e9 rozvody\" title=\"technologick\u00e9 rozvody\" rel=\"noreferrer\" data-rel=\"iLightbox[gallery_image_1]\" class=\"fusion-lightbox\" target=\"_self\"><img decoding=\"async\" src=\"https:\/\/www.baest.cz\/wp-content\/uploads\/2022\/12\/_produkty-image_pjpeg-20090427025822-7076-uloziste-v-452x295.jpg\" width=\"452\" height=\"295\" alt=\"\" title=\"technologick\u00e9 rozvody\" aria-label=\"technologick\u00e9 rozvody\" class=\"img-responsive wp-image-650 fusion-gallery-image-size-fixed\"  \/><\/a><\/div><div class=\"awb-imageframe-caption-container\"><div class=\"awb-imageframe-caption\"><div class=\"awb-imageframe-caption-title\">technologick\u00e9 rozvody<\/div><\/div><\/div><\/div><div style=\"padding:5px;\" class=\"fusion-grid-column fusion-gallery-column fusion-gallery-column-3 hover-type-none awb-imageframe-style awb-imageframe-style-below awb-imageframe-style-1\"><div class=\"fusion-gallery-image\"><a href=\"https:\/\/www.baest.cz\/wp-content\/uploads\/2022\/12\/_produkty-image_pjpeg-20090427025822-2174-horni-pocernice-8-a.jpg\" data-title=\"\u010derpac\u00ed stanice\" title=\"\u010derpac\u00ed stanice\" rel=\"noreferrer\" data-rel=\"iLightbox[gallery_image_1]\" class=\"fusion-lightbox\" target=\"_self\"><img decoding=\"async\" src=\"https:\/\/www.baest.cz\/wp-content\/uploads\/2022\/12\/_produkty-image_pjpeg-20090427025822-2174-horni-pocernice-8-a-452x295.jpg\" width=\"452\" height=\"295\" alt=\"\" title=\"\u010derpac\u00ed stanice\" aria-label=\"\u010derpac\u00ed stanice\" class=\"img-responsive wp-image-651 fusion-gallery-image-size-fixed\"  \/><\/a><\/div><div class=\"awb-imageframe-caption-container\"><div class=\"awb-imageframe-caption\"><div class=\"awb-imageframe-caption-title\">\u010derpac\u00ed stanice<\/div><\/div><\/div><\/div><div class=\"clearfix\"><\/div><div style=\"padding:5px;\" class=\"fusion-grid-column fusion-gallery-column fusion-gallery-column-3 hover-type-none awb-imageframe-style awb-imageframe-style-below awb-imageframe-style-1\"><div class=\"fusion-gallery-image\"><a href=\"https:\/\/www.baest.cz\/wp-content\/uploads\/2022\/12\/_produkty-image_pjpeg-20091020010217-9911-cs-1.jpg\" data-title=\"\u010derpac\u00ed stanice\" title=\"\u010derpac\u00ed stanice\" rel=\"noreferrer\" data-rel=\"iLightbox[gallery_image_1]\" class=\"fusion-lightbox\" target=\"_self\"><img decoding=\"async\" src=\"https:\/\/www.baest.cz\/wp-content\/uploads\/2022\/12\/_produkty-image_pjpeg-20091020010217-9911-cs-1-452x295.jpg\" width=\"452\" height=\"295\" alt=\"\" title=\"\u010derpac\u00ed stanice\" aria-label=\"\u010derpac\u00ed stanice\" class=\"img-responsive wp-image-652 fusion-gallery-image-size-fixed\"  \/><\/a><\/div><div class=\"awb-imageframe-caption-container\"><div class=\"awb-imageframe-caption\"><div class=\"awb-imageframe-caption-title\">\u010derpac\u00ed stanice<\/div><\/div><\/div><\/div><div style=\"padding:5px;\" class=\"fusion-grid-column fusion-gallery-column fusion-gallery-column-3 hover-type-none awb-imageframe-style awb-imageframe-style-below awb-imageframe-style-1\"><div class=\"fusion-gallery-image\"><a href=\"https:\/\/www.baest.cz\/wp-content\/uploads\/2022\/12\/_produkty-image_pjpeg-20091020010218-0806-cs-globus.jpg\" data-title=\"\u010derpac\u00ed stanice\" title=\"\u010derpac\u00ed stanice\" rel=\"noreferrer\" data-rel=\"iLightbox[gallery_image_1]\" class=\"fusion-lightbox\" target=\"_self\"><img decoding=\"async\" src=\"https:\/\/www.baest.cz\/wp-content\/uploads\/2022\/12\/_produkty-image_pjpeg-20091020010218-0806-cs-globus-452x295.jpg\" width=\"452\" height=\"295\" alt=\"\" title=\"\u010derpac\u00ed stanice\" aria-label=\"\u010derpac\u00ed stanice\" class=\"img-responsive wp-image-653 fusion-gallery-image-size-fixed\"  \/><\/a><\/div><div class=\"awb-imageframe-caption-container\"><div class=\"awb-imageframe-caption\"><div class=\"awb-imageframe-caption-title\">\u010derpac\u00ed stanice<\/div><\/div><\/div><\/div><div style=\"padding:5px;\" class=\"fusion-grid-column fusion-gallery-column fusion-gallery-column-3 hover-type-none awb-imageframe-style awb-imageframe-style-below awb-imageframe-style-1\"><div class=\"fusion-gallery-image\"><a href=\"https:\/\/www.baest.cz\/wp-content\/uploads\/2022\/12\/_produkty-image_pjpeg-20091020010218-1338-ukladani-nadrzi.jpg\" data-title=\"ukl\u00e1d\u00e1n\u00ed n\u00e1dr\u017e\u00ed\" title=\"ukl\u00e1d\u00e1n\u00ed n\u00e1dr\u017e\u00ed\" rel=\"noreferrer\" data-rel=\"iLightbox[gallery_image_1]\" class=\"fusion-lightbox\" target=\"_self\"><img decoding=\"async\" src=\"https:\/\/www.baest.cz\/wp-content\/uploads\/2022\/12\/_produkty-image_pjpeg-20091020010218-1338-ukladani-nadrzi-452x295.jpg\" width=\"452\" height=\"295\" alt=\"\" title=\"ukl\u00e1d\u00e1n\u00ed n\u00e1dr\u017e\u00ed\" aria-label=\"ukl\u00e1d\u00e1n\u00ed n\u00e1dr\u017e\u00ed\" class=\"img-responsive wp-image-654 fusion-gallery-image-size-fixed\"  \/><\/a><\/div><div class=\"awb-imageframe-caption-container\"><div class=\"awb-imageframe-caption\"><div class=\"awb-imageframe-caption-title\">ukl\u00e1d\u00e1n\u00ed n\u00e1dr\u017e\u00ed<\/div><\/div><\/div><\/div><div class=\"clearfix\"><\/div><\/div><\/div><\/div><\/div><\/div><\/div>\n","protected":false},"excerpt":{"rendered":"","protected":false},"author":3,"featured_media":2474,"parent":2459,"menu_order":0,"comment_status":"open","ping_status":"closed","template":"","meta":{"_monsterinsights_skip_tracking":false,"_monsterinsights_sitenote_active":false,"_monsterinsights_sitenote_note":"","_monsterinsights_sitenote_category":0,"footnotes":""},"class_list":["post-2473","page","type-page","status-publish","has-post-thumbnail","hentry"],"_links":{"self":[{"href":"https:\/\/www.baest.cz\/en\/wp-json\/wp\/v2\/pages\/2473","targetHints":{"allow":["GET"]}}],"collection":[{"href":"https:\/\/www.baest.cz\/en\/wp-json\/wp\/v2\/pages"}],"about":[{"href":"https:\/\/www.baest.cz\/en\/wp-json\/wp\/v2\/types\/page"}],"author":[{"embeddable":true,"href":"https:\/\/www.baest.cz\/en\/wp-json\/wp\/v2\/users\/3"}],"replies":[{"embeddable":true,"href":"https:\/\/www.baest.cz\/en\/wp-json\/wp\/v2\/comments?post=2473"}],"version-history":[{"count":0,"href":"https:\/\/www.baest.cz\/en\/wp-json\/wp\/v2\/pages\/2473\/revisions"}],"up":[{"embeddable":true,"href":"https:\/\/www.baest.cz\/en\/wp-json\/wp\/v2\/pages\/2459"}],"wp:featuredmedia":[{"embeddable":true,"href":"https:\/\/www.baest.cz\/en\/wp-json\/wp\/v2\/media\/2474"}],"wp:attachment":[{"href":"https:\/\/www.baest.cz\/en\/wp-json\/wp\/v2\/media?parent=2473"}],"curies":[{"name":"wp","href":"https:\/\/api.w.org\/{rel}","templated":true}]}}