{"id":2511,"date":"2022-12-01T13:46:47","date_gmt":"2022-12-01T12:46:47","guid":{"rendered":"http:\/\/baest.cz\/filling-stations\/best-mikrob\/"},"modified":"2023-02-09T13:07:52","modified_gmt":"2023-02-09T12:07:52","slug":"best-mikrob","status":"publish","type":"page","link":"https:\/\/www.baest.cz\/en\/products\/filling-stations\/best-mikrob\/","title":{"rendered":"BEST MIKROB"},"content":{"rendered":"<div class=\"fusion-fullwidth fullwidth-box fusion-builder-row-1 fusion-flex-container nonhundred-percent-fullwidth non-hundred-percent-height-scrolling\" style=\"--awb-border-radius-top-left:0px;--awb-border-radius-top-right:0px;--awb-border-radius-bottom-right:0px;--awb-border-radius-bottom-left:0px;\" ><div class=\"fusion-builder-row fusion-row fusion-flex-align-items-flex-start\" style=\"max-width:1331.2px;margin-left: calc(-4% \/ 2 );margin-right: calc(-4% \/ 2 );\"><div class=\"fusion-layout-column fusion_builder_column fusion-builder-column-0 fusion_builder_column_1_1 1_1 fusion-flex-column\" style=\"--awb-bg-size:cover;--awb-width-large:100%;--awb-margin-top-large:0px;--awb-spacing-right-large:1.92%;--awb-margin-bottom-large:0px;--awb-spacing-left-large:1.92%;--awb-width-medium:100%;--awb-spacing-right-medium:1.92%;--awb-spacing-left-medium:1.92%;--awb-width-small:100%;--awb-spacing-right-small:1.92%;--awb-spacing-left-small:1.92%;\"><div class=\"fusion-column-wrapper fusion-flex-justify-content-flex-start fusion-content-layout-column\"><div class=\"fusion-text fusion-text-1\"><p>The BEST MIKROB filling system is intended to meet the requirements of those firms that use their vehicles and machines at remote worksites, where an ordinary filling station is inaccessible for the machines, usually of limited mobility. The tank will be transported directly to the machine and the transport truck battery (or, alternatively, the local 230 VAC mains) is used as the power source for the filling pump. If necessary, a&nbsp;manual fuel pump may be used for the purpose.<\/p>\n<p>The BEST MIKROB system is an above-ground transportable double-shell tank fitted with a&nbsp;simple pump, a&nbsp;counting mechanism and a&nbsp;delivery nozzle. As well as all any other BEST tank types, BEST MIKROB, too, is used for environmentally safe storage and delivery of fuels, diesel oil in this case.<\/p>\n<p style=\"margin: 0cm 0cm 0pt; mso-pagination: none; mso-layout-grid-align: none;\"><strong><em><span style=\"text-decoration: underline;\">The basic product range comprise the following tank sizes:<\/span><\/em><\/strong> 0.5; 1; 1.2; 1.5; 2.5m3<\/p>\n<p style=\"margin: 0cm 0cm 0pt; text-align: justify; mso-pagination: none; mso-layout-grid-align: none;\">The BEST MIKROB system is not fitted with its own intake pump and the tank should be filled using the intake fitting found on the tank cover lid. All the tanks are supplied in the surface finish of high quality.<\/p>\n<p style=\"margin: 0cm 0cm 0pt; mso-pagination: none; mso-layout-grid-align: none;\"><strong><em><span style=\"text-decoration: underline;\">BEST MIKROB tanks are fitted with:<\/span><\/em><\/strong><\/p>\n<ul>\n<li>\n<p style=\"margin: 0cm 0cm 0pt; mso-pagination: none; mso-layout-grid-align: none;\">fuel intake and filling technology<\/p>\n<\/li>\n<li>\n<p style=\"margin: 0cm 0cm 0pt; mso-pagination: none; mso-layout-grid-align: none;\">flame protection device<\/p>\n<\/li>\n<li>\n<p style=\"margin: 0cm 0cm 0pt; mso-pagination: none; mso-layout-grid-align: none;\">fuel level continuous measurement of MT (Afriso) type<\/p>\n<\/li>\n<li>\n<p style=\"margin: 0cm 0cm 0pt; mso-pagination: none; mso-layout-grid-align: none;\">indication of the condition between the shells<\/p>\n<\/li>\n<li>\n<p style=\"margin: 0cm 0cm 0pt; mso-pagination: none; mso-layout-grid-align: none;\">wall mounted filling equipment for private fuel delivery<\/p>\n<\/li>\n<\/ul>\n<p style=\"margin: 0cm 0cm 0pt; mso-pagination: none; mso-layout-grid-align: none;\"><em><span style=\"text-decoration: underline;\"><strong>The tank is available in the following versions:<\/strong><\/span><\/em><\/p>\n<p style=\"margin: 0cm 0cm 0pt; text-align: justify; mso-pagination: none; mso-layout-grid-align: none;\">BEST MIKROB DC &#8211; The tank is fitted with a&nbsp;delivery pump with 12-24 VDC drive, a&nbsp;flow-meter and a&nbsp;delivery nozzle. The vehicle battery can be used as a&nbsp;power supply.<br \/>\nBEST MIKROB AC &#8211; The tank should be used as a&nbsp;stationary fuel reservoir fitted with a&nbsp;delivery pump driven by a&nbsp;230 VAC motor.<br \/>\nBEST MIKROB R &#8211; The tank is fitted with a&nbsp;manually operated delivery pump.<br \/>\nBEST MIKROB OIL &#8211; The tank is intended for the environmentally safe storage of used oils at filling stations, service\/repair shops, etc.<\/p>\n<table style=\"background-color: #cde8fd; height: 186px; border: #000000 1px solid;\" border=\"1\" width=\"657\" frame=\"rows\" cellpadding=\"5\" align=\"center\">\n<tbody>\n<tr style=\"background-color: #8bc2e3;\" align=\"center\">\n<td>TYP\u00a0&#8211;\u00a0BEST MIKROB<\/td>\n<td style=\"text-align: center;\">MIKROB DC<\/td>\n<td style=\"text-align: center;\">MIKROB AC<\/td>\n<td style=\"text-align: center;\">MIKROB R<\/td>\n<td style=\"text-align: center;\">MIKROB OIL<\/td>\n<\/tr>\n<tr style=\"background-color: #ddf2fd;\">\n<td style=\"text-align: left;\">Nominal volume (m<sup>3<\/sup>)<\/td>\n<td style=\"text-align: center;\">0,5 &#8211; 2,5<\/td>\n<td style=\"text-align: center;\">0,5 &#8211; 2,5<\/td>\n<td style=\"text-align: center;\">0,5 &#8211; 2,5<\/td>\n<td style=\"text-align: center;\">0,5 &#8211; 2,5<\/td>\n<\/tr>\n<tr style=\"background-color: #ddf2fd;\">\n<td style=\"text-align: left;\">Usable volume (%)<\/td>\n<td style=\"text-align: center;\">\u00a095<\/td>\n<td style=\"text-align: center;\">95<\/td>\n<td style=\"text-align: center;\">95<\/td>\n<td style=\"text-align: center;\">95<\/td>\n<\/tr>\n<tr style=\"background-color: #ddf2fd;\">\n<td style=\"text-align: left;\">Tank diameter (mm)<\/td>\n<td style=\"text-align: center;\">1250; 1600<\/td>\n<td style=\"text-align: center;\">1250; 1600<\/td>\n<td style=\"text-align: center;\">1250; 1600<\/td>\n<td style=\"text-align: center;\">1250; 1600<\/td>\n<\/tr>\n<tr style=\"background-color: #ddf2fd;\">\n<td style=\"text-align: left;\">Max. nominal rated input (kW)<\/td>\n<td style=\"text-align: center;\">1<\/td>\n<td style=\"text-align: center;\">1<\/td>\n<td style=\"text-align: center;\"><\/td>\n<td style=\"text-align: center;\"><\/td>\n<\/tr>\n<\/tbody>\n<\/table>\n<\/div><div class=\"fusion-separator fusion-full-width-sep\" style=\"align-self: center;margin-left: auto;margin-right: auto;margin-top:20px;margin-bottom:20px;width:100%;\"><\/div><div class=\"awb-gallery-wrapper awb-gallery-wrapper-1 button-span-no\" style=\"--more-btn-alignment:center;\"><div style=\"margin:-5px;--awb-bordersize:0px;\" class=\"fusion-gallery fusion-gallery-container fusion-grid-3 fusion-columns-total-6 fusion-gallery-layout-grid fusion-gallery-1\"><div style=\"padding:5px;\" class=\"fusion-grid-column fusion-gallery-column fusion-gallery-column-3 hover-type-none awb-imageframe-style awb-imageframe-style-below awb-imageframe-style-1\"><div class=\"fusion-gallery-image\"><a href=\"https:\/\/www.baest.cz\/wp-content\/uploads\/2022\/12\/_produkty-image_pjpeg-20090426082540-0844-mikrob-1.jpg\" data-title=\"mikrob 1\" title=\"mikrob 1\" rel=\"noreferrer\" data-rel=\"iLightbox[gallery_image_1]\" class=\"fusion-lightbox\" target=\"_self\"><img decoding=\"async\" src=\"https:\/\/www.baest.cz\/wp-content\/uploads\/2022\/12\/_produkty-image_pjpeg-20090426082540-0844-mikrob-1-335x295.jpg\" width=\"335\" height=\"295\" alt=\"\" title=\"mikrob 1\" aria-label=\"mikrob 1\" class=\"img-responsive wp-image-695 fusion-gallery-image-size-fixed\"  \/><\/a><\/div><div class=\"awb-imageframe-caption-container\"><div class=\"awb-imageframe-caption\"><div class=\"awb-imageframe-caption-title\">mikrob 1<\/div><\/div><\/div><\/div><div style=\"padding:5px;\" class=\"fusion-grid-column fusion-gallery-column fusion-gallery-column-3 hover-type-none awb-imageframe-style awb-imageframe-style-below awb-imageframe-style-1\"><div class=\"fusion-gallery-image\"><a href=\"https:\/\/www.baest.cz\/wp-content\/uploads\/2022\/12\/_produkty-image_pjpeg-20090426082540-6713-mikrob-2.jpg\" data-title=\"mikrob 2\" title=\"mikrob 2\" rel=\"noreferrer\" data-rel=\"iLightbox[gallery_image_1]\" class=\"fusion-lightbox\" target=\"_self\"><img decoding=\"async\" src=\"https:\/\/www.baest.cz\/wp-content\/uploads\/2022\/12\/_produkty-image_pjpeg-20090426082540-6713-mikrob-2-333x295.jpg\" width=\"333\" height=\"295\" alt=\"\" title=\"mikrob 2\" aria-label=\"mikrob 2\" class=\"img-responsive wp-image-696 fusion-gallery-image-size-fixed\"  \/><\/a><\/div><div class=\"awb-imageframe-caption-container\"><div class=\"awb-imageframe-caption\"><div class=\"awb-imageframe-caption-title\">mikrob 2<\/div><\/div><\/div><\/div><div style=\"padding:5px;\" class=\"fusion-grid-column fusion-gallery-column fusion-gallery-column-3 hover-type-none awb-imageframe-style awb-imageframe-style-below awb-imageframe-style-1\"><div class=\"fusion-gallery-image\"><a href=\"https:\/\/www.baest.cz\/wp-content\/uploads\/2022\/12\/_produkty-image_pjpeg-20090426082540-7652-mikrob-3.jpg\" data-title=\"mikrob 3\" title=\"mikrob 3\" rel=\"noreferrer\" data-rel=\"iLightbox[gallery_image_1]\" class=\"fusion-lightbox\" target=\"_self\"><img decoding=\"async\" src=\"https:\/\/www.baest.cz\/wp-content\/uploads\/2022\/12\/_produkty-image_pjpeg-20090426082540-7652-mikrob-3-336x295.jpg\" width=\"336\" height=\"295\" alt=\"\" title=\"mikrob 3\" aria-label=\"mikrob 3\" class=\"img-responsive wp-image-697 fusion-gallery-image-size-fixed\"  \/><\/a><\/div><div class=\"awb-imageframe-caption-container\"><div class=\"awb-imageframe-caption\"><div class=\"awb-imageframe-caption-title\">mikrob 3<\/div><\/div><\/div><\/div><div class=\"clearfix\"><\/div><div style=\"padding:5px;\" class=\"fusion-grid-column fusion-gallery-column fusion-gallery-column-3 hover-type-none awb-imageframe-style awb-imageframe-style-below awb-imageframe-style-1\"><div class=\"fusion-gallery-image\"><a href=\"https:\/\/www.baest.cz\/wp-content\/uploads\/2022\/12\/_produkty-image_pjpeg-20090426082610-5681-mikrob-4.jpg\" data-title=\"mikrob 4\" title=\"mikrob 4\" rel=\"noreferrer\" data-rel=\"iLightbox[gallery_image_1]\" class=\"fusion-lightbox\" target=\"_self\"><img decoding=\"async\" src=\"https:\/\/www.baest.cz\/wp-content\/uploads\/2022\/12\/_produkty-image_pjpeg-20090426082610-5681-mikrob-4-336x295.jpg\" width=\"336\" height=\"295\" alt=\"\" title=\"mikrob 4\" aria-label=\"mikrob 4\" class=\"img-responsive wp-image-698 fusion-gallery-image-size-fixed\"  \/><\/a><\/div><div class=\"awb-imageframe-caption-container\"><div class=\"awb-imageframe-caption\"><div class=\"awb-imageframe-caption-title\">mikrob 4<\/div><\/div><\/div><\/div><div style=\"padding:5px;\" class=\"fusion-grid-column fusion-gallery-column fusion-gallery-column-3 hover-type-none awb-imageframe-style awb-imageframe-style-below awb-imageframe-style-1\"><div class=\"fusion-gallery-image\"><a href=\"https:\/\/www.baest.cz\/wp-content\/uploads\/2022\/12\/_produkty-image_pjpeg-20090511033715-5995-vydejni-zarizeni-1.jpg\" data-title=\"v\u00fddejn\u00ed za\u0159\u00edzen\u00ed\" title=\"v\u00fddejn\u00ed za\u0159\u00edzen\u00ed\" rel=\"noreferrer\" data-rel=\"iLightbox[gallery_image_1]\" class=\"fusion-lightbox\" target=\"_self\"><img decoding=\"async\" src=\"https:\/\/www.baest.cz\/wp-content\/uploads\/2022\/12\/_produkty-image_pjpeg-20090511033715-5995-vydejni-zarizeni-1-336x295.jpg\" width=\"336\" height=\"295\" alt=\"\" title=\"v\u00fddejn\u00ed za\u0159\u00edzen\u00ed\" aria-label=\"v\u00fddejn\u00ed za\u0159\u00edzen\u00ed\" class=\"img-responsive wp-image-699 fusion-gallery-image-size-fixed\"  \/><\/a><\/div><div class=\"awb-imageframe-caption-container\"><div class=\"awb-imageframe-caption\"><div class=\"awb-imageframe-caption-title\">v\u00fddejn\u00ed za\u0159\u00edzen\u00ed<\/div><\/div><\/div><\/div><div style=\"padding:5px;\" class=\"fusion-grid-column fusion-gallery-column fusion-gallery-column-3 hover-type-none awb-imageframe-style awb-imageframe-style-below awb-imageframe-style-1\"><div class=\"fusion-gallery-image\"><a href=\"https:\/\/www.baest.cz\/wp-content\/uploads\/2022\/12\/_produkty-image_pjpeg-20091215121727-2296-mikrob.jpg\" data-title=\"mikrob\" title=\"mikrob\" rel=\"noreferrer\" data-rel=\"iLightbox[gallery_image_1]\" class=\"fusion-lightbox\" target=\"_self\"><img decoding=\"async\" src=\"https:\/\/www.baest.cz\/wp-content\/uploads\/2022\/12\/_produkty-image_pjpeg-20091215121727-2296-mikrob-336x295.jpg\" width=\"336\" height=\"295\" alt=\"\" title=\"mikrob\" aria-label=\"mikrob\" class=\"img-responsive wp-image-700 fusion-gallery-image-size-fixed\"  \/><\/a><\/div><div class=\"awb-imageframe-caption-container\"><div class=\"awb-imageframe-caption\"><div class=\"awb-imageframe-caption-title\">mikrob<\/div><\/div><\/div><\/div><div class=\"clearfix\"><\/div><\/div><\/div><\/div><\/div><\/div><\/div>\n","protected":false},"excerpt":{"rendered":"","protected":false},"author":3,"featured_media":2512,"parent":2459,"menu_order":0,"comment_status":"open","ping_status":"closed","template":"","meta":{"_monsterinsights_skip_tracking":false,"_monsterinsights_sitenote_active":false,"_monsterinsights_sitenote_note":"","_monsterinsights_sitenote_category":0,"footnotes":""},"class_list":["post-2511","page","type-page","status-publish","has-post-thumbnail","hentry"],"_links":{"self":[{"href":"https:\/\/www.baest.cz\/en\/wp-json\/wp\/v2\/pages\/2511","targetHints":{"allow":["GET"]}}],"collection":[{"href":"https:\/\/www.baest.cz\/en\/wp-json\/wp\/v2\/pages"}],"about":[{"href":"https:\/\/www.baest.cz\/en\/wp-json\/wp\/v2\/types\/page"}],"author":[{"embeddable":true,"href":"https:\/\/www.baest.cz\/en\/wp-json\/wp\/v2\/users\/3"}],"replies":[{"embeddable":true,"href":"https:\/\/www.baest.cz\/en\/wp-json\/wp\/v2\/comments?post=2511"}],"version-history":[{"count":0,"href":"https:\/\/www.baest.cz\/en\/wp-json\/wp\/v2\/pages\/2511\/revisions"}],"up":[{"embeddable":true,"href":"https:\/\/www.baest.cz\/en\/wp-json\/wp\/v2\/pages\/2459"}],"wp:featuredmedia":[{"embeddable":true,"href":"https:\/\/www.baest.cz\/en\/wp-json\/wp\/v2\/media\/2512"}],"wp:attachment":[{"href":"https:\/\/www.baest.cz\/en\/wp-json\/wp\/v2\/media?parent=2511"}],"curies":[{"name":"wp","href":"https:\/\/api.w.org\/{rel}","templated":true}]}}