{"id":2544,"date":"2022-12-01T13:48:11","date_gmt":"2022-12-01T12:48:11","guid":{"rendered":"http:\/\/baest.cz\/bitumen-mixing-plants\/zivicne-hospodarstvi\/"},"modified":"2023-02-09T14:00:49","modified_gmt":"2023-02-09T13:00:49","slug":"bitumen-handling-system","status":"publish","type":"page","link":"https:\/\/www.baest.cz\/en\/products\/bitumen-mixing-plants\/bitumen-handling-system\/","title":{"rendered":"Bitumen Handling System"},"content":{"rendered":"<div class=\"fusion-fullwidth fullwidth-box fusion-builder-row-1 fusion-flex-container nonhundred-percent-fullwidth non-hundred-percent-height-scrolling\" style=\"--awb-border-radius-top-left:0px;--awb-border-radius-top-right:0px;--awb-border-radius-bottom-right:0px;--awb-border-radius-bottom-left:0px;\" ><div class=\"fusion-builder-row fusion-row fusion-flex-align-items-flex-start\" style=\"max-width:1331.2px;margin-left: calc(-4% \/ 2 );margin-right: calc(-4% \/ 2 );\"><div class=\"fusion-layout-column fusion_builder_column fusion-builder-column-0 fusion_builder_column_1_1 1_1 fusion-flex-column\" style=\"--awb-bg-size:cover;--awb-width-large:100%;--awb-margin-top-large:0px;--awb-spacing-right-large:1.92%;--awb-margin-bottom-large:0px;--awb-spacing-left-large:1.92%;--awb-width-medium:100%;--awb-spacing-right-medium:1.92%;--awb-spacing-left-medium:1.92%;--awb-width-small:100%;--awb-spacing-right-small:1.92%;--awb-spacing-left-small:1.92%;\"><div class=\"fusion-column-wrapper fusion-flex-justify-content-flex-start fusion-content-layout-column\"><div class=\"fusion-text fusion-text-1\"><p style=\"margin: 0cm 0cm 0pt; text-align: justify; mso-pagination: none; mso-layout-grid-align: none;\">\u017divi\u010dn\u00e9 hospod\u00e1\u0159stv\u00ed je funk\u010dn\u00ed technologick\u00fd celek, kter\u00fd se skl\u00e1d\u00e1 ze soustavy skladovac\u00edch n\u00e1dr\u017e\u00ed a&nbsp;potrubn\u00edch rozvod\u016f, zaji\u0161\u0165uj\u00edc\u00ed skladov\u00e1n\u00ed a&nbsp;v\u00fddej \u017eivice (asfaltu).<\/p>\n<p style=\"margin: 0cm 0cm 0pt; mso-pagination: none; mso-layout-grid-align: none;\"><strong><em><span style=\"text-decoration: underline;\">Technick\u00e9 proveden\u00ed n\u00e1dr\u017e\u00ed:<\/span><\/em><\/strong><\/p>\n<p style=\"margin: 0cm 0cm 0pt;\"><strong><em><span style=\"text-decoration: underline;\">Typ n\u00e1dr\u017e\u00ed:<\/span><\/em><\/strong><\/p>\n<ul>\n<li>\n<div style=\"margin: 0cm 0cm 0pt; mso-pagination: none; mso-layout-grid-align: none;\"><span style=\"color: #000000;\">vertik\u00e1ln\u00ed<\/span><\/div>\n<\/li>\n<li>\n<div style=\"margin: 0cm 0cm 0pt; mso-pagination: none; mso-layout-grid-align: none;\"><span style=\"color: #000000;\">horizont\u00e1ln\u00ed<\/span><\/div>\n<\/li>\n<\/ul>\n<p style=\"margin: 0cm 0cm 0pt; mso-pagination: none; mso-layout-grid-align: none;\"><strong><em><span style=\"text-decoration: underline;\">Uspo\u0159\u00e1d\u00e1n\u00ed n\u00e1dr\u017e\u00ed:<\/span><\/em><\/strong><\/p>\n<ul>\n<li>\n<div style=\"margin: 0cm 0cm 0pt; mso-pagination: none; mso-layout-grid-align: none;\"><span style=\"color: #000000;\">\u0159adov\u00e9<\/span><\/div>\n<\/li>\n<li>\n<div style=\"margin: 0cm 0cm 0pt; mso-pagination: none; mso-layout-grid-align: none;\"><span style=\"color: #000000;\">\u010dtvercov\u00e9<\/span><\/div>\n<\/li>\n<\/ul>\n<p style=\"margin: 0cm 0cm 0pt; mso-pagination: none; mso-layout-grid-align: none;\"><strong><em><span style=\"text-decoration: underline;\">Objemov\u00e1 \u0159ada:<\/span><\/em><\/strong><\/p>\n<ul>\n<li>\n<div style=\"margin: 0cm 0cm 0pt; mso-pagination: none; mso-layout-grid-align: none;\"><span style=\"color: #000000;\">jednokomorov\u00e9 &#8211; 20, 30, 40, 50, 60, 80, 100m<sup>3<\/sup><\/span><\/div>\n<\/li>\n<li>\n<div style=\"margin: 0cm 0cm 0pt; mso-pagination: none; mso-layout-grid-align: none;\"><span style=\"color: #000000;\">dvoukomorov\u00e9 &#8211; 20\/20, 30\/30, 40\/40, 50\/50m<sup>3<\/sup><\/span><\/div>\n<\/li>\n<\/ul>\n<p style=\"margin: 0cm 0cm 0pt; mso-pagination: none; mso-layout-grid-align: none;\"><strong><em><span style=\"text-decoration: underline;\">Topn\u00fd syst\u00e9m:<\/span><\/em><\/strong><\/p>\n<ul>\n<li>\n<div style=\"margin: 0cm 0cm 0pt; mso-pagination: none; mso-layout-grid-align: none;\"><span style=\"color: #000000;\">topn\u00fd registr s&nbsp;teplonosnou kapalinou<\/span><\/div>\n<\/li>\n<li>\n<div style=\"margin: 0cm 0cm 0pt; mso-pagination: none; mso-layout-grid-align: none;\"><span style=\"color: #000000;\">elektrick\u00e9 vyt\u00e1p\u011bn\u00ed<\/span><\/div>\n<\/li>\n<\/ul>\n<p style=\"margin: 0cm 0cm 0pt; mso-pagination: none; mso-layout-grid-align: none;\"><strong><em><span style=\"text-decoration: underline;\">N\u00e1dr\u017ee jsou<span style=\"mso-spacerun: yes;\">\u00a0 <\/span>standardn\u011b vybaveny:<\/span><\/em><\/strong><\/p>\n<ul>\n<li>\n<div style=\"margin: 0cm 0cm 0pt; mso-pagination: none; mso-layout-grid-align: none;\">topn\u00fdm syst\u00e9mem<\/div>\n<\/li>\n<li>\n<div style=\"margin: 0cm 0cm 0pt; mso-pagination: none; mso-layout-grid-align: none;\">armaturami pro s\u00e1n\u00ed<\/div>\n<\/li>\n<li>\n<div style=\"margin: 0cm 0cm 0pt; mso-pagination: none; mso-layout-grid-align: none;\">pln\u011bn\u00edm a&nbsp;p\u0159epadem<\/div>\n<\/li>\n<li>\n<div style=\"margin: 0cm 0cm 0pt; mso-pagination: none; mso-layout-grid-align: none;\">kontroln\u00edmi vstupy<\/div>\n<\/li>\n<li>\n<div style=\"margin: 0cm 0cm 0pt; mso-pagination: none; mso-layout-grid-align: none;\">armaturami pro m\u011b\u0159\u00edc\u00ed a&nbsp;bezpe\u010dnostn\u00ed prvky<\/div>\n<\/li>\n<\/ul>\n<p style=\"margin: 0cm 0cm 0pt; text-align: justify; mso-pagination: none; mso-layout-grid-align: none;\">N\u00e1dr\u017ee jsou d\u00e1le vybaveny vn\u011bj\u0161\u00edm a&nbsp;vnit\u0159n\u00edm \u017eeb\u0159\u00edkem, z\u00e1bradl\u00edm na st\u0159e\u0161e a&nbsp;p\u0159estupovou l\u00e1vkou. Na z\u00e1klad\u011b po\u017eadavku z\u00e1kazn\u00edka mohou b\u00fdt n\u00e1dr\u017ee vybaveny m\u00edchadlem. Hl\u00edd\u00e1n\u00ed a&nbsp;m\u011b\u0159en\u00ed hladiny je provedeno pomoc\u00ed tlakov\u00e9 sondy WEGA, radarov\u00e9ho m\u011b\u0159en\u00ed, kapacitn\u00ed sondy a.j., p\u0159\u00edpadn\u011b mechanick\u00fdm plov\u00e1kem. P\u0159i&nbsp;dosa\u017een\u00ed maxim\u00e1ln\u00ed hladiny sonda nebo koncov\u00fd sp\u00edna\u010d blokuje \u010derpadlo proti p\u0159epln\u011bn\u00ed n\u00e1dr\u017ee. Havarijn\u00ed plov\u00e1k zaji\u0161\u0165uje blokov\u00e1n\u00ed \u010derpadla p\u0159i&nbsp;selh\u00e1n\u00ed koncov\u00e9ho sp\u00edna\u010de m\u011b\u0159en\u00ed hladiny. Kvalitn\u00ed povrchov\u00e1 \u00faprava je provedena tepeln\u011b odoln\u00fdmi barvami. Tepeln\u00fdm ztr\u00e1t\u00e1m n\u00e1dr\u017ee zabra\u0148uje tepeln\u00e1 izolace Orsil v&nbsp;tlou\u0161\u0165ce 150 &#8211; 300mm. Izolace je opl\u00e1\u0161t\u011bna hladk\u00fdm hlin\u00edkov\u00fdm nebo pozinkovan\u00fdm plechem, p\u0159\u00edpadn\u011b plechem trap\u00e9zov\u00fdm.<\/p>\n<p style=\"margin: 0cm 0cm 0pt; text-align: justify; mso-pagination: none; mso-layout-grid-align: none;\"><strong><em><span style=\"text-decoration: underline;\">Technologick\u00e9 potrubn\u00ed rozvody:<\/span><\/em><\/strong><\/p>\n<ul>\n<li>\n<div style=\"margin: 0cm 0cm 0pt; text-align: justify; mso-pagination: none; mso-layout-grid-align: none;\">dvoupl\u00e1\u0161\u0165ov\u00e9 rozvody \u017eivice<\/div>\n<\/li>\n<li>\n<div style=\"margin: 0cm 0cm 0pt; text-align: justify; mso-pagination: none; mso-layout-grid-align: none;\">jednopl\u00e1\u0161\u0165ov\u00e9 rozvody teplonosn\u00e9 kapaliny<\/div>\n<\/li>\n<\/ul>\n<p style=\"margin: 0cm 0cm 0pt; text-align: justify; mso-pagination: none; mso-layout-grid-align: none;\">Ulo\u017ei\u0161t\u011b je vybaveno samostatn\u00fdm st\u00e1\u010dec\u00edm m\u00edstem. Vyh\u0159\u00edvan\u00e9 zubov\u00e9 \u010derpadlo umo\u017e\u0148uje variantn\u00ed zp\u016fsob st\u00e1\u010den\u00ed, a&nbsp;to \u010derp\u00e1n\u00ed p\u0159ipojen\u00edm na st\u00e1\u010dec\u00ed koncovku rozvodu, nebo p\u0159\u00edm\u00e9 st\u00e1\u010den\u00ed z&nbsp;distributoru p\u0159i&nbsp;obtoku st\u00e1\u010dec\u00edho \u010derpadla a&nbsp;filtru. Potrubn\u00ed rozvody s&nbsp;\u010derpadlem umo\u017e\u0148uj\u00ed p\u0159e\u010derp\u00e1v\u00e1n\u00ed<span style=\"mso-spacerun: yes;\">\u00a0 <\/span>\u017eivice mezi jednotliv\u00fdmi n\u00e1dr\u017eemi, m\u00edch\u00e1n\u00ed obsahu n\u00e1dr\u017ee a&nbsp;v\u00fddej do distributoru.<span style=\"mso-spacerun: yes;\">\u00a0 <\/span>N\u00e1dr\u017ee, rozvody \u017eivice a&nbsp;rozvody teplonosn\u00e9 kapaliny jsou um\u00edst\u011bny v\u00a0nepropustn\u00e9 betonov\u00e9 j\u00edmce dle platn\u00e9 \u010cSN. P\u0159\u00edstup k&nbsp;jednotliv\u00fdm armatur\u00e1m je mo\u017en\u00fd<span style=\"mso-spacerun: yes;\">\u00a0 <\/span>z obslu\u017en\u00fdch ro\u0161t\u016f a&nbsp;z&nbsp;obslu\u017en\u00e9 plo\u0161iny um\u00edst\u011bn\u00e9 nad n\u00e1dr\u017eemi. Ve\u0161ker\u00e9 rozvody teplonosn\u00e9 kapaliny i&nbsp;dvoupl\u00e1\u0161\u0165ov\u00e9 rozvody \u017eivice jsou izolov\u00e1ny tepelnou izolac\u00ed Orsil o&nbsp;s\u00edle 80 &#8211; 100mm a&nbsp;opl\u00e1\u0161t\u011bny pozinkovan\u00fdm nebo hlin\u00edkov\u00fdm plechem.<\/p>\n<\/div><div class=\"fusion-separator fusion-full-width-sep\" style=\"align-self: center;margin-left: auto;margin-right: auto;margin-top:20px;margin-bottom:20px;width:100%;\"><\/div><div class=\"awb-gallery-wrapper awb-gallery-wrapper-1 button-span-no\" style=\"--more-btn-alignment:center;\"><div style=\"margin:-5px;--awb-bordersize:0px;\" class=\"fusion-gallery fusion-gallery-container fusion-grid-3 fusion-columns-total-10 fusion-gallery-layout-grid fusion-gallery-1\"><div style=\"padding:5px;\" class=\"fusion-grid-column fusion-gallery-column fusion-gallery-column-3 hover-type-none awb-imageframe-style awb-imageframe-style-below awb-imageframe-style-1\"><div class=\"fusion-gallery-image\"><a href=\"https:\/\/www.baest.cz\/wp-content\/uploads\/2022\/12\/_produkty-image_jpeg-20150616090609-0277-2.jpg\" rel=\"noreferrer\" data-rel=\"iLightbox[gallery_image_1]\" class=\"fusion-lightbox\" target=\"_self\"><img decoding=\"async\" src=\"https:\/\/www.baest.cz\/wp-content\/uploads\/2022\/12\/_produkty-image_jpeg-20150616090609-0277-2-460x295.jpg\" width=\"460\" height=\"295\" alt=\"\" title=\"\" aria-label=\"\" class=\"img-responsive wp-image-746 fusion-gallery-image-size-fixed\"  \/><\/a><\/div><div class=\"awb-imageframe-caption-container\"><div class=\"awb-imageframe-caption\"><\/div><\/div><\/div><div style=\"padding:5px;\" class=\"fusion-grid-column fusion-gallery-column fusion-gallery-column-3 hover-type-none awb-imageframe-style awb-imageframe-style-below awb-imageframe-style-1\"><div class=\"fusion-gallery-image\"><a rel=\"noreferrer\" data-rel=\"iLightbox[gallery_image_1]\" class=\"fusion-lightbox\" target=\"_self\"><img decoding=\"async\" src=\"\" width=\"\" height=\"\" alt=\"\" title=\"\" aria-label=\"\" class=\"img-responsive wp-image-747 fusion-gallery-image-size-fixed\"  \/><\/a><\/div><div class=\"awb-imageframe-caption-container\"><div class=\"awb-imageframe-caption\"><\/div><\/div><\/div><div style=\"padding:5px;\" class=\"fusion-grid-column fusion-gallery-column fusion-gallery-column-3 hover-type-none awb-imageframe-style awb-imageframe-style-below awb-imageframe-style-1\"><div class=\"fusion-gallery-image\"><a rel=\"noreferrer\" data-rel=\"iLightbox[gallery_image_1]\" class=\"fusion-lightbox\" target=\"_self\"><img decoding=\"async\" src=\"\" width=\"\" height=\"\" alt=\"\" title=\"\" aria-label=\"\" class=\"img-responsive wp-image-748 fusion-gallery-image-size-fixed\"  \/><\/a><\/div><div class=\"awb-imageframe-caption-container\"><div class=\"awb-imageframe-caption\"><\/div><\/div><\/div><div class=\"clearfix\"><\/div><div style=\"padding:5px;\" class=\"fusion-grid-column fusion-gallery-column fusion-gallery-column-3 hover-type-none awb-imageframe-style awb-imageframe-style-below awb-imageframe-style-1\"><div class=\"fusion-gallery-image\"><a rel=\"noreferrer\" data-rel=\"iLightbox[gallery_image_1]\" class=\"fusion-lightbox\" target=\"_self\"><img decoding=\"async\" src=\"\" width=\"\" height=\"\" alt=\"\" title=\"\" aria-label=\"\" class=\"img-responsive wp-image-749 fusion-gallery-image-size-fixed\"  \/><\/a><\/div><div class=\"awb-imageframe-caption-container\"><div class=\"awb-imageframe-caption\"><\/div><\/div><\/div><div style=\"padding:5px;\" class=\"fusion-grid-column fusion-gallery-column fusion-gallery-column-3 hover-type-none awb-imageframe-style awb-imageframe-style-below awb-imageframe-style-1\"><div class=\"fusion-gallery-image\"><a rel=\"noreferrer\" data-rel=\"iLightbox[gallery_image_1]\" class=\"fusion-lightbox\" target=\"_self\"><img decoding=\"async\" src=\"\" width=\"\" height=\"\" alt=\"\" title=\"\" aria-label=\"\" class=\"img-responsive wp-image-750 fusion-gallery-image-size-fixed\"  \/><\/a><\/div><div class=\"awb-imageframe-caption-container\"><div class=\"awb-imageframe-caption\"><\/div><\/div><\/div><div style=\"padding:5px;\" class=\"fusion-grid-column fusion-gallery-column fusion-gallery-column-3 hover-type-none awb-imageframe-style awb-imageframe-style-below awb-imageframe-style-1\"><div class=\"fusion-gallery-image\"><a rel=\"noreferrer\" data-rel=\"iLightbox[gallery_image_1]\" class=\"fusion-lightbox\" target=\"_self\"><img decoding=\"async\" src=\"\" width=\"\" height=\"\" alt=\"\" title=\"\" aria-label=\"\" class=\"img-responsive wp-image-751 fusion-gallery-image-size-fixed\"  \/><\/a><\/div><div class=\"awb-imageframe-caption-container\"><div class=\"awb-imageframe-caption\"><\/div><\/div><\/div><div class=\"clearfix\"><\/div><div style=\"padding:5px;\" class=\"fusion-grid-column fusion-gallery-column fusion-gallery-column-3 hover-type-none awb-imageframe-style awb-imageframe-style-below awb-imageframe-style-1\"><div class=\"fusion-gallery-image\"><a rel=\"noreferrer\" data-rel=\"iLightbox[gallery_image_1]\" class=\"fusion-lightbox\" target=\"_self\"><img decoding=\"async\" src=\"\" width=\"\" height=\"\" alt=\"\" title=\"\" aria-label=\"\" class=\"img-responsive wp-image-752 fusion-gallery-image-size-fixed\"  \/><\/a><\/div><div class=\"awb-imageframe-caption-container\"><div class=\"awb-imageframe-caption\"><\/div><\/div><\/div><div style=\"padding:5px;\" class=\"fusion-grid-column fusion-gallery-column fusion-gallery-column-3 hover-type-none awb-imageframe-style awb-imageframe-style-below awb-imageframe-style-1\"><div class=\"fusion-gallery-image\"><a rel=\"noreferrer\" data-rel=\"iLightbox[gallery_image_1]\" class=\"fusion-lightbox\" target=\"_self\"><img decoding=\"async\" src=\"\" width=\"\" height=\"\" alt=\"\" title=\"\" aria-label=\"\" class=\"img-responsive wp-image-753 fusion-gallery-image-size-fixed\"  \/><\/a><\/div><div class=\"awb-imageframe-caption-container\"><div class=\"awb-imageframe-caption\"><\/div><\/div><\/div><div style=\"padding:5px;\" class=\"fusion-grid-column fusion-gallery-column fusion-gallery-column-3 hover-type-none awb-imageframe-style awb-imageframe-style-below awb-imageframe-style-1\"><div class=\"fusion-gallery-image\"><a rel=\"noreferrer\" data-rel=\"iLightbox[gallery_image_1]\" class=\"fusion-lightbox\" target=\"_self\"><img decoding=\"async\" src=\"\" width=\"\" height=\"\" alt=\"\" title=\"\" aria-label=\"\" class=\"img-responsive wp-image-754 fusion-gallery-image-size-fixed\"  \/><\/a><\/div><div class=\"awb-imageframe-caption-container\"><div class=\"awb-imageframe-caption\"><\/div><\/div><\/div><div class=\"clearfix\"><\/div><div style=\"padding:5px;\" class=\"fusion-grid-column fusion-gallery-column fusion-gallery-column-3 hover-type-none awb-imageframe-style awb-imageframe-style-below awb-imageframe-style-1\"><div class=\"fusion-gallery-image\"><a rel=\"noreferrer\" data-rel=\"iLightbox[gallery_image_1]\" class=\"fusion-lightbox\" target=\"_self\"><img decoding=\"async\" src=\"\" width=\"\" height=\"\" alt=\"\" title=\"\" aria-label=\"\" class=\"img-responsive wp-image-755 fusion-gallery-image-size-fixed\"  \/><\/a><\/div><div class=\"awb-imageframe-caption-container\"><div class=\"awb-imageframe-caption\"><\/div><\/div><\/div><\/div><\/div><\/div><\/div><\/div><\/div>\n","protected":false},"excerpt":{"rendered":"","protected":false},"author":3,"featured_media":2545,"parent":2535,"menu_order":0,"comment_status":"open","ping_status":"closed","template":"","meta":{"_monsterinsights_skip_tracking":false,"_monsterinsights_sitenote_active":false,"_monsterinsights_sitenote_note":"","_monsterinsights_sitenote_category":0,"footnotes":""},"class_list":["post-2544","page","type-page","status-publish","has-post-thumbnail","hentry"],"_links":{"self":[{"href":"https:\/\/www.baest.cz\/en\/wp-json\/wp\/v2\/pages\/2544","targetHints":{"allow":["GET"]}}],"collection":[{"href":"https:\/\/www.baest.cz\/en\/wp-json\/wp\/v2\/pages"}],"about":[{"href":"https:\/\/www.baest.cz\/en\/wp-json\/wp\/v2\/types\/page"}],"author":[{"embeddable":true,"href":"https:\/\/www.baest.cz\/en\/wp-json\/wp\/v2\/users\/3"}],"replies":[{"embeddable":true,"href":"https:\/\/www.baest.cz\/en\/wp-json\/wp\/v2\/comments?post=2544"}],"version-history":[{"count":0,"href":"https:\/\/www.baest.cz\/en\/wp-json\/wp\/v2\/pages\/2544\/revisions"}],"up":[{"embeddable":true,"href":"https:\/\/www.baest.cz\/en\/wp-json\/wp\/v2\/pages\/2535"}],"wp:featuredmedia":[{"embeddable":true,"href":"https:\/\/www.baest.cz\/en\/wp-json\/wp\/v2\/media\/2545"}],"wp:attachment":[{"href":"https:\/\/www.baest.cz\/en\/wp-json\/wp\/v2\/media?parent=2544"}],"curies":[{"name":"wp","href":"https:\/\/api.w.org\/{rel}","templated":true}]}}