{"id":2557,"date":"2022-12-01T13:48:14","date_gmt":"2022-12-01T12:48:14","guid":{"rendered":"http:\/\/baest.cz\/bitumen-mixing-plants\/filerove-hospodarstvi\/"},"modified":"2023-02-15T10:55:01","modified_gmt":"2023-02-15T09:55:01","slug":"filler-handling-system","status":"publish","type":"page","link":"https:\/\/www.baest.cz\/en\/products\/bitumen-mixing-plants\/filler-handling-system\/","title":{"rendered":"Filler Handling System"},"content":{"rendered":"<div class=\"fusion-fullwidth fullwidth-box fusion-builder-row-1 fusion-flex-container nonhundred-percent-fullwidth non-hundred-percent-height-scrolling\" style=\"--awb-border-radius-top-left:0px;--awb-border-radius-top-right:0px;--awb-border-radius-bottom-right:0px;--awb-border-radius-bottom-left:0px;\" ><div class=\"fusion-builder-row fusion-row fusion-flex-align-items-flex-start\" style=\"max-width:1331.2px;margin-left: calc(-4% \/ 2 );margin-right: calc(-4% \/ 2 );\"><div class=\"fusion-layout-column fusion_builder_column fusion-builder-column-0 fusion_builder_column_1_1 1_1 fusion-flex-column\" style=\"--awb-bg-size:cover;--awb-width-large:100%;--awb-margin-top-large:0px;--awb-spacing-right-large:1.92%;--awb-margin-bottom-large:0px;--awb-spacing-left-large:1.92%;--awb-width-medium:100%;--awb-spacing-right-medium:1.92%;--awb-spacing-left-medium:1.92%;--awb-width-small:100%;--awb-spacing-right-small:1.92%;--awb-spacing-left-small:1.92%;\"><div class=\"fusion-column-wrapper fusion-flex-justify-content-flex-start fusion-content-layout-column\"><div class=\"fusion-text fusion-text-1\"><p style=\"margin: 0cm 0cm 0pt; text-align: justify; mso-pagination: none; mso-layout-grid-align: none;\">The system of storage silo is provided with necessary equipment for the receipt and delivery of loose materials such as pneumatic placers as well as bucket, belt and worm conveyors. The silos are made of steel of the S235JRG2 grade and may be provided with abrasion resistant (HARDOX) interior lining on customer\u2018s request. Silos designed for the food industry are made of stainless steel, or their internal surfaces can be provided with coatings certified for use in food applications. Exterior surfaces are coated with durable epoxide or polyurethane coating systems of high quality and weathering resistance.<\/p>\n<\/div><div class=\"fusion-separator fusion-full-width-sep\" style=\"align-self: center;margin-left: auto;margin-right: auto;margin-top:20px;margin-bottom:20px;width:100%;\"><\/div><div class=\"awb-gallery-wrapper awb-gallery-wrapper-1 button-span-no\" style=\"--more-btn-alignment:center;\"><div style=\"margin:-5px;--awb-bordersize:0px;\" class=\"fusion-gallery fusion-gallery-container fusion-grid-3 fusion-columns-total-10 fusion-gallery-layout-grid fusion-gallery-1\"><div style=\"padding:5px;\" class=\"fusion-grid-column fusion-gallery-column fusion-gallery-column-3 hover-type-none awb-imageframe-style awb-imageframe-style-below awb-imageframe-style-1\"><div class=\"fusion-gallery-image\"><a href=\"https:\/\/www.baest.cz\/wp-content\/uploads\/2022\/12\/_produkty-image_pjpeg-20090426092416-4590-custom-sila-2-oval.jpg\" data-title=\"Filerov\u00e9 hospod\u00e1\u0159stv\u00ed\" title=\"Filerov\u00e9 hospod\u00e1\u0159stv\u00ed\" rel=\"noreferrer\" data-rel=\"iLightbox[gallery_image_1]\" class=\"fusion-lightbox\" target=\"_self\"><img decoding=\"async\" src=\"https:\/\/www.baest.cz\/wp-content\/uploads\/2022\/12\/_produkty-image_pjpeg-20090426092416-4590-custom-sila-2-oval-337x295.jpg\" width=\"337\" height=\"295\" alt=\"\" title=\"Filerov\u00e9 hospod\u00e1\u0159stv\u00ed\" aria-label=\"Filerov\u00e9 hospod\u00e1\u0159stv\u00ed\" class=\"img-responsive wp-image-757 fusion-gallery-image-size-fixed\"  \/><\/a><\/div><div class=\"awb-imageframe-caption-container\"><div class=\"awb-imageframe-caption\"><div class=\"awb-imageframe-caption-title\">Filerov\u00e9 hospod\u00e1\u0159stv\u00ed<\/div><\/div><\/div><\/div><div style=\"padding:5px;\" class=\"fusion-grid-column fusion-gallery-column fusion-gallery-column-3 hover-type-none awb-imageframe-style awb-imageframe-style-below awb-imageframe-style-1\"><div class=\"fusion-gallery-image\"><a href=\"https:\/\/www.baest.cz\/wp-content\/uploads\/2022\/12\/_produkty-image_pjpeg-20090426092416-4447-filerove-hospodarstvi-1-oval.jpg\" data-title=\"Filerov\u00e9 hospod\u00e1\u0159stv\u00ed\" title=\"Filerov\u00e9 hospod\u00e1\u0159stv\u00ed\" rel=\"noreferrer\" data-rel=\"iLightbox[gallery_image_1]\" class=\"fusion-lightbox\" target=\"_self\"><img decoding=\"async\" src=\"https:\/\/www.baest.cz\/wp-content\/uploads\/2022\/12\/_produkty-image_pjpeg-20090426092416-4447-filerove-hospodarstvi-1-oval-336x295.jpg\" width=\"336\" height=\"295\" alt=\"\" title=\"Filerov\u00e9 hospod\u00e1\u0159stv\u00ed\" aria-label=\"Filerov\u00e9 hospod\u00e1\u0159stv\u00ed\" class=\"img-responsive wp-image-758 fusion-gallery-image-size-fixed\"  \/><\/a><\/div><div class=\"awb-imageframe-caption-container\"><div class=\"awb-imageframe-caption\"><div class=\"awb-imageframe-caption-title\">Filerov\u00e9 hospod\u00e1\u0159stv\u00ed<\/div><\/div><\/div><\/div><div style=\"padding:5px;\" class=\"fusion-grid-column fusion-gallery-column fusion-gallery-column-3 hover-type-none awb-imageframe-style awb-imageframe-style-below awb-imageframe-style-1\"><div class=\"fusion-gallery-image\"><a href=\"https:\/\/www.baest.cz\/wp-content\/uploads\/2022\/12\/_produkty-image_pjpeg-20090426092416-5177-filerove-hospodarstvi-3-oval.jpg\" data-title=\"Filerov\u00e9 hospod\u00e1\u0159stv\u00ed\" title=\"Filerov\u00e9 hospod\u00e1\u0159stv\u00ed\" rel=\"noreferrer\" data-rel=\"iLightbox[gallery_image_1]\" class=\"fusion-lightbox\" target=\"_self\"><img decoding=\"async\" src=\"https:\/\/www.baest.cz\/wp-content\/uploads\/2022\/12\/_produkty-image_pjpeg-20090426092416-5177-filerove-hospodarstvi-3-oval-336x295.jpg\" width=\"336\" height=\"295\" alt=\"\" title=\"Filerov\u00e9 hospod\u00e1\u0159stv\u00ed\" aria-label=\"Filerov\u00e9 hospod\u00e1\u0159stv\u00ed\" class=\"img-responsive wp-image-759 fusion-gallery-image-size-fixed\"  \/><\/a><\/div><div class=\"awb-imageframe-caption-container\"><div class=\"awb-imageframe-caption\"><div class=\"awb-imageframe-caption-title\">Filerov\u00e9 hospod\u00e1\u0159stv\u00ed<\/div><\/div><\/div><\/div><div class=\"clearfix\"><\/div><div style=\"padding:5px;\" class=\"fusion-grid-column fusion-gallery-column fusion-gallery-column-3 hover-type-none awb-imageframe-style awb-imageframe-style-below awb-imageframe-style-1\"><div class=\"fusion-gallery-image\"><a href=\"https:\/\/www.baest.cz\/wp-content\/uploads\/2022\/12\/_produkty-image_pjpeg-20090426093041-5006-filerove-hospodarstvi-4-oval.jpg\" data-title=\"Filerov\u00e9 hospod\u00e1\u0159stv\u00ed\" title=\"Filerov\u00e9 hospod\u00e1\u0159stv\u00ed\" rel=\"noreferrer\" data-rel=\"iLightbox[gallery_image_1]\" class=\"fusion-lightbox\" target=\"_self\"><img decoding=\"async\" src=\"https:\/\/www.baest.cz\/wp-content\/uploads\/2022\/12\/_produkty-image_pjpeg-20090426093041-5006-filerove-hospodarstvi-4-oval-452x295.jpg\" width=\"452\" height=\"295\" alt=\"\" title=\"Filerov\u00e9 hospod\u00e1\u0159stv\u00ed\" aria-label=\"Filerov\u00e9 hospod\u00e1\u0159stv\u00ed\" class=\"img-responsive wp-image-760 fusion-gallery-image-size-fixed\"  \/><\/a><\/div><div class=\"awb-imageframe-caption-container\"><div class=\"awb-imageframe-caption\"><div class=\"awb-imageframe-caption-title\">Filerov\u00e9 hospod\u00e1\u0159stv\u00ed<\/div><\/div><\/div><\/div><div style=\"padding:5px;\" class=\"fusion-grid-column fusion-gallery-column fusion-gallery-column-3 hover-type-none awb-imageframe-style awb-imageframe-style-below awb-imageframe-style-1\"><div class=\"fusion-gallery-image\"><a href=\"https:\/\/www.baest.cz\/wp-content\/uploads\/2022\/12\/_produkty-image_pjpeg-20090426093041-5545-filerove-hospodarstvi-5-oval.jpg\" data-title=\"Filerov\u00e9 hospod\u00e1\u0159stv\u00ed\" title=\"Filerov\u00e9 hospod\u00e1\u0159stv\u00ed\" rel=\"noreferrer\" data-rel=\"iLightbox[gallery_image_1]\" class=\"fusion-lightbox\" target=\"_self\"><img decoding=\"async\" src=\"https:\/\/www.baest.cz\/wp-content\/uploads\/2022\/12\/_produkty-image_pjpeg-20090426093041-5545-filerove-hospodarstvi-5-oval-452x295.jpg\" width=\"452\" height=\"295\" alt=\"\" title=\"Filerov\u00e9 hospod\u00e1\u0159stv\u00ed\" aria-label=\"Filerov\u00e9 hospod\u00e1\u0159stv\u00ed\" class=\"img-responsive wp-image-761 fusion-gallery-image-size-fixed\"  \/><\/a><\/div><div class=\"awb-imageframe-caption-container\"><div class=\"awb-imageframe-caption\"><div class=\"awb-imageframe-caption-title\">Filerov\u00e9 hospod\u00e1\u0159stv\u00ed<\/div><\/div><\/div><\/div><div style=\"padding:5px;\" class=\"fusion-grid-column fusion-gallery-column fusion-gallery-column-3 hover-type-none awb-imageframe-style awb-imageframe-style-below awb-imageframe-style-1\"><div class=\"fusion-gallery-image\"><a href=\"https:\/\/www.baest.cz\/wp-content\/uploads\/2022\/12\/_produkty-image_pjpeg-20090426093042-7690-filerove-hospodarstvi-6-oval.jpg\" data-title=\"Filerov\u00e9 hospod\u00e1\u0159stv\u00ed\" title=\"Filerov\u00e9 hospod\u00e1\u0159stv\u00ed\" rel=\"noreferrer\" data-rel=\"iLightbox[gallery_image_1]\" class=\"fusion-lightbox\" target=\"_self\"><img decoding=\"async\" src=\"https:\/\/www.baest.cz\/wp-content\/uploads\/2022\/12\/_produkty-image_pjpeg-20090426093042-7690-filerove-hospodarstvi-6-oval-336x295.jpg\" width=\"336\" height=\"295\" alt=\"\" title=\"Filerov\u00e9 hospod\u00e1\u0159stv\u00ed\" aria-label=\"Filerov\u00e9 hospod\u00e1\u0159stv\u00ed\" class=\"img-responsive wp-image-762 fusion-gallery-image-size-fixed\"  \/><\/a><\/div><div class=\"awb-imageframe-caption-container\"><div class=\"awb-imageframe-caption\"><div class=\"awb-imageframe-caption-title\">Filerov\u00e9 hospod\u00e1\u0159stv\u00ed<\/div><\/div><\/div><\/div><div class=\"clearfix\"><\/div><div style=\"padding:5px;\" class=\"fusion-grid-column fusion-gallery-column fusion-gallery-column-3 hover-type-none awb-imageframe-style awb-imageframe-style-below awb-imageframe-style-1\"><div class=\"fusion-gallery-image\"><a href=\"https:\/\/www.baest.cz\/wp-content\/uploads\/2022\/12\/_produkty-image_pjpeg-20090426093221-8585-filerove-hospodarstvi-7-oval.jpg\" data-title=\"Filerov\u00e9 hospod\u00e1\u0159stv\u00ed\" title=\"Filerov\u00e9 hospod\u00e1\u0159stv\u00ed\" rel=\"noreferrer\" data-rel=\"iLightbox[gallery_image_1]\" class=\"fusion-lightbox\" target=\"_self\"><img decoding=\"async\" src=\"https:\/\/www.baest.cz\/wp-content\/uploads\/2022\/12\/_produkty-image_pjpeg-20090426093221-8585-filerove-hospodarstvi-7-oval-336x295.jpg\" width=\"336\" height=\"295\" alt=\"\" title=\"Filerov\u00e9 hospod\u00e1\u0159stv\u00ed\" aria-label=\"Filerov\u00e9 hospod\u00e1\u0159stv\u00ed\" class=\"img-responsive wp-image-763 fusion-gallery-image-size-fixed\"  \/><\/a><\/div><div class=\"awb-imageframe-caption-container\"><div class=\"awb-imageframe-caption\"><div class=\"awb-imageframe-caption-title\">Filerov\u00e9 hospod\u00e1\u0159stv\u00ed<\/div><\/div><\/div><\/div><div style=\"padding:5px;\" class=\"fusion-grid-column fusion-gallery-column fusion-gallery-column-3 hover-type-none awb-imageframe-style awb-imageframe-style-below awb-imageframe-style-1\"><div class=\"fusion-gallery-image\"><a href=\"https:\/\/www.baest.cz\/wp-content\/uploads\/2022\/12\/_produkty-image_pjpeg-20090426093221-7102-filerove-hospodarstvi-8-oval.jpg\" data-title=\"Filerov\u00e9 hospod\u00e1\u0159stv\u00ed\" title=\"Filerov\u00e9 hospod\u00e1\u0159stv\u00ed\" rel=\"noreferrer\" data-rel=\"iLightbox[gallery_image_1]\" class=\"fusion-lightbox\" target=\"_self\"><img decoding=\"async\" src=\"https:\/\/www.baest.cz\/wp-content\/uploads\/2022\/12\/_produkty-image_pjpeg-20090426093221-7102-filerove-hospodarstvi-8-oval-336x295.jpg\" width=\"336\" height=\"295\" alt=\"\" title=\"Filerov\u00e9 hospod\u00e1\u0159stv\u00ed\" aria-label=\"Filerov\u00e9 hospod\u00e1\u0159stv\u00ed\" class=\"img-responsive wp-image-764 fusion-gallery-image-size-fixed\"  \/><\/a><\/div><div class=\"awb-imageframe-caption-container\"><div class=\"awb-imageframe-caption\"><div class=\"awb-imageframe-caption-title\">Filerov\u00e9 hospod\u00e1\u0159stv\u00ed<\/div><\/div><\/div><\/div><div style=\"padding:5px;\" class=\"fusion-grid-column fusion-gallery-column fusion-gallery-column-3 hover-type-none awb-imageframe-style awb-imageframe-style-below awb-imageframe-style-1\"><div class=\"fusion-gallery-image\"><a href=\"https:\/\/www.baest.cz\/wp-content\/uploads\/2022\/12\/_produkty-image_pjpeg-20090426093221-8781-filerove-hospodarstvi-9.jpg\" data-title=\"Filerov\u00e9 hospod\u00e1\u0159stv\u00ed\" title=\"Filerov\u00e9 hospod\u00e1\u0159stv\u00ed\" rel=\"noreferrer\" data-rel=\"iLightbox[gallery_image_1]\" class=\"fusion-lightbox\" target=\"_self\"><img decoding=\"async\" src=\"https:\/\/www.baest.cz\/wp-content\/uploads\/2022\/12\/_produkty-image_pjpeg-20090426093221-8781-filerove-hospodarstvi-9-336x295.jpg\" width=\"336\" height=\"295\" alt=\"\" title=\"Filerov\u00e9 hospod\u00e1\u0159stv\u00ed\" aria-label=\"Filerov\u00e9 hospod\u00e1\u0159stv\u00ed\" class=\"img-responsive wp-image-765 fusion-gallery-image-size-fixed\"  \/><\/a><\/div><div class=\"awb-imageframe-caption-container\"><div class=\"awb-imageframe-caption\"><div class=\"awb-imageframe-caption-title\">Filerov\u00e9 hospod\u00e1\u0159stv\u00ed<\/div><\/div><\/div><\/div><div class=\"clearfix\"><\/div><div style=\"padding:5px;\" class=\"fusion-grid-column fusion-gallery-column fusion-gallery-column-3 hover-type-none awb-imageframe-style awb-imageframe-style-below awb-imageframe-style-1\"><div class=\"fusion-gallery-image\"><a rel=\"noreferrer\" data-rel=\"iLightbox[gallery_image_1]\" class=\"fusion-lightbox\" target=\"_self\"><img decoding=\"async\" src=\"\" width=\"\" height=\"\" alt=\"\" title=\"\" aria-label=\"\" class=\"img-responsive wp-image-766 fusion-gallery-image-size-fixed\"  \/><\/a><\/div><div class=\"awb-imageframe-caption-container\"><div class=\"awb-imageframe-caption\"><\/div><\/div><\/div><\/div><\/div><\/div><\/div><\/div><\/div>\n","protected":false},"excerpt":{"rendered":"","protected":false},"author":3,"featured_media":2558,"parent":2535,"menu_order":0,"comment_status":"open","ping_status":"closed","template":"","meta":{"_monsterinsights_skip_tracking":false,"_monsterinsights_sitenote_active":false,"_monsterinsights_sitenote_note":"","_monsterinsights_sitenote_category":0,"footnotes":""},"class_list":["post-2557","page","type-page","status-publish","has-post-thumbnail","hentry"],"_links":{"self":[{"href":"https:\/\/www.baest.cz\/en\/wp-json\/wp\/v2\/pages\/2557","targetHints":{"allow":["GET"]}}],"collection":[{"href":"https:\/\/www.baest.cz\/en\/wp-json\/wp\/v2\/pages"}],"about":[{"href":"https:\/\/www.baest.cz\/en\/wp-json\/wp\/v2\/types\/page"}],"author":[{"embeddable":true,"href":"https:\/\/www.baest.cz\/en\/wp-json\/wp\/v2\/users\/3"}],"replies":[{"embeddable":true,"href":"https:\/\/www.baest.cz\/en\/wp-json\/wp\/v2\/comments?post=2557"}],"version-history":[{"count":0,"href":"https:\/\/www.baest.cz\/en\/wp-json\/wp\/v2\/pages\/2557\/revisions"}],"up":[{"embeddable":true,"href":"https:\/\/www.baest.cz\/en\/wp-json\/wp\/v2\/pages\/2535"}],"wp:featuredmedia":[{"embeddable":true,"href":"https:\/\/www.baest.cz\/en\/wp-json\/wp\/v2\/media\/2558"}],"wp:attachment":[{"href":"https:\/\/www.baest.cz\/en\/wp-json\/wp\/v2\/media?parent=2557"}],"curies":[{"name":"wp","href":"https:\/\/api.w.org\/{rel}","templated":true}]}}