{"id":2575,"date":"2022-12-01T13:49:19","date_gmt":"2022-12-01T12:49:19","guid":{"rendered":"http:\/\/baest.cz\/bitumen-mixing-plants\/davkovani-granulovanych-smesi\/"},"modified":"2023-02-09T14:13:05","modified_gmt":"2023-02-09T13:13:05","slug":"metering-of-granulated-mixtures","status":"publish","type":"page","link":"https:\/\/www.baest.cz\/en\/products\/bitumen-mixing-plants\/metering-of-granulated-mixtures\/","title":{"rendered":"Metering of granulated mixtures"},"content":{"rendered":"<div class=\"fusion-fullwidth fullwidth-box fusion-builder-row-1 fusion-flex-container nonhundred-percent-fullwidth non-hundred-percent-height-scrolling\" style=\"--awb-border-radius-top-left:0px;--awb-border-radius-top-right:0px;--awb-border-radius-bottom-right:0px;--awb-border-radius-bottom-left:0px;\" ><div class=\"fusion-builder-row fusion-row fusion-flex-align-items-flex-start\" style=\"max-width:1331.2px;margin-left: calc(-4% \/ 2 );margin-right: calc(-4% \/ 2 );\"><div class=\"fusion-layout-column fusion_builder_column fusion-builder-column-0 fusion_builder_column_1_1 1_1 fusion-flex-column\" style=\"--awb-bg-size:cover;--awb-width-large:100%;--awb-margin-top-large:0px;--awb-spacing-right-large:1.92%;--awb-margin-bottom-large:0px;--awb-spacing-left-large:1.92%;--awb-width-medium:100%;--awb-spacing-right-medium:1.92%;--awb-spacing-left-medium:1.92%;--awb-width-small:100%;--awb-spacing-right-small:1.92%;--awb-spacing-left-small:1.92%;\"><div class=\"fusion-column-wrapper fusion-flex-justify-content-flex-start fusion-content-layout-column\"><div class=\"fusion-text fusion-text-1\"><p>The batching hoppers are meant for metering modification additives (e.g. ARBOCEL, TOPCEL, VIATOP&#8230;) used as usability improvement in the produced asphalt mixture.<\/p>\n<p>Hoppers are equipped with sight glasses, a&nbsp;vibrator and a&nbsp;seal. The lid opening during BIG-BAG filling is performed via pneumatic cylinder, while the granules are transported by a&nbsp;worm conveyor into the strain-gauge weighted receiver sealed by a&nbsp;pneumatic valve. After weighing out an adjustable batch with the required precision of 3%, the clamp carrier shall meter it evenly onto a&nbsp;pneumatic placer and then the batch is delivered to the cyclone separator, which is sealed by a&nbsp;pneumatic valve. Piping from the cyclone leads into a&nbsp;mixer or a&nbsp;worm conveyor transport of filler. Transportation piping is bound together with quick couplers and it has a&nbsp;branch for random check of the weighing accuracy. Exterior surfaces are coated with epoxide or polyurethane coating systems.<\/p>\n<\/div><div class=\"fusion-separator fusion-full-width-sep\" style=\"align-self: center;margin-left: auto;margin-right: auto;margin-top:20px;margin-bottom:20px;width:100%;\"><\/div><div class=\"awb-gallery-wrapper awb-gallery-wrapper-1 button-span-no\" style=\"--more-btn-alignment:center;\"><div style=\"margin:-5px;--awb-bordersize:0px;\" class=\"fusion-gallery fusion-gallery-container fusion-grid-3 fusion-columns-total-2 fusion-gallery-layout-grid fusion-gallery-1\"><div style=\"padding:5px;\" class=\"fusion-grid-column fusion-gallery-column fusion-gallery-column-3 hover-type-none awb-imageframe-style awb-imageframe-style-below awb-imageframe-style-1\"><div class=\"fusion-gallery-image\"><a href=\"https:\/\/www.baest.cz\/wp-content\/uploads\/2022\/12\/_produkty-image_pjpeg-20090426094525-7724-davkovani-ardocelu-1.jpg\" data-title=\"d\u00e1vkov\u00e1n\u00ed granulovn\u00fdch sm\u011bs\u00ed\" title=\"d\u00e1vkov\u00e1n\u00ed granulovn\u00fdch sm\u011bs\u00ed\" rel=\"noreferrer\" data-rel=\"iLightbox[gallery_image_1]\" class=\"fusion-lightbox\" target=\"_self\"><img decoding=\"async\" src=\"https:\/\/www.baest.cz\/wp-content\/uploads\/2022\/12\/_produkty-image_pjpeg-20090426094525-7724-davkovani-ardocelu-1-452x295.jpg\" width=\"452\" height=\"295\" alt=\"\" title=\"d\u00e1vkov\u00e1n\u00ed granulovn\u00fdch sm\u011bs\u00ed\" aria-label=\"d\u00e1vkov\u00e1n\u00ed granulovn\u00fdch sm\u011bs\u00ed\" class=\"img-responsive wp-image-790 fusion-gallery-image-size-fixed\"  \/><\/a><\/div><div class=\"awb-imageframe-caption-container\"><div class=\"awb-imageframe-caption\"><div class=\"awb-imageframe-caption-title\">d\u00e1vkov\u00e1n\u00ed granulovn\u00fdch sm\u011bs\u00ed<\/div><\/div><\/div><\/div><div style=\"padding:5px;\" class=\"fusion-grid-column fusion-gallery-column fusion-gallery-column-3 hover-type-none awb-imageframe-style awb-imageframe-style-below awb-imageframe-style-1\"><div class=\"fusion-gallery-image\"><a href=\"https:\/\/www.baest.cz\/wp-content\/uploads\/2022\/12\/_produkty-image_pjpeg-20090426094525-1229-dscf0639-oval.jpg\" data-title=\"d\u00e1vkov\u00e1n\u00ed granulovn\u00fdch sm\u011bs\u00ed\" title=\"d\u00e1vkov\u00e1n\u00ed granulovn\u00fdch sm\u011bs\u00ed\" rel=\"noreferrer\" data-rel=\"iLightbox[gallery_image_1]\" class=\"fusion-lightbox\" target=\"_self\"><img decoding=\"async\" src=\"https:\/\/www.baest.cz\/wp-content\/uploads\/2022\/12\/_produkty-image_pjpeg-20090426094525-1229-dscf0639-oval-452x295.jpg\" width=\"452\" height=\"295\" alt=\"\" title=\"d\u00e1vkov\u00e1n\u00ed granulovn\u00fdch sm\u011bs\u00ed\" aria-label=\"d\u00e1vkov\u00e1n\u00ed granulovn\u00fdch sm\u011bs\u00ed\" class=\"img-responsive wp-image-791 fusion-gallery-image-size-fixed\"  \/><\/a><\/div><div class=\"awb-imageframe-caption-container\"><div class=\"awb-imageframe-caption\"><div class=\"awb-imageframe-caption-title\">d\u00e1vkov\u00e1n\u00ed granulovn\u00fdch sm\u011bs\u00ed<\/div><\/div><\/div><\/div><\/div><\/div><\/div><\/div><\/div><\/div>\n","protected":false},"excerpt":{"rendered":"","protected":false},"author":3,"featured_media":2576,"parent":2535,"menu_order":0,"comment_status":"open","ping_status":"closed","template":"","meta":{"_monsterinsights_skip_tracking":false,"_monsterinsights_sitenote_active":false,"_monsterinsights_sitenote_note":"","_monsterinsights_sitenote_category":0,"footnotes":""},"class_list":["post-2575","page","type-page","status-publish","has-post-thumbnail","hentry"],"_links":{"self":[{"href":"https:\/\/www.baest.cz\/en\/wp-json\/wp\/v2\/pages\/2575","targetHints":{"allow":["GET"]}}],"collection":[{"href":"https:\/\/www.baest.cz\/en\/wp-json\/wp\/v2\/pages"}],"about":[{"href":"https:\/\/www.baest.cz\/en\/wp-json\/wp\/v2\/types\/page"}],"author":[{"embeddable":true,"href":"https:\/\/www.baest.cz\/en\/wp-json\/wp\/v2\/users\/3"}],"replies":[{"embeddable":true,"href":"https:\/\/www.baest.cz\/en\/wp-json\/wp\/v2\/comments?post=2575"}],"version-history":[{"count":0,"href":"https:\/\/www.baest.cz\/en\/wp-json\/wp\/v2\/pages\/2575\/revisions"}],"up":[{"embeddable":true,"href":"https:\/\/www.baest.cz\/en\/wp-json\/wp\/v2\/pages\/2535"}],"wp:featuredmedia":[{"embeddable":true,"href":"https:\/\/www.baest.cz\/en\/wp-json\/wp\/v2\/media\/2576"}],"wp:attachment":[{"href":"https:\/\/www.baest.cz\/en\/wp-json\/wp\/v2\/media?parent=2575"}],"curies":[{"name":"wp","href":"https:\/\/api.w.org\/{rel}","templated":true}]}}