{"id":2619,"date":"2022-12-01T13:49:24","date_gmt":"2022-12-01T12:49:24","guid":{"rendered":"http:\/\/baest.cz\/silos-hoppers-and-storage-bins\/skladovaci-valcova-sila\/"},"modified":"2023-02-10T08:27:17","modified_gmt":"2023-02-10T07:27:17","slug":"cylindrical-storage-silos","status":"publish","type":"page","link":"https:\/\/www.baest.cz\/en\/products\/silos-hoppers-and-storage-bins\/cylindrical-storage-silos\/","title":{"rendered":"Cylindrical Storage Silos"},"content":{"rendered":"<div class=\"fusion-fullwidth fullwidth-box fusion-builder-row-1 fusion-flex-container nonhundred-percent-fullwidth non-hundred-percent-height-scrolling\" style=\"--awb-border-radius-top-left:0px;--awb-border-radius-top-right:0px;--awb-border-radius-bottom-right:0px;--awb-border-radius-bottom-left:0px;\" ><div class=\"fusion-builder-row fusion-row fusion-flex-align-items-flex-start\" style=\"max-width:1331.2px;margin-left: calc(-4% \/ 2 );margin-right: calc(-4% \/ 2 );\"><div class=\"fusion-layout-column fusion_builder_column fusion-builder-column-0 fusion_builder_column_1_1 1_1 fusion-flex-column\" style=\"--awb-bg-size:cover;--awb-width-large:100%;--awb-margin-top-large:0px;--awb-spacing-right-large:1.92%;--awb-margin-bottom-large:0px;--awb-spacing-left-large:1.92%;--awb-width-medium:100%;--awb-spacing-right-medium:1.92%;--awb-spacing-left-medium:1.92%;--awb-width-small:100%;--awb-spacing-right-small:1.92%;--awb-spacing-left-small:1.92%;\"><div class=\"fusion-column-wrapper fusion-flex-justify-content-flex-start fusion-content-layout-column\"><div class=\"fusion-text fusion-text-1\"><p>The silos are available in the capacity range of 30, 40, 50, 60, 70, 80, 90, 100 and 120m3, being divided into either horizontal or vertical sections. In general, the cement silo is usually equipped with aeration equipment protecting it from material arching and with filters arresting fine particles entrained by air escaping from the silo during filling. The silo is fitted also with various technological and inspection holes, a&nbsp;filling system, an exterior ladder and a&nbsp;walkway gallery. The silo shall be provided also with a&nbsp;system for monitoring the material quantity kept in store.<\/p>\n<p>The system of storage silo is provided with necessary equipment for the receipt and delivery of loose materials such as pneumatic placers as well as bucket, belt and worm conveyors. The silos are made of steel of the S235JRG2 grade and may be provided with abrasion resistant (HARDOX) interior lining on customer\u2018s request. Silos designed for the food industry are made of stainless steel, or their internal surfaces can be provided with coatings certified for use in food applications. Exterior surfaces are coated with durable epoxide or polyurethane coating systems of high quality and weathering resistance.<\/p>\n<p style=\"margin: 0cm 0cm 0pt; mso-pagination: none; mso-layout-grid-align: none;\"><strong><em><span style=\"text-decoration: underline;\">Silo Technical Design:<\/span><\/em><\/strong><\/p>\n<p style=\"margin: 0cm 0cm 0pt; mso-pagination: none; mso-layout-grid-align: none;\"><strong><em><span style=\"text-decoration: underline;\">Silo types:<\/span><\/em><\/strong><\/p>\n<ul>\n<li>\n<p style=\"margin: 0cm 0cm 0pt; mso-pagination: none; mso-layout-grid-align: none;\">single-chamber silos<\/p>\n<\/li>\n<li>\n<p style=\"margin: 0cm 0cm 0pt; mso-pagination: none; mso-layout-grid-align: none;\">multiple chamber silos &#8211; vertically divided<\/p>\n<\/li>\n<li>\n<p style=\"margin: 0cm 0cm 0pt; mso-pagination: none; mso-layout-grid-align: none;\">multiple chamber silos &#8211; horizontally divided<\/p>\n<\/li>\n<li>\n<p style=\"margin: 0cm 0cm 0pt; mso-pagination: none; mso-layout-grid-align: none;\">filler towers.<\/p>\n<\/li>\n<\/ul>\n<p style=\"margin: 0cm 0cm 0pt; mso-pagination: none; mso-layout-grid-align: none;\"><strong><em><span style=\"text-decoration: underline;\">Silo layout:<\/span><\/em><\/strong><\/p>\n<ul>\n<li>\n<p style=\"margin: 0cm 0cm 0pt; mso-pagination: none; mso-layout-grid-align: none;\">in a&nbsp;line<\/p>\n<\/li>\n<li>\n<p style=\"margin: 0cm 0cm 0pt; mso-pagination: none; mso-layout-grid-align: none;\">in a&nbsp;square<\/p>\n<\/li>\n<\/ul>\n<p style=\"margin: 0cm 0cm 0pt; mso-pagination: none; mso-layout-grid-align: none;\"><strong><em><span style=\"text-decoration: underline;\">Standard size ranges (storage capacities):<\/span><\/em><\/strong><\/p>\n<ul>\n<li>\n<p style=\"margin: 0cm 0cm 0pt; mso-pagination: none; mso-layout-grid-align: none;\">Single chamber types: &#8211; 20, 30, 40, 50, 60, 80, 100, 120, 150m3<\/p>\n<\/li>\n<li>\n<p style=\"margin: 0cm 0cm 0pt; mso-pagination: none; mso-layout-grid-align: none;\">Two-chamber types: &#8211; 10\/10&nbsp;20\/20, 30\/30, 40\/40, 50\/50, 60\/60, 75\/75m3<\/p>\n<\/li>\n<li>\n<p style=\"margin: 0cm 0cm 0pt; mso-pagination: none; mso-layout-grid-align: none;\">Multi-chamber silos: to customer\u2018s requirements.<\/p>\n<\/li>\n<\/ul>\n<p style=\"margin: 0cm 0cm 0pt; mso-pagination: none; mso-layout-grid-align: none;\"><strong><em><span style=\"text-decoration: underline;\">Execution:<\/span><\/em><\/strong><\/p>\n<ul>\n<li>\n<p style=\"margin: 0cm 0cm 0pt; mso-pagination: none; mso-layout-grid-align: none;\">mounted on a&nbsp;supporting structure<\/p>\n<\/li>\n<li>\n<p style=\"margin: 0cm 0cm 0pt; mso-pagination: none; mso-layout-grid-align: none;\">without any supporting system &#8211; with suspension brackets welded on, or<\/p>\n<\/li>\n<li>\n<p style=\"margin: 0cm 0cm 0pt; mso-pagination: none; mso-layout-grid-align: none;\">without any supporting system- with a&nbsp;mounting collar on the shell<\/p>\n<\/li>\n<\/ul>\n<\/div><\/div><\/div><div class=\"fusion-layout-column fusion_builder_column fusion-builder-column-1 fusion_builder_column_1_2 1_2 fusion-flex-column\" style=\"--awb-bg-size:cover;--awb-width-large:50%;--awb-margin-top-large:0px;--awb-spacing-right-large:3.84%;--awb-margin-bottom-large:20px;--awb-spacing-left-large:3.84%;--awb-width-medium:50%;--awb-order-medium:0;--awb-spacing-right-medium:3.84%;--awb-spacing-left-medium:3.84%;--awb-width-small:100%;--awb-order-small:0;--awb-spacing-right-small:1.92%;--awb-spacing-left-small:1.92%;\"><div class=\"fusion-column-wrapper fusion-column-has-shadow fusion-flex-justify-content-flex-start fusion-content-layout-column\"><div class=\"fusion-image-element \" style=\"--awb-max-width:50%;--awb-caption-title-size:var(--h2_typography-font-size);--awb-caption-title-transform:var(--h2_typography-text-transform);--awb-caption-title-line-height:var(--h2_typography-line-height);--awb-caption-title-letter-spacing:var(--h2_typography-letter-spacing);\"><span class=\" fusion-imageframe imageframe-none imageframe-1 hover-type-none\"><img decoding=\"async\" width=\"1198\" height=\"2560\" title=\"S_1\" src=\"https:\/\/www.baest.cz\/wp-content\/uploads\/2022\/12\/S_1-scaled.jpg\" alt class=\"img-responsive wp-image-2620\" srcset=\"https:\/\/www.baest.cz\/wp-content\/uploads\/2022\/12\/S_1-200x427.jpg 200w, https:\/\/www.baest.cz\/wp-content\/uploads\/2022\/12\/S_1-400x855.jpg 400w, https:\/\/www.baest.cz\/wp-content\/uploads\/2022\/12\/S_1-600x1282.jpg 600w, https:\/\/www.baest.cz\/wp-content\/uploads\/2022\/12\/S_1-800x1709.jpg 800w, https:\/\/www.baest.cz\/wp-content\/uploads\/2022\/12\/S_1-scaled.jpg 1198w, https:\/\/www.baest.cz\/wp-content\/uploads\/2022\/12\/S_1-1200x2564.jpg 1200w\" sizes=\"(max-width: 640px) 100vw, 800px\" \/><\/span><\/div><\/div><\/div><div class=\"fusion-layout-column fusion_builder_column fusion-builder-column-2 fusion_builder_column_1_2 1_2 fusion-flex-column\" style=\"--awb-bg-size:cover;--awb-width-large:50%;--awb-margin-top-large:0px;--awb-spacing-right-large:3.84%;--awb-margin-bottom-large:20px;--awb-spacing-left-large:3.84%;--awb-width-medium:50%;--awb-order-medium:0;--awb-spacing-right-medium:3.84%;--awb-spacing-left-medium:3.84%;--awb-width-small:100%;--awb-order-small:0;--awb-spacing-right-small:1.92%;--awb-spacing-left-small:1.92%;\"><div class=\"fusion-column-wrapper fusion-column-has-shadow fusion-flex-justify-content-flex-start fusion-content-layout-column\"><div class=\"fusion-text fusion-text-2\"><p>LEGEND:<\/p>\n<ol>\n<li>STORAGE BIN<\/li>\n<li>LOAD BEARING STRUCTURE<\/li>\n<li>PLATFORM WITH RAILING<\/li>\n<li>MANHOLE<\/li>\n<li>SHUT-OFF VALVE<\/li>\n<li>AERATION SYSTEM<\/li>\n<li>FILTER<\/li>\n<li>PRESSURE RELIEF VALVE<\/li>\n<li>LADDER WITH SAFETY CAGE<\/li>\n<li>STOCK LEVEL PROBE<\/li>\n<\/ol>\n<\/div><\/div><\/div><div class=\"fusion-layout-column fusion_builder_column fusion-builder-column-3 fusion_builder_column_1_1 1_1 fusion-flex-column\" style=\"--awb-bg-size:cover;--awb-width-large:100%;--awb-margin-top-large:0px;--awb-spacing-right-large:1.92%;--awb-margin-bottom-large:20px;--awb-spacing-left-large:1.92%;--awb-width-medium:100%;--awb-order-medium:0;--awb-spacing-right-medium:1.92%;--awb-spacing-left-medium:1.92%;--awb-width-small:100%;--awb-order-small:0;--awb-spacing-right-small:1.92%;--awb-spacing-left-small:1.92%;\"><div class=\"fusion-column-wrapper fusion-column-has-shadow fusion-flex-justify-content-flex-start fusion-content-layout-column\"><div class=\"fusion-text fusion-text-3\"><table style=\"background-color: #cde8fd; border: #000000 1px solid;\" border=\"1\" frame=\"rows\" align=\"center\">\n<tbody>\n<tr style=\"background-color: #8bc2e3;\" align=\"center\">\n<td><strong>type<br \/>\n(capacity) m<sup>3<\/sup><\/strong><\/td>\n<td style=\"text-align: center;\"><strong>diameter D mm<\/strong><\/td>\n<td style=\"text-align: center;\"><strong>width H mm<\/strong><\/td>\n<td style=\"text-align: center;\"><strong>heigtht H1 mm<\/strong><\/td>\n<td style=\"text-align: center;\"><strong>footing AxB mm<\/strong><\/td>\n<td style=\"text-align: center;\"><strong> weight kg<\/strong><\/td>\n<\/tr>\n<tr style=\"background-color: #ddf2fd;\">\n<td style=\"text-align: left;\"><strong>BN-30<\/strong><\/td>\n<td style=\"text-align: center;\">2900<\/td>\n<td style=\"text-align: center;\">9496<\/td>\n<td style=\"text-align: center;\">1950<\/td>\n<td style=\"text-align: center;\">2050&#215;2050<\/td>\n<td style=\"text-align: center;\">3534<\/td>\n<\/tr>\n<tr style=\"background-color: #ddf2fd;\">\n<td style=\"text-align: left;\"><strong>BN-40<\/strong><\/td>\n<td style=\"text-align: center;\">2900<\/td>\n<td style=\"text-align: center;\">11000<\/td>\n<td style=\"text-align: center;\">1950<\/td>\n<td style=\"text-align: center;\">2050&#215;2050<\/td>\n<td style=\"text-align: center;\">3966<\/td>\n<\/tr>\n<tr style=\"background-color: #ddf2fd;\">\n<td style=\"text-align: left;\"><strong>BN-50<\/strong><\/td>\n<td style=\"text-align: center;\">2900<\/td>\n<td style=\"text-align: center;\">12500<\/td>\n<td style=\"text-align: center;\">1800<\/td>\n<td style=\"text-align: center;\">2050&#215;2050<\/td>\n<td style=\"text-align: center;\">4398<\/td>\n<\/tr>\n<tr style=\"background-color: #ddf2fd;\">\n<td style=\"text-align: left;\"><strong>BN-60<\/strong><\/td>\n<td style=\"text-align: center;\">2900<\/td>\n<td style=\"text-align: center;\">14000<\/td>\n<td style=\"text-align: center;\">1800<\/td>\n<td style=\"text-align: center;\">2050&#215;2050<\/td>\n<td style=\"text-align: center;\">4720<\/td>\n<\/tr>\n<tr style=\"background-color: #ddf2fd;\">\n<td style=\"text-align: left;\"><strong>BN-80<\/strong><\/td>\n<td style=\"text-align: center;\">3200<\/td>\n<td style=\"text-align: center;\">12731<\/td>\n<td style=\"text-align: center;\">2075<\/td>\n<td style=\"text-align: center;\">2250&#215;2250<\/td>\n<td style=\"text-align: center;\">5905<\/td>\n<\/tr>\n<tr style=\"background-color: #ddf2fd;\">\n<td style=\"text-align: left;\"><strong>BN-100<\/strong><\/td>\n<td style=\"text-align: center;\">3200<\/td>\n<td style=\"text-align: center;\">14884<\/td>\n<td style=\"text-align: center;\">2075<\/td>\n<td style=\"text-align: center;\">2250&#215;2250<\/td>\n<td style=\"text-align: center;\">5643<\/td>\n<\/tr>\n<tr style=\"background-color: #ddf2fd;\">\n<td style=\"text-align: left;\"><strong>BN-120<\/strong><\/td>\n<td style=\"text-align: center;\">3200<\/td>\n<td style=\"text-align: center;\">15515<\/td>\n<td style=\"text-align: center;\">2144<\/td>\n<td style=\"text-align: center;\">2250&#215;2250<\/td>\n<td style=\"text-align: center;\">6200<\/td>\n<\/tr>\n<tr style=\"background-color: #ddf2fd;\">\n<td style=\"text-align: left;\" colspan=\"6\"><strong>BN &#8211; typy:<br \/>\n<\/strong>\u00a0 Svisle d\u011blen\u00e1 sila: BN 30+30\u00a0 BN 2&#215;80\u00a0\u00a0\u00a0 BN 2&#215;100<br \/>\nSila um\u00edst\u011bn\u00e1 nad sebou &#8211; v\u011b\u017eov\u00e9 proveden\u00ed<\/td>\n<\/tr>\n<\/tbody>\n<\/table>\n<\/div><div class=\"fusion-separator fusion-full-width-sep\" style=\"align-self: center;margin-left: auto;margin-right: auto;margin-top:20px;margin-bottom:20px;width:100%;\"><\/div><div class=\"awb-gallery-wrapper awb-gallery-wrapper-1 button-span-no\" style=\"--more-btn-alignment:center;\"><div style=\"margin:-5px;--awb-bordersize:0px;\" class=\"fusion-gallery fusion-gallery-container fusion-grid-3 fusion-columns-total-10 fusion-gallery-layout-grid fusion-gallery-1\"><div style=\"padding:5px;\" class=\"fusion-grid-column fusion-gallery-column fusion-gallery-column-3 hover-type-none awb-imageframe-style awb-imageframe-style-below awb-imageframe-style-1\"><div class=\"fusion-gallery-image\"><a href=\"https:\/\/www.baest.cz\/wp-content\/uploads\/2022\/12\/_produkty-image_pjpeg-20090426090320-4356-silo-1.jpg\" rel=\"noreferrer\" data-rel=\"iLightbox[gallery_image_1]\" class=\"fusion-lightbox\" target=\"_self\"><img decoding=\"async\" src=\"https:\/\/www.baest.cz\/wp-content\/uploads\/2022\/12\/_produkty-image_pjpeg-20090426090320-4356-silo-1-336x295.jpg\" width=\"336\" height=\"295\" alt=\"\" title=\"\" aria-label=\"\" class=\"img-responsive wp-image-801 fusion-gallery-image-size-fixed\"  \/><\/a><\/div><div class=\"awb-imageframe-caption-container\"><div class=\"awb-imageframe-caption\"><\/div><\/div><\/div><div style=\"padding:5px;\" class=\"fusion-grid-column fusion-gallery-column fusion-gallery-column-3 hover-type-none awb-imageframe-style awb-imageframe-style-below awb-imageframe-style-1\"><div class=\"fusion-gallery-image\"><a rel=\"noreferrer\" data-rel=\"iLightbox[gallery_image_1]\" class=\"fusion-lightbox\" target=\"_self\"><img decoding=\"async\" src=\"\" width=\"\" height=\"\" alt=\"\" title=\"\" aria-label=\"\" class=\"img-responsive wp-image-802 fusion-gallery-image-size-fixed\"  \/><\/a><\/div><div class=\"awb-imageframe-caption-container\"><div class=\"awb-imageframe-caption\"><\/div><\/div><\/div><div style=\"padding:5px;\" class=\"fusion-grid-column fusion-gallery-column fusion-gallery-column-3 hover-type-none awb-imageframe-style awb-imageframe-style-below awb-imageframe-style-1\"><div class=\"fusion-gallery-image\"><a rel=\"noreferrer\" data-rel=\"iLightbox[gallery_image_1]\" class=\"fusion-lightbox\" target=\"_self\"><img decoding=\"async\" src=\"\" width=\"\" height=\"\" alt=\"\" title=\"\" aria-label=\"\" class=\"img-responsive wp-image-803 fusion-gallery-image-size-fixed\"  \/><\/a><\/div><div class=\"awb-imageframe-caption-container\"><div class=\"awb-imageframe-caption\"><\/div><\/div><\/div><div class=\"clearfix\"><\/div><div style=\"padding:5px;\" class=\"fusion-grid-column fusion-gallery-column fusion-gallery-column-3 hover-type-none awb-imageframe-style awb-imageframe-style-below awb-imageframe-style-1\"><div class=\"fusion-gallery-image\"><a href=\"https:\/\/www.baest.cz\/wp-content\/uploads\/2022\/12\/_produkty-image_pjpeg-20100312080354-6099-filerova-vez.jpg\" data-title=\"filerov\u00e1 v\u011b\u017e\" title=\"filerov\u00e1 v\u011b\u017e\" rel=\"noreferrer\" data-rel=\"iLightbox[gallery_image_1]\" class=\"fusion-lightbox\" target=\"_self\"><img decoding=\"async\" src=\"https:\/\/www.baest.cz\/wp-content\/uploads\/2022\/12\/_produkty-image_pjpeg-20100312080354-6099-filerova-vez-452x295.jpg\" width=\"452\" height=\"295\" alt=\"\" title=\"filerov\u00e1 v\u011b\u017e\" aria-label=\"filerov\u00e1 v\u011b\u017e\" class=\"img-responsive wp-image-804 fusion-gallery-image-size-fixed\"  \/><\/a><\/div><div class=\"awb-imageframe-caption-container\"><div class=\"awb-imageframe-caption\"><div class=\"awb-imageframe-caption-title\">filerov\u00e1 v\u011b\u017e<\/div><\/div><\/div><\/div><div style=\"padding:5px;\" class=\"fusion-grid-column fusion-gallery-column fusion-gallery-column-3 hover-type-none awb-imageframe-style awb-imageframe-style-below awb-imageframe-style-1\"><div class=\"fusion-gallery-image\"><a rel=\"noreferrer\" data-rel=\"iLightbox[gallery_image_1]\" class=\"fusion-lightbox\" target=\"_self\"><img decoding=\"async\" src=\"\" width=\"\" height=\"\" alt=\"\" title=\"\" aria-label=\"\" class=\"img-responsive wp-image-805 fusion-gallery-image-size-fixed\"  \/><\/a><\/div><div class=\"awb-imageframe-caption-container\"><div class=\"awb-imageframe-caption\"><\/div><\/div><\/div><div style=\"padding:5px;\" class=\"fusion-grid-column fusion-gallery-column fusion-gallery-column-3 hover-type-none awb-imageframe-style awb-imageframe-style-below awb-imageframe-style-1\"><div class=\"fusion-gallery-image\"><a rel=\"noreferrer\" data-rel=\"iLightbox[gallery_image_1]\" class=\"fusion-lightbox\" target=\"_self\"><img decoding=\"async\" src=\"\" width=\"\" height=\"\" alt=\"\" title=\"\" aria-label=\"\" class=\"img-responsive wp-image-806 fusion-gallery-image-size-fixed\"  \/><\/a><\/div><div class=\"awb-imageframe-caption-container\"><div class=\"awb-imageframe-caption\"><\/div><\/div><\/div><div class=\"clearfix\"><\/div><div style=\"padding:5px;\" class=\"fusion-grid-column fusion-gallery-column fusion-gallery-column-3 hover-type-none awb-imageframe-style awb-imageframe-style-below awb-imageframe-style-1\"><div class=\"fusion-gallery-image\"><a rel=\"noreferrer\" data-rel=\"iLightbox[gallery_image_1]\" class=\"fusion-lightbox\" target=\"_self\"><img decoding=\"async\" src=\"\" width=\"\" height=\"\" alt=\"\" title=\"\" aria-label=\"\" class=\"img-responsive wp-image-807 fusion-gallery-image-size-fixed\"  \/><\/a><\/div><div class=\"awb-imageframe-caption-container\"><div class=\"awb-imageframe-caption\"><\/div><\/div><\/div><div style=\"padding:5px;\" class=\"fusion-grid-column fusion-gallery-column fusion-gallery-column-3 hover-type-none awb-imageframe-style awb-imageframe-style-below awb-imageframe-style-1\"><div class=\"fusion-gallery-image\"><a rel=\"noreferrer\" data-rel=\"iLightbox[gallery_image_1]\" class=\"fusion-lightbox\" target=\"_self\"><img decoding=\"async\" src=\"\" width=\"\" height=\"\" alt=\"\" title=\"\" aria-label=\"\" class=\"img-responsive wp-image-808 fusion-gallery-image-size-fixed\"  \/><\/a><\/div><div class=\"awb-imageframe-caption-container\"><div class=\"awb-imageframe-caption\"><\/div><\/div><\/div><div style=\"padding:5px;\" class=\"fusion-grid-column fusion-gallery-column fusion-gallery-column-3 hover-type-none awb-imageframe-style awb-imageframe-style-below awb-imageframe-style-1\"><div class=\"fusion-gallery-image\"><a rel=\"noreferrer\" data-rel=\"iLightbox[gallery_image_1]\" class=\"fusion-lightbox\" target=\"_self\"><img decoding=\"async\" src=\"\" width=\"\" height=\"\" alt=\"\" title=\"\" aria-label=\"\" class=\"img-responsive wp-image-809 fusion-gallery-image-size-fixed\"  \/><\/a><\/div><div class=\"awb-imageframe-caption-container\"><div class=\"awb-imageframe-caption\"><\/div><\/div><\/div><div class=\"clearfix\"><\/div><div style=\"padding:5px;\" class=\"fusion-grid-column fusion-gallery-column fusion-gallery-column-3 hover-type-none awb-imageframe-style awb-imageframe-style-below awb-imageframe-style-1\"><div class=\"fusion-gallery-image\"><a rel=\"noreferrer\" data-rel=\"iLightbox[gallery_image_1]\" class=\"fusion-lightbox\" target=\"_self\"><img decoding=\"async\" src=\"\" width=\"\" height=\"\" alt=\"\" title=\"\" aria-label=\"\" class=\"img-responsive wp-image-810 fusion-gallery-image-size-fixed\"  \/><\/a><\/div><div class=\"awb-imageframe-caption-container\"><div class=\"awb-imageframe-caption\"><\/div><\/div><\/div><\/div><\/div><\/div><\/div><\/div><\/div>\n","protected":false},"excerpt":{"rendered":"","protected":false},"author":3,"featured_media":2621,"parent":2610,"menu_order":0,"comment_status":"open","ping_status":"closed","template":"","meta":{"_monsterinsights_skip_tracking":false,"_monsterinsights_sitenote_active":false,"_monsterinsights_sitenote_note":"","_monsterinsights_sitenote_category":0,"footnotes":""},"class_list":["post-2619","page","type-page","status-publish","has-post-thumbnail","hentry"],"_links":{"self":[{"href":"https:\/\/www.baest.cz\/en\/wp-json\/wp\/v2\/pages\/2619","targetHints":{"allow":["GET"]}}],"collection":[{"href":"https:\/\/www.baest.cz\/en\/wp-json\/wp\/v2\/pages"}],"about":[{"href":"https:\/\/www.baest.cz\/en\/wp-json\/wp\/v2\/types\/page"}],"author":[{"embeddable":true,"href":"https:\/\/www.baest.cz\/en\/wp-json\/wp\/v2\/users\/3"}],"replies":[{"embeddable":true,"href":"https:\/\/www.baest.cz\/en\/wp-json\/wp\/v2\/comments?post=2619"}],"version-history":[{"count":0,"href":"https:\/\/www.baest.cz\/en\/wp-json\/wp\/v2\/pages\/2619\/revisions"}],"up":[{"embeddable":true,"href":"https:\/\/www.baest.cz\/en\/wp-json\/wp\/v2\/pages\/2610"}],"wp:featuredmedia":[{"embeddable":true,"href":"https:\/\/www.baest.cz\/en\/wp-json\/wp\/v2\/media\/2621"}],"wp:attachment":[{"href":"https:\/\/www.baest.cz\/en\/wp-json\/wp\/v2\/media?parent=2619"}],"curies":[{"name":"wp","href":"https:\/\/api.w.org\/{rel}","templated":true}]}}