{"id":2679,"date":"2022-12-02T11:29:47","date_gmt":"2022-12-02T10:29:47","guid":{"rendered":"http:\/\/baest.cz\/vyrobni-zarizeni\/"},"modified":"2023-02-10T09:27:12","modified_gmt":"2023-02-10T08:27:12","slug":"machinery","status":"publish","type":"page","link":"https:\/\/www.baest.cz\/en\/products\/machinery\/","title":{"rendered":"Machinery"},"content":{"rendered":"<div class=\"fusion-fullwidth fullwidth-box fusion-builder-row-1 fusion-flex-container nonhundred-percent-fullwidth non-hundred-percent-height-scrolling\" style=\"--awb-border-radius-top-left:0px;--awb-border-radius-top-right:0px;--awb-border-radius-bottom-right:0px;--awb-border-radius-bottom-left:0px;\" ><div class=\"fusion-builder-row fusion-row fusion-flex-align-items-flex-start\" style=\"max-width:1331.2px;margin-left: calc(-4% \/ 2 );margin-right: calc(-4% \/ 2 );\"><div class=\"fusion-layout-column fusion_builder_column fusion-builder-column-0 fusion_builder_column_1_1 1_1 fusion-flex-column\" style=\"--awb-bg-size:cover;--awb-width-large:100%;--awb-margin-top-large:0px;--awb-spacing-right-large:1.92%;--awb-margin-bottom-large:0px;--awb-spacing-left-large:1.92%;--awb-width-medium:100%;--awb-spacing-right-medium:1.92%;--awb-spacing-left-medium:1.92%;--awb-width-small:100%;--awb-spacing-right-small:1.92%;--awb-spacing-left-small:1.92%;\"><div class=\"fusion-column-wrapper fusion-flex-justify-content-flex-start fusion-content-layout-column\"><div class=\"fusion-text fusion-text-1\"><p><strong>Material parting machinery:<\/strong><\/p>\n<ul>\n<li>CNC &#8211; flame-cutting machine &#8211; table of 3000 x 12000 mm &#8211; oxygen, acetylene &#8211; thickness up to 150 mm<\/li>\n<li>Profile shears &#8211; max. L 100x100x6<\/li>\n<li>Plate shears-max. of width 3000 mm, thickness up to 16 mm<\/li>\n<\/ul>\n<p><strong>Circular Saws:<\/strong><\/p>\n<ul>\n<li>Cut profile &#8211; 620 x 350 mm, diameter of cut 240 mm<\/li>\n<\/ul>\n<p><strong>Machine tools:<\/strong><\/p>\n<ul>\n<li>Horizontal boring machines, table dimensions of 9000 x 4000 mm, hight of 3000 mm (wight of tool up to 20 t)<\/li>\n<li>Milling machines -max. dimensions 3000 x 1250 mm<\/li>\n<li>Lathes &#8211; turning diameter 630 mm, max. shaft lenght of 3500 mm<\/li>\n<li>Boring and turning mill- table &#8211; of max. 3000 mm, turning of 6000 mm<\/li>\n<li>Drilling machines &#8211; CNC and box-column, drilled diameter of 50 mm, table dimensions of 900 x 1500 mm<\/li>\n<\/ul>\n<p><strong>Forming machines:<\/strong><\/p>\n<ul>\n<li>Presses up to 315 t, material thickness of 16 mm<\/li>\n<li>Bending rolls, width of 3000 mm, sheet metal thickness 3-50 mm<\/li>\n<\/ul>\n<p><strong>Welding:<\/strong><\/p>\n<ul>\n<li>Welding semi-automatic machines &#8211; 141 TIG (WIG) method, method 111<\/li>\n<li>Welding semi-automatic machines &#8211; MIG<\/li>\n<li>Welding in active gas &#8211; MAG 135<\/li>\n<li>Welding semi-automatic machines ESAB &#8211; welding under flux (121)<\/li>\n<li>IGM welding robot &#8211; MAG method<\/li>\n<\/ul>\n<p><strong>Production line for tank manufacturing<\/strong><\/p>\n<p><strong><br \/>\nSurface treatment:<\/strong><\/p>\n<ul>\n<li>Blasting SA &#8211; 2.5; 2<\/li>\n<li>Air-conditioned blasting cabin<\/li>\n<li>Airless painting<\/li>\n<\/ul>\n<p style=\"text-align: left;\"><strong>Lifting equipment, handling and transport:<\/strong><\/p>\n<ul>\n<li>Overhead and tower cranes with load capacity of 20 t<\/li>\n<li>Portal crane- load capacity of 50\/25 t<\/li>\n<li>Own industrial railway<\/li>\n<li>Near E55 international roads and D1 motorway<\/li>\n<\/ul>\n<\/div><div class=\"fusion-separator fusion-full-width-sep\" style=\"align-self: center;margin-left: auto;margin-right: auto;margin-top:20px;margin-bottom:20px;width:100%;\"><\/div><div class=\"awb-gallery-wrapper awb-gallery-wrapper-1 button-span-no\" style=\"--more-btn-alignment:center;\"><div style=\"margin:-5px;--awb-bordersize:0px;\" class=\"fusion-gallery fusion-gallery-container fusion-grid-3 fusion-columns-total-15 fusion-gallery-layout-grid fusion-gallery-1\"><div style=\"padding:5px;\" class=\"fusion-grid-column fusion-gallery-column fusion-gallery-column-3 hover-type-none awb-imageframe-style awb-imageframe-style-below awb-imageframe-style-1\"><div class=\"fusion-gallery-image\"><a href=\"https:\/\/www.baest.cz\/wp-content\/uploads\/2022\/12\/_vyrobni_programy-image_pjpeg-20090513093704-4487-horizontka-1.jpg\" data-title=\"vodorovn\u00e1 vyvrt\u00e1va\u010dka W160 CNC\" title=\"vodorovn\u00e1 vyvrt\u00e1va\u010dka W160 CNC\" rel=\"noreferrer\" data-rel=\"iLightbox[gallery_image_1]\" class=\"fusion-lightbox\" target=\"_self\"><img decoding=\"async\" src=\"https:\/\/www.baest.cz\/wp-content\/uploads\/2022\/12\/_vyrobni_programy-image_pjpeg-20090513093704-4487-horizontka-1-452x295.jpg\" width=\"452\" height=\"295\" alt=\"\" title=\"vodorovn\u00e1 vyvrt\u00e1va\u010dka W160 CNC\" aria-label=\"vodorovn\u00e1 vyvrt\u00e1va\u010dka W160 CNC\" class=\"img-responsive wp-image-1050 fusion-gallery-image-size-fixed\"  \/><\/a><\/div><div class=\"awb-imageframe-caption-container\"><div class=\"awb-imageframe-caption\"><div class=\"awb-imageframe-caption-title\">vodorovn\u00e1 vyvrt\u00e1va\u010dka W160 CNC<\/div><\/div><\/div><\/div><div style=\"padding:5px;\" class=\"fusion-grid-column fusion-gallery-column fusion-gallery-column-3 hover-type-none awb-imageframe-style awb-imageframe-style-below awb-imageframe-style-1\"><div class=\"fusion-gallery-image\"><a href=\"https:\/\/www.baest.cz\/wp-content\/uploads\/2022\/12\/_vyrobni_programy-image_pjpeg-20090513093704-9144-horizontka-2.jpg\" data-title=\"vodorovn\u00e1 vyvrt\u00e1va\u010dka WHN 13 CNC\" title=\"vodorovn\u00e1 vyvrt\u00e1va\u010dka WHN 13 CNC\" rel=\"noreferrer\" data-rel=\"iLightbox[gallery_image_1]\" class=\"fusion-lightbox\" target=\"_self\"><img decoding=\"async\" src=\"https:\/\/www.baest.cz\/wp-content\/uploads\/2022\/12\/_vyrobni_programy-image_pjpeg-20090513093704-9144-horizontka-2-452x295.jpg\" width=\"452\" height=\"295\" alt=\"\" title=\"vodorovn\u00e1 vyvrt\u00e1va\u010dka WHN 13 CNC\" aria-label=\"vodorovn\u00e1 vyvrt\u00e1va\u010dka WHN 13 CNC\" class=\"img-responsive wp-image-1051 fusion-gallery-image-size-fixed\"  \/><\/a><\/div><div class=\"awb-imageframe-caption-container\"><div class=\"awb-imageframe-caption\"><div class=\"awb-imageframe-caption-title\">vodorovn\u00e1 vyvrt\u00e1va\u010dka WHN 13 CNC<\/div><\/div><\/div><\/div><div style=\"padding:5px;\" class=\"fusion-grid-column fusion-gallery-column fusion-gallery-column-3 hover-type-none awb-imageframe-style awb-imageframe-style-below awb-imageframe-style-1\"><div class=\"fusion-gallery-image\"><a href=\"https:\/\/www.baest.cz\/wp-content\/uploads\/2022\/12\/_vyrobni_programy-image_pjpeg-20090513093704-7203-karusel.jpg\" data-title=\"karusel SKJ32-63 CNC\" title=\"karusel SKJ32-63 CNC\" rel=\"noreferrer\" data-rel=\"iLightbox[gallery_image_1]\" class=\"fusion-lightbox\" target=\"_self\"><img decoding=\"async\" src=\"https:\/\/www.baest.cz\/wp-content\/uploads\/2022\/12\/_vyrobni_programy-image_pjpeg-20090513093704-7203-karusel-453x295.jpg\" width=\"453\" height=\"295\" alt=\"\" title=\"karusel SKJ32-63 CNC\" aria-label=\"karusel SKJ32-63 CNC\" class=\"img-responsive wp-image-1052 fusion-gallery-image-size-fixed\"  \/><\/a><\/div><div class=\"awb-imageframe-caption-container\"><div class=\"awb-imageframe-caption\"><div class=\"awb-imageframe-caption-title\">karusel SKJ32-63 CNC<\/div><\/div><\/div><\/div><div class=\"clearfix\"><\/div><div style=\"padding:5px;\" class=\"fusion-grid-column fusion-gallery-column fusion-gallery-column-3 hover-type-none awb-imageframe-style awb-imageframe-style-below awb-imageframe-style-1\"><div class=\"fusion-gallery-image\"><a href=\"https:\/\/www.baest.cz\/wp-content\/uploads\/2022\/12\/_vyrobni_programy-image_pjpeg-20090513093751-6350-linka-2.jpg\" data-title=\"linka na v\u00fdrobu n\u00e1dr\u017e\u00ed ASDORF\" title=\"linka na v\u00fdrobu n\u00e1dr\u017e\u00ed ASDORF\" rel=\"noreferrer\" data-rel=\"iLightbox[gallery_image_1]\" class=\"fusion-lightbox\" target=\"_self\"><img decoding=\"async\" src=\"https:\/\/www.baest.cz\/wp-content\/uploads\/2022\/12\/_vyrobni_programy-image_pjpeg-20090513093751-6350-linka-2-452x295.jpg\" width=\"452\" height=\"295\" alt=\"\" title=\"linka na v\u00fdrobu n\u00e1dr\u017e\u00ed ASDORF\" aria-label=\"linka na v\u00fdrobu n\u00e1dr\u017e\u00ed ASDORF\" class=\"img-responsive wp-image-1053 fusion-gallery-image-size-fixed\"  \/><\/a><\/div><div class=\"awb-imageframe-caption-container\"><div class=\"awb-imageframe-caption\"><div class=\"awb-imageframe-caption-title\">linka na v\u00fdrobu n\u00e1dr\u017e\u00ed ASDORF<\/div><\/div><\/div><\/div><div style=\"padding:5px;\" class=\"fusion-grid-column fusion-gallery-column fusion-gallery-column-3 hover-type-none awb-imageframe-style awb-imageframe-style-below awb-imageframe-style-1\"><div class=\"fusion-gallery-image\"><a href=\"https:\/\/www.baest.cz\/wp-content\/uploads\/2022\/12\/_vyrobni_programy-image_pjpeg-20090513093751-3547-mereni.jpg\" data-title=\"t\u0159\u00edrozm\u011brn\u00fd sou\u0159adnicov\u00fd m\u011b\u0159\u00edc\u00ed stroj CimCore 3000 typ INFINITE 2.8\" title=\"t\u0159\u00edrozm\u011brn\u00fd sou\u0159adnicov\u00fd m\u011b\u0159\u00edc\u00ed stroj CimCore 3000 typ INFINITE 2.8\" rel=\"noreferrer\" data-rel=\"iLightbox[gallery_image_1]\" class=\"fusion-lightbox\" target=\"_self\"><img decoding=\"async\" src=\"https:\/\/www.baest.cz\/wp-content\/uploads\/2022\/12\/_vyrobni_programy-image_pjpeg-20090513093751-3547-mereni-453x295.jpg\" width=\"453\" height=\"295\" alt=\"\" title=\"t\u0159\u00edrozm\u011brn\u00fd sou\u0159adnicov\u00fd m\u011b\u0159\u00edc\u00ed stroj CimCore 3000 typ INFINITE 2.8\" aria-label=\"t\u0159\u00edrozm\u011brn\u00fd sou\u0159adnicov\u00fd m\u011b\u0159\u00edc\u00ed stroj CimCore 3000 typ INFINITE 2.8\" class=\"img-responsive wp-image-1054 fusion-gallery-image-size-fixed\"  \/><\/a><\/div><div class=\"awb-imageframe-caption-container\"><div class=\"awb-imageframe-caption\"><div class=\"awb-imageframe-caption-title\">t\u0159\u00edrozm\u011brn\u00fd sou\u0159adnicov\u00fd m\u011b\u0159\u00edc\u00ed stroj CimCore 3000 typ INFINITE 2.8<\/div><\/div><\/div><\/div><div style=\"padding:5px;\" class=\"fusion-grid-column fusion-gallery-column fusion-gallery-column-3 hover-type-none awb-imageframe-style awb-imageframe-style-below awb-imageframe-style-1\"><div class=\"fusion-gallery-image\"><a href=\"https:\/\/www.baest.cz\/wp-content\/uploads\/2022\/12\/_vyrobni_programy-image_pjpeg-20090513093751-4945-obrabeci-centrum.jpg\" data-title=\"obr\u00e1b\u011bc\u00ed centrum HAAS EC1600\" title=\"obr\u00e1b\u011bc\u00ed centrum HAAS EC1600\" rel=\"noreferrer\" data-rel=\"iLightbox[gallery_image_1]\" class=\"fusion-lightbox\" target=\"_self\"><img decoding=\"async\" src=\"https:\/\/www.baest.cz\/wp-content\/uploads\/2022\/12\/_vyrobni_programy-image_pjpeg-20090513093751-4945-obrabeci-centrum-452x295.jpg\" width=\"452\" height=\"295\" alt=\"\" title=\"obr\u00e1b\u011bc\u00ed centrum HAAS EC1600\" aria-label=\"obr\u00e1b\u011bc\u00ed centrum HAAS EC1600\" class=\"img-responsive wp-image-1055 fusion-gallery-image-size-fixed\"  \/><\/a><\/div><div class=\"awb-imageframe-caption-container\"><div class=\"awb-imageframe-caption\"><div class=\"awb-imageframe-caption-title\">obr\u00e1b\u011bc\u00ed centrum HAAS EC1600<\/div><\/div><\/div><\/div><div class=\"clearfix\"><\/div><div style=\"padding:5px;\" class=\"fusion-grid-column fusion-gallery-column fusion-gallery-column-3 hover-type-none awb-imageframe-style awb-imageframe-style-below awb-imageframe-style-1\"><div class=\"fusion-gallery-image\"><a href=\"https:\/\/www.baest.cz\/wp-content\/uploads\/2022\/12\/_vyrobni_programy-image_pjpeg-20090513093835-0987-robot-igm-1.jpg\" data-title=\"sva\u0159ovac\u00ed robot K5 IGM\" title=\"sva\u0159ovac\u00ed robot K5 IGM\" rel=\"noreferrer\" data-rel=\"iLightbox[gallery_image_1]\" class=\"fusion-lightbox\" target=\"_self\"><img decoding=\"async\" src=\"https:\/\/www.baest.cz\/wp-content\/uploads\/2022\/12\/_vyrobni_programy-image_pjpeg-20090513093835-0987-robot-igm-1-453x295.jpg\" width=\"453\" height=\"295\" alt=\"\" title=\"sva\u0159ovac\u00ed robot K5 IGM\" aria-label=\"sva\u0159ovac\u00ed robot K5 IGM\" class=\"img-responsive wp-image-1056 fusion-gallery-image-size-fixed\"  \/><\/a><\/div><div class=\"awb-imageframe-caption-container\"><div class=\"awb-imageframe-caption\"><div class=\"awb-imageframe-caption-title\">sva\u0159ovac\u00ed robot K5 IGM<\/div><\/div><\/div><\/div><div style=\"padding:5px;\" class=\"fusion-grid-column fusion-gallery-column fusion-gallery-column-3 hover-type-none awb-imageframe-style awb-imageframe-style-below awb-imageframe-style-1\"><div class=\"fusion-gallery-image\"><a href=\"https:\/\/www.baest.cz\/wp-content\/uploads\/2022\/12\/_vyrobni_programy-image_pjpeg-20090513093835-2594-robot-igm-2.jpg\" data-title=\"sva\u0159ovac\u00ed robot K5 KUKA IGM\" title=\"sva\u0159ovac\u00ed robot K5 KUKA IGM\" rel=\"noreferrer\" data-rel=\"iLightbox[gallery_image_1]\" class=\"fusion-lightbox\" target=\"_self\"><img decoding=\"async\" src=\"https:\/\/www.baest.cz\/wp-content\/uploads\/2022\/12\/_vyrobni_programy-image_pjpeg-20090513093835-2594-robot-igm-2-452x295.jpg\" width=\"452\" height=\"295\" alt=\"\" title=\"sva\u0159ovac\u00ed robot K5 KUKA IGM\" aria-label=\"sva\u0159ovac\u00ed robot K5 KUKA IGM\" class=\"img-responsive wp-image-1057 fusion-gallery-image-size-fixed\"  \/><\/a><\/div><div class=\"awb-imageframe-caption-container\"><div class=\"awb-imageframe-caption\"><div class=\"awb-imageframe-caption-title\">sva\u0159ovac\u00ed robot K5 KUKA IGM<\/div><\/div><\/div><\/div><div style=\"padding:5px;\" class=\"fusion-grid-column fusion-gallery-column fusion-gallery-column-3 hover-type-none awb-imageframe-style awb-imageframe-style-below awb-imageframe-style-1\"><div class=\"fusion-gallery-image\"><a href=\"https:\/\/www.baest.cz\/wp-content\/uploads\/2022\/12\/_vyrobni_programy-image_pjpeg-20090513093922-2684-robot-na-svarovani-otoci.jpg\" data-title=\"sva\u0159ovac\u00ed robot\" title=\"sva\u0159ovac\u00ed robot\" rel=\"noreferrer\" data-rel=\"iLightbox[gallery_image_1]\" class=\"fusion-lightbox\" target=\"_self\"><img decoding=\"async\" src=\"https:\/\/www.baest.cz\/wp-content\/uploads\/2022\/12\/_vyrobni_programy-image_pjpeg-20090513093922-2684-robot-na-svarovani-otoci-453x295.jpg\" width=\"453\" height=\"295\" alt=\"\" title=\"sva\u0159ovac\u00ed robot\" aria-label=\"sva\u0159ovac\u00ed robot\" class=\"img-responsive wp-image-1058 fusion-gallery-image-size-fixed\"  \/><\/a><\/div><div class=\"awb-imageframe-caption-container\"><div class=\"awb-imageframe-caption\"><div class=\"awb-imageframe-caption-title\">sva\u0159ovac\u00ed robot<\/div><\/div><\/div><\/div><div class=\"clearfix\"><\/div><div style=\"padding:5px;\" class=\"fusion-grid-column fusion-gallery-column fusion-gallery-column-3 hover-type-none awb-imageframe-style awb-imageframe-style-below awb-imageframe-style-1\"><div class=\"fusion-gallery-image\"><a href=\"https:\/\/www.baest.cz\/wp-content\/uploads\/2022\/12\/_vyrobni_programy-image_pjpeg-20090513100059-2849-lakovaci-box.jpg\" data-title=\"klimatizovan\u00e1 st\u0159\u00edkac\u00ed kabina\" title=\"klimatizovan\u00e1 st\u0159\u00edkac\u00ed kabina\" rel=\"noreferrer\" data-rel=\"iLightbox[gallery_image_1]\" class=\"fusion-lightbox\" target=\"_self\"><img decoding=\"async\" src=\"https:\/\/www.baest.cz\/wp-content\/uploads\/2022\/12\/_vyrobni_programy-image_pjpeg-20090513100059-2849-lakovaci-box-453x295.jpg\" width=\"453\" height=\"295\" alt=\"\" title=\"klimatizovan\u00e1 st\u0159\u00edkac\u00ed kabina\" aria-label=\"klimatizovan\u00e1 st\u0159\u00edkac\u00ed kabina\" class=\"img-responsive wp-image-1059 fusion-gallery-image-size-fixed\"  \/><\/a><\/div><div class=\"awb-imageframe-caption-container\"><div class=\"awb-imageframe-caption\"><div class=\"awb-imageframe-caption-title\">klimatizovan\u00e1 st\u0159\u00edkac\u00ed kabina<\/div><\/div><\/div><\/div><div style=\"padding:5px;\" class=\"fusion-grid-column fusion-gallery-column fusion-gallery-column-3 hover-type-none awb-imageframe-style awb-imageframe-style-below awb-imageframe-style-1\"><div class=\"fusion-gallery-image\"><a href=\"https:\/\/www.baest.cz\/wp-content\/uploads\/2022\/12\/_vyrobni_programy-image_pjpeg-20090513100059-7020-mostovy-jerab.jpg\" data-title=\"mostov\u00fd je\u0159\u00e1b 25t\/50t\" title=\"mostov\u00fd je\u0159\u00e1b 25t\/50t\" rel=\"noreferrer\" data-rel=\"iLightbox[gallery_image_1]\" class=\"fusion-lightbox\" target=\"_self\"><img decoding=\"async\" src=\"https:\/\/www.baest.cz\/wp-content\/uploads\/2022\/12\/_vyrobni_programy-image_pjpeg-20090513100059-7020-mostovy-jerab-452x295.jpg\" width=\"452\" height=\"295\" alt=\"\" title=\"mostov\u00fd je\u0159\u00e1b 25t\/50t\" aria-label=\"mostov\u00fd je\u0159\u00e1b 25t\/50t\" class=\"img-responsive wp-image-1060 fusion-gallery-image-size-fixed\"  \/><\/a><\/div><div class=\"awb-imageframe-caption-container\"><div class=\"awb-imageframe-caption\"><div class=\"awb-imageframe-caption-title\">mostov\u00fd je\u0159\u00e1b 25t\/50t<\/div><\/div><\/div><\/div><div style=\"padding:5px;\" class=\"fusion-grid-column fusion-gallery-column fusion-gallery-column-3 hover-type-none awb-imageframe-style awb-imageframe-style-below awb-imageframe-style-1\"><div class=\"fusion-gallery-image\"><a href=\"https:\/\/www.baest.cz\/wp-content\/uploads\/2022\/12\/_vyrobni_programy-image_jpeg-20151014081155-3619-vanad.jpg\" data-title=\"p\u00e1lic\u00ed stroj VANAD BLUESTER\" title=\"p\u00e1lic\u00ed stroj VANAD BLUESTER\" rel=\"noreferrer\" data-rel=\"iLightbox[gallery_image_1]\" class=\"fusion-lightbox\" target=\"_self\"><img decoding=\"async\" src=\"https:\/\/www.baest.cz\/wp-content\/uploads\/2022\/12\/_vyrobni_programy-image_jpeg-20151014081155-3619-vanad-452x295.jpg\" width=\"452\" height=\"295\" alt=\"\" title=\"p\u00e1lic\u00ed stroj VANAD BLUESTER\" aria-label=\"p\u00e1lic\u00ed stroj VANAD BLUESTER\" class=\"img-responsive wp-image-1061 fusion-gallery-image-size-fixed\"  \/><\/a><\/div><div class=\"awb-imageframe-caption-container\"><div class=\"awb-imageframe-caption\"><div class=\"awb-imageframe-caption-title\">p\u00e1lic\u00ed stroj VANAD BLUESTER<\/div><\/div><\/div><\/div><div class=\"clearfix\"><\/div><div style=\"padding:5px;\" class=\"fusion-grid-column fusion-gallery-column fusion-gallery-column-3 hover-type-none awb-imageframe-style awb-imageframe-style-below awb-imageframe-style-1\"><div class=\"fusion-gallery-image\"><a href=\"https:\/\/www.baest.cz\/wp-content\/uploads\/2022\/12\/_vyrobni_programy-image_jpeg-20151014081155-2409-ukosovacka.jpg\" data-title=\"\u00dakosovac\u00ed stroj TRIUMPH\" title=\"\u00dakosovac\u00ed stroj TRIUMPH\" rel=\"noreferrer\" data-rel=\"iLightbox[gallery_image_1]\" class=\"fusion-lightbox\" target=\"_self\"><img decoding=\"async\" src=\"https:\/\/www.baest.cz\/wp-content\/uploads\/2022\/12\/_vyrobni_programy-image_jpeg-20151014081155-2409-ukosovacka-452x295.jpg\" width=\"452\" height=\"295\" alt=\"\" title=\"\u00dakosovac\u00ed stroj TRIUMPH\" aria-label=\"\u00dakosovac\u00ed stroj TRIUMPH\" class=\"img-responsive wp-image-1062 fusion-gallery-image-size-fixed\"  \/><\/a><\/div><div class=\"awb-imageframe-caption-container\"><div class=\"awb-imageframe-caption\"><div class=\"awb-imageframe-caption-title\">\u00dakosovac\u00ed stroj TRIUMPH<\/div><\/div><\/div><\/div><div style=\"padding:5px;\" class=\"fusion-grid-column fusion-gallery-column fusion-gallery-column-3 hover-type-none awb-imageframe-style awb-imageframe-style-below awb-imageframe-style-1\"><div class=\"fusion-gallery-image\"><a href=\"https:\/\/www.baest.cz\/wp-content\/uploads\/2022\/12\/_vyrobni_programy-image_jpeg-20151014081155-6544-zakruzovacka-facin-3.jpg\" data-title=\"Zakru\u017eova\u010dka FACIN 3HEL\" title=\"Zakru\u017eova\u010dka FACIN 3HEL\" rel=\"noreferrer\" data-rel=\"iLightbox[gallery_image_1]\" class=\"fusion-lightbox\" target=\"_self\"><img decoding=\"async\" src=\"https:\/\/www.baest.cz\/wp-content\/uploads\/2022\/12\/_vyrobni_programy-image_jpeg-20151014081155-6544-zakruzovacka-facin-3-452x295.jpg\" width=\"452\" height=\"295\" alt=\"\" title=\"Zakru\u017eova\u010dka FACIN 3HEL\" aria-label=\"Zakru\u017eova\u010dka FACIN 3HEL\" class=\"img-responsive wp-image-1063 fusion-gallery-image-size-fixed\"  \/><\/a><\/div><div class=\"awb-imageframe-caption-container\"><div class=\"awb-imageframe-caption\"><div class=\"awb-imageframe-caption-title\">Zakru\u017eova\u010dka FACIN 3HEL<\/div><\/div><\/div><\/div><div style=\"padding:5px;\" class=\"fusion-grid-column fusion-gallery-column fusion-gallery-column-3 hover-type-none awb-imageframe-style awb-imageframe-style-below awb-imageframe-style-1\"><div class=\"fusion-gallery-image\"><a href=\"https:\/\/www.baest.cz\/wp-content\/uploads\/2022\/12\/_vyrobni_programy-image_jpeg-20151014081211-5442-zakruzovacka-facin-4.jpg\" data-title=\"Zakru\u017eova\u010dka FACIN 4HEL\" title=\"Zakru\u017eova\u010dka FACIN 4HEL\" rel=\"noreferrer\" data-rel=\"iLightbox[gallery_image_1]\" class=\"fusion-lightbox\" target=\"_self\"><img decoding=\"async\" src=\"https:\/\/www.baest.cz\/wp-content\/uploads\/2022\/12\/_vyrobni_programy-image_jpeg-20151014081211-5442-zakruzovacka-facin-4-452x295.jpg\" width=\"452\" height=\"295\" alt=\"\" title=\"Zakru\u017eova\u010dka FACIN 4HEL\" aria-label=\"Zakru\u017eova\u010dka FACIN 4HEL\" class=\"img-responsive wp-image-1064 fusion-gallery-image-size-fixed\"  \/><\/a><\/div><div class=\"awb-imageframe-caption-container\"><div class=\"awb-imageframe-caption\"><div class=\"awb-imageframe-caption-title\">Zakru\u017eova\u010dka FACIN 4HEL<\/div><\/div><\/div><\/div><div class=\"clearfix\"><\/div><\/div><\/div><\/div><\/div><\/div><\/div>\n","protected":false},"excerpt":{"rendered":"","protected":false},"author":3,"featured_media":2680,"parent":2700,"menu_order":0,"comment_status":"closed","ping_status":"closed","template":"","meta":{"_monsterinsights_skip_tracking":false,"_monsterinsights_sitenote_active":false,"_monsterinsights_sitenote_note":"","_monsterinsights_sitenote_category":0,"footnotes":""},"class_list":["post-2679","page","type-page","status-publish","has-post-thumbnail","hentry"],"_links":{"self":[{"href":"https:\/\/www.baest.cz\/en\/wp-json\/wp\/v2\/pages\/2679","targetHints":{"allow":["GET"]}}],"collection":[{"href":"https:\/\/www.baest.cz\/en\/wp-json\/wp\/v2\/pages"}],"about":[{"href":"https:\/\/www.baest.cz\/en\/wp-json\/wp\/v2\/types\/page"}],"author":[{"embeddable":true,"href":"https:\/\/www.baest.cz\/en\/wp-json\/wp\/v2\/users\/3"}],"replies":[{"embeddable":true,"href":"https:\/\/www.baest.cz\/en\/wp-json\/wp\/v2\/comments?post=2679"}],"version-history":[{"count":0,"href":"https:\/\/www.baest.cz\/en\/wp-json\/wp\/v2\/pages\/2679\/revisions"}],"up":[{"embeddable":true,"href":"https:\/\/www.baest.cz\/en\/wp-json\/wp\/v2\/pages\/2700"}],"wp:featuredmedia":[{"embeddable":true,"href":"https:\/\/www.baest.cz\/en\/wp-json\/wp\/v2\/media\/2680"}],"wp:attachment":[{"href":"https:\/\/www.baest.cz\/en\/wp-json\/wp\/v2\/media?parent=2679"}],"curies":[{"name":"wp","href":"https:\/\/api.w.org\/{rel}","templated":true}]}}