{"id":2700,"date":"2022-10-27T09:04:53","date_gmt":"2022-10-27T07:04:53","guid":{"rendered":"http:\/\/baest.cz\/produkty\/"},"modified":"2023-02-10T10:10:03","modified_gmt":"2023-02-10T09:10:03","slug":"products","status":"publish","type":"page","link":"https:\/\/www.baest.cz\/en\/products\/","title":{"rendered":"Products"},"content":{"rendered":"<div class=\"fusion-fullwidth fullwidth-box fusion-builder-row-1 fusion-flex-container has-pattern-background has-mask-background nonhundred-percent-fullwidth non-hundred-percent-height-scrolling\" style=\"--awb-border-radius-top-left:0px;--awb-border-radius-top-right:0px;--awb-border-radius-bottom-right:0px;--awb-border-radius-bottom-left:0px;--awb-padding-top:50px;--awb-padding-bottom:50px;\" ><div class=\"fusion-builder-row fusion-row fusion-flex-align-items-flex-start\" style=\"max-width:1331.2px;margin-left: calc(-4% \/ 2 );margin-right: calc(-4% \/ 2 );\"><div class=\"fusion-layout-column fusion_builder_column fusion-builder-column-0 fusion_builder_column_1_1 1_1 fusion-flex-column\" style=\"--awb-bg-size:cover;--awb-width-large:100%;--awb-margin-top-large:0px;--awb-spacing-right-large:1.92%;--awb-margin-bottom-large:20px;--awb-spacing-left-large:1.92%;--awb-width-medium:100%;--awb-order-medium:0;--awb-spacing-right-medium:1.92%;--awb-spacing-left-medium:1.92%;--awb-width-small:100%;--awb-order-small:0;--awb-spacing-right-small:1.92%;--awb-spacing-left-small:1.92%;\"><div class=\"fusion-column-wrapper fusion-column-has-shadow fusion-flex-justify-content-flex-start fusion-content-layout-column\"><div class=\"seznamproduktu produktyLayoutmain\"><div class=\"rows\"><div class=\"col-md-6\"><a href=\"https:\/\/www.baest.cz\/produkty\/akumulacni-nadrze\/\"><div class=\"dlazdice\"><img decoding=\"async\" src=\"https:\/\/www.baest.cz\/wp-content\/uploads\/2023\/03\/Obrazek1-3-150x150.png\"><h4>Akumula\u010dn\u00ed n\u00e1dr\u017ee<\/h4><\/div><\/a><\/div><div class=\"col-md-6\"><a href=\"https:\/\/www.baest.cz\/produkty\/autoklavy\/\"><div class=\"dlazdice\"><img decoding=\"async\" src=\"https:\/\/www.baest.cz\/wp-content\/uploads\/2022\/12\/_vyrobni_programy-image_jpeg-20150825100015-1918-img-0360-150x150.jpg\"><h4>Autokl\u00e1vy<\/h4><\/div><\/a><\/div><div class=\"col-md-6\"><a href=\"https:\/\/www.baest.cz\/produkty\/betonarky\/\"><div class=\"dlazdice\"><img decoding=\"async\" src=\"https:\/\/www.baest.cz\/wp-content\/uploads\/2022\/12\/_vyrobni_programy-image_jpeg-20090428012733-3582-produkt1-150x150.jpg\"><h4>Beton\u00e1rky<\/h4><\/div><\/a><\/div><div class=\"col-md-6\"><a href=\"https:\/\/www.baest.cz\/produkty\/cerpaci-stanice\/\"><div class=\"dlazdice\"><img decoding=\"async\" src=\"https:\/\/www.baest.cz\/wp-content\/uploads\/2022\/12\/_vyrobni_programy-image_jpeg-20220321112739-3409-montaz-nadrze1-150x150.jpg\"><h4>\u010cerpac\u00ed stanice<\/h4><\/div><\/a><\/div><div class=\"col-md-6\"><a href=\"https:\/\/www.baest.cz\/produkty\/obalovny-zivicnych-smesi\/\"><div class=\"dlazdice\"><img decoding=\"async\" src=\"https:\/\/www.baest.cz\/wp-content\/uploads\/2023\/03\/Obrazek1-150x150.png\"><h4>Obalovny \u017eivi\u010dn\u00fdch sm\u011bs\u00ed<\/h4><\/div><\/a><\/div><div class=\"col-md-6\"><a href=\"https:\/\/www.baest.cz\/produkty\/ocelove-konstrukce\/\"><div class=\"dlazdice\"><img decoding=\"async\" src=\"https:\/\/www.baest.cz\/wp-content\/uploads\/2022\/12\/_vyrobni_programy-image_pjpeg-20090511022639-7877-oval-4-150x150.jpg\"><h4>Ocelov\u00e9 konstrukce<\/h4><\/div><\/a><\/div><div class=\"col-md-6\"><a href=\"https:\/\/www.baest.cz\/produkty\/ocelove-nadrze\/\"><div class=\"dlazdice\"><img decoding=\"async\" src=\"https:\/\/www.baest.cz\/wp-content\/uploads\/2022\/12\/_vyrobni_programy-image_jpeg-20220321102537-1833-2c84dbee-a540-46dd-9aeb-315be208bbf4-150x150.jpeg\"><h4>Ocelov\u00e9 n\u00e1dr\u017ee<\/h4><\/div><\/a><\/div><div class=\"col-md-6\"><a href=\"https:\/\/www.baest.cz\/produkty\/sila-nasypky-a-zasobniky\/\"><div class=\"dlazdice\"><img decoding=\"async\" src=\"https:\/\/www.baest.cz\/wp-content\/uploads\/2022\/12\/_vyrobni_programy-image_jpeg-20150602080341-0401-5-8-150x150.jpg\"><h4>Sila, n\u00e1sypky a&nbsp;z\u00e1sobn\u00edky<\/h4><\/div><\/a><\/div><div class=\"col-md-6\"><a href=\"https:\/\/www.baest.cz\/produkty\/telekomunikacni-veze-a-rozhledny\/\"><div class=\"dlazdice\"><img decoding=\"async\" src=\"https:\/\/www.baest.cz\/wp-content\/uploads\/2022\/12\/_vyrobni_programy-image_jpeg-20151013021301-7196-2014-10n-150x150.jpg\"><h4>Telekomunika\u010dn\u00ed v\u011b\u017ee a&nbsp;rozhledny<\/h4><\/div><\/a><\/div><div class=\"col-md-6\"><a href=\"https:\/\/www.baest.cz\/produkty\/tlakove-nadoby\/\"><div class=\"dlazdice\"><img decoding=\"async\" src=\"https:\/\/www.baest.cz\/wp-content\/uploads\/2022\/12\/_vyrobni_programy-image_jpeg-20150601022518-2322-dsc-0280-2-150x150.jpg\"><h4>Tlakov\u00e9 n\u00e1doby<\/h4><\/div><\/a><\/div><div class=\"col-md-6\"><a href=\"https:\/\/www.baest.cz\/produkty\/velkorozmerove-obrabeni-cnc\/\"><div class=\"dlazdice\"><img decoding=\"async\" src=\"https:\/\/www.baest.cz\/wp-content\/uploads\/2022\/12\/cnc_category-150x150.jpg\"><h4>Velkorozm\u011brov\u00e9 obr\u00e1b\u011bn\u00ed CNC<\/h4><\/div><\/a><\/div><div class=\"col-md-6\"><a href=\"https:\/\/www.baest.cz\/produkty\/velkorozmerove-ocelove-potrubi\/\"><div class=\"dlazdice\"><img decoding=\"async\" src=\"https:\/\/www.baest.cz\/wp-content\/uploads\/2022\/12\/_vyrobni_programy-image_jpeg-20150728101606-4970-dscn1660-150x150.jpg\"><h4>Velkorozm\u011brov\u00e9 ocelov\u00e9 potrub\u00ed<\/h4><\/div><\/a><\/div><div class=\"col-md-6\"><a href=\"https:\/\/www.baest.cz\/produkty\/vodni-elektrarny\/\"><div class=\"dlazdice\"><img decoding=\"async\" src=\"https:\/\/www.baest.cz\/wp-content\/uploads\/2022\/12\/_vyrobni_programy-image_jpeg-20150825021445-2803-p1050789-150x150.jpg\"><h4>Vodn\u00ed elektr\u00e1rny<\/h4><\/div><\/a><\/div><div class=\"col-md-6\"><a href=\"https:\/\/www.baest.cz\/produkty\/vyrobky-z-nerezu\/\"><div class=\"dlazdice\"><img decoding=\"async\" src=\"https:\/\/www.baest.cz\/wp-content\/uploads\/2022\/12\/_vyrobni_programy-image_jpeg-20151013074324-1276-img-0900-150x150.jpg\"><h4>V\u00fdrobky z&nbsp;nerezu<\/h4><\/div><\/a><\/div><div class=\"col-md-6\"><a href=\"https:\/\/www.baest.cz\/produkty\/vyrobni-zarizeni\/\"><div class=\"dlazdice\"><img decoding=\"async\" src=\"https:\/\/www.baest.cz\/wp-content\/uploads\/2022\/12\/_vyrobni_programy-image_pjpeg-20090513093704-4487-horizontka-1-150x150.jpg\"><h4>V\u00fdrobn\u00ed za\u0159\u00edzen\u00ed<\/h4><\/div><\/a><\/div><div class=\"col-md-6\"><a href=\"https:\/\/www.baest.cz\/produkty\/montaze-servis-doprava\/\"><div class=\"dlazdice\"><img decoding=\"async\" src=\"https:\/\/www.baest.cz\/wp-content\/uploads\/2022\/12\/_vyrobni_programy-image_jpeg-20090428014757-3677-produkt3-150x150.jpg\"><h4>Mont\u00e1\u017e, servis a&nbsp;doprava<\/h4><\/div><\/a><\/div><div class=\"col-md-6\"><a href=\"https:\/\/www.baest.cz\/produkty\/politika-ism\/\"><div class=\"dlazdice\"><img decoding=\"async\" src=\"https:\/\/www.baest.cz\/wp-content\/uploads\/2022\/12\/_vyrobni_programy-image_jpeg-20200624011422-3766-0001-150x150.jpg\"><h4>Politika ISM<\/h4><\/div><\/a><\/div><div class=\"col-md-6\"><a href=\"https:\/\/www.baest.cz\/produkty\/projekce\/\"><div class=\"dlazdice\"><img decoding=\"async\" src=\"https:\/\/www.baest.cz\/wp-content\/uploads\/2022\/12\/_vyrobni_programy-image_jpeg-20150910094946-1170-3031-041-00-nadrz-d2500-60m3-3-150x150.jpg\"><h4>Projekce<\/h4><\/div><\/a><\/div><\/div><\/div><\/div><\/div><\/div><\/div>\n","protected":false},"excerpt":{"rendered":"","protected":false},"author":3,"featured_media":0,"parent":0,"menu_order":0,"comment_status":"closed","ping_status":"closed","template":"100-width.php","meta":{"_monsterinsights_skip_tracking":false,"_monsterinsights_sitenote_active":false,"_monsterinsights_sitenote_note":"","_monsterinsights_sitenote_category":0,"footnotes":""},"class_list":["post-2700","page","type-page","status-publish","hentry"],"_links":{"self":[{"href":"https:\/\/www.baest.cz\/en\/wp-json\/wp\/v2\/pages\/2700","targetHints":{"allow":["GET"]}}],"collection":[{"href":"https:\/\/www.baest.cz\/en\/wp-json\/wp\/v2\/pages"}],"about":[{"href":"https:\/\/www.baest.cz\/en\/wp-json\/wp\/v2\/types\/page"}],"author":[{"embeddable":true,"href":"https:\/\/www.baest.cz\/en\/wp-json\/wp\/v2\/users\/3"}],"replies":[{"embeddable":true,"href":"https:\/\/www.baest.cz\/en\/wp-json\/wp\/v2\/comments?post=2700"}],"version-history":[{"count":0,"href":"https:\/\/www.baest.cz\/en\/wp-json\/wp\/v2\/pages\/2700\/revisions"}],"wp:attachment":[{"href":"https:\/\/www.baest.cz\/en\/wp-json\/wp\/v2\/media?parent=2700"}],"curies":[{"name":"wp","href":"https:\/\/api.w.org\/{rel}","templated":true}]}}