{"id":2717,"date":"2022-12-08T15:19:45","date_gmt":"2022-12-08T14:19:45","guid":{"rendered":"http:\/\/baest.cz\/podminky-ochrany-osobnich-udaju\/"},"modified":"2023-02-10T10:45:00","modified_gmt":"2023-02-10T09:45:00","slug":"privacy-policy","status":"publish","type":"page","link":"https:\/\/www.baest.cz\/en\/privacy-policy\/","title":{"rendered":"Privacy Policy"},"content":{"rendered":"<div class=\"fusion-fullwidth fullwidth-box fusion-builder-row-1 fusion-flex-container nonhundred-percent-fullwidth non-hundred-percent-height-scrolling\" style=\"--awb-border-radius-top-left:0px;--awb-border-radius-top-right:0px;--awb-border-radius-bottom-right:0px;--awb-border-radius-bottom-left:0px;--awb-padding-top:50px;--awb-padding-bottom:50px;\" ><div class=\"fusion-builder-row fusion-row fusion-flex-align-items-flex-start\" style=\"max-width:1331.2px;margin-left: calc(-4% \/ 2 );margin-right: calc(-4% \/ 2 );\"><div class=\"fusion-layout-column fusion_builder_column fusion-builder-column-0 fusion_builder_column_1_1 1_1 fusion-flex-column\" style=\"--awb-bg-size:cover;--awb-width-large:100%;--awb-margin-top-large:0px;--awb-spacing-right-large:1.92%;--awb-margin-bottom-large:20px;--awb-spacing-left-large:1.92%;--awb-width-medium:100%;--awb-order-medium:0;--awb-spacing-right-medium:1.92%;--awb-spacing-left-medium:1.92%;--awb-width-small:100%;--awb-order-small:0;--awb-spacing-right-small:1.92%;--awb-spacing-left-small:1.92%;\"><div class=\"fusion-column-wrapper fusion-column-has-shadow fusion-flex-justify-content-flex-start fusion-content-layout-column\"><div class=\"fusion-text fusion-text-1\" style=\"--awb-text-transform:none;\"><div class=\"fusion-content-tb fusion-content-tb-1\">\n<div class=\"fusion-fullwidth fullwidth-box fusion-builder-row-2-1 fusion-flex-container nonhundred-percent-fullwidth non-hundred-percent-height-scrolling\">\n<div class=\"fusion-builder-row fusion-row fusion-flex-align-items-flex-start\">\n<div class=\"fusion-layout-column fusion_builder_column fusion-builder-column-2 fusion_builder_column_1_1 1_1 fusion-flex-column\">\n<div class=\"fusion-column-wrapper fusion-flex-justify-content-flex-start fusion-content-layout-column\">\n<div class=\"fusion-text fusion-text-1\">\n<h2 class=\"fusion-responsive-typography-calculated\" data-fontsize=\"24\" data-lineheight=\"33.6px\">I.Privacy of personal data<\/h2>\n<p>1.1. By entering personal data, the user acknowledges that he \/ she understands the terms of the data protection, agrees to their wording and accepts them in their entirety.<br \/>\n1.2 The Provider is the user of Personal Data Administrator under Article 4 (7) of Regulation (EU) 2016\/679 of the European Parliament and of the Council on the protection of individuals with regard to the processing of personal data and on the free movement of such data and repealing Directive 95\/46 \/ EC the Data Protection Regulation) (hereinafter referred to as the \u201eGDPR\u201c). The Provider undertakes to process personal data in accordance with legal regulations, especially the GDPR.<br \/>\n1.3. Personal information is any information about an identified or identifiable natural person; an identifiable natural person is a&nbsp;natural person that can be identified directly or indirectly, in particular by reference to a&nbsp;particular identifier such as name, identification number, location data, network identifier or one or more specific physical, physiological, genetic, psychological, economic, the social identity of this individual.<br \/>\n1.4 When ordering, the personal data required for successful order execution (name and address, contact) are required. The purpose of processing personal data is to execute the user\u2019s order and to exercise the rights and obligations arising from the contractual relationship between the Provider and the User. The purpose of processing personal information is to send business messages and do other marketing activities. The legal reason for the processing of personal data is the fulfillment of the contract pursuant to Article 6 (1) b) GDPR, fulfillment of the statutory obligation of the administrator pursuant to Article 6 (1) c) the GDPR and the legitimate interest of the Provider pursuant to Article 6 (1) f) GDPR. The Provider\u2019s legitimate interest is the processing of personal data for direct marketing purposes.<br \/>\n1.5 The Provider uses the services of subcontractors, especially mail service providers (personal data are stored in third countries) and web host providers, to perform the license agreement. Subcontractors are screened for the safe processing of personal data. Provider and subcontractor of the web host have entered into a&nbsp;personal data processing agreement under which the subcontractor is responsible for the proper provision of the physical, hardware and software perimeter and hence bears direct responsibility for the user for any leakage or violation of personal data.<br \/>\n1.6 The Provider shall store the user\u2019s personal data for the period necessary to exercise the rights and obligations arising from the contractual relationship between the Provider and the User and the enforcement of the claims under these contractual relationships (for 15 years from the termination of the contractual relationship). After it expires, data will be erased.<br \/>\n1.7 The User has the right to request from the Provider access to his \/ her personal data pursuant to Article 15 of GDPR, the repair of personal data pursuant to Article 16 of the GDPR or, where applicable, the restriction of processing under Article 18 GDPR. The user has the right to delete personal data pursuant to Article 17 (1) (a) and (c) to (f) of the GDPR. Furthermore, the user has the right to object to processing under Article 21 of the GDPR and the right to data portability under Article 20 GDPR.<br \/>\n1.8 The User has the right to file a&nbsp;complaint with the Personal Data Protection Office if he \/ she considers that his \/ her right to the protection of personal data has been violated.<br \/>\n1.9 The user is under no obligation to provide personal information. However, the provision of personal data is a&nbsp;necessary requirement for the conclusion and performance of the contract and without the provision of personal data it is not possible to conclude the contract or to fulfill it by the provider.<br \/>\n1.10 The Provider does not automatically make an individual decision within the meaning of GDPR No. 22.<br \/>\n1.11 Applicants for the use of the Provider\u2019s services by completing the contact form:<br \/>\n1.&nbsp;agrees with the use of his or her personal data for the purpose of sending commercial communications, advertising materials, direct sales, market surveys and direct offers by the Provider and third parties, but not more than once a&nbsp;week, and at the same time<br \/>\n2. Declares that the sending of information according to item 1.11.1 does not consider an unsolicited advertisement within the meaning of Act. No. 40\/1995 Coll. as amended, as the user is sending the information according to point 1.11.1 in conjunction with \u00a7 7 of Act. No. 480\/2004 Coll. explicitly agree.<br \/>\n3. Consent may be revoked at <a href=\"mailto:baest@baest.cz\">baest@baest.cz<\/a> at any time in writing<br \/>\n1.12 The Provider uses so-called cookies in its presentation for the improvement of service quality, bid personalization, collection of anonymous data and for analytical purposes. By using the site, the user agrees to use the technology.<\/p>\n<h2 class=\"fusion-responsive-typography-calculated\" data-fontsize=\"24\" data-lineheight=\"33.6px\">II. Rights and Obligations between Administrator and Processor (Processing Agreement)<\/h2>\n<p>2.1 The Provider is in relation to the Personal Data of Client Clients by the Client in accordance with Article 28 GDPR. The user is the administrator of this data.<br \/>\n2.2 These Terms and Conditions govern the mutual rights and obligations in the processing of personal data to which the Provider has gained access in connection with the fulfillment of the license agreement concluded in the form of agreement of the General Terms and Conditions on https:\/\/www.baest.cz\/ (the \u201eLicense Agreement\u201c) concluded with the User on the date of establishment of the user account.<br \/>\n2.3. The Provider undertakes for the User to process personal data to the extent and for the purposes set out in Articles 2.4 \u2013 2.7 of these Terms and Conditions. Processing resources will be automated. The Provider will collect, store, store, block, and disassemble personal data in the processing. The Provider is not authorized to process personal data in violation or beyond the limits set by these terms.<br \/>\n2.4 The Provider undertakes for the user to process personal data in the following extent:<br \/>\n1.&nbsp;common personal data,<br \/>\n2.&nbsp;special categories of data under Article 9 of the GDPR,<br \/>\nwhich the User obtained in connection with his own business.<br \/>\n2.5. The Provider undertakes for the user to process personal data in order to process inquiries and client requests obtained from the contact form.<br \/>\n2.6. Personal data may only be processed at the workplace of the Provider or his subcontractors under Article 2.8 of these Conditions, within the territory of the European Union.<br \/>\n2.7. The Provider undertakes for the User to process the personal data of the User\u2019s clients, all for the time necessary to exercise the rights and obligations arising from the contractual relationship between the Provider and the User and to claim the said contractual relations (for 15 years from the termination of the contractual relationship).<br \/>\n2.8 The user grants permission to engage a&nbsp;subcontractor as a&nbsp;further processor under Article 28 (2) of the GDPR, which is the hosting application provider. In addition, the User grants the Provider a&nbsp;general authorization to engage in the processing of another personal data processor, but the Provider must inform the user in writing of any intended changes to the acceptance or replacement of the other processors and give the user the opportunity to object to these changes. The Provider must impose on its subcontractors as personal data processors the same personal data protection obligations as set out in these terms.<br \/>\n2.9. The Provider undertakes that the processing of personal data will be ensured in particular as follows:<br \/>\n1. Personal data is processed in accordance with legal regulations and on the basis of the User\u2019s instructions, ie for the performance of all activities necessary for the provision of web platforms.<br \/>\n2. The Provider undertakes to provide technically and organizationally the protection of the processed personal data so that unauthorized or accidental access to the data, its modification, destruction or loss, unauthorized transmissions, any other unauthorized processing as well as other misuse and to ensure that all personal data processor obligations resulting from the law are safeguarded continuously throughout the personal and organizational continuity of the processing of data.<br \/>\n3. The technical and organizational measures adopted shall correspond to the level of risk. Provider ensures the continued confidentiality, integrity, accessibility, and resilience of processing systems and services, and timely restores the availability of and access to personal data in the event of physical or technical incidents.<br \/>\n4. The Provider hereby declares that the personal data protection is subject to the Provider\u2019s internal security regulations.<br \/>\n5. Personal data shall be accessible only to authorized Provider and subcontractors pursuant to Article 2.8 of these Conditions, which shall stipulate to the Provider the conditions and extent of data processing and any such person will access personal data under his \/ her unique identifier.<br \/>\n6. Empowered persons Providers who process personal data under these conditions are required to maintain confidentiality about personal data and security measures whose disclosure would compromise their security. Provider shall ensure their demonstrable commitment to this obligation. The Provider will ensure that this obligation for both the Provider and the Beneficiary will continue after the termination of a&nbsp;legal or other relationship with the Provider.<br \/>\n7. Provider will assist the user, through appropriate technical and organizational measures, if possible, to meet the user\u2019s obligation to respond to the data subject\u2019s requests for data subject to the GDPR; as well as ensuring compliance with the obligations under GDPR Articles 32 to 36, taking into account the nature of the processing and the information available to the Provider.<br \/>\n8. Upon termination of the provision of the performance associated with the processing under Article 2.7 of these Conditions, the Provider is obliged to delete all personal data or to return it to the User if he is not obliged to store personal data under a&nbsp;special law.<br \/>\n9. The Provider will provide the User with all the information necessary to demonstrate that the obligations under this Agreement and the GDPR have been met, will allow audits, including inspections, conducted by the User or another auditor assigned by the User.<br \/>\n2.10 The User undertakes to promptly report any facts known to him that could adversely affect the proper and timely fulfillment of the obligations arising from these Conditions and to provide the Provider with the necessary cooperation to meet these conditions.<\/p>\n<h2 class=\"fusion-responsive-typography-calculated\" data-fontsize=\"24\" data-lineheight=\"33.6px\">III. Final Provisions<\/h2>\n<p>3.1 These Terms shall expire on the expiry of the time specified in Article 1.6 and Article 2.7 of these Conditions.<br \/>\n3.2 The user agrees to these terms by ticking the consent via the online form. By signing the consent, the user expresses that he has read these terms, agrees with them and accepts them in their entirety.<br \/>\n3.3 The Provider is entitled to change these terms. The Provider is obliged to publish a&nbsp;new version of the terms on its website without any undue delay. will send the new version to the User at its email address.<br \/>\n3.4. Provider Contact Details in matters relating to the following conditions: <a href=\"tel:+420317753211\">+420\u00a0317\u00a0753\u00a0211<\/a>,\u00a0<a href=\"https:\/\/www.baest.cz\/\" target=\"_blank\" rel=\"noopener\">www.baest.cz<\/a>.<br \/>\n3.5 Relationships not expressly governed by these terms and conditions shall be governed by the GDPR and the legal order of the Czech Republic, in particular by Act No. 89\/2012 Coll., The Civil Code, as amended.<\/p>\n<p>These Terms become effective on December 8, 2022.<\/p>\n<\/div>\n<\/div>\n<\/div>\n<\/div>\n<\/div>\n<\/div>\n<\/div><div class=\"fusion-text fusion-text-2\" style=\"--awb-text-transform:none;\"><h3>II. Pr\u00e1va a&nbsp;povinnosti mezi spr\u00e1vcem a&nbsp;zpracovatelem (zpracovatelsk\u00e1 smlouva)<\/h3>\n<p>2.1 Poskytovatel je ve vztahu k&nbsp;osobn\u00edm \u00fadaj\u016fm klient\u016f u\u017eivatel\u016f zpracovatelem dle \u010dl. 28 GDPR. U\u017eivatel je spr\u00e1vcem t\u011bchto \u00fadaj\u016f.<\/p>\n<p>2.2 Tyto podm\u00ednky upravuj\u00ed vz\u00e1jemn\u00e1 pr\u00e1va a&nbsp;povinnosti p\u0159i&nbsp;zpracov\u00e1n\u00ed osobn\u00edch \u00fadaj\u016f, ke kter\u00fdm Poskytovatel z\u00edskal p\u0159\u00edstup v&nbsp;r\u00e1mci pln\u011bn\u00ed licen\u010dn\u00ed smlouvy uzav\u0159en\u00e9 formou odsouhlasen\u00ed v\u0161eobecn\u00fdch obchodn\u00edch podm\u00ednek na <a href=\"https:\/\/www.baest.cz\" target=\"_blank\" rel=\"noopener\">https:\/\/www.baest.cz\/<\/a> (d\u00e1le jen \u201elicen\u010dn\u00ed smlouva\u201c) uzav\u0159en\u00e9 s&nbsp;U\u017eivatelem ke dni z\u0159\u00edzen\u00ed u\u017eivatelsk\u00e9ho \u00fa\u010dtu.<\/p>\n<p>2.3 Poskytovatel se zavazuje pro U\u017eivatele zpracov\u00e1vat osobn\u00ed \u00fadaje v&nbsp;rozsahu a&nbsp;za \u00fa\u010delem stanoven\u00fdmi v&nbsp;\u010dl. 2.4 \u2013 2.7 t\u011bchto podm\u00ednek. Prost\u0159edky zpracov\u00e1n\u00ed budou automatizovan\u00e9. Poskytovatel bude v&nbsp;r\u00e1mci zpracov\u00e1n\u00ed osobn\u00ed \u00fadaje shroma\u017e\u010fovat, ukl\u00e1dat na nosi\u010de informac\u00ed, uchov\u00e1vat, blokovat a&nbsp;likvidovat. Poskytovatel nen\u00ed opr\u00e1vn\u011bn osobn\u00ed \u00fadaje zpracov\u00e1vat v&nbsp;rozporu nebo nad r\u00e1mec stanoven\u00fd t\u011bmito podm\u00ednkami.<\/p>\n<p>2.4 Poskytovatel se zavazuje pro u\u017eivatele zpracov\u00e1vat osobn\u00ed \u00fadaje v&nbsp;tomto rozsahu:<\/p>\n<p>b\u011b\u017en\u00e9 osobn\u00ed \u00fadaje,<br \/>\nzvl\u00e1\u0161tn\u00ed kategorie \u00fadaj\u016f podle \u010dl. 9 GDPR, kter\u00e9 U\u017eivatel z\u00edskal v&nbsp;souvislosti s&nbsp;vlastn\u00ed obchodn\u00ed \u010dinnost\u00ed.<\/p>\n<p>2.5 Poskytovatel se zavazuje pro u\u017eivatele zpracov\u00e1vat osobn\u00ed \u00fadaje za \u00fa\u010delem zpracov\u00e1n\u00ed popt\u00e1vek a&nbsp;po\u017eadavk\u016f klient\u016f z\u00edskan\u00fdch z&nbsp;kontaktn\u00edho formul\u00e1\u0159e.<\/p>\n<p>2.6 Osobn\u00ed \u00fadaje je mo\u017en\u00e9 zpracov\u00e1vat pouze na pracovi\u0161t\u00edch Poskytovatele nebo jeho subdodavatel\u016f podle \u010dl. 2.8 t\u011bchto podm\u00ednek, a&nbsp;to na \u00fazem\u00ed Evropsk\u00e9 unie.<\/p>\n<p>2.7 Poskytovatel se zavazuje pro U\u017eivatele zpracov\u00e1vat osobn\u00ed \u00fadaje klient\u016f U\u017eivatele, to v\u0161e po&nbsp;dobu nezbytnou k&nbsp;v\u00fdkonu pr\u00e1v a&nbsp;povinnost\u00ed vypl\u00fdvaj\u00edc\u00edch ze smluvn\u00edho vztahu mezi Poskytovatelem a&nbsp;U\u017eivatelem a&nbsp;z&nbsp;uplat\u0148ov\u00e1n\u00ed n\u00e1rok\u016f z&nbsp;t\u011bchto smluvn\u00edch vztah\u016f (po&nbsp;dobu 15 let od ukon\u010den\u00ed smluvn\u00edho vztahu).<\/p>\n<p>2.8 U\u017eivatel ud\u011bluje povolen\u00ed se zapojen\u00edm subdodavatele jako\u017eto dal\u0161\u00edho zpracovatele podle \u010dl. 28 odst. 2 GDPR, kter\u00fdm je poskytovatel hostingu aplikace. U\u017eivatel d\u00e1le ud\u011bluje Poskytovateli obecn\u00e9 povolen\u00ed zapojit do zpracov\u00e1n\u00ed dal\u0161\u00edho zpracovatele osobn\u00edch \u00fadaj\u016f, Poskytovatel v\u0161ak mus\u00ed u\u017eivatele p\u00edsemn\u011b informovat o&nbsp;v\u0161ech zam\u00fd\u0161len\u00fdch zm\u011bn\u00e1ch t\u00fdkaj\u00edc\u00edch se p\u0159ijet\u00ed dal\u0161\u00edch zpracovatel\u016f nebo jejich nahrazen\u00ed a&nbsp;poskytnout u\u017eivateli mo\u017enost vyslovit v\u016f\u010di t\u011bmto zm\u011bn\u00e1m n\u00e1mitky. Poskytovatel mus\u00ed ulo\u017eit sv\u00fdm subdodavatel\u016fm v&nbsp;postaven\u00ed zpracovatele osobn\u00edch \u00fadaj\u016f stejn\u00e9 povinnosti na ochranu osobn\u00edch \u00fadaju\u00b0, jak jsou stanoveny v&nbsp;t\u011bchto podm\u00ednk\u00e1ch.<\/p>\n<p>2.9 Poskytovatel se zavazuje, \u017ee zpracov\u00e1v\u00e1n\u00ed osobn\u00edch \u00fadaj\u016f bude zabezpe\u010deno zejm\u00e9na n\u00e1sleduj\u00edc\u00edm zp\u016fsobem:<\/p>\n<p>Osobn\u00ed \u00fadaje jsou zpracov\u00e1v\u00e1ny v&nbsp;souladu s&nbsp;pr\u00e1vn\u00edmi p\u0159edpisy a&nbsp;na z\u00e1klad\u011b pokyn\u016f U\u017eivatele, tj.&nbsp;pro v\u00fdkon ve\u0161ker\u00fdch \u010dinnost\u00ed pot\u0159ebn\u00fdch pro poskytov\u00e1n\u00ed webov\u00e9 platmormy.<br \/>\nPoskytovatel se zavazuje, \u017ee technicky a&nbsp;organiza\u010dn\u011b zabezpe\u010d\u00ed ochranu zpracov\u00e1van\u00fdch osobn\u00edch \u00fadaj\u016f tak, aby nemohlo doj\u00edt k&nbsp;neopr\u00e1vn\u011bn\u00e9mu nebo nahodil\u00e9mu p\u0159\u00edstupu k&nbsp;\u00fadaj\u016fm, k&nbsp;jejich zm\u011bn\u011b, zni\u010den\u00ed \u010di&nbsp;ztr\u00e1t\u011b, neopr\u00e1vn\u011bn\u00fdm p\u0159enos\u016fm, k&nbsp;jejich jin\u00e9mu neopr\u00e1vn\u011bn\u00e9mu zpracov\u00e1n\u00ed, jako\u017e i&nbsp;k&nbsp;jin\u00e9mu zneu\u017eit\u00ed a&nbsp;aby byly person\u00e1ln\u011b a&nbsp;organiza\u010dn\u011b nep\u0159etr\u017eit\u011b po&nbsp;dobu zpracov\u00e1v\u00e1n\u00ed \u00fadaj\u016f zabezpe\u010deny ve\u0161ker\u00e9 povinnosti zpracovatele osobn\u00edch \u00fadaj\u016f, vypl\u00fdvaj\u00edc\u00ed z&nbsp;pr\u00e1vn\u00edch p\u0159edpis\u016f.<br \/>\nP\u0159ijat\u00e1 technick\u00e1 a&nbsp;organiza\u010dn\u00ed opat\u0159en\u00ed odpov\u00eddaj\u00ed m\u00ed\u0159e rizika. Poskytovatel pomoc\u00ed nich zaji\u0161\u0165uje neust\u00e1lou d\u016fv\u011brnost, integritu, dostupnost a&nbsp;odolnost syst\u00e9m\u016f a&nbsp;slu\u017eeb zpracov\u00e1n\u00ed, a&nbsp;v\u010das obnovuje dostupnost osobn\u00edch \u00fadaj\u016f a&nbsp;p\u0159\u00edstup k&nbsp;nim v&nbsp;p\u0159\u00edpad\u011b fyzick\u00fdch \u010di&nbsp;technick\u00fdch incident\u016f.<br \/>\nPoskytovatel t\u00edmto prohla\u0161uje, \u017ee ochrana osobn\u00edch \u00fadaj\u016f podl\u00e9h\u00e1 intern\u00edm bezpe\u010dnostn\u00edm p\u0159edpis\u016fm Poskytovatele.<br \/>\nK&nbsp;osobn\u00edm \u00fadaj\u016fm budou m\u00edt p\u0159\u00edstup pouze opr\u00e1vn\u011bn\u00e9 osoby Poskytovatele a&nbsp;subdodavatel\u016f dle \u010dl. 2.8 t\u011bchto podm\u00ednek, kter\u00e9 budou m\u00edt Poskytovatelem stanoveny podm\u00ednky a&nbsp;rozsah zpracov\u00e1n\u00ed \u00fadaj\u016f a&nbsp;ka\u017ed\u00e1 takov\u00e1 osoba bude p\u0159istupovat k&nbsp;osobn\u00edm \u00fadaj\u016fm pod sv\u00fdm jednozna\u010dn\u00fdm identifik\u00e1torem.<br \/>\nOpr\u00e1vn\u011bn\u00e9 osoby Poskytovatele, kter\u00e9 zpracov\u00e1vaj\u00ed osobn\u00ed \u00fadaje podle t\u011bchto podm\u00ednek, jsou povinny zachov\u00e1vat ml\u010denlivost o&nbsp;osobn\u00edch \u00fadaj\u00edch a&nbsp;o&nbsp;bezpe\u010dnostn\u00edch opat\u0159en\u00edch, jejich\u017e zve\u0159ejn\u011bn\u00ed by ohrozilo jejich zabezpe\u010den\u00ed. Poskytovatel zajist\u00ed jejich prokazateln\u00e9 zav\u00e1z\u00e1n\u00ed k&nbsp;t\u00e9to povinnosti. Poskytovatel zajist\u00ed, \u017ee tato povinnost pro Poskytovatele i&nbsp;opr\u00e1vn\u011bn\u00e9 osoby bude trvat i&nbsp;po&nbsp;skon\u010den\u00ed pracovn\u011b pr\u00e1vn\u00edho nebo jin\u00e9ho vztahu k&nbsp;Poskytovateli.<br \/>\nPoskytovatel bude u\u017eivateli n\u00e1pomocen prost\u0159ednictv\u00edm vhodn\u00fdch technick\u00fdch a&nbsp;organiza\u010dn\u00edch opat\u0159en\u00ed, pokud je to mo\u017en\u00e9, pro spln\u011bn\u00ed u\u017eivatelovy povinnosti reagovat na \u017e\u00e1dosti o&nbsp;v\u00fdkon pr\u00e1v subjektu \u00fadaj\u016f stanoven\u00fdch v&nbsp;GDPR; stejn\u011b tak p\u0159i&nbsp;zaji\u0161\u0165ov\u00e1n\u00ed souladu s&nbsp;povinnostmi podle \u010dl. 32 a\u017e 36 GDPR, a&nbsp;to p\u0159i&nbsp;zohledn\u011bn\u00ed povahy zpracov\u00e1n\u00ed a&nbsp;informac\u00ed, je\u017e m\u00e1 Poskytovatel k&nbsp;dispozici.<br \/>\nPo&nbsp;ukon\u010den\u00ed poskytov\u00e1n\u00ed pln\u011bn\u00ed, kter\u00e9 je spojeno se zpracov\u00e1n\u00edm, dle \u010dl. 2.7 t\u011bchto podm\u00ednek, je Poskytovatel povinen v\u0161echny osobn\u00ed \u00fadaje vymazat, nebo je vr\u00e1tit U\u017eivateli, pokud nem\u00e1 povinnost ulo\u017eit osobn\u00ed \u00fadaje na z\u00e1klad\u011b zvl\u00e1\u0161tn\u00edho z\u00e1kona.<br \/>\nPoskytovatel poskytne U\u017eivateli ve\u0161ker\u00e9 informace pot\u0159ebn\u00e9 k&nbsp;dolo\u017een\u00ed toho, \u017ee byly spln\u011bny povinnosti podle t\u00e9to smlouvy a&nbsp;GDPR, umo\u017en\u00ed audity, v\u010detn\u011b inspekc\u00ed, prov\u00e1d\u011bn\u00e9 U\u017eivatelem nebo jin\u00fdm auditorem, kter\u00e9ho u\u017eivatel pov\u011b\u0159il.<\/p>\n<p>2.10 U\u017eivatel se zavazuje neprodlen\u011b ohla\u0161ovat v\u0161echny jemu zn\u00e1m\u00e9 skute\u010dnosti, kter\u00e9 by mohly nep\u0159\u00edzniv\u011b ovlivnit \u0159\u00e1dn\u00e9 a&nbsp;v\u010dasn\u00e9 pln\u011bn\u00ed z\u00e1vazk\u016f vypl\u00fdvaj\u00edc\u00edch z&nbsp;t\u011bchto podm\u00ednek na a&nbsp;poskytnout Poskytovateli sou\u010dinnost nezbytnou pro pln\u011bn\u00ed t\u011bchto podm\u00ednek.<\/p>\n<\/div><div class=\"fusion-text fusion-text-3\" style=\"--awb-text-transform:none;\"><h3>III. Z\u00e1v\u011bre\u010dn\u00e1 ustanoven\u00ed<\/h3>\n<p>3.1 Tyto podm\u00ednky pozb\u00fdvaj\u00ed platnosti uplynut\u00edm doby uveden\u00e9 v&nbsp;\u010dl. 1.6 a&nbsp;\u010dl. 2.7 t\u011bchto podm\u00ednek.<\/p>\n<p>3.2 U\u017eivatel souhlas\u00ed s&nbsp;t\u011bmito podm\u00ednkami za\u0161krtnut\u00edm souhlasu prost\u0159ednictv\u00edm internetov\u00e9ho formul\u00e1\u0159e. Za\u0161krtnut\u00edm souhlasu vyjad\u0159uje u\u017eivatel, \u017ee si tyto podm\u00ednky p\u0159e\u010detl, \u017ee s&nbsp;nimi vyjad\u0159uje sv\u016fj souhlas a&nbsp;\u017ee je v&nbsp;cel\u00e9m rozsahu akceptuje.<\/p>\n<p>3.3 Poskytovatel je opr\u00e1vn\u011bn tyto podm\u00ednky zm\u011bnit. Poskytovatel je povinen bez zbyte\u010dn\u00e9ho odkladu zve\u0159ejnit novou verzi podm\u00ednek na sv\u00fdch internetov\u00fdch str\u00e1nk\u00e1ch, pop\u0159.&nbsp;za\u0161le novou verzi U\u017eivateli na jeho e-mailovou adresu.<\/p>\n<p>3.4 Kontaktn\u00ed \u00fadaje Poskytovatele ve v\u011bcech t\u00fdkaj\u00edc\u00edch se t\u011bchto podm\u00ednek: <a href=\"tel:+420317753211\">+420&nbsp;317&nbsp;753&nbsp;211<\/a>, <a href=\"https:\/\/www.baest.cz\" target=\"_blank\" rel=\"noopener\">www.baest.cz<\/a>.<\/p>\n<p>3.5 Vztahy t\u011bmito podm\u00ednkami v\u00fdslovn\u011b neupraven\u00e9 se \u0159\u00edd\u00ed GDPR a&nbsp;pr\u00e1vn\u00edm \u0159\u00e1dem \u010cesk\u00e9 republiky, zejm\u00e9na z\u00e1konem \u010d.&nbsp;89\/2012 Sb., ob\u010dansk\u00fd z\u00e1kon\u00edk, v&nbsp;platn\u00e9m zn\u011bn\u00ed.<\/p>\n<p>Tyto podm\u00ednky nab\u00fdvaj\u00ed \u00fa\u010dinnosti dnem 8.12.2022<\/p>\n<\/div><\/div><\/div><\/div><\/div>\n","protected":false},"excerpt":{"rendered":"","protected":false},"author":3,"featured_media":0,"parent":0,"menu_order":0,"comment_status":"closed","ping_status":"closed","template":"100-width.php","meta":{"_monsterinsights_skip_tracking":false,"_monsterinsights_sitenote_active":false,"_monsterinsights_sitenote_note":"","_monsterinsights_sitenote_category":0,"footnotes":""},"class_list":["post-2717","page","type-page","status-publish","hentry"],"_links":{"self":[{"href":"https:\/\/www.baest.cz\/en\/wp-json\/wp\/v2\/pages\/2717","targetHints":{"allow":["GET"]}}],"collection":[{"href":"https:\/\/www.baest.cz\/en\/wp-json\/wp\/v2\/pages"}],"about":[{"href":"https:\/\/www.baest.cz\/en\/wp-json\/wp\/v2\/types\/page"}],"author":[{"embeddable":true,"href":"https:\/\/www.baest.cz\/en\/wp-json\/wp\/v2\/users\/3"}],"replies":[{"embeddable":true,"href":"https:\/\/www.baest.cz\/en\/wp-json\/wp\/v2\/comments?post=2717"}],"version-history":[{"count":0,"href":"https:\/\/www.baest.cz\/en\/wp-json\/wp\/v2\/pages\/2717\/revisions"}],"wp:attachment":[{"href":"https:\/\/www.baest.cz\/en\/wp-json\/wp\/v2\/media?parent=2717"}],"curies":[{"name":"wp","href":"https:\/\/api.w.org\/{rel}","templated":true}]}}